{"id":6,"date":"2024-04-03T23:25:27","date_gmt":"2024-04-03T20:25:27","guid":{"rendered":"https:\/\/sisu.ut.ee\/kirjastuste\/otsing\/"},"modified":"2026-02-25T11:22:16","modified_gmt":"2026-02-25T09:22:16","slug":"otsing","status":"publish","type":"page","link":"https:\/\/sisu.ut.ee\/kirjastuste\/otsing\/","title":{"rendered":"Otsing"},"content":{"rendered":"<p class=\"style5\">Enamasti on olemas lihtotsing, kus otsitakse k\u00f5ikidelt kirje v\u00e4ljadelt \u00a0ja t\u00e4psem otsing (<em>Advanced Search<\/em>).<\/p>\n<p class=\"style5\"><span id=\"yui_3_9_1_2_1390399566964_126\">Tegemist on s\u00f5naotsinguga, m\u00e4rks\u00f5nastikku nendes andmebaasides ei ole.\u00a0 Artiklite kirjetest leiate v\u00f5tmes\u00f5nad (<em>keywords<\/em>), mis\u00a0<span id=\"yui_3_9_1_2_1390399566964_126\">on autori poolt lisatud artikli sisu kirjeldavad s\u00f5nad.\u00a0 <em>Advanced Search<\/em> vormis saab seda ka otsinguv\u00e4ljaks valida.\u00a0<\/span><\/span><\/p>\n<p id=\"yui_3_9_1_2_1390399566964_127\" class=\"style5\"><span id=\"yui_3_9_1_2_1390399566964_126\">Otsida saab enamasti kogu andmebaasi sisust v\u00f5i ette antud piirangutega.\u00a0<em>Advanced Search<\/em>\u00a0vormis on piiranguv\u00f5imalusi rohkem, erinevates andmebaasides on need erinevad, otsingut saab piirata nt valitud ajakirjadega, ajaperioodiga, valdkonnaga, ka artikli t\u00fc\u00fcbiga jm. T\u00e4psemalt saab iga andmebaasi otsinguv\u00e4ljade kohta infot andmebaasi\u00a0<em>Help<\/em>\u00a0lingi alt.\u00a0<\/span><\/p>\n<p class=\"style5\">Kasutada saab loogikaoperaatoreid ja k\u00e4rpimist. Vt infootsingu \u00fcldiste p\u00f5him\u00f5tete kohta <a href=\"https:\/\/sisu.ut.ee\/otsing\" target=\"_blank\" rel=\"noopener\">https:\/\/sisu.ut.ee\/otsing<\/a>.\u00a0 Erinevates andmebaasides v\u00f5ib siiski olla teistsuguseid reegleid. Vaadake andmebaaside <em>Help<\/em> lingi alt, kas sisestatud s\u00f5nu otsitakse automaatselt kui fraasi v\u00f5i \u00fchendatakse need operaatoriga AND ning milline on operaatorite toimimise j\u00e4rjekord (<em>order of precedence<\/em>). Andmebaasis Science Direct on\u00a0 operaatorite toimimise j\u00e4rjekord teistsugune, vaadake t\u00e4psemalt andmebaasi juhenditest.<\/p>\n<p class=\"style5\"><span data-mce-mark=\"1\">Artikleid saab j\u00e4rjestada relevantsuse v\u00f5i ilmumisaja j\u00e4rgi, m\u00f5nes andmebaasis on ka muid v\u00f5imalusi, nt ajakirjade, autorite j\u00e4rgi.\u00a0<\/span><\/p>\n<p class=\"style5\">Need andmebaasid sisaldavad vastava kirjastuse raamatud ja ajakirju, kuid enamasti on ostetud juurdep\u00e4\u00e4s ainult ajakirjadele. M\u00f5ne kirjastuse andmebaasis on avatud ka valik e-raamatuid, nt Wiley e-raamatud, Science Direct e-raamatud ja teatmeteosed, Springer Link e-raamatud. Need on ka raamatukogu andmebaaside nimekirjas eraldi v\u00e4lja toodud.<\/p>\n<p class=\"style5\">Pange t\u00e4hele, kuidas otsite ja kui soovite ainult t\u00e4istekste saada, valige ajakirjad, see v\u00f5imalus on olemas. Sageli saab ka valida, et saaksite otsinguga ainult need tulemused, mille t\u00e4istektstidele on juurdep\u00e4\u00e4s ostetud.<\/p>\n<p class=\"style5\">Kui teete otsinguid ilma ajalise piiranguta, siis v\u00f5ite saada ka vanemaid artikleid, mille t\u00e4istekstidele juurdep\u00e4\u00e4s puudub. Juurdep\u00e4\u00e4su t\u00e4istekstile t\u00e4histab enamasti roheline t\u00e4pp artikli kirje ees v\u00f5i on see muud moodi t\u00e4histatud.<\/p>\n<p class=\"style5\">Otsingutulemustes leiate iga artikli kirjest ka\u00a0<strong>DOI numbri.<\/strong>\u00a0See on\u00a0digitaalobjekti identifikaator, mis on seotud antud artikliga ja ei muutu. Kopeerige kirjest DOI number, mille j\u00e4rgi saate aadressil\u00a0<a href=\"http:\/\/dx.doi.org\/\" target=\"_blank\" rel=\"noopener\">http:\/\/dx.doi.org\/ <\/a>artikli alati k\u00e4tte. T\u00e4psemalt saate DOI numbri kohta lugeda veebilehelt <em>doi Foundation<\/em> (<a href=\"http:\/\/www.doi.org\/\" target=\"_blank\" rel=\"noopener\">http:\/\/www.doi.org\/<\/a>)<\/p>\n<p class=\"style5\"><strong>Andmebaaside otsinguabi <\/strong><\/p>\n<p class=\"style5\">Cambridge Journals<br>\n<a href=\"https:\/\/www.cambridge.org\/core\/services\/aop-file-manager\/file\/57f641b7000ca2530629e0aa\/Core-Userguide-web.pdf\" target=\"_blank\" rel=\"noopener\" data-wplink-edit=\"true\">https:\/\/www.cambridge.org\/core\/services\/aop-file-manager\/file\/57f641b7000ca2530629e0aa\/Core-Userguide-web.pdf<\/a><\/p>\n<p class=\"style5\">Emerald Insight<br>\n<a title=\"\" href=\"https:\/\/www.emeraldgrouppublishing.com\/sites\/default\/files\/2020-01\/search_en.pdf\" target=\"_blank\" rel=\"noopener\" data-url=\"https:\/\/www.emeraldgrouppublishing.com\/sites\/default\/files\/2020-01\/search_en.pdf\">https:\/\/www.emeraldgrouppublishing.com\/sites\/default\/files\/2020-01\/search_en.pdf<\/a><\/p>\n<p class=\"style5\">Oxford Academic<br>\n<a href=\"https:\/\/academic.oup.com\/pages\/using-the-content\" target=\"_blank\" rel=\"noopener\">https:\/\/academic.oup.com\/pages\/using-the-content<\/a><\/p>\n<p class=\"style5\">Sage Journals<br>\n<a title=\"\" href=\"https:\/\/us.sagepub.com\/sites\/default\/files\/sjuserguide_feb2017.pdf\" target=\"_blank\" rel=\"noopener\" data-url=\"https:\/\/us.sagepub.com\/sites\/default\/files\/sjuserguide_feb2017.pdf\">https:\/\/us.sagepub.com\/sites\/default\/files\/sjuserguide_feb2017.pdf<\/a><\/p>\n<p>ScienceDirect<br>\n<a href=\"http:\/\/help.sciencedirect.com\/flare\/sdhelp_Left.htm#CSHID=home.htm%7CStartTopic=Content%2Fhome.htm%7CSkinName=svs_SD\" target=\"_blank\" rel=\"noopener\">http:\/\/help.sciencedirect.com\/flare\/sdhelp_Left.htm#CSHID=home.htm|StartTopic=Content%2Fhome.htm|SkinName=svs_SD<\/a><\/p>\n<p><a href=\"https:\/\/service.elsevier.com\/app\/answers\/detail\/a_id\/25974\/c\/10545\/supporthub\/sciencedirect\/\" target=\"_blank\" rel=\"noopener\">Science Directi otsingunipid<\/a><\/p>\n<p class=\"style5\">Springer Nature Link<br>\n<a href=\"http:\/\/link.springer.com\/searchhelp\" target=\"_blank\" rel=\"noopener\">http:\/\/link.springer.com\/searchhelp<\/a><\/p>\n<p class=\"style5\">\n<\/p>","protected":false},"excerpt":{"rendered":"<p>Enamasti on olemas lihtotsing, kus otsitakse k\u00f5ikidelt kirje v\u00e4ljadelt \u00a0ja t\u00e4psem otsing (Advanced Search). Tegemist on s\u00f5naotsinguga, m\u00e4rks\u00f5nastikku nendes andmebaasides ei ole.\u00a0 Artiklite kirjetest leiate v\u00f5tmes\u00f5nad (keywords), mis\u00a0on autori poolt lisatud artikli sisu kirjeldavad s\u00f5nad.\u00a0 Advanced Search vormis saab seda &#8230;<\/p>\n","protected":false},"author":5,"featured_media":0,"parent":0,"menu_order":0,"comment_status":"closed","ping_status":"closed","template":"","meta":{"_acf_changed":false,"inline_featured_image":false,"footnotes":""},"class_list":["post-6","page","type-page","status-publish","hentry"],"acf":[],"_links":{"self":[{"href":"https:\/\/sisu.ut.ee\/kirjastuste\/wp-json\/wp\/v2\/pages\/6","targetHints":{"allow":["GET"]}}],"collection":[{"href":"https:\/\/sisu.ut.ee\/kirjastuste\/wp-json\/wp\/v2\/pages"}],"about":[{"href":"https:\/\/sisu.ut.ee\/kirjastuste\/wp-json\/wp\/v2\/types\/page"}],"author":[{"embeddable":true,"href":"https:\/\/sisu.ut.ee\/kirjastuste\/wp-json\/wp\/v2\/users\/5"}],"replies":[{"embeddable":true,"href":"https:\/\/sisu.ut.ee\/kirjastuste\/wp-json\/wp\/v2\/comments?post=6"}],"version-history":[{"count":6,"href":"https:\/\/sisu.ut.ee\/kirjastuste\/wp-json\/wp\/v2\/pages\/6\/revisions"}],"predecessor-version":[{"id":58,"href":"https:\/\/sisu.ut.ee\/kirjastuste\/wp-json\/wp\/v2\/pages\/6\/revisions\/58"}],"wp:attachment":[{"href":"https:\/\/sisu.ut.ee\/kirjastuste\/wp-json\/wp\/v2\/media?parent=6"}],"curies":[{"name":"wp","href":"https:\/\/api.w.org\/{rel}","templated":true}]}}