{"id":4,"date":"2024-04-03T23:25:26","date_gmt":"2024-04-03T20:25:26","guid":{"rendered":"https:\/\/sisu.ut.ee\/kirjastuste\/avaleht\/"},"modified":"2026-03-18T18:59:53","modified_gmt":"2026-03-18T16:59:53","slug":"avaleht","status":"publish","type":"page","link":"https:\/\/sisu.ut.ee\/kirjastuste\/","title":{"rendered":"Avaleht"},"content":{"rendered":"<p class=\"style6\"><span data-mce-mark=\"1\">Paljud kirjastused pakuvad oma ajakirju eraldi andmebaasides. Ammendava otsingu tegemiseks oma teema kohta on lisaks \u00fcldistele ja erialastele andmebaasidele kasulik teha eraldi otsinguid ka kirjastuste ja muudes andmebaasides. <\/span><\/p>\n<p><span data-mce-mark=\"1\">Tartu \u00dclikoolile on raamatukogu kaudu avatud j\u00e4rgmised\u00a0<\/span><strong>kirjastuste multidistsiplinaarsed e-ajakirjade andmebaasid:<\/strong><\/p>\n<p><span style=\"color: #ff0000;\">NB<\/span>! J\u00e4rgnevate linkidega on juurdep\u00e4\u00e4s andmebaasidele, kui kasutate\u00a0<a title=\"\" href=\"https:\/\/wiki.ut.ee\/pages\/viewpage.action?pageId=17105590\" target=\"_blank\" rel=\"noopener\">VPN \u00fchendust<\/a>.<\/p>\n<p class=\"style6\"><strong>Cambridge Journals<\/strong><em>\u00a0<\/em><a title=\"\" href=\"https:\/\/www.cambridge.org\/core\/\" target=\"_blank\" rel=\"noopener\" data-url=\"https:\/\/www.cambridge.org\/core\/\">https:\/\/www.cambridge.org\/core\/<\/a><br>\nJuurdep\u00e4\u00e4s\u00a0kirjastuse Cambridge University Press e-ajakirjadele. Kollektsioon sisaldab \u00fcle 300 ajakirja erinevatelt erialadelt. Andmebaasi avalehel on link <em>Browse by Subject<\/em>, kus on n\u00e4ha valdkonnad ja nendel kl\u00f5psates ajakirjade nimekirjad. Juurdep\u00e4\u00e4s on ainult ajakirjdele.<\/p>\n<p class=\"style6\"><strong>Emerald \u00a0Insight<\/strong><em>\u00a0<\/em><a title=\"\" href=\"https:\/\/www.emerald.com\/insight\" target=\"_blank\" rel=\"noopener\" data-url=\"https:\/\/www.emerald.com\/insight\">https:\/\/www.emerald.com\/insight<\/a><br>\nAndmebaas sisaldab ligi 300 majanduse, juhtimise, raamatukogunduse, sotsioloogia, hariduse, tervishoiu,\u00a0 \u00a0 avaliku poliitika ja keskkonnajuhtimise ning inseneriteaduse alase e-ajakirja kirjastuselt Emerald Group Publishing. Andmebaasi avalehel on link <em>Browse our Content<\/em>, edasi saab valida <em>Books and Journals<\/em>ja siis paremal <em>Journals, <\/em>et j\u00f5uda ajakirjade nimekirjani.<\/p>\n<p class=\"style6\"><strong>Oxford Academic<\/strong>\u00a0\u00a0<a title=\"\" href=\"https:\/\/academic.oup.com\/journals\/\" target=\"_blank\" rel=\"noopener\" data-url=\"https:\/\/academic.oup.com\/journals\/\">https:\/\/academic.oup.com\/journals\/<\/a><br>\nJuurdep\u00e4\u00e4s Oxford University Press e-ajakirjadele (alates 1996. aastast). Andmebaas sisaldab humanitaarteaduste, \u00f5iguse, meditsiini ja tervishoiu, loodusteaduste ja matemaatika ning sotsiaalteaduste ajakirju. Andmebaasi avalehelt avaneb ajakirjade t\u00e4hestikuline nimekiri ja saab \u00fclevaate erinevate erialade ajakirjadest.<\/p>\n<p><strong>Sage Journals\u00a0Online<\/strong><a title=\"\" href=\"https:\/\/journals.sagepub.com\/\" target=\"_blank\" rel=\"noopener\" data-url=\"https:\/\/journals.sagepub.com\/\">\u00a0https:\/\/journals.sagepub.com\/<\/a><br>\nJuurdep\u00e4\u00e4s kirjastuse Sage e-ajakirjadele. Andmebaas sisaldab \u00fcle 1000 sotsiaal- ja humanitaarteaduste, tervishoiuteaduste, biomeditsiini, materjaliteaduse ja\u00a0inseneriteaduste ajakirja. Olulisel kohal on sotsiaalteadused. Avalehel on link <em>Browse by Discipline<\/em>, kus nelja suure valdkonna all saab valida kitsamaid valdkondi ja lehitseda nende all olevaid ajakirju.<\/p>\n<p><strong>ScienceDirect<\/strong><em><a href=\"https:\/\/online.sagepub.com.ezproxy.utlib.ut.ee\/\" target=\"_blank\" rel=\"noopener\">\u00a0<\/a><\/em><a title=\"\" href=\"http:\/\/www.sciencedirect.com\/\" target=\"_blank\" rel=\"noopener\" data-url=\"http:\/\/www.sciencedirect.com\/\">http:\/\/www.sciencedirect.com\/<\/a><br>\nJuurdep\u00e4\u00e4s kirjastuse Elsevier e-ajakirjadele. Olulisel kohal on loodusteadused ja meditsiin, esindatud on ka sotsiaal- ja humanitaarteadused. Andmebaasi avalehel on v\u00e4lja toodud neli suurt valdkonda, mille alt saab valida kitsamaid erialasid ja saada \u00fclevaade pakutavatest ajakirjadest.<\/p>\n<p><strong>Springer Nature Link<\/strong><em>\u00a0<\/em> <a href=\"https:\/\/link.springer.com\/\" target=\"_blank\" rel=\"noopener\">https:\/\/link.springer.com\/<\/a><br>\nKirjastuse Springer multidistsiplinaarne andmebaas. Sisaldab \u00fcle 2700 e-ajakirja. Springer Nature Link avalehel <a title=\"\" href=\"https:\/\/link.springer.com\/\" target=\"_blank\" rel=\"noopener\" data-url=\"https:\/\/link.springer.com\/\">https:\/\/link.springer.com\/\u00a0<\/a> on rubriik <em>Browse by Subject, <\/em>kus peale valdkonna valimist tuleb <em>Content type <\/em>all valida <em>Journals<\/em>, et n\u00e4ha selle valdkonna ajakirju.<\/p>\n<p class=\"style6\"><strong>Taylor &amp; Francis Online<\/strong><em>\u00a0<\/em><a title=\"\" href=\"https:\/\/www-tandfonline-com.ezproxy.utlib.ut.ee\/\" target=\"_blank\" rel=\"noopener\" data-url=\"https:\/\/www-tandfonline-com.ezproxy.utlib.ut.ee\/\">\u00a0http:\/\/www.tandfonline.com\/<\/a><br>\nJuurdep\u00e4\u00e4s kirjastuse Taylor &amp; Francis e-ajakirjade kollektsioonide\u00a0Science &amp; Technology Library ja Social Science &amp; Humanities Library.\u00a0 Info kollektsioonides sisalduvate\u00a0 valdkondade ja ajakirjade kohta leiate siit\u00a0<a title=\"\" href=\"https:\/\/librarianresources.taylorandfrancis.com\/product-info\/journals\/\" target=\"_blank\" rel=\"noopener\" data-url=\"https:\/\/librarianresources.taylorandfrancis.com\/product-info\/journals\/\">https:\/\/librarianresources.taylorandfrancis.com\/product-info\/journals\/<\/a>. Juurdep\u00e4\u00e4s t\u00e4istekstidele on alates 1997.<\/p>\n<p><strong>Wiley Online Library<\/strong><em>\u00a0<\/em><a title=\"\" href=\"https:\/\/onlinelibrary.wiley.com\/action\/showPublications?startPage=&amp;PubType=journal&amp;=\" target=\"_blank\" rel=\"noopener\" data-url=\"https:\/\/onlinelibrary.wiley.com\/action\/showPublications?startPage=&amp;PubType=journal&amp;=\">https:\/\/onlinelibrary.wiley.com\/action\/showPublications?startPage=&amp;PubType=journal&amp;=<\/a><br>\nKirjastuse Wiley e-ajakirjad ja teatmeteosed. Juurdep\u00e4\u00e4s t\u00e4istekstidele alates alates 1997. Andmebaasi avalehel vasakul on ajakirjade t\u00e4hestikuline nimekiri ja allpool (Subjects) saab valdkondadel kl\u00f5psates lehitseda nende all olevaid ajakirju.<\/p>\n<p class=\"style6\">Ajakirjade lehitsemiseni j\u00f5uate kirjastuste andmebaasides enamasti lingi\u00a0<em>Browse<\/em>\u00a0v\u00f5i\u00a0<em>Journals<\/em>\u00a0kaudu.\u00a0Seal saab n\u00e4ha ajakirju erialade j\u00e4rgi, saab \u00a0liikuda laiemalt valdkonnalt kitsamale, kuni j\u00f5uate oma eriala ajakirjade nimekirjani, kus saab ajakirja numbrite sisukordi lehitseda ja artikleid lugeda. Alati on v\u00f5imalus lehitseda ka tervet ajakirjade nimekirja v\u00f5i valida kohe huvipakkuv ajakiri.<\/p>\n<p>Juurdep\u00e4\u00e4su ei ole k\u00f5ikide aastate t\u00e4istekstidele, vaid uuematele aastak\u00e4ikudele, see on andmebaasiti erinev.<\/p>\n<p class=\"style6\">Paljudel erialadel on k\u00e4ttesaadavad ka\u00a0 <strong>erialakirjastuste e-ajakirjade andmebaasid<\/strong>, nt APA\u00a0<em>PsycArticles,\u00a0American Chemical Society e-ajakirjad, American Society for Microbiology<\/em>\u00a0e-ajakirjad jt.<\/p>\n<p class=\"style6\"><span data-mce-mark=\"1\">Leiate oma eriala ajakirju sisaldavad andmebaasid andmebaaside lehelt <a href=\"https:\/\/utlib.ut.ee\/andmebaasid\" target=\"_blank\" rel=\"noopener\">https:\/\/utlib.ut.ee\/andmebaasid,<\/a> valides sobiva valdkonna.\u00a0<\/span><\/p>\n<p class=\"style6\"><span data-mce-mark=\"1\">Tehes otsinguid EBSCO Discovery\u2019s, erialaandmebaasides v\u00f5i ka nt EBSCO andmebaasis\u00a0<em>Academic Search Ultimate<\/em>, leitakse \u00a0ka nende andmebaaside artikleid, kuid t\u00e4istekstide linkimine v\u00f5ib olla andmebaasiti erinev.<br>\nKui EBSCO v\u00f5i erialaandmebaas t\u00e4isteksti linki ei paku, siis\u00a0<strong>kontrollige juurdep\u00e4\u00e4su ajakirja pealkirja j\u00e4rgi \u00fcle T\u00dc raamatukogu <a href=\"http:\/\/search.ebscohost.com\/login.aspx?authtype=ip%2Cguest&amp;custid=ylikool&amp;groupid=main&amp;profile=pfi\" target=\"_blank\" rel=\"noopener\">e-v\u00e4ljaannete portaalis <\/a><\/strong>v\u00f5i artikli pealkirja j\u00e4rgi Google Scholar\u2019is.\u00a0 \u00dclikoolile avatud t\u00e4istesktid saate alati k\u00e4tte, kui kasutate VPN \u00fchendust , vt <a href=\"https:\/\/wiki.ut.ee\/pages\/viewpage.action?pageId=17105590\" target=\"_blank\" rel=\"noopener\">VPNi seadistamise juhend<\/a> .<\/span><\/p>\n","protected":false},"excerpt":{"rendered":"<p>Paljud kirjastused pakuvad oma ajakirju eraldi andmebaasides. Ammendava otsingu tegemiseks oma teema kohta on lisaks \u00fcldistele ja erialastele andmebaasidele kasulik teha eraldi otsinguid ka kirjastuste ja muudes andmebaasides. Tartu \u00dclikoolile on raamatukogu kaudu avatud j\u00e4rgmised\u00a0kirjastuste multidistsiplinaarsed e-ajakirjade andmebaasid: NB! J\u00e4rgnevate &#8230;<\/p>\n","protected":false},"author":5,"featured_media":0,"parent":0,"menu_order":0,"comment_status":"closed","ping_status":"closed","template":"","meta":{"_acf_changed":false,"inline_featured_image":false,"footnotes":""},"class_list":["post-4","page","type-page","status-publish","hentry"],"acf":[],"_links":{"self":[{"href":"https:\/\/sisu.ut.ee\/kirjastuste\/wp-json\/wp\/v2\/pages\/4","targetHints":{"allow":["GET"]}}],"collection":[{"href":"https:\/\/sisu.ut.ee\/kirjastuste\/wp-json\/wp\/v2\/pages"}],"about":[{"href":"https:\/\/sisu.ut.ee\/kirjastuste\/wp-json\/wp\/v2\/types\/page"}],"author":[{"embeddable":true,"href":"https:\/\/sisu.ut.ee\/kirjastuste\/wp-json\/wp\/v2\/users\/5"}],"replies":[{"embeddable":true,"href":"https:\/\/sisu.ut.ee\/kirjastuste\/wp-json\/wp\/v2\/comments?post=4"}],"version-history":[{"count":15,"href":"https:\/\/sisu.ut.ee\/kirjastuste\/wp-json\/wp\/v2\/pages\/4\/revisions"}],"predecessor-version":[{"id":64,"href":"https:\/\/sisu.ut.ee\/kirjastuste\/wp-json\/wp\/v2\/pages\/4\/revisions\/64"}],"wp:attachment":[{"href":"https:\/\/sisu.ut.ee\/kirjastuste\/wp-json\/wp\/v2\/media?parent=4"}],"curies":[{"name":"wp","href":"https:\/\/api.w.org\/{rel}","templated":true}]}}