{"id":5,"date":"2024-04-04T04:37:16","date_gmt":"2024-04-04T01:37:16","guid":{"rendered":"https:\/\/sisu.ut.ee\/kindlustus\/slides\/"},"modified":"2024-04-04T04:37:18","modified_gmt":"2024-04-04T01:37:18","slug":"slides","status":"publish","type":"page","link":"https:\/\/sisu.ut.ee\/kindlustus\/slides\/","title":{"rendered":"Ettekanded\/Presentation Slides"},"content":{"rendered":"<p>\n\t\u00a0\n<\/p>\n<p>\n\t<strong>Thomas Gelin<\/strong>\u00a0<a data-fid=\"37709\" href=\"https:\/\/sisu.ut.ee\/wp-content\/uploads\/sites\/303\/gelin_insurance_europe.pdf\">\u201eLatest European legislative trends and challenges<\/a>\u201c\n<\/p>\n<p>\n\t<strong>Olli Norros\u00a0<\/strong>\u201c<a data-fid=\"37710\" href=\"https:\/\/sisu.ut.ee\/wp-content\/uploads\/sites\/303\/norros_presentation.pdf\">Finnish Supreme Court Case KKO 2017:44 \u2013 Interpreting a Clause Excluding Contractual Liability<\/a>\u201d\n<\/p>\n<p>\n\t<strong>Vadim Mantrov\u00a0\u201c<\/strong><a data-fid=\"37711\" href=\"https:\/\/sisu.ut.ee\/wp-content\/uploads\/sites\/303\/mantrov_new_latvian_legal_act.pdf\">New Latvian legal act on regulation of insurance contract<\/a>\u201d\u00a0<em>\u00a0<\/em>\n<\/p>\n<p>\n\t<strong>Olavi-J\u00fcri Luik<\/strong><strong>\u00a0<\/strong>\u201e<a data-fid=\"37712\" href=\"https:\/\/sisu.ut.ee\/wp-content\/uploads\/sites\/303\/luik_kindlustusoiguse_konverents.pdf\">Kas Eesti kindlustuslepingu\u00f5igus vajab muutmist PEICL-i eeskujust l\u00e4htuvalt?<\/a>\u201c\n<\/p>\n<p>\n\t<strong>Helmut Heiss\u00a0<\/strong>\u201e<a data-fid=\"37713\" href=\"https:\/\/sisu.ut.ee\/wp-content\/uploads\/sites\/303\/heiss_pricl.ppt\">Principles of Reinsurance Contract Law (PRICL):\u00a0Soft law for reinsurance arbitration?<\/a>\u201c\n<\/p>\n<p>\n\t<strong>Villu K\u00f5ve\u00a0<\/strong>\u201c<a data-fid=\"37714\" href=\"https:\/\/sisu.ut.ee\/wp-content\/uploads\/sites\/303\/kove_kindlustusvotja_peidetud_kohustus.pdf\">Kindlustusv\u00f5tja \u201cpeidetud\u201d kohustused kindlustuse \u00fcldtingimuste\u00a0v\u00e4listuste kataloogis<\/a>\u201d\n<\/p>\n<p>\n\t<strong>Irene Kull\u00a0<\/strong>\u201c<a data-fid=\"37720\" href=\"https:\/\/sisu.ut.ee\/wp-content\/uploads\/sites\/303\/kull_ettekanne.pdf\">Kindlustuse \u00fcldtingimuste kui t\u00fc\u00fcptingimuste t\u00fchisus ja t\u00f5lgendamine<\/a>\u201d\n<\/p>\n<p>\n\t<strong>Marika Oksaar<\/strong>\u00a0\u201e<a data-fid=\"37715\" href=\"https:\/\/sisu.ut.ee\/wp-content\/uploads\/sites\/303\/oksaar_esitlus.pdf\">T\u00f5endamiskoormis vs t\u00f5e monopol kindlustusvaidlustes<\/a>\u201c\n<\/p>\n<p>\n\t<strong>Janno Lahe<\/strong>\u00a0\u201e<a data-fid=\"37716\" href=\"https:\/\/sisu.ut.ee\/wp-content\/uploads\/sites\/303\/lahe_ettekanne.pdf\">Isejuhtivate s\u00f5idukitega kahju p\u00f5hjustamine \u2013 v\u00e4ljakutse delikti\u00f5igusele?<\/a>\u201c\n<\/p>\n<p>\n\t<strong>Karmen Turk\u00a0<\/strong>\u201e<a data-fid=\"37717\" href=\"https:\/\/sisu.ut.ee\/wp-content\/uploads\/sites\/303\/turk_kindlustuskonverents.pdf\">Isejuhtivate s\u00f5idukite kindlustus<\/a>\u201c\n<\/p>\n<p>\n\t<strong>Mari Puusaag-Tamm<\/strong>\u00a0\u201e<a data-fid=\"37718\" href=\"https:\/\/sisu.ut.ee\/wp-content\/uploads\/sites\/303\/puusaag-tamm_kindlustuse_turustamine.pdf\">Kindlustuse turustamine \u2013 aktuaalsed teemad ja\u00a0j\u00e4relevalve ulatus<\/a>\u201c\n<\/p>\n<p>\n\t<strong>Mihkel Mandre<\/strong><strong>\u00a0<\/strong>\u201c<a data-fid=\"37719\" href=\"https:\/\/sisu.ut.ee\/wp-content\/uploads\/sites\/303\/mandre_life_insurance_environment.pdf\">Elukindlustuse keskkond, suundumused ja tulevikuv\u00e4ljavaated<\/a>\u201d\n<\/p>\n<p>\n\t\u00a0<\/p>\n","protected":false},"excerpt":{"rendered":"<p>\u00a0 Thomas Gelin\u00a0\u201eLatest European legislative trends and challenges\u201c Olli Norros\u00a0\u201cFinnish Supreme Court Case KKO 2017:44 \u2013 Interpreting a Clause Excluding Contractual Liability\u201d Vadim Mantrov\u00a0\u201cNew Latvian legal act on regulation of insurance contract\u201d\u00a0\u00a0 Olavi-J\u00fcri Luik\u00a0\u201eKas Eesti kindlustuslepingu\u00f5igus vajab muutmist PEICL-i eeskujust &#8230;<\/p>\n","protected":false},"author":105,"featured_media":0,"parent":0,"menu_order":0,"comment_status":"closed","ping_status":"closed","template":"","meta":{"_acf_changed":false,"inline_featured_image":false,"footnotes":""},"class_list":["post-5","page","type-page","status-publish","hentry"],"acf":[],"_links":{"self":[{"href":"https:\/\/sisu.ut.ee\/kindlustus\/wp-json\/wp\/v2\/pages\/5","targetHints":{"allow":["GET"]}}],"collection":[{"href":"https:\/\/sisu.ut.ee\/kindlustus\/wp-json\/wp\/v2\/pages"}],"about":[{"href":"https:\/\/sisu.ut.ee\/kindlustus\/wp-json\/wp\/v2\/types\/page"}],"author":[{"embeddable":true,"href":"https:\/\/sisu.ut.ee\/kindlustus\/wp-json\/wp\/v2\/users\/105"}],"replies":[{"embeddable":true,"href":"https:\/\/sisu.ut.ee\/kindlustus\/wp-json\/wp\/v2\/comments?post=5"}],"version-history":[{"count":1,"href":"https:\/\/sisu.ut.ee\/kindlustus\/wp-json\/wp\/v2\/pages\/5\/revisions"}],"predecessor-version":[{"id":23,"href":"https:\/\/sisu.ut.ee\/kindlustus\/wp-json\/wp\/v2\/pages\/5\/revisions\/23"}],"wp:attachment":[{"href":"https:\/\/sisu.ut.ee\/kindlustus\/wp-json\/wp\/v2\/media?parent=5"}],"curies":[{"name":"wp","href":"https:\/\/api.w.org\/{rel}","templated":true}]}}