{"id":4,"date":"2024-04-04T04:37:16","date_gmt":"2024-04-04T01:37:16","guid":{"rendered":"https:\/\/sisu.ut.ee\/kindlustus\/avaleht\/"},"modified":"2024-04-17T14:10:41","modified_gmt":"2024-04-17T11:10:41","slug":"avaleht","status":"publish","type":"page","link":"https:\/\/sisu.ut.ee\/kindlustus\/","title":{"rendered":"Avaleht"},"content":{"rendered":"<p style=\"text-align: center;\"><span style=\"color: #00008b;\"><strong>Rahvusvaheline konverents\u00a0\u201cEesti ja Euroopa kindlustus\u00f5iguse aktuaalsed v\u00e4ljakutsed\u201d<\/strong><\/span><\/p>\n<p style=\"text-align: center;\"><span style=\"color: #00008b;\"><strong>\u00a0 \u00a0 \u00a0 \u00a0 \u00a0 21.-22.03.2019 Tartu \u00dclikooli peahoone aula<\/strong><\/span><\/p>\n<p style=\"text-align: left;\">\n<\/p><p style=\"text-align: left;\">\n<\/p><p style=\"text-align: justify;\">Konverentsil esinesid\u00a0ettekannetega mitmed Euroopa tunnustatumad kindlustus\u00f5iguse asjatundjad. Lisaks astusid\u00a0konverentsil ettekannetega \u00fcles Eesti \u00f5igusteadlased ja kindlustuspraktikud. \u00dcrituse muutis\u00a0eriliseks asjaolu, et tegemist oli\u00a0esimese ainu\u00fcksi kindlustus\u00f5igusele fokusseeritud rahvusvahelise konverentsiga Eestis.<\/p>\n<p style=\"text-align: justify;\">Esimese p\u00e4eva ettekanded toimusid\u00a0inglise keeles ja teise p\u00e4eva ettekanded p\u00f5hiliselt eesti keeles (koos s\u00fcnkroont\u00f5lkega).<\/p>\n<p style=\"text-align: justify;\">Suured t\u00e4nud konverentsi toetajatele <a href=\"https:\/\/www.lkf.ee\/et\" target=\"_blank\" rel=\"noopener\">Eesti Kindlustusseltside Liit<\/a> ja advokaadib\u00fcroo <a href=\"https:\/\/lextal.ee\/\" target=\"_blank\" rel=\"noopener\">LEXTAL<\/a>.<\/p>\n<p style=\"text-align: justify;\">\n<\/p><p style=\"text-align: justify;\">T\u00e4nud k\u00f5igile konverentsil osalemise eest\u00a0Tartus!<\/p>\n<p style=\"text-align: justify;\">Prof Janno Lahe<\/p>\n<hr>\n<p align=\"center\"><span style=\"color: #333399;\"><strong>The International Conference \u201eCurrent Challenges of Estonian and <\/strong><\/span><\/p>\n<p align=\"center\"><span style=\"color: #333399;\"><strong>European Insurance Law\u201d<\/strong><\/span><\/p>\n<p align=\"center\"><span style=\"color: #333399;\"><strong>21 \u2013 22 March 2019<\/strong><\/span><\/p>\n<p><strong>\u00a0<\/strong><\/p>\n<p><strong>Organised by<\/strong>\u00a0 \u00a0 \u00a0 \u00a0 \u00a0 \u00a0 \u00a0School of Law of the University of Tartu<\/p>\n<p><strong>Supported by\u00a0 \u00a0 \u00a0 \u00a0 \u00a0 \u00a0 \u00a0<\/strong><a href=\"https:\/\/www.lkf.ee\/en\" target=\"_blank\" rel=\"noopener\">Estonian Insurance Association<\/a>, <a href=\"https:\/\/lextal.ee\/en\/\" target=\"_blank\" rel=\"noopener\">Law Firm LEXTAL<\/a><\/p>\n<p><strong>Venue\u00a0 \u00a0 \u00a0 \u00a0 \u00a0 \u00a0 \u00a0 \u00a0 \u00a0 \u00a0 \u00a0 \u00a0 \u00a0\u00a0<\/strong>Plenary Hall of the <a href=\"https:\/\/www.ut.ee\/en\" target=\"_blank\" rel=\"noopener\">University of Tartu<\/a> (\u00dclikooli 18, Tartu)<\/p>\n<p><strong>Working languages \u00a0 <\/strong>English, Estonian<\/p>\n<p>It was the first international conference focused only in insurance law that is organised in Estonia. Acknowledged European experts of the insurance law, Estonian legal researchers and insurance practitioners gave speeches at the conference.<\/p>\n<p>The working languages were\u00a0English and Estonian. The first day speeches were\u00a0in English and the second day speeches mainly in Estonian with the simultaneous interpretation into English.<\/p>\n<p>Many thanks to the supporters of the\u00a0conference\u00a0<a href=\"https:\/\/www.lkf.ee\/en\" target=\"_blank\" rel=\"noopener\">Estonian Insurance Association<\/a>\u00a0and\u00a0<a href=\"https:\/\/lextal.ee\/en\/\" target=\"_blank\" rel=\"noopener\">Law Firm LEXTAL<\/a>.<\/p>\n<p>Thank you all for participating in the conference in\u00a0Tartu!<\/p>\n<p>Prof Janno Lahe<\/p>\n<p><img loading=\"lazy\" decoding=\"async\" class=\"alignnone size-medium wp-image-7\" src=\"https:\/\/sisu.ut.ee\/wp-content\/uploads\/sites\/303\/eksl_logo-300x95.png\" alt=\"\" width=\"300\" height=\"95\" srcset=\"https:\/\/sisu.ut.ee\/wp-content\/uploads\/sites\/303\/eksl_logo-300x95.png 300w, https:\/\/sisu.ut.ee\/wp-content\/uploads\/sites\/303\/eksl_logo-768x242.png 768w, https:\/\/sisu.ut.ee\/wp-content\/uploads\/sites\/303\/eksl_logo.png 1024w\" sizes=\"auto, (max-width: 300px) 100vw, 300px\"> <img loading=\"lazy\" decoding=\"async\" class=\"alignnone size-full wp-image-6\" src=\"https:\/\/sisu.ut.ee\/wp-content\/uploads\/sites\/303\/lextal_logo_72dpi_web.jpg\" alt=\"\" width=\"300\" height=\"300\" srcset=\"https:\/\/sisu.ut.ee\/wp-content\/uploads\/sites\/303\/lextal_logo_72dpi_web.jpg 300w, https:\/\/sisu.ut.ee\/wp-content\/uploads\/sites\/303\/lextal_logo_72dpi_web-150x150.jpg 150w\" sizes=\"auto, (max-width: 300px) 100vw, 300px\"><\/p>\n<p style=\"text-align: justify;\">\n<\/p>","protected":false},"excerpt":{"rendered":"<p>Rahvusvaheline konverents\u00a0\u201cEesti ja Euroopa kindlustus\u00f5iguse aktuaalsed v\u00e4ljakutsed\u201d \u00a0 \u00a0 \u00a0 \u00a0 \u00a0 21.-22.03.2019 Tartu \u00dclikooli peahoone aula Konverentsil esinesid\u00a0ettekannetega mitmed Euroopa tunnustatumad kindlustus\u00f5iguse asjatundjad. Lisaks astusid\u00a0konverentsil ettekannetega \u00fcles Eesti \u00f5igusteadlased ja kindlustuspraktikud. \u00dcrituse muutis\u00a0eriliseks asjaolu, et tegemist oli\u00a0esimese ainu\u00fcksi kindlustus\u00f5igusele &#8230;<\/p>\n","protected":false},"author":105,"featured_media":0,"parent":0,"menu_order":0,"comment_status":"closed","ping_status":"closed","template":"","meta":{"_acf_changed":false,"inline_featured_image":false,"footnotes":""},"class_list":["post-4","page","type-page","status-publish","hentry"],"acf":[],"_links":{"self":[{"href":"https:\/\/sisu.ut.ee\/kindlustus\/wp-json\/wp\/v2\/pages\/4","targetHints":{"allow":["GET"]}}],"collection":[{"href":"https:\/\/sisu.ut.ee\/kindlustus\/wp-json\/wp\/v2\/pages"}],"about":[{"href":"https:\/\/sisu.ut.ee\/kindlustus\/wp-json\/wp\/v2\/types\/page"}],"author":[{"embeddable":true,"href":"https:\/\/sisu.ut.ee\/kindlustus\/wp-json\/wp\/v2\/users\/105"}],"replies":[{"embeddable":true,"href":"https:\/\/sisu.ut.ee\/kindlustus\/wp-json\/wp\/v2\/comments?post=4"}],"version-history":[{"count":2,"href":"https:\/\/sisu.ut.ee\/kindlustus\/wp-json\/wp\/v2\/pages\/4\/revisions"}],"predecessor-version":[{"id":29,"href":"https:\/\/sisu.ut.ee\/kindlustus\/wp-json\/wp\/v2\/pages\/4\/revisions\/29"}],"wp:attachment":[{"href":"https:\/\/sisu.ut.ee\/kindlustus\/wp-json\/wp\/v2\/media?parent=4"}],"curies":[{"name":"wp","href":"https:\/\/api.w.org\/{rel}","templated":true}]}}