{"id":3,"date":"2024-04-04T04:37:16","date_gmt":"2024-04-04T01:37:16","guid":{"rendered":"https:\/\/sisu.ut.ee\/kindlustus\/programmprogram\/"},"modified":"2024-04-04T04:37:18","modified_gmt":"2024-04-04T01:37:18","slug":"programmprogram","status":"publish","type":"page","link":"https:\/\/sisu.ut.ee\/kindlustus\/programmprogram\/","title":{"rendered":"Programm"},"content":{"rendered":"<p>\n\t\u00a0\n<\/p>\n<p>\n\t<span data-mce-mark=\"1\" style=\"text-decoration: underline\"><strong>Neljap\u00e4ev, 21. m\u00e4rts 2019<\/strong><\/span>\n<\/p>\n<p>\n\t<strong>\u00a0 9.00 \u2013 10.00\u00a0 \u00a0 \u00a0 \u00a0\u00a0 \u00a0Registreerumine<\/strong>\n<\/p>\n<p>\n\t<strong>10.00 \u2013 10.20\u00a0 \u00a0 \u00a0 \u00a0 \u00a0 Tervitusk\u00f5ned\u00a0<\/strong><span style=\"line-height:115%\"><strong><span><span style=\"line-height:115%\"><span><span style=\"font-weight:normal\">Raul Eamets\u00a0(Sotsiaalteaduste valdkonna dekaan)<\/span><\/span><\/span><\/span><\/strong><b> <\/b><strong><span><span style=\"line-height:115%\"><span><span style=\"font-weight:normal\">ja Janno Lahe<\/span><\/span><\/span><\/span><\/strong><\/span>\n<\/p>\n<p>\n\t<strong>10.20 \u2013 11.00\u00a0 \u00a0 \u00a0 \u00a0 \u00a0 Herman Cousy <\/strong>(Leuveni \u00fclikool): \u201eTwo cultures of insurance in Europe\u201c\n<\/p>\n<p>\n\t<strong>11.00 \u2013 11.40\u00a0 \u00a0 \u00a0 \u00a0 \u00a0 Fabio Maniori <\/strong>(Trieste \u00fclikool): \u201eInsurance and technology\u201c<strong> <\/strong>\n<\/p>\n<p>\n\t<strong>11.40 \u2013 12.20\u00a0 \u00a0 \u00a0 \u00a0 \u00a0 <\/strong><strong>Thomas Gelin<\/strong> (Insurance Europe): \u201eLatest European legislative trends and challenges\u201c\n<\/p>\n<p>\n\t<strong>12.20 \u2013 12.40\u00a0 \u00a0 \u00a0 \u00a0 \u00a0 Diskussioon<\/strong>\n<\/p>\n<p>\n\t<strong>12.40 \u2013 14.00\u00a0 \u00a0 \u00a0 \u00a0 \u00a0 L\u00f5una<\/strong>\n<\/p>\n<p>\n\t<strong>14.00 \u2013 14.30\u00a0 \u00a0 \u00a0 \u00a0 \u00a0 Olli Norros\u00a0<\/strong>(Helsingi \u00fclikool):\u00a0\n<\/p>\n<p>\n\t<strong>\u00a0 \u00a0 \u00a0 \u00a0 \u00a0 \u00a0 \u00a0 \u00a0 \u00a0 \u00a0 \u00a0 \u00a0 \u00a0 \u00a0 \u00a0 \u00a0 \u00a0\u201c<\/strong>Finnish Supreme Court Case KKO 2017:44 \u2013 Interpreting a Clause Excluding Contractual Liability\u201d\n<\/p>\n<p>\n\t<strong>14.30 \u2013\u00a015.00\u00a0 \u00a0 \u00a0 \u00a0 \u00a0 Vadim Mantrov <\/strong>(L\u00e4ti \u00fclikool):<strong> \u201c<\/strong>New Latvian legal act on regulation of insurance contract\u201d <em>\u00a0<\/em>\n<\/p>\n<p>\n\t<strong>15.00 \u2013 15.30\u00a0 \u00a0 \u00a0 \u00a0 \u00a0 Tomas Kontautas <\/strong>(Sorainen):<strong> \u201e<\/strong>Challenges of Lithuanian insurance law\u201c\n<\/p>\n<p>\n\t<strong>15.30 \u2013\u00a015.50\u00a0 \u00a0\u00a0 \u00a0 \u00a0 \u00a0Diskussioon<\/strong>\n<\/p>\n<p>\n\t<strong>15.50 \u2013 16.20\u00a0 \u00a0 \u00a0 \u00a0 \u00a0\u00a0Kohvipaus <\/strong>\n<\/p>\n<p>\n\t<strong>16.20 \u2013\u00a016.50\u00a0 \u00a0 \u00a0 \u00a0 \u00a0 Olavi-J\u00fcri Luik <\/strong>(Lextal):<strong> <\/strong>\u201eKas Eesti kindlustuslepingu\u00f5igus vajab muutmist PEICL-i eeskujust l\u00e4htuvalt?\u201c\n<\/p>\n<p>\n\t<strong>16.50 \u2013 17.20\u00a0 \u00a0 \u00a0 \u00a0 \u00a0 Diskussioon\u00a0\u00a0 \u00a0 \u00a0 \u00a0\u00a0<\/strong>\n<\/p>\n<p>\n\t\u00a0\n<\/p>\n<p>\n\t<span data-mce-mark=\"1\" style=\"text-decoration: underline\"><strong>Reede,\u00a0<\/strong><strong>22. m\u00e4rts 2019<\/strong><\/span>\n<\/p>\n<p>\n\t<strong>\u00a09.30 \u2013 10.10\u00a0 \u00a0 \u00a0 \u00a0 Helmut Heiss <\/strong>(Z\u00fcrichi \u00fclikool): \u201ePrinciples of Reinsurance Contract Law (PRICL):\n<\/p>\n<p>\n\t\u00a0 \u00a0 \u00a0 \u00a0 \u00a0 \u00a0 \u00a0 \u00a0 \u00a0 \u00a0 \u00a0 \u00a0 \u00a0 \u00a0 \u00a0 \u00a0 Soft law for reinsurance arbitration?\u201c<em> <\/em>\n<\/p>\n<p>\n\t<strong>10.10 \u2013 10.40\u00a0 \u00a0 \u00a0 \u00a0 Villu K\u00f5ve <\/strong>(Riigikohus): \u201cKindlustusv\u00f5tja \u201cpeidetud\u201d kohustused kindlustuse \u00fcldtingimuste\n<\/p>\n<p>\n\t\u00a0 \u00a0 \u00a0 \u00a0 \u00a0 \u00a0 \u00a0 \u00a0 \u00a0 \u00a0 \u00a0 \u00a0 \u00a0 \u00a0 \u00a0 \u00a0 v\u00e4listuste kataloogis\u201d\n<\/p>\n<p>\n\t<strong>10.40 \u2013 11.00\u00a0 \u00a0 \u00a0 \u00a0 Karl Haavasalu <\/strong>(Barrister):<strong> <\/strong>\u201eKindlustusjuhtumi menetlemine vastutuskindlustuse puhul\u201c\n<\/p>\n<p>\n\t<strong>11.00 \u2013 11.10\u00a0 \u00a0 \u00a0 \u00a0 Diskussioon<\/strong>\n<\/p>\n<p>\n\t<strong>11.10 \u2013 11.30\u00a0 \u00a0 \u00a0 \u00a0 Kohvipaus<\/strong>\n<\/p>\n<p>\n\t<strong>11.30 \u2013\u00a011.50\u00a0 \u00a0 \u00a0 \u00a0 Eero Johannes <\/strong>(If Kindlustus<strong>): \u201e<\/strong>Ravikulukindlustus \u2013 \u00a0L\u00e4tis tavaline, Eestis haruldane.\n<\/p>\n<p>\n\t\u00a0 \u00a0 \u00a0 \u00a0 \u00a0 \u00a0 \u00a0 \u00a0 \u00a0 \u00a0 \u00a0 \u00a0 \u00a0 \u00a0 \u00a0 \u00a0 Kas p\u00f5hjus on kindlustus\u00f5iguses?\u201c\n<\/p>\n<p>\n\t<strong>11.50 \u2013 12.10\u00a0 \u00a0 \u00a0 \u00a0\u00a0Irene Kull <\/strong>(Tartu \u00fclikool):<strong> <\/strong>\u201cKindlustuse \u00fcldtingimuste kui t\u00fc\u00fcptingimuste t\u00fchisus ja t\u00f5lgendamine\u201d\n<\/p>\n<p>\n\t<strong>12.10 \u2013\u00a012.30\u00a0 \u00a0 \u00a0 \u00a0 Marika Oksaar <\/strong>(Nove): \u201eT\u00f5endamiskoormis vs t\u00f5e monopol kindlustusvaidlustes\u201c\n<\/p>\n<p>\n\t<strong>12.30 \u2013 12.50\u00a0 \u00a0 \u00a0 \u00a0 \u00a0Diskussioon<\/strong>\n<\/p>\n<p>\n\t<strong>12.50 \u2013 14.00\u00a0 \u00a0 \u00a0 \u00a0 \u00a0L\u00f5una<\/strong>\n<\/p>\n<p>\n\t<strong>14.00 \u2013 14.20\u00a0 \u00a0 \u00a0 \u00a0 \u00a0Janno Lahe <\/strong>(Tartu \u00fclikool): \u201eIsejuhtivate s\u00f5idukitega kahju p\u00f5hjustamine \u2013 v\u00e4ljakutse delikti\u00f5igusele?\u201c\n<\/p>\n<p>\n\t<strong>14.20 \u2013\u00a014.40\u00a0 \u00a0 \u00a0 \u00a0 \u00a0Karmen Turk <\/strong>(Triniti):<strong> <\/strong>\u201eIsejuhtivate s\u00f5idukite kindlustus\u201c\n<\/p>\n<p>\n\t<strong>14.40 \u2013\u00a015.00\u00a0 \u00a0 \u00a0 \u00a0 \u00a0Mari Puusaag-Tamm<\/strong> (Finantsinspektsioon): \u201eKindlustuse turustamine \u2013 aktuaalsed teemad ja\n<\/p>\n<p>\n\t\u00a0 \u00a0 \u00a0 \u00a0 \u00a0 \u00a0 \u00a0 \u00a0 \u00a0 \u00a0 \u00a0 \u00a0 \u00a0 \u00a0 \u00a0 \u00a0 \u00a0j\u00e4relevalve ulatus\u201c\n<\/p>\n<p>\n\t<strong>15.00 \u2013 15.20\u00a0 \u00a0 \u00a0 \u00a0 \u00a0Mihkel Mandre <\/strong>(Swedbank):<strong> <\/strong>\u201cElukindlustuse keskkond, suundumused ja tulevikuv\u00e4ljavaated\u201d\n<\/p>\n<p>\n\t<strong>15.20 \u2013 15.40\u00a0 \u00a0 \u00a0 \u00a0 \u00a0Diskussioon ja l\u00f5pus\u00f5nad<\/strong>\n<\/p>\n<hr>\n<p>\n\t\u00a0\n<\/p>\n<p align=\"center\" style=\"text-align: left\">\n\t<strong>\u00a0<\/strong>\n<\/p>\n<p>\n\t<strong><span data-mce-mark=\"1\" style=\"text-decoration: underline\">Thursday, 21 March 2019<\/span><\/strong>\n<\/p>\n<p>\n\t<strong>\u00a0 9.00 \u2013 10.00 \u00a0\u00a0\u00a0\u00a0\u00a0\u00a0\u00a0\u00a0\u00a0\u00a0\u00a0 Registration<\/strong>\n<\/p>\n<p>\n\t<strong>10.00 \u2013 10.20 \u00a0\u00a0\u00a0\u00a0\u00a0\u00a0\u00a0\u00a0\u00a0\u00a0\u00a0\u00a0Welcome Speeches <\/strong>prof\u00a0<span style=\"line-height:115%\"><strong><span><span style=\"line-height:115%\"><span><span style=\"font-weight:normal\">Raul Eamets\u00a0(Dean of the Faculty of Social Sciences)<\/span><\/span><\/span><\/span><\/strong><b>\u00a0<\/b>and prof<\/span><span style=\"line-height:115%\">\u00a0<strong><span><span style=\"line-height:115%\"><span><span style=\"font-weight:normal\">Janno Lahe<\/span><\/span><\/span><\/span><\/strong><\/span>\n<\/p>\n<p>\n\t<strong>10.20 \u2013 11.00 \u00a0\u00a0\u00a0\u00a0\u00a0\u00a0\u00a0\u00a0\u00a0\u00a0\u00a0\u00a0<\/strong>Two cultures of insurance in Europe\u00a0\n<\/p>\n<p>\n\t<strong>\u00a0 \u00a0 \u00a0 \u00a0 \u00a0 \u00a0 \u00a0 \u00a0 \u00a0 \u00a0 \u00a0 \u00a0 \u00a0 \u00a0 \u00a0 \u00a0 \u00a0 \u00a0 \u00a0Herman Cousy, <\/strong>University of Leuven\n<\/p>\n<p>\n\t<strong>11.00 \u2013 11.40\u00a0\u00a0\u00a0\u00a0\u00a0\u00a0\u00a0\u00a0\u00a0\u00a0\u00a0\u00a0\u00a0<\/strong>Insurance and technology\u00a0\n<\/p>\n<p>\n\t<strong>\u00a0 \u00a0 \u00a0 \u00a0 \u00a0 \u00a0 \u00a0 \u00a0 \u00a0 \u00a0 \u00a0 \u00a0 \u00a0 \u00a0 \u00a0 \u00a0 \u00a0 \u00a0 \u00a0Fabio Maniori, <\/strong>University of Trieste\n<\/p>\n<p>\n\t<strong>11.40 \u2013 12.20 \u00a0\u00a0\u00a0\u00a0\u00a0\u00a0\u00a0\u00a0\u00a0\u00a0\u00a0\u00a0<\/strong>Latest European legislative trends and challenges\n<\/p>\n<p>\n\t<strong>\u00a0 \u00a0 \u00a0 \u00a0 \u00a0 \u00a0 \u00a0 \u00a0 \u00a0 \u00a0 \u00a0 \u00a0 \u00a0 \u00a0 \u00a0 \u00a0 \u00a0 \u00a0 \u00a0Thomas Gelin<\/strong>, Insurance Europe\n<\/p>\n<p>\n\t<strong>12.20 \u2013 12.40\u00a0 \u00a0 \u00a0 \u00a0 \u00a0 \u00a0 \u00a0Discussion<\/strong>\n<\/p>\n<p>\n\t<strong>12.40 \u2013 14.00\u00a0 \u00a0 \u00a0 \u00a0 \u00a0 \u00a0 \u00a0Lunch<\/strong>\n<\/p>\n<p>\n\t<strong>14.00 \u2013 14.30\u00a0 \u00a0 \u00a0 \u00a0 \u00a0 \u00a0 \u00a0<\/strong><span style=\"line-height:115%\"><strong><span><span style=\"line-height:115%\"><span><span style=\"color:#565656\">\u201c<\/span><\/span><\/span><\/span><\/strong><span><span style=\"line-height:115%\"><span><span style=\"color:#565656\">Finnish Supreme Court Case KKO 2017:44 \u2013 Interpreting a Clause Excluding Contractual Liability\u201d<\/span><\/span><\/span><\/span><\/span>\n<\/p>\n<p>\n\t<strong>\u00a0 \u00a0 \u00a0 \u00a0 \u00a0 \u00a0 \u00a0 \u00a0 \u00a0 \u00a0 \u00a0 \u00a0 \u00a0 \u00a0 \u00a0 \u00a0 \u00a0 \u00a0 \u00a0Olli Norros, <\/strong>University of Helsinki\n<\/p>\n<p>\n\t<strong>14.30 \u2013 15.00 \u00a0\u00a0\u00a0\u00a0\u00a0\u00a0\u00a0\u00a0\u00a0\u00a0\u00a0\u00a0\u00a0 <\/strong>New Latvian legal act on regulation of insurance contract\n<\/p>\n<p>\n\t\u00a0 \u00a0 \u00a0 \u00a0 \u00a0 \u00a0 \u00a0 \u00a0 \u00a0 \u00a0 \u00a0 \u00a0 \u00a0 \u00a0 \u00a0 \u00a0 \u00a0 \u00a0 \u00a0\u00a0<strong>Vadim Mantrov, <\/strong>University of Latvia <em>\u00a0<\/em>\n<\/p>\n<p>\n\t<strong>15.00 \u2013 15.30 \u00a0\u00a0\u00a0\u00a0\u00a0\u00a0\u00a0\u00a0\u00a0\u00a0\u00a0\u00a0 <\/strong>Challenges of Lithuanian insurance law\n<\/p>\n<p>\n\t<strong>\u00a0 \u00a0 \u00a0 \u00a0 \u00a0 \u00a0 \u00a0 \u00a0 \u00a0 \u00a0 \u00a0 \u00a0 \u00a0 \u00a0 \u00a0 \u00a0 \u00a0 \u00a0 \u00a0 Tomas Kontautas, <\/strong>Law Firm Sorainen\n<\/p>\n<p>\n\t<strong>15.30 \u2013 15.50\u00a0\u00a0 \u00a0\u00a0\u00a0\u00a0\u00a0\u00a0\u00a0\u00a0\u00a0\u00a0\u00a0 Discussion<\/strong>\n<\/p>\n<p>\n\t<strong>15.50 \u2013 16.20 \u00a0\u00a0\u00a0\u00a0\u00a0\u00a0\u00a0\u00a0\u00a0\u00a0\u00a0\u00a0 Coffee break <\/strong>\n<\/p>\n<p>\n\t<strong>16.20 \u2013\u00a016.50\u00a0 \u00a0 \u00a0 \u00a0 \u00a0 \u00a0 \u00a0\u00a0<\/strong>Does Estonian insurance contract law needs a change according to the example of PEICL?\n<\/p>\n<p>\n\t<strong>\u00a0 \u00a0 \u00a0 \u00a0 \u00a0 \u00a0 \u00a0 \u00a0 \u00a0 \u00a0 \u00a0 \u00a0 \u00a0 \u00a0 \u00a0 \u00a0 \u00a0 \u00a0 \u00a0 Olavi-J\u00fcri Luik, <\/strong>Law Firm Lextal\n<\/p>\n<p>\n\t<strong>16.50 \u2013 17.20\u00a0 \u00a0 \u00a0 \u00a0 \u00a0 \u00a0 \u00a0 Discussion\u00a0 \u00a0 \u00a0 \u00a0 \u00a0 \u00a0<\/strong>\n<\/p>\n<p>\n\t\u00a0\n<\/p>\n<p>\n\t<strong><span data-mce-mark=\"1\" style=\"text-decoration: underline\">Friday, 22 March 2019<\/span><\/strong>\n<\/p>\n<p>\n\t<strong>\u00a09.30 \u2013 10.10 \u00a0\u00a0\u00a0\u00a0\u00a0\u00a0\u00a0\u00a0\u00a0\u00a0\u00a0\u00a0 <strong>Principles of Reinsurance Contract Law (PRICL): Soft law for reinsurance arbitration?<\/strong><\/strong>\n<\/p>\n<p>\n\t<strong>\u00a0 \u00a0 \u00a0 \u00a0 \u00a0 \u00a0 \u00a0 \u00a0 \u00a0 \u00a0 \u00a0 \u00a0 \u00a0 \u00a0 \u00a0 \u00a0 \u00a0 \u00a0 \u00a0 Helmut Heiss, <\/strong>University of Zurich\n<\/p>\n<p>\n\t<strong>10.10 \u2013 10.40 \u00a0\u00a0\u00a0\u00a0\u00a0\u00a0\u00a0\u00a0\u00a0\u00a0\u00a0\u00a0 <\/strong>\u201eHidden\u201c obligations of policyholder in the exclusions\u2019 catalogue of general insurance conditions\n<\/p>\n<p>\n\t<strong>\u00a0 \u00a0 \u00a0 \u00a0 \u00a0 \u00a0 \u00a0 \u00a0 \u00a0 \u00a0 \u00a0 \u00a0 \u00a0 \u00a0 \u00a0 \u00a0 \u00a0 \u00a0 \u00a0 Villu K\u00f5ve, <\/strong>Estonian Supreme Court\n<\/p>\n<p>\n\t<strong>10.40 \u2013 11.00 \u00a0\u00a0\u00a0\u00a0\u00a0\u00a0\u00a0\u00a0\u00a0\u00a0\u00a0\u00a0 <\/strong>Procedures of insured event in case of liability insurance\n<\/p>\n<p>\n\t<strong>\u00a0 \u00a0 \u00a0 \u00a0 \u00a0 \u00a0 \u00a0 \u00a0 \u00a0 \u00a0 \u00a0 \u00a0 \u00a0 \u00a0 \u00a0 \u00a0 \u00a0 \u00a0 \u00a0 Karl Haavasalu, <\/strong>Law Firm\u00a0Barrister\n<\/p>\n<p>\n\t<strong>11.00 \u2013 11.10 \u00a0\u00a0\u00a0\u00a0\u00a0\u00a0\u00a0\u00a0\u00a0\u00a0\u00a0\u00a0 Discussion<\/strong>\n<\/p>\n<p>\n\t<strong>11.10 \u2013 11.30 \u00a0\u00a0\u00a0\u00a0\u00a0\u00a0\u00a0\u00a0\u00a0\u00a0\u00a0\u00a0 Coffee break<\/strong>\n<\/p>\n<p>\n\t<strong>11.30 \u2013 11.50 \u00a0\u00a0\u00a0\u00a0\u00a0\u00a0\u00a0\u00a0\u00a0\u00a0\u00a0\u00a0\u00a0 <\/strong>Medical expenses insurance<strong> <\/strong>\u2013 common in Latvia, rare in Estonia. Is there a reason in the insurance law?\n<\/p>\n<p>\n\t<strong>\u00a0 \u00a0 \u00a0 \u00a0 \u00a0 \u00a0 \u00a0 \u00a0 \u00a0 \u00a0 \u00a0 \u00a0 \u00a0 \u00a0 \u00a0 \u00a0 \u00a0 \u00a0 \u00a0 Eero Johannes, <\/strong>If P&amp;C Insurance\n<\/p>\n<p>\n\t<strong>11.50 \u2013 12.10\u00a0 \u00a0 \u00a0 \u00a0 \u00a0 \u00a0 \u00a0\u00a0<\/strong>Invalidity and interpretation of general insurance conditions as standard terms<strong> <\/strong>\n<\/p>\n<p>\n\t<strong>\u00a0 \u00a0 \u00a0 \u00a0 \u00a0 \u00a0 \u00a0 \u00a0 \u00a0 \u00a0 \u00a0 \u00a0 \u00a0 \u00a0 \u00a0 \u00a0 \u00a0 \u00a0 \u00a0 Irene Kull, <\/strong>University of Tartu\n<\/p>\n<p>\n\t\u00a0\n<\/p>\n<p>\n\t<strong>12.10 \u2013\u00a012.30 \u00a0\u00a0\u00a0\u00a0\u00a0\u00a0\u00a0\u00a0\u00a0\u00a0\u00a0\u00a0\u00a0<\/strong>The burden of proof vs a monopoly of truth in insurance disputes\n<\/p>\n<p>\n\t<strong>\u00a0 \u00a0 \u00a0 \u00a0 \u00a0 \u00a0 \u00a0 \u00a0 \u00a0 \u00a0 \u00a0 \u00a0 \u00a0 \u00a0 \u00a0 \u00a0 \u00a0 \u00a0 \u00a0 Marika Oksaar, <\/strong>Law Firm Nove\n<\/p>\n<p>\n\t<strong>12.30 \u2013 12.50 \u00a0\u00a0\u00a0\u00a0\u00a0\u00a0\u00a0\u00a0\u00a0\u00a0\u00a0\u00a0 Discussion<\/strong>\n<\/p>\n<p>\n\t<strong>12.50 \u2013 14.00 \u00a0\u00a0\u00a0\u00a0\u00a0\u00a0\u00a0\u00a0\u00a0\u00a0\u00a0\u00a0 Lunch<\/strong>\n<\/p>\n<p>\n\t<strong>14.00 \u2013 14.20 \u00a0\u00a0\u00a0\u00a0\u00a0\u00a0\u00a0\u00a0\u00a0\u00a0\u00a0\u00a0 <\/strong>Causing damage by full-autonomous vehicles \u2013 challenge for tort law?\n<\/p>\n<p>\n\t<strong>\u00a0 \u00a0 \u00a0 \u00a0 \u00a0 \u00a0 \u00a0 \u00a0 \u00a0 \u00a0 \u00a0 \u00a0 \u00a0 \u00a0 \u00a0 \u00a0 \u00a0 \u00a0 \u00a0 Janno Lahe, <\/strong>University of Tartu\n<\/p>\n<p>\n\t<strong>14.20 \u2013\u00a014.40 \u00a0\u00a0\u00a0\u00a0\u00a0\u00a0\u00a0\u00a0\u00a0 \u00a0 \u00a0<\/strong>Insurance of full-autonomous vehicles\n<\/p>\n<p>\n\t<strong>\u00a0 \u00a0 \u00a0 \u00a0 \u00a0 \u00a0 \u00a0 \u00a0 \u00a0 \u00a0 \u00a0 \u00a0 \u00a0 \u00a0 \u00a0 \u00a0 \u00a0 \u00a0 \u00a0 Karmen Turk, <\/strong>Law Firm Triniti\n<\/p>\n<p>\n\t<strong>14.40 \u2013\u00a015.00\u00a0\u00a0\u00a0\u00a0\u00a0\u00a0\u00a0\u00a0\u00a0\u00a0 \u00a0 \u00a0<\/strong>Insurance distribution: market issues and scope of supervision\n<\/p>\n<p>\n\t<strong>\u00a0 \u00a0 \u00a0 \u00a0 \u00a0 \u00a0 \u00a0 \u00a0 \u00a0 \u00a0 \u00a0 \u00a0 \u00a0 \u00a0 \u00a0 \u00a0 \u00a0 \u00a0 \u00a0 Mari Puusaag-Tamm,<\/strong> Estonian Financial Supervision Authority\n<\/p>\n<p>\n\t<strong>15.00 \u2013 15.20\u00a0\u00a0\u00a0\u00a0\u00a0\u00a0\u00a0\u00a0\u00a0\u00a0\u00a0\u00a0\u00a0 <\/strong>Life insurance environment, trends &amp; future opportunities\n<\/p>\n<p>\n\t<strong>\u00a0 \u00a0 \u00a0 \u00a0 \u00a0 \u00a0 \u00a0 \u00a0 \u00a0 \u00a0 \u00a0 \u00a0 \u00a0 \u00a0 \u00a0 \u00a0 \u00a0 \u00a0 \u00a0 Mihkel Mandre, <\/strong>Swedbank\n<\/p>\n<p>\n\t<strong>15.20 \u2013 15.40 \u00a0\u00a0\u00a0\u00a0\u00a0\u00a0\u00a0\u00a0\u00a0\u00a0\u00a0\u00a0 Discussion and conclusion<\/strong><\/p>\n","protected":false},"excerpt":{"rendered":"<p>\u00a0 Neljap\u00e4ev, 21. m\u00e4rts 2019 \u00a0 9.00 \u2013 10.00\u00a0 \u00a0 \u00a0 \u00a0\u00a0 \u00a0Registreerumine 10.00 \u2013 10.20\u00a0 \u00a0 \u00a0 \u00a0 \u00a0 Tervitusk\u00f5ned\u00a0Raul Eamets\u00a0(Sotsiaalteaduste valdkonna dekaan) ja Janno Lahe 10.20 \u2013 11.00\u00a0 \u00a0 \u00a0 \u00a0 \u00a0 Herman Cousy (Leuveni \u00fclikool): \u201eTwo cultures &#8230;<\/p>\n","protected":false},"author":105,"featured_media":0,"parent":0,"menu_order":0,"comment_status":"closed","ping_status":"closed","template":"","meta":{"_acf_changed":false,"inline_featured_image":false,"footnotes":""},"class_list":["post-3","page","type-page","status-publish","hentry"],"acf":[],"_links":{"self":[{"href":"https:\/\/sisu.ut.ee\/kindlustus\/wp-json\/wp\/v2\/pages\/3","targetHints":{"allow":["GET"]}}],"collection":[{"href":"https:\/\/sisu.ut.ee\/kindlustus\/wp-json\/wp\/v2\/pages"}],"about":[{"href":"https:\/\/sisu.ut.ee\/kindlustus\/wp-json\/wp\/v2\/types\/page"}],"author":[{"embeddable":true,"href":"https:\/\/sisu.ut.ee\/kindlustus\/wp-json\/wp\/v2\/users\/105"}],"replies":[{"embeddable":true,"href":"https:\/\/sisu.ut.ee\/kindlustus\/wp-json\/wp\/v2\/comments?post=3"}],"version-history":[{"count":1,"href":"https:\/\/sisu.ut.ee\/kindlustus\/wp-json\/wp\/v2\/pages\/3\/revisions"}],"predecessor-version":[{"id":25,"href":"https:\/\/sisu.ut.ee\/kindlustus\/wp-json\/wp\/v2\/pages\/3\/revisions\/25"}],"wp:attachment":[{"href":"https:\/\/sisu.ut.ee\/kindlustus\/wp-json\/wp\/v2\/media?parent=3"}],"curies":[{"name":"wp","href":"https:\/\/api.w.org\/{rel}","templated":true}]}}