{"id":92,"date":"2024-04-03T23:32:20","date_gmt":"2024-04-03T20:32:20","guid":{"rendered":"https:\/\/sisu.ut.ee\/keskkond\/loome-ise-koodust-loodust-ja-loodut-tundma-oppides\/"},"modified":"2024-04-03T23:39:08","modified_gmt":"2024-04-03T20:39:08","slug":"loome-ise-koodust-loodust-ja-loodut-tundma-oppides","status":"publish","type":"page","link":"https:\/\/sisu.ut.ee\/keskkond\/loome-ise-koodust-loodust-ja-loodut-tundma-oppides\/","title":{"rendered":"Loome ise loodust. Loodust ja loodut tundma \u00f5ppides"},"content":{"rendered":"<p style=\"text-align: left\" align=\"right\"><strong>Kirivere kool lasteaed<\/strong><\/p>\n<p>Koostajad: Aili Miller, Liina Nikonorova, Ene Seil, Heilika Vahtra<\/p>\n<p><strong>Sihtr\u00fchm:\u00a0 <\/strong>lasteaia T\u00e4hekild kolme r\u00fchma lapsed. Kokku 44 last.<\/p>\n<p><strong>Sidusr\u00fchmad: <\/strong>lasteaia\u00f5petajad ja \u00f5petajate abid, kokku 8, direktor ja kokk, lastevanemad, kokku 60<\/p>\n<p>Tegevustesse olid kaasatud k\u00f5ik r\u00fchmad, k\u00f5ik \u00f5petajad ja k\u00f5ik \u00f5petaja abid, lasteaia liikumis- ja muusika\u00f5petaja. Lisaks kaasasime m\u00f5ned p\u00f5hikooli\u00f5pilased ja lastevanemad ning lasteaia direktori ja koka.<\/p>\n<p><strong>Projekti eesm\u00e4rgid:<\/strong><\/p>\n<p>laps v\u00e4\u00e4rtustab keskkonda hoidvat ja keskkonnahoidlikku m\u00f5tteviisi<\/p>\n<p>laps m\u00e4rkab n\u00e4htusi ja muutusi looduses<\/p>\n<p><strong>Viljapuude istutamise kavandi koostamine<\/strong> (puude istutusvahed \u2013 milleks on vajalik; m\u00f5\u00f5t\u00fchikud \u2026)<\/p>\n<p><strong>Lab\u00fcrindi kavandamine<\/strong> (m\u00f5\u00f5tetegevused, kujundite ja m\u00f5\u00f5t\u00fchikutega tutvumine \u2013 m\u00f5\u00f5t\u00fchikuks v\u00f5ib olla ka jalg, k\u00fc\u00fcnarvars, labajalg jne).<\/p>\n<p><strong>VAHENDID<\/strong><\/p>\n<p>M\u00f5\u00f5dulint, paber, pliiats, geomeetrilised kujundid, m\u00e4ngukonn, n\u00f6\u00f6r<\/p>\n<p><strong>Eesm\u00e4rgid ja l\u00f5imitud \u00f5ppe- ja kasvatustegevuse valdkonnad<\/strong><\/p>\n<p><strong>3\u20135aastaste eesm\u00e4rk<\/strong><\/p>\n<p>Laps tunneb ja kirjeldab geomeetrilisi kujundeid (loodav p\u00f5\u00f5saslab\u00fcrint on ruudukujuline).<\/p>\n<p><strong>3\u20135aastaste tegevus<\/strong><\/p>\n<p>\u00d5petaja n\u00e4itab lastele kujundeid, r\u00e4\u00e4gib, mis kujunditega on tegu. Lapsed proovivad \u00f5petaja juhendamisel koos moodustada kujundeid, mida \u00f5petaja parasjagu n\u00e4itab (v\u00f5tame ringi, seisame ruudukujuliselt jne).<\/p>\n<p>\u00d5petaja tegi lastele ette v\u00e4rviliste v\u00e4ikeste kujunditega mustreid. Lapsed proovisid j\u00e4rele teha.<\/p>\n<p>Ideid v\u00f5ttis \u00f5petaja sellelt lehelt \u2013 K\u00e4sit\u00f6\u00f6tehnikad lasteasutuses <a href=\"http:\/\/www.tlu.ee\/opmat\/tp\/kasitoo_tehnikad\/aplikatsioon.html\">http:\/\/www.tlu.ee\/opmat\/tp\/kasitoo_tehnikad\/aplikatsioon.html<\/a> (12.05.2014)<\/p>\n<p>N\u00e4idis:<\/p>\n<p><img loading=\"lazy\" decoding=\"async\" width=\"401\" height=\"85\" class=\"alignnone wp-image-426\" src=\"https:\/\/sisu.ut.ee\/wp-content\/uploads\/sites\/107\/untitled-8.jpg\" title=\"untitled.jpg\" alt=\"untitled.jpg\" srcset=\"https:\/\/sisu.ut.ee\/wp-content\/uploads\/sites\/107\/untitled-8.jpg 401w, https:\/\/sisu.ut.ee\/wp-content\/uploads\/sites\/107\/untitled-8-300x64.jpg 300w\" sizes=\"auto, (max-width: 401px) 100vw, 401px\"><\/p>\n<p><strong>L\u00f5imumine: <\/strong>keel ja k\u00f5ne, mina ja keskkond, matemaatika, kunst, \u00fcldoskused<\/p>\n<p><strong>AJAKULU: <\/strong>20 minutit<\/p>\n<p><strong>5\u20137aastaste eesm\u00e4rk<\/strong><\/p>\n<p>Laps m\u00f5istab m\u00f5\u00f5tmistegevust ja olulisemaid m\u00f5\u00f5t\u00fchikuid (lab\u00fcrindi tarvis sobiv kaugus p\u00f5\u00f5saste vahel, puude istutuskauguse m\u00f5\u00f5tmine).<\/p>\n<p><strong>5\u20137aastaste tegevus<\/strong><\/p>\n<p>\u00d5petaja r\u00e4\u00e4kis m\u00f5\u00f5tmistegevusest, vaatas koos lastega joonlauda, m\u00f5\u00f5tis jalalabasid, k\u00e4si, sammu pikkust. Lapsed said aru ja kogesid, et m\u00f5\u00f5tmiseks ei ole vaja alati m\u00f5\u00f5dulinti v\u00f5i joonlauda.<\/p>\n<p>Tegevus \u00f5ues:<\/p>\n<p>lapsed uurisid m\u00e4nguv\u00e4ljaku \u00fcmber kasvavat hekki ja m\u00f5\u00f5tsid sammudega istutusvahet. Lapsed said aru, et puid ja p\u00f5\u00f5said ei tohi \u00fcksteisele liiga l\u00e4hedale istutada, sest neil ei ole siis ruumi kasvada suureks ja tugevaks.<\/p>\n<p>K\u00fclla tuli s\u00f5ber Konn, kellel oli mure. Lageda v\u00e4lja peal ei olnud \u00fchtki kohta, kuhu palava p\u00e4ikese eest peitu minna. Konn palus lastelt puid ja p\u00f5\u00f5said. Koos lastega m\u00f5tlesime kasutada selleks viljapuid ja p\u00f5\u00f5saslab\u00fcrinti.<\/p>\n<p>Lab\u00fcrindi kavandamiseks moodustasid lapsed n\u00f6\u00f6rist ruudu, millega oligi maha m\u00e4rgitud lab\u00fcrindi raam.<\/p>\n<p>\u00d5petaja m\u00f5\u00f5tis esimese p\u00f5\u00f5sa istutusvahe m\u00f5\u00f5dulindiga. Lapsed tegid sama pikki r\u00f5\u00f5msaid konnah\u00fcppeid ja istutusvahed saidki m\u00f5\u00f5detud. Viljapuude istutamiseks h\u00fcppas r\u00f5\u00f5mus Konn k\u00fcmme korda.<\/p>\n<p><strong>L\u00f5imumine: <\/strong>matemaatika, keel ja k\u00f5ne, liikumine, mina ja keskkond, kunst, \u00fcldoskused<\/p>\n<p><strong>AJAKULU: <\/strong>45 minutit<\/p>\n<p><strong>PUUDE LEHTEDE JA VILJADEGA TUTVUMINE<\/strong><\/p>\n<p><strong>VAHENDID: <\/strong>kangas, puulehed, arvuti, kannel, n\u00e4itlik materjal \u2013 puude viljad (tammet\u00f5rud ja kastanid) ja lehed.<\/p>\n<p><strong>1,5\u20133aastaste eesm\u00e4rk<\/strong><\/p>\n<p>Laps tutvub puude lehtede ja viljadega.<\/p>\n<p><strong>1,5\u20133 aastaste tegevus<\/strong><\/p>\n<p>Koos vaadati \u00f5ppevideot \u201eM\u00f5mmi \u00f5pib puude lehti tundma\u201c ja \u201eM\u00f5mmi meisterdab t\u00f5ruloomi ning \u00f5pib puid ja nende lehti tundma\u201c<\/p>\n<p>(video asukoht: <a href=\"http:\/\/mudila.ee\/mommi-mangib\/mommi-meisterdab-toruloomi\">http:\/\/mudila.ee\/mommi-mangib\/mommi-meisterdab-toruloomi<\/a>) (30.10.2013)<\/p>\n<p>P\u00e4rast video vaatamist uurisid lapsed tammet\u00f5rusid ja kastanimunasid ning puude lehti. Koos \u00f5petajaga ladusid lapsed t\u00f5rusid ja mune ritta, moodustasid hulki, v\u00f5rdlesid \u2013 suurem\/v\u00e4iksem.<\/p>\n<p>Tegevus \u00f5ues<\/p>\n<p>Koos muusika\u00f5petajaga l\u00e4ksime l\u00e4hedalasuvasse m\u00f5isaparki. Lapsed korjasid kaasav\u00f5etud kangale lehti, mille lehvitamisel tekitasime laulu \u201eLanges lehti\u201c saatel lehesadu.<\/p>\n<p>Laulus\u00f5nad<\/p>\n<p>Langes lehti, langes lehti.<\/p>\n<p>N\u00e4e, s\u00fcgis on k\u00e4es.<\/p>\n<p>(Muusika\u00f5petaja omalooming kandle saatel.)<\/p>\n<p><strong>AJAKULU: <\/strong>summeeritud tegevus \u2013 45 minutit<\/p>\n<p><strong>L\u00f5imumine<\/strong>: mina ja keskkond, kunst, keel ja k\u00f5ne, liikumine, muusika, matemaatika<\/p>\n<p><strong>PUUM\u00c4NGUD<\/strong><\/p>\n<p><strong>VAHENDID: <\/strong>puude lehed, pildid viljapuudest ja viljadest<\/p>\n<p><strong>3\u20135aastaste eesm\u00e4rk<\/strong><\/p>\n<p>Laps tunneb kase, vahtra ja tamme lehte.<\/p>\n<p><strong>3\u20135aastaste tegevus: puum\u00e4ng \u201eLehed\u201c<\/strong><\/p>\n<p>Puulehtede korjamine, selgitused, milliste puudega on tegu.<\/p>\n<p>Lapsed asetasid korjatud lehed ringi keskele ja liikusid ringjoonel.<\/p>\n<p>M\u00e4ngujuhi k\u00e4skluse \u201eVaher!\u201c peale \u00a0otsisid m\u00e4ngijad kuhjast vahtralehe jne. \u00dcleskorjatud lehed j\u00e4eti kuhjast v\u00e4lja.<\/p>\n<p>(Kes haarab vale lehe v\u00f5i j\u00e4\u00e4b ilma, l\u00e4heb m\u00e4ngust v\u00e4lja. V\u00f5itjaks osutub laps, kes on t\u00e4helepanelik, kiire ja hea lehtede tundja.)<\/p>\n<p>(m\u00e4ng p\u00e4rineb sellelt lehek\u00fcljelt: <a href=\"http:\/\/oppematerjalid.onepagefree.com\/?id=17475&amp;onepagefree=b19b04825cd95919894f430129c2be2c\">http:\/\/oppematerjalid.onepagefree.com\/?id=17475&amp;onepagefree=b19b04825cd95919894f430129c2be2c<\/a>) (30.10.2013)<\/p>\n<p><strong>AJAKULU: <\/strong>20 minutit<\/p>\n<p><strong>L\u00f5imumine: <\/strong>mina ja keskkond, liikumine, keel ja k\u00f5ne, matemaatika<\/p>\n<p><strong>5\u20137aastaste eesm\u00e4rk<\/strong><\/p>\n<p>Lapsel kinnistuvad teadmised leht- ja okaspuudest.<\/p>\n<p><strong>5\u20137aastaste tegevus: \u201eOlen puu\u201c<\/strong><\/p>\n<p>Puu \u00e4raarvamine kirjelduse j\u00e4rgi. R\u00fchmast valiti liisusalmi abil \u00fcks laps, kes oli \u201epuu\u201c. Lapsed esitasid kordam\u00f6\u00f6da \u201epuule\u201c k\u00fcsimusi: Kas su lehed on sakilised? Kas Sul on lehed v\u00f5i okkad? Kas Sul on t\u00f5rud? jne.<\/p>\n<p>Puu andis eitava v\u00f5i jaatava vastuse. K\u00fcsiti seni, kuni j\u00f5uti selgusele, millise puuga on tegemist.<\/p>\n<p>(m\u00e4ngud p\u00e4rinevad sellelt lehek\u00fcljelt: <a href=\"http:\/\/oppematerjalid.onepagefree.com\/?id=17475&amp;onepagefree=b19b04825cd95919894f430129c2be2c\">http:\/\/oppematerjalid.onepagefree.com\/?id=17475&amp;onepagefree=b19b04825cd95919894f430129c2be2c<\/a>) (30.10.2013)<\/p>\n<p>Liisusalm<\/p>\n<p>Tigu n\u00e4ris lehte augu,<\/p>\n<p>vaatas v\u00e4lja augu kaudu.<\/p>\n<p>Keda n\u00e4gi tigu seal?<\/p>\n<p>\u00dctle meile, ole hea.<\/p>\n<p>(Lillo, M. 2014. Liisusalmidest lauam\u00e4ngudeni. Tallinn: Koolibri)<\/p>\n<p><strong>AJAKULU: <\/strong>20 minutit<\/p>\n<p><strong>L\u00f5imumine: <\/strong>keel ja k\u00f5ne, mina ja keskkond, liikumine<\/p>\n<p><strong>5\u20137aastaste eesm\u00e4rk<\/strong><\/p>\n<p>Laps tunneb erinevaid puuvilju.<\/p>\n<p>Laps teab, mida t\u00e4hedab s\u00f5na \u201epaar\u201c.<\/p>\n<p><strong>5\u20137aastaste tegevus <\/strong><\/p>\n<p><strong>M\u00e4ng \u201ePuu ja vili\u201c<\/strong><\/p>\n<p>Enne m\u00e4ngu alustamist laulavad lapsed laulu \u201eKodu\u201c (viis on muusika\u00f5petaja omalooming).<\/p>\n<p><strong>KODU <\/strong><\/p>\n<p>\u00d5UNA KODU ON \u00d5UNAPUUS,<\/p>\n<p>PIRNI KODU ON PIRNIPUUS,<\/p>\n<p>KIRSI KODU ON KIRSIPUUS,<\/p>\n<p>MESILINNUL ON MESIPUUS.<\/p>\n<p>NAERU KODU EI OLE PUUS,<\/p>\n<p>NAERU KODU ON LAPSE SUUS.<\/p>\n<p><strong>\/<\/strong>HELJO M\u00c4ND\/ (<a href=\"http:\/\/eestikeel-mari.blogspot.com\/p\/luuletused_26.html\">http:\/\/eestikeel-mari.blogspot.com\/p\/luuletused_26.html<\/a>) (28.10.2013)<\/p>\n<p>M\u00e4ng \u201ePuu ja vili\u201c<\/p>\n<p>Lapsed jaotatakse kahte r\u00fchma. \u00dcks r\u00fchm on \u201elehed\u201c, teine r\u00fchm \u201eviljad\u201c.<\/p>\n<p>Lapsed v\u00f5tavad pimesi kotist puuvilja v\u00f5i viljapuu pildi. K\u00e4skluse \u201eLeia oma paariline\u201c peale \u00a0otsivad lapsed oma taime vilja v\u00f5i puu. Kui paariline leitud, \u00fchendavad lapsed vilja vastava puuga ja nimetavad puu nime ning \u00fche lause puu iseloomustamiseks.<\/p>\n<p>(m\u00e4ngu idee p\u00e4rineb sellelt lehek\u00fcljelt: <a href=\"http:\/\/www.studioviridis.ee\/muraste\/veeb\/index.php?option=com_content&amp;task=view&amp;id=136&amp;Itemid=1\">http:\/\/www.studioviridis.ee\/muraste\/veeb\/index.php?option=com_content&amp;task=view&amp;id=136&amp;Itemid=1<\/a>) (29.10.2014)<\/p>\n<p><strong>AJAKULU<\/strong>: 25 minutit<\/p>\n<p><strong>L\u00f5imumine: <\/strong>keel ja k\u00f5ne, mina ja keskkond, muusika, matemaatika, liikumine<\/p>\n<p><strong>Viljapuude ja p\u00f5\u00f5saslab\u00fcrindi istutamine<\/strong><\/p>\n<p><strong>VAHENDID: <\/strong>viljapuud (murel, ploom, pirn, \u00f5un), tuhkpuu p\u00f5\u00f5sad, elupuu taimed, labidad (suured ja v\u00e4ikesed), rehad (suured ja v\u00e4ikesed), kastekannud (suured ja v\u00e4ikesed), m\u00e4nguautod, m\u00e4nguk\u00e4rud, m\u00e4ngukonn, pildid aastaaegadest<\/p>\n<p><strong>1,5\u20137aastaste eesm\u00e4rgid<\/strong><\/p>\n<ul>\n<li>Lapsed m\u00f5istavad, et taim on nagu inimlaps (tema kasvamiseks on vaja vett, \u00f5hku, p\u00e4ikest ja hoolitsust).<\/li>\n<li>V\u00e4\u00e4rtustab keskkonda hoidvat ja keskkonnahoidlikku m\u00f5tteviisi (nt puude kastmine p\u00e4rast istutamist \u2013 teab, et vett kasutame s\u00e4\u00e4stlikult ja kindlal otstarbel; m\u00f5istab vee t\u00e4htsust \u00fchiskonnas ja loodusvarana)<\/li>\n<li>\u00d5pib tundma inimese ja looduse seoseid (nt inimese osa looduskeskkonna kujundamisel \u2013 milline on inimese loodud n-\u00f6 tehiskeskkond, milline on looduslik keskkond).<\/li>\n<\/ul>\n<p><strong>1,5\u20137aastaste tegevuse sissejuhatav osa<\/strong><\/p>\n<p>S\u00f5ber Konnaga arutati, milline v\u00f5iks olla sobiv pinnas puude istutamiseks, m\u00f5eldi, milleks on vajalik v\u00e4etis ja vesi. Vaadeldi piltidelt aastaaegade vaheldumist, millised n\u00e4evad puud v\u00e4lja kevadel, suvel, s\u00fcgisel ja talvel. Arutleti, miks on vaja puid talvel kaitsta \u2013 kelle ja mille eest. Suuremad lapsed osalesid arutelus, v\u00e4iksemad kuulasid huviga Konna ja kaaslasi.<\/p>\n<p><strong>1,5\u20137aastaste tegevuse p\u00f5hiosa<\/strong><\/p>\n<p>Konn kutsus endale appi v\u00e4ikesi autojuhte. Lapsed v\u00f5tsid m\u00e4nguautod, laadisid peale koorma (tuhkpuu p\u00f5\u00f5sa), s\u00f5idutasid Konna p\u00e4iksevarju juurde (ettem\u00e4rgitud lab\u00fcrinti). Konn aitas autojuhtidel vahepeal kokku lugeda, mitu taime juba veetud on.<\/p>\n<p>V\u00e4ikesed autojuhid ja Konn vahetasid ametit \u2013 haarasid labidad ja hakkasid aednikeks. \u00d5petajate, \u00f5petaja abide, direktori, koka ja lasteaia vilistlaste abiga kaevasid v\u00e4ikesed aednikud augud ja istutasid taimed. Suured aednikud haarasid suured kannud, v\u00e4ikesed aednikud haarasid v\u00e4ikesed kannud ja nii need taimed kastetud saidki. Konn oli v\u00e4ga r\u00f5\u00f5mus!<\/p>\n<p><strong>AJAKULU<\/strong>: 3 tundi<\/p>\n<p><strong>KOOST\u00d6\u00d6PARTNERID: <\/strong>Kirivere kooli \u00f5pilased, lastevanemad (puude transport, t\u00f6\u00f6vahendite laenutus)<\/p>\n<p><strong>L\u00f5imumine: <\/strong>mina ja keskkond, liikumine, keel ja k\u00f5ne, matemaatika, \u00fcldoskused<\/p>\n<p><strong>VILJAPUUDE JA P\u00d5\u00d5SASLAB\u00dcRINDI ISTUTAMINE PILDIS<\/strong><\/p>\n<p><strong><img loading=\"lazy\" decoding=\"async\" width=\"381\" height=\"254\" class=\"alignnone wp-image-427\" src=\"https:\/\/sisu.ut.ee\/wp-content\/uploads\/sites\/107\/opetaja.jpg\" title=\"opetaja.jpg\" alt=\"opetaja.jpg\" srcset=\"https:\/\/sisu.ut.ee\/wp-content\/uploads\/sites\/107\/opetaja.jpg 381w, https:\/\/sisu.ut.ee\/wp-content\/uploads\/sites\/107\/opetaja-300x200.jpg 300w\" sizes=\"auto, (max-width: 381px) 100vw, 381px\"> <\/strong>Egas lapsed \u00fcksi rabama pea<\/p>\n<p><img loading=\"lazy\" decoding=\"async\" width=\"356\" height=\"237\" class=\"alignnone wp-image-428\" src=\"https:\/\/sisu.ut.ee\/wp-content\/uploads\/sites\/107\/1d-1.jpg\" title=\"1d.jpg\" alt=\"1d.jpg\" srcset=\"https:\/\/sisu.ut.ee\/wp-content\/uploads\/sites\/107\/1d-1.jpg 356w, https:\/\/sisu.ut.ee\/wp-content\/uploads\/sites\/107\/1d-1-300x200.jpg 300w\" sizes=\"auto, (max-width: 356px) 100vw, 356px\">\u00a0<\/p>\n<p>Iga\u00fcks vastavalt oma v\u00f5imetele. 4aastane m\u00e4nguauto juht<\/p>\n\n<p><img loading=\"lazy\" decoding=\"async\" width=\"364\" height=\"242\" class=\"alignnone wp-image-429\" src=\"https:\/\/sisu.ut.ee\/wp-content\/uploads\/sites\/107\/2-6.jpg\" title=\"2.jpg\" alt=\"2.jpg\" srcset=\"https:\/\/sisu.ut.ee\/wp-content\/uploads\/sites\/107\/2-6.jpg 364w, https:\/\/sisu.ut.ee\/wp-content\/uploads\/sites\/107\/2-6-300x199.jpg 300w\" sizes=\"auto, (max-width: 364px) 100vw, 364px\"><\/p>\n<p>\u201eParandatud\u201c sai ka lasteaia m\u00e4nguv\u00e4ljakut \u00fcmbritsev hekk. 6aastane aednik<\/p>\n\n<p><img loading=\"lazy\" decoding=\"async\" width=\"364\" height=\"242\" class=\"alignnone wp-image-430\" src=\"https:\/\/sisu.ut.ee\/wp-content\/uploads\/sites\/107\/3-7.jpg\" title=\"3.jpg\" alt=\"3.jpg\" srcset=\"https:\/\/sisu.ut.ee\/wp-content\/uploads\/sites\/107\/3-7.jpg 364w, https:\/\/sisu.ut.ee\/wp-content\/uploads\/sites\/107\/3-7-300x199.jpg 300w\" sizes=\"auto, (max-width: 364px) 100vw, 364px\"><\/p>\n<p>Oleme oma lapsi h\u00e4sti \u00f5petanud-kasvatanud \u2013 nad tulevad appi ka siis, kui on juba suured. Lasteaia vilistlane t\u00f6\u00f6hoos<\/p>\n\n<p><img loading=\"lazy\" decoding=\"async\" width=\"370\" height=\"247\" class=\"alignnone wp-image-431\" src=\"https:\/\/sisu.ut.ee\/wp-content\/uploads\/sites\/107\/4-4.jpg\" title=\"4.jpg\" alt=\"4.jpg\" srcset=\"https:\/\/sisu.ut.ee\/wp-content\/uploads\/sites\/107\/4-4.jpg 370w, https:\/\/sisu.ut.ee\/wp-content\/uploads\/sites\/107\/4-4-300x200.jpg 300w\" sizes=\"auto, (max-width: 370px) 100vw, 370px\"><\/p>\n<p>R\u00fchma \u201eKillud\u201c (3<strong>\u2013<\/strong>5aastased) puu on ploom<strong><\/strong><\/p>\n\n<p><img loading=\"lazy\" decoding=\"async\" width=\"382\" height=\"254\" class=\"alignnone wp-image-432\" src=\"https:\/\/sisu.ut.ee\/wp-content\/uploads\/sites\/107\/4jpg.jpg\" title=\"4jpg.jpg\" alt=\"4jpg.jpg\" srcset=\"https:\/\/sisu.ut.ee\/wp-content\/uploads\/sites\/107\/4jpg.jpg 382w, https:\/\/sisu.ut.ee\/wp-content\/uploads\/sites\/107\/4jpg-300x199.jpg 300w\" sizes=\"auto, (max-width: 382px) 100vw, 382px\"><\/p>\n<p>R\u00fchm \u201eKillukesed\u201c (1,5<strong>\u2013<\/strong>3aastased) t\u00f6\u00f6hoos<\/p>\n\n<p><img loading=\"lazy\" decoding=\"async\" width=\"382\" height=\"254\" class=\"alignnone wp-image-433\" src=\"https:\/\/sisu.ut.ee\/wp-content\/uploads\/sites\/107\/5-2.jpg\" title=\"5.jpg\" alt=\"5.jpg\" srcset=\"https:\/\/sisu.ut.ee\/wp-content\/uploads\/sites\/107\/5-2.jpg 382w, https:\/\/sisu.ut.ee\/wp-content\/uploads\/sites\/107\/5-2-300x199.jpg 300w\" sizes=\"auto, (max-width: 382px) 100vw, 382px\"><\/p>\n<p>Killukesed\u201c (1,5<strong>\u2013<\/strong>3aastased) istutasid mureli<\/p>\n\n<p><img loading=\"lazy\" decoding=\"async\" width=\"356\" height=\"237\" class=\"alignnone wp-image-434\" src=\"https:\/\/sisu.ut.ee\/wp-content\/uploads\/sites\/107\/6-1.jpg\" title=\"6.jpg\" alt=\"6.jpg\" srcset=\"https:\/\/sisu.ut.ee\/wp-content\/uploads\/sites\/107\/6-1.jpg 356w, https:\/\/sisu.ut.ee\/wp-content\/uploads\/sites\/107\/6-1-300x200.jpg 300w\" sizes=\"auto, (max-width: 356px) 100vw, 356px\"><\/p>\n<p>\u201eT\u00e4hed\u201c (5<strong>\u2013<\/strong>7aastased) istutasid pirni<\/p>\n\n<p><img loading=\"lazy\" decoding=\"async\" width=\"388\" height=\"259\" class=\"alignnone wp-image-435\" src=\"https:\/\/sisu.ut.ee\/wp-content\/uploads\/sites\/107\/7-1.jpg\" title=\"7.jpg\" alt=\"7.jpg\" srcset=\"https:\/\/sisu.ut.ee\/wp-content\/uploads\/sites\/107\/7-1.jpg 388w, https:\/\/sisu.ut.ee\/wp-content\/uploads\/sites\/107\/7-1-300x200.jpg 300w\" sizes=\"auto, (max-width: 388px) 100vw, 388px\"><\/p>\n<p>Lasteaia looduss\u00f5bralik personal (29<strong>\u2013<\/strong>58aastased) istutas ounapuu<\/p>\n\n<p><img loading=\"lazy\" decoding=\"async\" width=\"382\" height=\"254\" class=\"alignnone wp-image-436\" src=\"https:\/\/sisu.ut.ee\/wp-content\/uploads\/sites\/107\/8d.jpg\" title=\"8d.jpg\" alt=\"8d.jpg\" srcset=\"https:\/\/sisu.ut.ee\/wp-content\/uploads\/sites\/107\/8d.jpg 382w, https:\/\/sisu.ut.ee\/wp-content\/uploads\/sites\/107\/8d-300x199.jpg 300w\" sizes=\"auto, (max-width: 382px) 100vw, 382px\"><\/p>\n<p>Veel \u00fcks h\u00e4sti kasvatatud lasteaia vilistlane lab\u00fcrinti istutamas<\/p>\n\n<p><img loading=\"lazy\" decoding=\"async\" width=\"381\" height=\"254\" class=\"alignnone wp-image-437\" src=\"https:\/\/sisu.ut.ee\/wp-content\/uploads\/sites\/107\/9jpg.jpg\" title=\"9jpg.jpg\" alt=\"9jpg.jpg\" srcset=\"https:\/\/sisu.ut.ee\/wp-content\/uploads\/sites\/107\/9jpg.jpg 381w, https:\/\/sisu.ut.ee\/wp-content\/uploads\/sites\/107\/9jpg-300x200.jpg 300w\" sizes=\"auto, (max-width: 381px) 100vw, 381px\"><\/p>\n<p>Valmis sai! Hurraa!<\/p>\n","protected":false},"excerpt":{"rendered":"<p>Kirivere kool lasteaed Koostajad: Aili Miller, Liina Nikonorova, Ene Seil, Heilika Vahtra Sihtr\u00fchm:\u00a0 lasteaia T\u00e4hekild kolme r\u00fchma lapsed. Kokku 44 last. Sidusr\u00fchmad: lasteaia\u00f5petajad ja \u00f5petajate abid, kokku 8, direktor ja kokk, lastevanemad, kokku 60 Tegevustesse olid kaasatud k\u00f5ik r\u00fchmad, k\u00f5ik &#8230;<\/p>\n","protected":false},"author":42,"featured_media":0,"parent":0,"menu_order":0,"comment_status":"closed","ping_status":"closed","template":"","meta":{"_acf_changed":false,"inline_featured_image":false,"footnotes":""},"class_list":["post-92","page","type-page","status-publish","hentry"],"acf":[],"_links":{"self":[{"href":"https:\/\/sisu.ut.ee\/keskkond\/wp-json\/wp\/v2\/pages\/92","targetHints":{"allow":["GET"]}}],"collection":[{"href":"https:\/\/sisu.ut.ee\/keskkond\/wp-json\/wp\/v2\/pages"}],"about":[{"href":"https:\/\/sisu.ut.ee\/keskkond\/wp-json\/wp\/v2\/types\/page"}],"author":[{"embeddable":true,"href":"https:\/\/sisu.ut.ee\/keskkond\/wp-json\/wp\/v2\/users\/42"}],"replies":[{"embeddable":true,"href":"https:\/\/sisu.ut.ee\/keskkond\/wp-json\/wp\/v2\/comments?post=92"}],"version-history":[{"count":1,"href":"https:\/\/sisu.ut.ee\/keskkond\/wp-json\/wp\/v2\/pages\/92\/revisions"}],"predecessor-version":[{"id":1020,"href":"https:\/\/sisu.ut.ee\/keskkond\/wp-json\/wp\/v2\/pages\/92\/revisions\/1020"}],"wp:attachment":[{"href":"https:\/\/sisu.ut.ee\/keskkond\/wp-json\/wp\/v2\/media?parent=92"}],"curies":[{"name":"wp","href":"https:\/\/api.w.org\/{rel}","templated":true}]}}