{"id":85,"date":"2024-04-03T23:32:20","date_gmt":"2024-04-03T20:32:20","guid":{"rendered":"https:\/\/sisu.ut.ee\/keskkond\/oppijate-koostatud-aineprogrammid\/"},"modified":"2024-04-03T23:39:09","modified_gmt":"2024-04-03T20:39:09","slug":"oppijate-koostatud-aineprogrammid","status":"publish","type":"page","link":"https:\/\/sisu.ut.ee\/keskkond\/oppijate-koostatud-aineprogrammid\/","title":{"rendered":"\u00d5PPIJATE KOOSTATUD AINEPROGRAMMID"},"content":{"rendered":"<p>Koostaja Anne Laius<\/p>\n<p>Selleks, et erinevate erialade \u00f5petajakoolituse \u00f5ppekavadesse saaks edukalt l\u00f5imida kultuuri ja sotsiaalse dimensiooni teemasid, on vaja p\u00f5hjalikult tutvuda s\u00e4\u00e4stva arengu p\u00f5hidokumentidega. \u00dcheks \u00fclevaatlikumaks nendest on 2005. aastal vastu v\u00f5etud Eesti s\u00e4\u00e4stva arengu riiklik strateegia SE 21 \u2013 S\u00c4\u00c4STEV EESTI, mis annab h\u00e4sti liigendatud \u00fclevaate ka s\u00e4\u00e4stva arengu hariduse aspektidest. Dokument on k\u00e4ttesaadav aadressil: <a href=\"https:\/\/riigikantselei.ee\/sites\/default\/files\/content-editors\/Failid\/saastev_eesti_21.pdf\">https:\/\/riigikantselei.ee\/sites\/default\/files\/content-editors\/Failid\/saa\u2026<\/a>.<\/p>\n<p><strong><em>\u00dclesande peaeesm\u00e4rk:<\/em><\/strong> <br> kultuuri ja sotsiaalse dimensiooni teemade l\u00f5imimine \u00f5petajakoolituse \u00f5ppekavadesse.<\/p>\n<ul>\n<li>Eesti kultuuri ja \u00fchiskonna ning riigi j\u00e4tkusuutliku arengu eesm\u00e4rkide, arenguvalikute ja tegevussuundade m\u00f5istmine seoses s\u00e4\u00e4stva arengu haridusega.<\/li>\n<li>Kultuuri ja sotsiaalsete agendade vajalikkuse m\u00f5istmine \u00f5petajakoolituse k\u00f5ikidel erialadel.<\/li>\n<li>Eesti riigi, maakondade ja omavalitsuste kultuurilise ja sotsiaalse j\u00e4tkusuutlikkuse\u00a0 t\u00f5lgendamine s\u00e4\u00e4stva arengu kontekstis.<\/li>\n<\/ul>\n<p><strong><em>Lisaeesm\u00e4rgid:<\/em><\/strong><\/p>\n<ul>\n<li>SE 21 \u2013 S\u00e4\u00e4stev Eesti strateegia lugemine ja informatsiooni t\u00f5lgendamine, oma \u00f5petajakoolituse erialasse integreerimise v\u00f5imaluste leidmine;<\/li>\n<li>Sobiva sisu ja \u00f5ppemeetodite valimine efektiivseks kultuuri ja sotsiaalsete dimensioonide integreerimiseks \u00f5petajakoolituse \u00f5ppekavva;<\/li>\n<li>Koost\u00f6\u00f6s l\u00e4hedaste erialade \u00f5petajakoolituse \u00f5ppej\u00f5ududega \u00f5ppematerjali kavandamine s\u00e4\u00e4stva arengu teemade integreerimiseks.<\/li>\n<\/ul>\n<p><strong><em>\u00d5ppe\u00fclesanne:<\/em><\/strong><\/p>\n<p>Eesti s\u00e4\u00e4stva arengu riikliku strateegia lugemine, olulise info selekteerimine ning kasutamine \u00fclalmainitud \u00f5ppematerjali koostamiseks.<\/p>\n","protected":false},"excerpt":{"rendered":"<p>Koostaja Anne Laius Selleks, et erinevate erialade \u00f5petajakoolituse \u00f5ppekavadesse saaks edukalt l\u00f5imida kultuuri ja sotsiaalse dimensiooni teemasid, on vaja p\u00f5hjalikult tutvuda s\u00e4\u00e4stva arengu p\u00f5hidokumentidega. \u00dcheks \u00fclevaatlikumaks nendest on 2005. aastal vastu v\u00f5etud Eesti s\u00e4\u00e4stva arengu riiklik strateegia SE 21 \u2013 &#8230;<\/p>\n","protected":false},"author":42,"featured_media":0,"parent":0,"menu_order":0,"comment_status":"closed","ping_status":"closed","template":"","meta":{"_acf_changed":false,"inline_featured_image":false,"footnotes":""},"class_list":["post-85","page","type-page","status-publish","hentry"],"acf":[],"_links":{"self":[{"href":"https:\/\/sisu.ut.ee\/keskkond\/wp-json\/wp\/v2\/pages\/85","targetHints":{"allow":["GET"]}}],"collection":[{"href":"https:\/\/sisu.ut.ee\/keskkond\/wp-json\/wp\/v2\/pages"}],"about":[{"href":"https:\/\/sisu.ut.ee\/keskkond\/wp-json\/wp\/v2\/types\/page"}],"author":[{"embeddable":true,"href":"https:\/\/sisu.ut.ee\/keskkond\/wp-json\/wp\/v2\/users\/42"}],"replies":[{"embeddable":true,"href":"https:\/\/sisu.ut.ee\/keskkond\/wp-json\/wp\/v2\/comments?post=85"}],"version-history":[{"count":1,"href":"https:\/\/sisu.ut.ee\/keskkond\/wp-json\/wp\/v2\/pages\/85\/revisions"}],"predecessor-version":[{"id":1027,"href":"https:\/\/sisu.ut.ee\/keskkond\/wp-json\/wp\/v2\/pages\/85\/revisions\/1027"}],"wp:attachment":[{"href":"https:\/\/sisu.ut.ee\/keskkond\/wp-json\/wp\/v2\/media?parent=85"}],"curies":[{"name":"wp","href":"https:\/\/api.w.org\/{rel}","templated":true}]}}