{"id":83,"date":"2024-04-03T23:32:20","date_gmt":"2024-04-03T20:32:20","guid":{"rendered":"https:\/\/sisu.ut.ee\/keskkond\/ouesoppe-pedagoogika-ja-kultuuriparand-taive-sarg\/"},"modified":"2024-04-03T23:39:09","modified_gmt":"2024-04-03T20:39:09","slug":"ouesoppe-pedagoogika-ja-kultuuriparand-taive-sarg","status":"publish","type":"page","link":"https:\/\/sisu.ut.ee\/keskkond\/ouesoppe-pedagoogika-ja-kultuuriparand-taive-sarg\/","title":{"rendered":"\u00d5ues\u00f5ppe pedagoogika ja kultuurip\u00e4rand- Taive S\u00e4rg"},"content":{"rendered":"<p>Koostas Taive S\u00e4rg<\/p>\n<p>Kultuurip\u00e4rand on mineviku traditsioonide ning vaimsete ja materiaalsete saavutuste tulemus ning tunnistus. See jaguneb vaimseks ja aineliseks kultuurip\u00e4randiks (ingl k intangible, tangible cultural heritage). Kultuurip\u00e4randi osaks on ka inimese ja looduse koosm\u00f5jul kujunenud elukeskkond laiemalt ja selle m\u00f5testamine. P\u00e4rimuskultuur on j\u00e4tkusuutlik kultuur, kus teadmised ja oskused antakse edasi eelk\u00f5ige vahetu kogemuse kaudu. Vaimne p\u00e4rimuskultuur on rahvaluule ehk folkloor, seda uurib folkloristika. Ainelise p\u00e4rimuskultuuri moodustab esemeline p\u00e4rimus, seda uurib etnoloogia. Eestis esineb neil aladel terminoloogiline k\u00fcllus ja \u00e4hmasus: rahvakultuur, rahvap\u00e4rimus, omakultuur; vastavalt ka rahvamuusika ja p\u00e4rimusmuusika jne.<br>P\u00e4rimuskultuuri \u00f5petus v\u00f5iks seostuda v\u00e4\u00e4rtuskasvatuse ja eetika\u00f5petusega, kus keskendutakse nii inimeste, inimr\u00fchmade kui ka inimese ja looduse suhetele. \u00d5ues\u00f5ppe puhul saab keskenduda just viimasele.<\/p>\n<p>Kirjandust:<\/p>\n<ul>\n<li>\u00a0Vaimne kultuurip\u00e4rand Eestis. Koost. Kristiina Porila. Tallinn 2012.<\/li>\n<\/ul>\n<p>http:\/\/digar.nlib.ee\/digar\/show\/?id=105812<\/p>\n<ul>\n<li>\u00a0Mis on vaimne kultuurip\u00e4rand? Toim. Margit Siim, Kristiina Porila ja Jane Kalaj\u00e4rv. Tallinn 2012.<\/li>\n<\/ul>\n<p>http:\/\/digar.nlib.ee\/digar\/show\/?id=105814<\/p>\n<ul>\n<li>\u00a0Vaimne kultuurip\u00e4rand: teekond vaimse kultuurip\u00e4randi konventsioonini. UNESCO Eesti Rahvuslik Komisjon. Tallinn 2012.<\/li>\n<\/ul>\n<p>http:\/\/digar.nlib.ee\/digar\/show\/?id=105820<\/p>\n<ul>\n<li>\u00a0P\u00e4randkultuur Eesti metsades = [Cultural heritage on Estonian woodland]. Toim. Toivo Meikar. J\u00f5gevamaa 2005.<\/li>\n<\/ul>\n<ul>\n<li>\u00a0P\u00e4randkultuur \u2013 loodus ja inimene. J\u00fcrgen Kusmin, Kaja Lotman, Heiki P\u00e4rdi, Lembitu Tarang, koost. J\u00fcrgen Kusmin. Tallinn 2011.<\/li>\n<\/ul>\n<p>http:\/\/digar.nlib.ee\/digar\/show\/?id=79026<\/p>\n<ul>\n<li>\u00a0\u201cEesti kultuurip\u00e4randi hoidmise ja v\u00e4\u00e4rtustamise arengukava aastani 2030\u201c koostamise ettepanek<\/li>\n<\/ul>\n<p>https:\/\/valitsus.ee\/sites\/default\/files\/content-editors\/arengukavad\/kultuurip_randi_arengukava_ettepanek.pdf<\/p>\n<ul>\n<li>\u00a0Muinsuskaitseameti aregukava aastatkes 2014-1017<\/li>\n<\/ul>\n<p>http:\/\/www.muinas.ee\/meie\/too<\/p>\n<ul>\n<li>\u00a0Ingrid R\u00fc\u00fctel. Ene-Margit Tiit. P\u00e4rimuskultuur \u2013 kellele ja milleks? I, II. Tartu 2005, 2006.<\/li>\n<\/ul>\n<ul>\n<li>\u00a0Lars Owe Dahlgren ja Anders Szczepanski. \u00d5ues\u00f5ppe pedagoogika. Raamatuharidus ja meeleline kogemus. Katse m\u00e4\u00e4rata \u00f5ues\u00f5pet. Tallinn 2009.<\/li>\n<\/ul>\n<ul>\n<li>\u00a0\u00d5ues\u00f5ppe pedagoogika kui teadmiste allikas \u2013 l\u00e4hi\u00fcmbrusest saab \u00f5pi\u00f5u. Toime. Lars Owe Dahlgren jt. Tallinn 2006.<\/li>\n<\/ul>\n<ul>\n<li>\u00a0Valdur Mikita. Lingvistiline mets. Grenader 2013.<\/li>\n<\/ul>\n<ul>\n<li>\u00a0Looduslikud p\u00fchapaigad: v\u00e4\u00e4rtused ja kaitse. Koost. Heiki Valk ja Ahto Kaasik; toim. Heiki Valk. Tartu 2007.<\/li>\n<\/ul>\n<p>http:\/\/digar.nlib.ee\/digar\/show\/?id=36649<\/p>\n<ul>\n<li>\u00a0Mikk Sarv. Suur p\u00e4rimuse m\u00e4lum\u00e4ng. Cum Laude 2013.<\/li>\n<\/ul>\n<ul>\n<li>\u00a0Marju K\u00f5ivupuu. 101 Eesti p\u00fchapaika. Varrak 2011.<\/li>\n<\/ul>\n<ul>\n<li>Kristel Vilbaste. Eesti alllikad. Varrak 2013.<\/li>\n<\/ul>\n<ul>\n<li>Raivo Kalle. Renata S\u00f5ukand. Eesti looduslikud toidutaimed. Varrak 2013.<\/li>\n<\/ul>\n<ul>\n<li>Hendrik Relve. Eesti p\u00f5lispuud. Projekti \u201eP\u00f5lispuu\u201c andmed Eesti looduskaitsealustest \u00fcksikpuudest ja p\u00f5lispuudest. Tallinn 2000.<\/li>\n<\/ul>\n<ul>\n<li>Oskar Loorits. Endis-eesti elu-olu. I-IV.<\/li>\n<\/ul>\n<ul>\n<li>Risto J\u00e4rv jt [koost.] Imemuinasjutud I, II. Eesti muinasjutud 2009, 2014.<\/li>\n<\/ul>\n<ul>\n<li>Uku Masing. Eesti usund. Tartu 1995.<\/li>\n<\/ul>\n<ul>\n<li>Oskar Loorits. Eesti rahvausundi maailmavaade. Tallinn 1990.<\/li>\n<\/ul>\n<ul>\n<li>Mall Hiiem\u00e4e. S\u00f5najalg jaani\u00f6\u00f6l. Tartu 2007.<\/li>\n<\/ul>\n<ul>\n<li>Folkloristika alased andmebaasid ja E-v\u00e4ljaanded lehel<\/li>\n<\/ul>\n<p>http:\/\/www.folklore.ee\/<\/p>\n","protected":false},"excerpt":{"rendered":"<p>Koostas Taive S\u00e4rg Kultuurip\u00e4rand on mineviku traditsioonide ning vaimsete ja materiaalsete saavutuste tulemus ning tunnistus. See jaguneb vaimseks ja aineliseks kultuurip\u00e4randiks (ingl k intangible, tangible cultural heritage). Kultuurip\u00e4randi osaks on ka inimese ja looduse koosm\u00f5jul kujunenud elukeskkond laiemalt ja selle &#8230;<\/p>\n","protected":false},"author":42,"featured_media":0,"parent":0,"menu_order":0,"comment_status":"closed","ping_status":"closed","template":"","meta":{"_acf_changed":false,"inline_featured_image":false,"footnotes":""},"class_list":["post-83","page","type-page","status-publish","hentry"],"acf":[],"_links":{"self":[{"href":"https:\/\/sisu.ut.ee\/keskkond\/wp-json\/wp\/v2\/pages\/83","targetHints":{"allow":["GET"]}}],"collection":[{"href":"https:\/\/sisu.ut.ee\/keskkond\/wp-json\/wp\/v2\/pages"}],"about":[{"href":"https:\/\/sisu.ut.ee\/keskkond\/wp-json\/wp\/v2\/types\/page"}],"author":[{"embeddable":true,"href":"https:\/\/sisu.ut.ee\/keskkond\/wp-json\/wp\/v2\/users\/42"}],"replies":[{"embeddable":true,"href":"https:\/\/sisu.ut.ee\/keskkond\/wp-json\/wp\/v2\/comments?post=83"}],"version-history":[{"count":1,"href":"https:\/\/sisu.ut.ee\/keskkond\/wp-json\/wp\/v2\/pages\/83\/revisions"}],"predecessor-version":[{"id":1029,"href":"https:\/\/sisu.ut.ee\/keskkond\/wp-json\/wp\/v2\/pages\/83\/revisions\/1029"}],"wp:attachment":[{"href":"https:\/\/sisu.ut.ee\/keskkond\/wp-json\/wp\/v2\/media?parent=83"}],"curies":[{"name":"wp","href":"https:\/\/api.w.org\/{rel}","templated":true}]}}