{"id":69,"date":"2024-04-03T23:32:19","date_gmt":"2024-04-03T20:32:19","guid":{"rendered":"https:\/\/sisu.ut.ee\/keskkond\/lihavottemuru\/"},"modified":"2024-04-03T23:39:09","modified_gmt":"2024-04-03T20:39:09","slug":"lihavottemuru","status":"publish","type":"page","link":"https:\/\/sisu.ut.ee\/keskkond\/lihavottemuru\/","title":{"rendered":"Lihav\u00f5ttemuru"},"content":{"rendered":"<p><strong><span style=\"color: #ff6600\">Tartu Anni lasteaed<\/span> <br><\/strong><\/p>\n<p>LIHAV\u00d5TTEMURU<br>Vahendid:<br>plastpudelid<br>korgid<br>n\u00f6\u00f6bid<br>liimip\u00fcstol<br>muld<br>muruseeme<br>T\u00f6\u00f6 k\u00e4ik: L\u00f5igata platspudelid pooleks. Loovalt kujundada alumisele poolele n\u00e4gu. T\u00e4ita<br>mullaga ja k\u00fclvata seeme. Kasta.<\/p>\n<p><img loading=\"lazy\" decoding=\"async\" width=\"2000\" height=\"1500\" class=\"alignnone wp-image-363\" src=\"https:\/\/sisu.ut.ee\/wp-content\/uploads\/sites\/107\/muru1.jpg\" title=\"muru1.jpg\" alt=\"muru1.jpg\" srcset=\"https:\/\/sisu.ut.ee\/wp-content\/uploads\/sites\/107\/muru1.jpg 2000w, https:\/\/sisu.ut.ee\/wp-content\/uploads\/sites\/107\/muru1-300x225.jpg 300w, https:\/\/sisu.ut.ee\/wp-content\/uploads\/sites\/107\/muru1-1024x768.jpg 1024w, https:\/\/sisu.ut.ee\/wp-content\/uploads\/sites\/107\/muru1-768x576.jpg 768w, https:\/\/sisu.ut.ee\/wp-content\/uploads\/sites\/107\/muru1-1536x1152.jpg 1536w, https:\/\/sisu.ut.ee\/wp-content\/uploads\/sites\/107\/muru1-1920x1440.jpg 1920w\" sizes=\"auto, (max-width: 2000px) 100vw, 2000px\"><\/p>\n\n<p><img loading=\"lazy\" decoding=\"async\" width=\"1500\" height=\"2000\" class=\"alignnone wp-image-364\" src=\"https:\/\/sisu.ut.ee\/wp-content\/uploads\/sites\/107\/untitled-4.jpg\" title=\"untitled.jpg\" alt=\"untitled.jpg\" srcset=\"https:\/\/sisu.ut.ee\/wp-content\/uploads\/sites\/107\/untitled-4.jpg 1500w, https:\/\/sisu.ut.ee\/wp-content\/uploads\/sites\/107\/untitled-4-225x300.jpg 225w, https:\/\/sisu.ut.ee\/wp-content\/uploads\/sites\/107\/untitled-4-768x1024.jpg 768w, https:\/\/sisu.ut.ee\/wp-content\/uploads\/sites\/107\/untitled-4-1152x1536.jpg 1152w\" sizes=\"auto, (max-width: 1500px) 100vw, 1500px\"><\/p>\n","protected":false},"excerpt":{"rendered":"<p>Tartu Anni lasteaed LIHAV\u00d5TTEMURUVahendid:plastpudelidkorgidn\u00f6\u00f6bidliimip\u00fcstolmuldmuruseemeT\u00f6\u00f6 k\u00e4ik: L\u00f5igata platspudelid pooleks. Loovalt kujundada alumisele poolele n\u00e4gu. T\u00e4itamullaga ja k\u00fclvata seeme. Kasta.<\/p>\n","protected":false},"author":42,"featured_media":0,"parent":0,"menu_order":0,"comment_status":"closed","ping_status":"closed","template":"","meta":{"_acf_changed":false,"inline_featured_image":false,"footnotes":""},"class_list":["post-69","page","type-page","status-publish","hentry"],"acf":[],"_links":{"self":[{"href":"https:\/\/sisu.ut.ee\/keskkond\/wp-json\/wp\/v2\/pages\/69","targetHints":{"allow":["GET"]}}],"collection":[{"href":"https:\/\/sisu.ut.ee\/keskkond\/wp-json\/wp\/v2\/pages"}],"about":[{"href":"https:\/\/sisu.ut.ee\/keskkond\/wp-json\/wp\/v2\/types\/page"}],"author":[{"embeddable":true,"href":"https:\/\/sisu.ut.ee\/keskkond\/wp-json\/wp\/v2\/users\/42"}],"replies":[{"embeddable":true,"href":"https:\/\/sisu.ut.ee\/keskkond\/wp-json\/wp\/v2\/comments?post=69"}],"version-history":[{"count":1,"href":"https:\/\/sisu.ut.ee\/keskkond\/wp-json\/wp\/v2\/pages\/69\/revisions"}],"predecessor-version":[{"id":1043,"href":"https:\/\/sisu.ut.ee\/keskkond\/wp-json\/wp\/v2\/pages\/69\/revisions\/1043"}],"wp:attachment":[{"href":"https:\/\/sisu.ut.ee\/keskkond\/wp-json\/wp\/v2\/media?parent=69"}],"curies":[{"name":"wp","href":"https:\/\/api.w.org\/{rel}","templated":true}]}}