{"id":68,"date":"2024-04-03T23:32:19","date_gmt":"2024-04-03T20:32:19","guid":{"rendered":"https:\/\/sisu.ut.ee\/keskkond\/munakarpidest-lilled\/"},"modified":"2024-04-03T23:39:09","modified_gmt":"2024-04-03T20:39:09","slug":"munakarpidest-lilled","status":"publish","type":"page","link":"https:\/\/sisu.ut.ee\/keskkond\/munakarpidest-lilled\/","title":{"rendered":"Munakarpidest lilled"},"content":{"rendered":"<p><span style=\"color: #ff6600\"><strong>Anni lasteaed<\/strong><\/span><\/p>\n<p><em>MUNAKARPIDEST LILLED<br>Vahendid:<br>Munakarbid<br>K\u00e4\u00e4rid<br>Gua\u0161\u0161v\u00e4rvid<br>Oksad<br>Niit<br>Pael<br>T\u00f6\u00f6 k\u00e4ik: L\u00f5igata v\u00f5i rebida munakapidest v\u00e4lja kellukakujulised lilled. V\u00e4rvida need<br>gua\u0161\u0161v\u00e4rvidega. P\u00e4rast kuivamist l\u00fckkida niidile ja s\u00f5lmida oksale. Oks riputada paelaga<br>sobivasse kohta \u00fcles.<\/em><\/p>\n<p><em><img loading=\"lazy\" decoding=\"async\" width=\"2000\" height=\"1500\" class=\"alignnone wp-image-361\" src=\"https:\/\/sisu.ut.ee\/wp-content\/uploads\/sites\/107\/lill1jpg.jpg\" title=\"lill1jpg.jpg\" alt=\"lill1jpg.jpg\" srcset=\"https:\/\/sisu.ut.ee\/wp-content\/uploads\/sites\/107\/lill1jpg.jpg 2000w, https:\/\/sisu.ut.ee\/wp-content\/uploads\/sites\/107\/lill1jpg-300x225.jpg 300w, https:\/\/sisu.ut.ee\/wp-content\/uploads\/sites\/107\/lill1jpg-1024x768.jpg 1024w, https:\/\/sisu.ut.ee\/wp-content\/uploads\/sites\/107\/lill1jpg-768x576.jpg 768w, https:\/\/sisu.ut.ee\/wp-content\/uploads\/sites\/107\/lill1jpg-1536x1152.jpg 1536w, https:\/\/sisu.ut.ee\/wp-content\/uploads\/sites\/107\/lill1jpg-1920x1440.jpg 1920w\" sizes=\"auto, (max-width: 2000px) 100vw, 2000px\"><\/em><\/p>\n\n<p><img loading=\"lazy\" decoding=\"async\" width=\"2000\" height=\"1500\" class=\"alignnone wp-image-362\" src=\"https:\/\/sisu.ut.ee\/wp-content\/uploads\/sites\/107\/lilll2.jpg\" title=\"lilll2.jpg\" alt=\"lilll2.jpg\" srcset=\"https:\/\/sisu.ut.ee\/wp-content\/uploads\/sites\/107\/lilll2.jpg 2000w, https:\/\/sisu.ut.ee\/wp-content\/uploads\/sites\/107\/lilll2-300x225.jpg 300w, https:\/\/sisu.ut.ee\/wp-content\/uploads\/sites\/107\/lilll2-1024x768.jpg 1024w, https:\/\/sisu.ut.ee\/wp-content\/uploads\/sites\/107\/lilll2-768x576.jpg 768w, https:\/\/sisu.ut.ee\/wp-content\/uploads\/sites\/107\/lilll2-1536x1152.jpg 1536w, https:\/\/sisu.ut.ee\/wp-content\/uploads\/sites\/107\/lilll2-1920x1440.jpg 1920w\" sizes=\"auto, (max-width: 2000px) 100vw, 2000px\"><\/p>\n","protected":false},"excerpt":{"rendered":"<p>Anni lasteaed MUNAKARPIDEST LILLEDVahendid:MunakarbidK\u00e4\u00e4ridGua\u0161\u0161v\u00e4rvidOksadNiitPaelT\u00f6\u00f6 k\u00e4ik: L\u00f5igata v\u00f5i rebida munakapidest v\u00e4lja kellukakujulised lilled. V\u00e4rvida needgua\u0161\u0161v\u00e4rvidega. P\u00e4rast kuivamist l\u00fckkida niidile ja s\u00f5lmida oksale. Oks riputada paelagasobivasse kohta \u00fcles.<\/p>\n","protected":false},"author":42,"featured_media":0,"parent":0,"menu_order":0,"comment_status":"closed","ping_status":"closed","template":"","meta":{"_acf_changed":false,"inline_featured_image":false,"footnotes":""},"class_list":["post-68","page","type-page","status-publish","hentry"],"acf":[],"_links":{"self":[{"href":"https:\/\/sisu.ut.ee\/keskkond\/wp-json\/wp\/v2\/pages\/68","targetHints":{"allow":["GET"]}}],"collection":[{"href":"https:\/\/sisu.ut.ee\/keskkond\/wp-json\/wp\/v2\/pages"}],"about":[{"href":"https:\/\/sisu.ut.ee\/keskkond\/wp-json\/wp\/v2\/types\/page"}],"author":[{"embeddable":true,"href":"https:\/\/sisu.ut.ee\/keskkond\/wp-json\/wp\/v2\/users\/42"}],"replies":[{"embeddable":true,"href":"https:\/\/sisu.ut.ee\/keskkond\/wp-json\/wp\/v2\/comments?post=68"}],"version-history":[{"count":1,"href":"https:\/\/sisu.ut.ee\/keskkond\/wp-json\/wp\/v2\/pages\/68\/revisions"}],"predecessor-version":[{"id":1044,"href":"https:\/\/sisu.ut.ee\/keskkond\/wp-json\/wp\/v2\/pages\/68\/revisions\/1044"}],"wp:attachment":[{"href":"https:\/\/sisu.ut.ee\/keskkond\/wp-json\/wp\/v2\/media?parent=68"}],"curies":[{"name":"wp","href":"https:\/\/api.w.org\/{rel}","templated":true}]}}