{"id":67,"date":"2024-04-03T23:32:19","date_gmt":"2024-04-03T20:32:19","guid":{"rendered":"https:\/\/sisu.ut.ee\/keskkond\/munakarpidest-parg\/"},"modified":"2024-04-03T23:39:09","modified_gmt":"2024-04-03T20:39:09","slug":"munakarpidest-parg","status":"publish","type":"page","link":"https:\/\/sisu.ut.ee\/keskkond\/munakarpidest-parg\/","title":{"rendered":"Munakarpidest p\u00e4rg"},"content":{"rendered":"<p><span style=\"color: #ff6600\"><strong>Anni lasteaed<\/strong><\/span><\/p>\n<p>MUNAKARPIDEST P\u00c4RG<br>Vahendid:<br>Munakarbid<br>Papp<br>V\u00e4rviline kartong, maalitud paber vm paberij\u00e4\u00e4gid<br>Gua\u0161\u0161v\u00e4rvid<br>K\u00e4\u00e4rid<br>PVA liim<br>Pulgaliim<br>Lakk<br>Pael<br>T\u00f6\u00f6 k\u00e4ik:<br>1. L\u00f5ika v\u00e4lja papist r\u00f5ngas, v\u00e4rvi nt rasvakriitidega roheliseks.<br>2. L\u00f5ika munakarpidest v\u00e4lja kellukakujulised lilled ja v\u00e4rvi gua\u0161\u0161v\u00e4rvidega.<br>3. V\u00e4rvitud \u201clilled\u201d paiguta ja liimi papist r\u00f5ngale, paberij\u00e4\u00e4kidest l\u00f5ika lisaks m\u00f5ned<br>lehed ja lilles\u00fcdamikud.<br>4. Kinnita v\u00e4rv pihustatava k\u00e4sit\u00f6\u00f6lakiga (valikuline, siis sobib p\u00e4rg paremini \u00f5ue).<br>5. Kinnita p\u00e4rjale riputusaas.<\/p>\n<p><img loading=\"lazy\" decoding=\"async\" width=\"2000\" height=\"1500\" class=\"alignnone wp-image-360\" src=\"https:\/\/sisu.ut.ee\/wp-content\/uploads\/sites\/107\/parg-1.jpg\" title=\"parg.jpg\" alt=\"parg.jpg\" srcset=\"https:\/\/sisu.ut.ee\/wp-content\/uploads\/sites\/107\/parg-1.jpg 2000w, https:\/\/sisu.ut.ee\/wp-content\/uploads\/sites\/107\/parg-1-300x225.jpg 300w, https:\/\/sisu.ut.ee\/wp-content\/uploads\/sites\/107\/parg-1-1024x768.jpg 1024w, https:\/\/sisu.ut.ee\/wp-content\/uploads\/sites\/107\/parg-1-768x576.jpg 768w, https:\/\/sisu.ut.ee\/wp-content\/uploads\/sites\/107\/parg-1-1536x1152.jpg 1536w, https:\/\/sisu.ut.ee\/wp-content\/uploads\/sites\/107\/parg-1-1920x1440.jpg 1920w\" sizes=\"auto, (max-width: 2000px) 100vw, 2000px\"><\/p>\n<p>Pildil olev p\u00e4rg on veidi kulunud v\u00e4limusega, kuna on juba pikemat aega \u00f5ues lasteaia uksel olnud.<\/p>\n","protected":false},"excerpt":{"rendered":"<p>Anni lasteaed MUNAKARPIDEST P\u00c4RGVahendid:MunakarbidPappV\u00e4rviline kartong, maalitud paber vm paberij\u00e4\u00e4gidGua\u0161\u0161v\u00e4rvidK\u00e4\u00e4ridPVA liimPulgaliimLakkPaelT\u00f6\u00f6 k\u00e4ik:1. L\u00f5ika v\u00e4lja papist r\u00f5ngas, v\u00e4rvi nt rasvakriitidega roheliseks.2. L\u00f5ika munakarpidest v\u00e4lja kellukakujulised lilled ja v\u00e4rvi gua\u0161\u0161v\u00e4rvidega.3. V\u00e4rvitud \u201clilled\u201d paiguta ja liimi papist r\u00f5ngale, paberij\u00e4\u00e4kidest l\u00f5ika lisaks m\u00f5nedlehed ja lilles\u00fcdamikud.4. &#8230;<\/p>\n","protected":false},"author":42,"featured_media":0,"parent":0,"menu_order":0,"comment_status":"closed","ping_status":"closed","template":"","meta":{"_acf_changed":false,"inline_featured_image":false,"footnotes":""},"class_list":["post-67","page","type-page","status-publish","hentry"],"acf":[],"_links":{"self":[{"href":"https:\/\/sisu.ut.ee\/keskkond\/wp-json\/wp\/v2\/pages\/67","targetHints":{"allow":["GET"]}}],"collection":[{"href":"https:\/\/sisu.ut.ee\/keskkond\/wp-json\/wp\/v2\/pages"}],"about":[{"href":"https:\/\/sisu.ut.ee\/keskkond\/wp-json\/wp\/v2\/types\/page"}],"author":[{"embeddable":true,"href":"https:\/\/sisu.ut.ee\/keskkond\/wp-json\/wp\/v2\/users\/42"}],"replies":[{"embeddable":true,"href":"https:\/\/sisu.ut.ee\/keskkond\/wp-json\/wp\/v2\/comments?post=67"}],"version-history":[{"count":1,"href":"https:\/\/sisu.ut.ee\/keskkond\/wp-json\/wp\/v2\/pages\/67\/revisions"}],"predecessor-version":[{"id":1045,"href":"https:\/\/sisu.ut.ee\/keskkond\/wp-json\/wp\/v2\/pages\/67\/revisions\/1045"}],"wp:attachment":[{"href":"https:\/\/sisu.ut.ee\/keskkond\/wp-json\/wp\/v2\/media?parent=67"}],"curies":[{"name":"wp","href":"https:\/\/api.w.org\/{rel}","templated":true}]}}