{"id":66,"date":"2024-04-03T23:32:19","date_gmt":"2024-04-03T20:32:19","guid":{"rendered":"https:\/\/sisu.ut.ee\/keskkond\/pabermassist-meisterdused-0\/"},"modified":"2024-04-03T23:39:10","modified_gmt":"2024-04-03T20:39:10","slug":"pabermassist-meisterdused-0","status":"publish","type":"page","link":"https:\/\/sisu.ut.ee\/keskkond\/pabermassist-meisterdused-0\/","title":{"rendered":"Pabermassist meisterdused"},"content":{"rendered":"<p><span style=\"font-family: georgia, 'times new roman', times, serif;font-size: medium\"><strong><\/strong> <span style=\"color: #ff6600\"><strong>J\u00f5hvi lasteaed Kalevipoja maja<\/strong><\/span> <br><\/span><\/p>\n<p><span style=\"font-family: georgia, 'times new roman', times, serif;font-size: medium\"><strong>Kasutatud asjade uus elu <br><\/strong><\/span><\/p>\n<p><span style=\"font-family: georgia, 'times new roman', times, serif;font-size: medium\">Kui mune on s\u00f6\u00f6dud mitme karbi jagu ja kapis leidub pisut kortsu l\u00e4inud salvr\u00e4tikuid, siis on \u00f5ige aeg hakata ise paberit tegema.<\/span><\/p>\n<p><span style=\"font-family: georgia, 'times new roman', times, serif;font-size: medium\">Asi on lihtsamast lihtsam , aga tulemus v\u00f5ib \u00fcllatada . M\u00f5nele v\u00f5ib t\u00f6\u00f6protsess v\u00e4ga meeldida, aga m\u00f5nda inimest ei saa mingi v\u00e4ega k\u00e4si segusse panema.<\/span><\/p>\n<p><span style=\"font-family: georgia, 'times new roman', times, serif;font-size: medium\">Asja p\u00f5hi ideeks on kasutada kartongist munakarpe ja vanu kortsul\u00e4inud\/v\u00e4hem\u00e4\u00e4rdunud salvr\u00e4tte. Vaja l\u00e4heb ka veel PVA liimi, v\u00f5rguga kaetud pildiraami, piparkoogivorme, ka \u00fcks tavaline n\u00f5udepesu\u0161vamm v\u00f5iks olla k\u00e4ep\u00e4rast. <\/span><\/p>\n<p><span style=\"text-decoration: underline\"><span style=\"font-family: georgia, 'times new roman', times, serif;font-size: medium\">T\u00d6\u00d6 K\u00c4IK.<\/span><\/span><\/p>\n<p><span style=\"font-family: georgia, 'times new roman', times, serif;font-size: medium\">K\u00f5ige alustuseks tuleb hakata t\u00fckeldama munakarpe. T\u00fckid v\u00f5iksid olla suhteliselt v\u00e4ikesed, sest nii on kergem neist massi teha. T\u00fckeldatud karpide kogust teha tunde j\u00e4rgi, seej\u00e4rel t\u00fckeldada salvr\u00e4tikud ja lisada kartongi t\u00fckkidele. Salvr\u00e4tiku v\u00e4rv s\u00f5ltub n\u00fc\u00fcd sellest, mida on plaan\u00a0saadavale alusele\u00a0peale panna. V\u00f5ib lisada ainult \u00fcht v\u00e4rvi salvr\u00e4tte v\u00f5i ka palju siis tuleb kirju. Seej\u00e4rel lisada suht kuuma vett peale ja j\u00e4tta paariks p\u00e4evaks seisma, aeg ajalt segades ja massi k\u00e4te vahel h\u00f5\u00f5rudes. Eesm\u00e4rgiks\u00a0materjali v\u00f5imalikult \u00fchtlaseks massiks saamine. Kui ka j\u00e4\u00e4vad t\u00fckid on see iseenesest ka k\u00fcllalti huvitav tulem . Kui n\u00fc\u00fcd segu on seinud ja segatud ja h\u00f5\u00f5rutud tuleb seda ka mikseriga pisut veel t\u00fckeldada. Tulemuseks on \u00fchtlasem mass. Kui vaja lisage vett, kui vaja lisage kartongit\u00fckke. \u00a0NB ! Kui hakkate mikseriga segu t\u00fckeldama, siis olge ettevaatlik, sest esialgu on mass paks ja mikseri liialt k\u00f5rgele t\u00f5stes juhtub nagu ikka , pritsib m\u00f5nuga laiali . Kui juba olete enda arust juba k\u00fcllalt mikserdanud , siis lisage massi\u00a0 tunde j\u00e4rgi PVA liimi, mis hakkab k\u00f5ike koos hoidma, kui massist tehtud uus asi on kuivanud. Soovitus : v\u00f5ib lisada ka kuivanud lilli, seemneid jms. <\/span><\/p>\n<p><span style=\"font-family: georgia, 'times new roman', times, serif;font-size: medium\"><span style=\"text-decoration: underline\">VARIANT A \u2013 Pildiraami kasutamine<\/span>.<\/span><\/p>\n<p><span style=\"font-family: georgia, 'times new roman', times, serif;font-size: medium\">Keerake pildiraam nii , et k\u00f5rgem serv j\u00e4\u00e4b allapoole , nii saate kuivanud t\u00f6\u00f6 kergemini k\u00e4tte ja saate kujundada \u00fcmmargust ja ovaalset kuju. Pildiraami k\u00f5rgem serv \u00fclespoole saate ristk\u00fclikukujulisi ja ka paksemaid vorme teha. \u00dcksk\u00f5ik kumba variante proovite , tehke j\u00e4rgmiselt : asetage raam kausile,( et liigne vesi v\u00e4lja n\u00f5rutada) ja t\u00f5stke valmis massi raamile soovitud vormi kujundades . Massi kiht saavutatakse segu mitmekordsel lisamisel. Aeg- ajalt vajutades kas k\u00e4ega v\u00f5i \u0161vammiga n\u00f5rutate liigse vee. Ja v\u00f5ite panna kuivama. N\u00e4puga katsudes on aru saada, kas asi on kuivanud. Soovitan seda, kui asi on peaaegu kuiv , keeratav, siis keerata asjal teine k\u00fclg. Kiirendab kuivamist ja sirgeks j\u00e4\u00e4mist. Saadud alust v\u00f5ib kaunistada kas salvr\u00e4tikust piltide kleepimisega, v\u00f5i p\u00fcstolliimiga detailide liimimisega jne, jne.<\/span><\/p>\n<p><span style=\"text-decoration: underline\"><span style=\"font-family: georgia, 'times new roman', times, serif;font-size: medium\">Variant B\u00a0 \u2013 piparkoogivormide kasutamine.<\/span><\/span><\/p>\n<p><span style=\"font-family: georgia, 'times new roman', times, serif;font-size: medium\">Kastutades v\u00f5rguga pildiraami, millele asetada piparkoogivormid ,\u00a0 vormid t\u00e4ita\u00a0 massiga soovitud paksuseni, j\u00e4llegi aeg -ajalt vajutades liigset vett \u00e4ra ja viia kuivama. Kui vormist saadavad kujud on vaja riputada, siis tuleb teha auk m\u00e4rja vormi sisse. Kui kujud on kuivanud siis saab neid kujundada vastavalt vajadusele, kas v\u00e4rvida, kleepida peale v\u00f5i midagi muud . S\u00f5ltub vajadusest ja fantaasiast.<\/span><\/p>\n<p><img loading=\"lazy\" decoding=\"async\" width=\"2560\" height=\"1707\" class=\"alignnone wp-image-350\" src=\"https:\/\/sisu.ut.ee\/wp-content\/uploads\/sites\/107\/1d-scaled.jpg\" title=\"1d.jpg\" alt=\"1d.jpg\" srcset=\"https:\/\/sisu.ut.ee\/wp-content\/uploads\/sites\/107\/1d-scaled.jpg 2560w, https:\/\/sisu.ut.ee\/wp-content\/uploads\/sites\/107\/1d-300x200.jpg 300w, https:\/\/sisu.ut.ee\/wp-content\/uploads\/sites\/107\/1d-1024x683.jpg 1024w, https:\/\/sisu.ut.ee\/wp-content\/uploads\/sites\/107\/1d-768x512.jpg 768w, https:\/\/sisu.ut.ee\/wp-content\/uploads\/sites\/107\/1d-1536x1024.jpg 1536w, https:\/\/sisu.ut.ee\/wp-content\/uploads\/sites\/107\/1d-2048x1365.jpg 2048w, https:\/\/sisu.ut.ee\/wp-content\/uploads\/sites\/107\/1d-1920x1280.jpg 1920w\" sizes=\"auto, (max-width: 2560px) 100vw, 2560px\"><\/p>\n\n<p><img loading=\"lazy\" decoding=\"async\" width=\"2560\" height=\"1707\" class=\"alignnone wp-image-351\" src=\"https:\/\/sisu.ut.ee\/wp-content\/uploads\/sites\/107\/3-3-scaled.jpg\" title=\"3.jpg\" alt=\"3.jpg\" srcset=\"https:\/\/sisu.ut.ee\/wp-content\/uploads\/sites\/107\/3-3-scaled.jpg 2560w, https:\/\/sisu.ut.ee\/wp-content\/uploads\/sites\/107\/3-3-300x200.jpg 300w, https:\/\/sisu.ut.ee\/wp-content\/uploads\/sites\/107\/3-3-1024x683.jpg 1024w, https:\/\/sisu.ut.ee\/wp-content\/uploads\/sites\/107\/3-3-768x512.jpg 768w, https:\/\/sisu.ut.ee\/wp-content\/uploads\/sites\/107\/3-3-1536x1024.jpg 1536w, https:\/\/sisu.ut.ee\/wp-content\/uploads\/sites\/107\/3-3-2048x1365.jpg 2048w, https:\/\/sisu.ut.ee\/wp-content\/uploads\/sites\/107\/3-3-1920x1280.jpg 1920w\" sizes=\"auto, (max-width: 2560px) 100vw, 2560px\"><\/p>\n\n<p><img loading=\"lazy\" decoding=\"async\" width=\"3648\" height=\"2736\" class=\"alignnone wp-image-352\" src=\"https:\/\/sisu.ut.ee\/wp-content\/uploads\/sites\/107\/4png.png\" title=\"4png.png\" alt=\"4png.png\" srcset=\"https:\/\/sisu.ut.ee\/wp-content\/uploads\/sites\/107\/4png.png 3648w, https:\/\/sisu.ut.ee\/wp-content\/uploads\/sites\/107\/4png-300x225.png 300w, https:\/\/sisu.ut.ee\/wp-content\/uploads\/sites\/107\/4png-1024x768.png 1024w, https:\/\/sisu.ut.ee\/wp-content\/uploads\/sites\/107\/4png-768x576.png 768w, https:\/\/sisu.ut.ee\/wp-content\/uploads\/sites\/107\/4png-1536x1152.png 1536w, https:\/\/sisu.ut.ee\/wp-content\/uploads\/sites\/107\/4png-2048x1536.png 2048w, https:\/\/sisu.ut.ee\/wp-content\/uploads\/sites\/107\/4png-1920x1440.png 1920w\" sizes=\"auto, (max-width: 3648px) 100vw, 3648px\"><\/p>\n\n<p><img loading=\"lazy\" decoding=\"async\" width=\"2048\" height=\"1536\" class=\"alignnone wp-image-353\" src=\"https:\/\/sisu.ut.ee\/wp-content\/uploads\/sites\/107\/5.jpg\" title=\"5.jpg\" alt=\"5.jpg\" srcset=\"https:\/\/sisu.ut.ee\/wp-content\/uploads\/sites\/107\/5.jpg 2048w, https:\/\/sisu.ut.ee\/wp-content\/uploads\/sites\/107\/5-300x225.jpg 300w, https:\/\/sisu.ut.ee\/wp-content\/uploads\/sites\/107\/5-1024x768.jpg 1024w, https:\/\/sisu.ut.ee\/wp-content\/uploads\/sites\/107\/5-768x576.jpg 768w, https:\/\/sisu.ut.ee\/wp-content\/uploads\/sites\/107\/5-1536x1152.jpg 1536w, https:\/\/sisu.ut.ee\/wp-content\/uploads\/sites\/107\/5-1920x1440.jpg 1920w\" sizes=\"auto, (max-width: 2048px) 100vw, 2048px\"><\/p>\n\n<p><img loading=\"lazy\" decoding=\"async\" width=\"2048\" height=\"1536\" class=\"alignnone wp-image-354\" src=\"https:\/\/sisu.ut.ee\/wp-content\/uploads\/sites\/107\/7.png\" title=\"7.png\" alt=\"7.png\" srcset=\"https:\/\/sisu.ut.ee\/wp-content\/uploads\/sites\/107\/7.png 2048w, https:\/\/sisu.ut.ee\/wp-content\/uploads\/sites\/107\/7-300x225.png 300w, https:\/\/sisu.ut.ee\/wp-content\/uploads\/sites\/107\/7-1024x768.png 1024w, https:\/\/sisu.ut.ee\/wp-content\/uploads\/sites\/107\/7-768x576.png 768w, https:\/\/sisu.ut.ee\/wp-content\/uploads\/sites\/107\/7-1536x1152.png 1536w, https:\/\/sisu.ut.ee\/wp-content\/uploads\/sites\/107\/7-1920x1440.png 1920w\" sizes=\"auto, (max-width: 2048px) 100vw, 2048px\"><\/p>\n\n<p><img loading=\"lazy\" decoding=\"async\" width=\"2048\" height=\"1536\" class=\"alignnone wp-image-355\" src=\"https:\/\/sisu.ut.ee\/wp-content\/uploads\/sites\/107\/8-1.jpg\" title=\"8.jpg\" alt=\"8.jpg\" srcset=\"https:\/\/sisu.ut.ee\/wp-content\/uploads\/sites\/107\/8-1.jpg 2048w, https:\/\/sisu.ut.ee\/wp-content\/uploads\/sites\/107\/8-1-300x225.jpg 300w, https:\/\/sisu.ut.ee\/wp-content\/uploads\/sites\/107\/8-1-1024x768.jpg 1024w, https:\/\/sisu.ut.ee\/wp-content\/uploads\/sites\/107\/8-1-768x576.jpg 768w, https:\/\/sisu.ut.ee\/wp-content\/uploads\/sites\/107\/8-1-1536x1152.jpg 1536w, https:\/\/sisu.ut.ee\/wp-content\/uploads\/sites\/107\/8-1-1920x1440.jpg 1920w\" sizes=\"auto, (max-width: 2048px) 100vw, 2048px\"><\/p>\n<p><span style=\"color: #ff6600\"><strong>Albu Laste M\u00e4ngutoa<\/strong> <\/span><\/p>\n<p>Vaja l\u00e4heb<\/p>\n<ul>\n<li>V\u00e4rvilise paberi j\u00e4\u00e4ke<\/li>\n<li>PVA liimi<\/li>\n<li>Saumikser<\/li>\n<li>Vesi<\/li>\n<li>S\u00f5el<\/li>\n<li>Lusikas<\/li>\n<li>Kausid v\u00f5i muud n\u00f5ud<\/li>\n<li>Hambatikud<\/li>\n<li>Kumminiit<\/li>\n<\/ul>\n<p>Tegemis\u00f5petus<\/p>\n<ul>\n<li>Sorteeri v\u00e4rvilise paberi j\u00e4\u00e4gid<\/li>\n<li>Rebi paberij\u00e4\u00e4gid v\u00e4ikesteks t\u00fckkideks<\/li>\n<li>Lisa vett, saumikseriga peenesta massiks<\/li>\n<li>Vala mass s\u00f5elale, suru lusikaga vesi v\u00e4lja<\/li>\n<li>Lisa PVA liimi<\/li>\n<li>Saadud massist veereta soovitud suurusega pallikesed ja l\u00fcki hambatikule<\/li>\n<li>Kuivata<\/li>\n<li>Kuivanud p\u00e4rlitest tee soovitud ese (nt kaelakee, k\u00e4ev\u00f5ru)<\/li>\n<\/ul>\n<p>Massiga saab katta vanu kohvipurke, voolida loomi jne.<\/p>\n<p>N\u00e4idised:<\/p>\n<p><img loading=\"lazy\" decoding=\"async\" width=\"912\" height=\"684\" class=\"alignnone wp-image-356\" src=\"https:\/\/sisu.ut.ee\/wp-content\/uploads\/sites\/107\/1-4.jpg\" title=\"1.jpg\" alt=\"1.jpg\" srcset=\"https:\/\/sisu.ut.ee\/wp-content\/uploads\/sites\/107\/1-4.jpg 912w, https:\/\/sisu.ut.ee\/wp-content\/uploads\/sites\/107\/1-4-300x225.jpg 300w, https:\/\/sisu.ut.ee\/wp-content\/uploads\/sites\/107\/1-4-768x576.jpg 768w\" sizes=\"auto, (max-width: 912px) 100vw, 912px\"><\/p>\n\n<p><img loading=\"lazy\" decoding=\"async\" width=\"912\" height=\"684\" class=\"alignnone wp-image-357\" src=\"https:\/\/sisu.ut.ee\/wp-content\/uploads\/sites\/107\/2-2.jpg\" title=\"2.jpg\" alt=\"2.jpg\" srcset=\"https:\/\/sisu.ut.ee\/wp-content\/uploads\/sites\/107\/2-2.jpg 912w, https:\/\/sisu.ut.ee\/wp-content\/uploads\/sites\/107\/2-2-300x225.jpg 300w, https:\/\/sisu.ut.ee\/wp-content\/uploads\/sites\/107\/2-2-768x576.jpg 768w\" sizes=\"auto, (max-width: 912px) 100vw, 912px\"><\/p>\n\n<p><img loading=\"lazy\" decoding=\"async\" width=\"912\" height=\"684\" class=\"alignnone wp-image-358\" src=\"https:\/\/sisu.ut.ee\/wp-content\/uploads\/sites\/107\/3-4.jpg\" title=\"3.jpg\" alt=\"3.jpg\" srcset=\"https:\/\/sisu.ut.ee\/wp-content\/uploads\/sites\/107\/3-4.jpg 912w, https:\/\/sisu.ut.ee\/wp-content\/uploads\/sites\/107\/3-4-300x225.jpg 300w, https:\/\/sisu.ut.ee\/wp-content\/uploads\/sites\/107\/3-4-768x576.jpg 768w\" sizes=\"auto, (max-width: 912px) 100vw, 912px\"><\/p>\n\n<p><img loading=\"lazy\" decoding=\"async\" width=\"912\" height=\"684\" class=\"alignnone wp-image-359\" src=\"https:\/\/sisu.ut.ee\/wp-content\/uploads\/sites\/107\/4-1.jpg\" title=\"4.jpg\" alt=\"4.jpg\" srcset=\"https:\/\/sisu.ut.ee\/wp-content\/uploads\/sites\/107\/4-1.jpg 912w, https:\/\/sisu.ut.ee\/wp-content\/uploads\/sites\/107\/4-1-300x225.jpg 300w, https:\/\/sisu.ut.ee\/wp-content\/uploads\/sites\/107\/4-1-768x576.jpg 768w\" sizes=\"auto, (max-width: 912px) 100vw, 912px\"><\/p>\n","protected":false},"excerpt":{"rendered":"<p>J\u00f5hvi lasteaed Kalevipoja maja Kasutatud asjade uus elu Kui mune on s\u00f6\u00f6dud mitme karbi jagu ja kapis leidub pisut kortsu l\u00e4inud salvr\u00e4tikuid, siis on \u00f5ige aeg hakata ise paberit tegema. Asi on lihtsamast lihtsam , aga tulemus v\u00f5ib \u00fcllatada . &#8230;<\/p>\n","protected":false},"author":42,"featured_media":0,"parent":0,"menu_order":0,"comment_status":"closed","ping_status":"closed","template":"","meta":{"_acf_changed":false,"inline_featured_image":false,"footnotes":""},"class_list":["post-66","page","type-page","status-publish","hentry"],"acf":[],"_links":{"self":[{"href":"https:\/\/sisu.ut.ee\/keskkond\/wp-json\/wp\/v2\/pages\/66","targetHints":{"allow":["GET"]}}],"collection":[{"href":"https:\/\/sisu.ut.ee\/keskkond\/wp-json\/wp\/v2\/pages"}],"about":[{"href":"https:\/\/sisu.ut.ee\/keskkond\/wp-json\/wp\/v2\/types\/page"}],"author":[{"embeddable":true,"href":"https:\/\/sisu.ut.ee\/keskkond\/wp-json\/wp\/v2\/users\/42"}],"replies":[{"embeddable":true,"href":"https:\/\/sisu.ut.ee\/keskkond\/wp-json\/wp\/v2\/comments?post=66"}],"version-history":[{"count":1,"href":"https:\/\/sisu.ut.ee\/keskkond\/wp-json\/wp\/v2\/pages\/66\/revisions"}],"predecessor-version":[{"id":1046,"href":"https:\/\/sisu.ut.ee\/keskkond\/wp-json\/wp\/v2\/pages\/66\/revisions\/1046"}],"wp:attachment":[{"href":"https:\/\/sisu.ut.ee\/keskkond\/wp-json\/wp\/v2\/media?parent=66"}],"curies":[{"name":"wp","href":"https:\/\/api.w.org\/{rel}","templated":true}]}}