{"id":60,"date":"2024-04-03T23:32:19","date_gmt":"2024-04-03T20:32:19","guid":{"rendered":"https:\/\/sisu.ut.ee\/keskkond\/lumehelbed\/"},"modified":"2024-04-03T23:39:10","modified_gmt":"2024-04-03T20:39:10","slug":"lumehelbed","status":"publish","type":"page","link":"https:\/\/sisu.ut.ee\/keskkond\/lumehelbed\/","title":{"rendered":"Lumehelbed"},"content":{"rendered":"<p><strong><span style=\"color: #ff6600\">Voka lasteaed Naksitrallid<\/span><\/strong><\/p>\n<p>Materjalina kasutatud: n\u00f6\u00f6bid, PVA liim\u00a0<\/p>\n<p>Tee tugevamale kilele n\u00f6\u00f6pidest lumehelbe kuju, kata paksult PVA liimiga, lase kuivada paar p\u00e4eva. T\u00f5mba ettevaatlikult kile k\u00fcljest lahti. Torka n\u00f5elaga auk ja riputa niidiga \u00fcles. Ei soovita kuivatada otse radiaatori peal, muutuvad kollaseks.<\/p>\n<p><img loading=\"lazy\" decoding=\"async\" width=\"1024\" height=\"685\" class=\"alignnone wp-image-341\" src=\"https:\/\/sisu.ut.ee\/wp-content\/uploads\/sites\/107\/lumehelbed.jpg\" title=\"lumehelbed.jpg\" alt=\"lumehelbed.jpg\" srcset=\"https:\/\/sisu.ut.ee\/wp-content\/uploads\/sites\/107\/lumehelbed.jpg 1024w, https:\/\/sisu.ut.ee\/wp-content\/uploads\/sites\/107\/lumehelbed-300x201.jpg 300w, https:\/\/sisu.ut.ee\/wp-content\/uploads\/sites\/107\/lumehelbed-768x514.jpg 768w\" sizes=\"auto, (max-width: 1024px) 100vw, 1024px\"><\/p>\n","protected":false},"excerpt":{"rendered":"<p>Voka lasteaed Naksitrallid Materjalina kasutatud: n\u00f6\u00f6bid, PVA liim\u00a0 Tee tugevamale kilele n\u00f6\u00f6pidest lumehelbe kuju, kata paksult PVA liimiga, lase kuivada paar p\u00e4eva. T\u00f5mba ettevaatlikult kile k\u00fcljest lahti. Torka n\u00f5elaga auk ja riputa niidiga \u00fcles. Ei soovita kuivatada otse radiaatori peal, &#8230;<\/p>\n","protected":false},"author":42,"featured_media":0,"parent":0,"menu_order":0,"comment_status":"closed","ping_status":"closed","template":"","meta":{"_acf_changed":false,"inline_featured_image":false,"footnotes":""},"class_list":["post-60","page","type-page","status-publish","hentry"],"acf":[],"_links":{"self":[{"href":"https:\/\/sisu.ut.ee\/keskkond\/wp-json\/wp\/v2\/pages\/60","targetHints":{"allow":["GET"]}}],"collection":[{"href":"https:\/\/sisu.ut.ee\/keskkond\/wp-json\/wp\/v2\/pages"}],"about":[{"href":"https:\/\/sisu.ut.ee\/keskkond\/wp-json\/wp\/v2\/types\/page"}],"author":[{"embeddable":true,"href":"https:\/\/sisu.ut.ee\/keskkond\/wp-json\/wp\/v2\/users\/42"}],"replies":[{"embeddable":true,"href":"https:\/\/sisu.ut.ee\/keskkond\/wp-json\/wp\/v2\/comments?post=60"}],"version-history":[{"count":1,"href":"https:\/\/sisu.ut.ee\/keskkond\/wp-json\/wp\/v2\/pages\/60\/revisions"}],"predecessor-version":[{"id":1052,"href":"https:\/\/sisu.ut.ee\/keskkond\/wp-json\/wp\/v2\/pages\/60\/revisions\/1052"}],"wp:attachment":[{"href":"https:\/\/sisu.ut.ee\/keskkond\/wp-json\/wp\/v2\/media?parent=60"}],"curies":[{"name":"wp","href":"https:\/\/api.w.org\/{rel}","templated":true}]}}