{"id":53,"date":"2024-04-03T23:32:18","date_gmt":"2024-04-03T20:32:18","guid":{"rendered":"https:\/\/sisu.ut.ee\/keskkond\/lumememmed\/"},"modified":"2024-04-03T23:39:10","modified_gmt":"2024-04-03T20:39:10","slug":"lumememmed","status":"publish","type":"page","link":"https:\/\/sisu.ut.ee\/keskkond\/lumememmed\/","title":{"rendered":"Lumememmed"},"content":{"rendered":"<p><strong><span style=\"color: #ff6600\">Voka lasteaed Naksitrallid<\/span><\/strong><\/p>\n<p>Materjalina kasutatud: ajalehed, salvr\u00e4tikud, v\u00e4rvilise paberi j\u00e4\u00e4gid<\/p>\n<p>Tee ajalehtedest pallid, kata salvr\u00e4tikutega (pane nii mitu kihti kui valgeks tahad saada), kaunista.<\/p>\n<p><img loading=\"lazy\" decoding=\"async\" width=\"1024\" height=\"685\" class=\"alignnone wp-image-334\" src=\"https:\/\/sisu.ut.ee\/wp-content\/uploads\/sites\/107\/lumd.jpg\" title=\"lumd.jpg\" alt=\"lumd.jpg\" srcset=\"https:\/\/sisu.ut.ee\/wp-content\/uploads\/sites\/107\/lumd.jpg 1024w, https:\/\/sisu.ut.ee\/wp-content\/uploads\/sites\/107\/lumd-300x201.jpg 300w, https:\/\/sisu.ut.ee\/wp-content\/uploads\/sites\/107\/lumd-768x514.jpg 768w\" sizes=\"auto, (max-width: 1024px) 100vw, 1024px\"><\/p>\n","protected":false},"excerpt":{"rendered":"<p>Voka lasteaed Naksitrallid Materjalina kasutatud: ajalehed, salvr\u00e4tikud, v\u00e4rvilise paberi j\u00e4\u00e4gid Tee ajalehtedest pallid, kata salvr\u00e4tikutega (pane nii mitu kihti kui valgeks tahad saada), kaunista.<\/p>\n","protected":false},"author":42,"featured_media":0,"parent":0,"menu_order":0,"comment_status":"closed","ping_status":"closed","template":"","meta":{"_acf_changed":false,"inline_featured_image":false,"footnotes":""},"class_list":["post-53","page","type-page","status-publish","hentry"],"acf":[],"_links":{"self":[{"href":"https:\/\/sisu.ut.ee\/keskkond\/wp-json\/wp\/v2\/pages\/53","targetHints":{"allow":["GET"]}}],"collection":[{"href":"https:\/\/sisu.ut.ee\/keskkond\/wp-json\/wp\/v2\/pages"}],"about":[{"href":"https:\/\/sisu.ut.ee\/keskkond\/wp-json\/wp\/v2\/types\/page"}],"author":[{"embeddable":true,"href":"https:\/\/sisu.ut.ee\/keskkond\/wp-json\/wp\/v2\/users\/42"}],"replies":[{"embeddable":true,"href":"https:\/\/sisu.ut.ee\/keskkond\/wp-json\/wp\/v2\/comments?post=53"}],"version-history":[{"count":1,"href":"https:\/\/sisu.ut.ee\/keskkond\/wp-json\/wp\/v2\/pages\/53\/revisions"}],"predecessor-version":[{"id":1059,"href":"https:\/\/sisu.ut.ee\/keskkond\/wp-json\/wp\/v2\/pages\/53\/revisions\/1059"}],"wp:attachment":[{"href":"https:\/\/sisu.ut.ee\/keskkond\/wp-json\/wp\/v2\/media?parent=53"}],"curies":[{"name":"wp","href":"https:\/\/api.w.org\/{rel}","templated":true}]}}