{"id":51,"date":"2024-04-03T23:32:18","date_gmt":"2024-04-03T20:32:18","guid":{"rendered":"https:\/\/sisu.ut.ee\/keskkond\/pildiraam\/"},"modified":"2024-04-03T23:39:10","modified_gmt":"2024-04-03T20:39:10","slug":"pildiraam","status":"publish","type":"page","link":"https:\/\/sisu.ut.ee\/keskkond\/pildiraam\/","title":{"rendered":"Pildiraam"},"content":{"rendered":"<p><strong><span style=\"color: #ff6600\">Voka lasteaed Naksitrallid<\/span><\/strong><\/p>\n<p>Materjalina kasutatud: pappkarp, ajakirjast\/postkaardilt vm. leitud pilt ja n\u00f6\u00f6bid<\/p>\n<p><img loading=\"lazy\" decoding=\"async\" width=\"1024\" height=\"685\" class=\"alignnone wp-image-330\" src=\"https:\/\/sisu.ut.ee\/wp-content\/uploads\/sites\/107\/pildiraam.jpg\" title=\"pildiraam.jpg\" alt=\"pildiraam.jpg\" srcset=\"https:\/\/sisu.ut.ee\/wp-content\/uploads\/sites\/107\/pildiraam.jpg 1024w, https:\/\/sisu.ut.ee\/wp-content\/uploads\/sites\/107\/pildiraam-300x201.jpg 300w, https:\/\/sisu.ut.ee\/wp-content\/uploads\/sites\/107\/pildiraam-768x514.jpg 768w\" sizes=\"auto, (max-width: 1024px) 100vw, 1024px\"><\/p>\n<p><strong><span style=\"color: #ff6600\">Tallinna M\u00e4nniku lasteaed<\/span><\/strong><\/p>\n<p>Perepiltidega raamid on meisterdatud spoonliistudest ( poes kasutatavad puuviljakastid). \u00a0T\u00f6\u00f6k\u00e4ik: purustada kastid liistudeks, liimida raamideks, v\u00e4rvida akr\u00fc\u00fcliga. Raami taha kinnitada pilt. Raam on kerge, seinale on \u00a0v\u00f5imalik paigaldada kleepmassiga.<\/p>\n<p><img loading=\"lazy\" decoding=\"async\" width=\"2560\" height=\"1920\" class=\"alignnone wp-image-331\" src=\"https:\/\/sisu.ut.ee\/wp-content\/uploads\/sites\/107\/pilt1-3-scaled.jpg\" title=\"pilt1.jpg\" alt=\"pilt1.jpg\" srcset=\"https:\/\/sisu.ut.ee\/wp-content\/uploads\/sites\/107\/pilt1-3-scaled.jpg 2560w, https:\/\/sisu.ut.ee\/wp-content\/uploads\/sites\/107\/pilt1-3-300x225.jpg 300w, https:\/\/sisu.ut.ee\/wp-content\/uploads\/sites\/107\/pilt1-3-1024x768.jpg 1024w, https:\/\/sisu.ut.ee\/wp-content\/uploads\/sites\/107\/pilt1-3-768x576.jpg 768w, https:\/\/sisu.ut.ee\/wp-content\/uploads\/sites\/107\/pilt1-3-1536x1152.jpg 1536w, https:\/\/sisu.ut.ee\/wp-content\/uploads\/sites\/107\/pilt1-3-2048x1536.jpg 2048w, https:\/\/sisu.ut.ee\/wp-content\/uploads\/sites\/107\/pilt1-3-1920x1440.jpg 1920w\" sizes=\"auto, (max-width: 2560px) 100vw, 2560px\"><\/p>\n\n<p><img loading=\"lazy\" decoding=\"async\" width=\"2560\" height=\"1920\" class=\"alignnone wp-image-332\" src=\"https:\/\/sisu.ut.ee\/wp-content\/uploads\/sites\/107\/pilt2-1-scaled.jpg\" title=\"pilt2.jpg\" alt=\"pilt2.jpg\" srcset=\"https:\/\/sisu.ut.ee\/wp-content\/uploads\/sites\/107\/pilt2-1-scaled.jpg 2560w, https:\/\/sisu.ut.ee\/wp-content\/uploads\/sites\/107\/pilt2-1-300x225.jpg 300w, https:\/\/sisu.ut.ee\/wp-content\/uploads\/sites\/107\/pilt2-1-1024x768.jpg 1024w, https:\/\/sisu.ut.ee\/wp-content\/uploads\/sites\/107\/pilt2-1-768x576.jpg 768w, https:\/\/sisu.ut.ee\/wp-content\/uploads\/sites\/107\/pilt2-1-1536x1152.jpg 1536w, https:\/\/sisu.ut.ee\/wp-content\/uploads\/sites\/107\/pilt2-1-2048x1536.jpg 2048w, https:\/\/sisu.ut.ee\/wp-content\/uploads\/sites\/107\/pilt2-1-1920x1440.jpg 1920w\" sizes=\"auto, (max-width: 2560px) 100vw, 2560px\"><\/p>\n","protected":false},"excerpt":{"rendered":"<p>Voka lasteaed Naksitrallid Materjalina kasutatud: pappkarp, ajakirjast\/postkaardilt vm. leitud pilt ja n\u00f6\u00f6bid Tallinna M\u00e4nniku lasteaed Perepiltidega raamid on meisterdatud spoonliistudest ( poes kasutatavad puuviljakastid). \u00a0T\u00f6\u00f6k\u00e4ik: purustada kastid liistudeks, liimida raamideks, v\u00e4rvida akr\u00fc\u00fcliga. Raami taha kinnitada pilt. Raam on kerge, seinale &#8230;<\/p>\n","protected":false},"author":42,"featured_media":0,"parent":0,"menu_order":0,"comment_status":"closed","ping_status":"closed","template":"","meta":{"_acf_changed":false,"inline_featured_image":false,"footnotes":""},"class_list":["post-51","page","type-page","status-publish","hentry"],"acf":[],"_links":{"self":[{"href":"https:\/\/sisu.ut.ee\/keskkond\/wp-json\/wp\/v2\/pages\/51","targetHints":{"allow":["GET"]}}],"collection":[{"href":"https:\/\/sisu.ut.ee\/keskkond\/wp-json\/wp\/v2\/pages"}],"about":[{"href":"https:\/\/sisu.ut.ee\/keskkond\/wp-json\/wp\/v2\/types\/page"}],"author":[{"embeddable":true,"href":"https:\/\/sisu.ut.ee\/keskkond\/wp-json\/wp\/v2\/users\/42"}],"replies":[{"embeddable":true,"href":"https:\/\/sisu.ut.ee\/keskkond\/wp-json\/wp\/v2\/comments?post=51"}],"version-history":[{"count":1,"href":"https:\/\/sisu.ut.ee\/keskkond\/wp-json\/wp\/v2\/pages\/51\/revisions"}],"predecessor-version":[{"id":1061,"href":"https:\/\/sisu.ut.ee\/keskkond\/wp-json\/wp\/v2\/pages\/51\/revisions\/1061"}],"wp:attachment":[{"href":"https:\/\/sisu.ut.ee\/keskkond\/wp-json\/wp\/v2\/media?parent=51"}],"curies":[{"name":"wp","href":"https:\/\/api.w.org\/{rel}","templated":true}]}}