{"id":50,"date":"2024-04-03T23:32:18","date_gmt":"2024-04-03T20:32:18","guid":{"rendered":"https:\/\/sisu.ut.ee\/keskkond\/putukad\/"},"modified":"2024-04-03T23:39:10","modified_gmt":"2024-04-03T20:39:10","slug":"putukad","status":"publish","type":"page","link":"https:\/\/sisu.ut.ee\/keskkond\/putukad\/","title":{"rendered":"\u00c4mblik ja sajajalgne"},"content":{"rendered":"<p><strong><span style=\"color: #ff6600\">Tallinna M\u00e4nniku lasteaed<\/span><\/strong><\/p>\n<p>WC-paberi rullid on gua\u0161\u0161idega v\u00f5i pliiatsitega \u00fcle v\u00e4rvitud ja siis vajaliku suurusega t\u00fckid v\u00e4lja l\u00f5igatud.\u00a0<span style=\"line-height: 19.0400009155273px\">Rulli t\u00fckid on omavahel kinnitatud pva-liimiga.\u00a0<\/span><span style=\"line-height: 1.4\">Rulli sisse on tehtud auk, kuhu on kinnitatud karvane traat. <br><\/span><\/p>\n<p><span style=\"line-height: 1.4\"><img loading=\"lazy\" decoding=\"async\" width=\"2048\" height=\"1536\" class=\"alignnone wp-image-327\" src=\"https:\/\/sisu.ut.ee\/wp-content\/uploads\/sites\/107\/uss1-1.jpg\" title=\"uss1.jpg\" alt=\"uss1.jpg\" srcset=\"https:\/\/sisu.ut.ee\/wp-content\/uploads\/sites\/107\/uss1-1.jpg 2048w, https:\/\/sisu.ut.ee\/wp-content\/uploads\/sites\/107\/uss1-1-300x225.jpg 300w, https:\/\/sisu.ut.ee\/wp-content\/uploads\/sites\/107\/uss1-1-1024x768.jpg 1024w, https:\/\/sisu.ut.ee\/wp-content\/uploads\/sites\/107\/uss1-1-768x576.jpg 768w, https:\/\/sisu.ut.ee\/wp-content\/uploads\/sites\/107\/uss1-1-1536x1152.jpg 1536w, https:\/\/sisu.ut.ee\/wp-content\/uploads\/sites\/107\/uss1-1-1920x1440.jpg 1920w\" sizes=\"auto, (max-width: 2048px) 100vw, 2048px\"><\/span><\/p>\n\n<p><img loading=\"lazy\" decoding=\"async\" width=\"2048\" height=\"1536\" class=\"alignnone wp-image-328\" src=\"https:\/\/sisu.ut.ee\/wp-content\/uploads\/sites\/107\/uss2.jpg\" title=\"uss2.jpg\" alt=\"uss2.jpg\" srcset=\"https:\/\/sisu.ut.ee\/wp-content\/uploads\/sites\/107\/uss2.jpg 2048w, https:\/\/sisu.ut.ee\/wp-content\/uploads\/sites\/107\/uss2-300x225.jpg 300w, https:\/\/sisu.ut.ee\/wp-content\/uploads\/sites\/107\/uss2-1024x768.jpg 1024w, https:\/\/sisu.ut.ee\/wp-content\/uploads\/sites\/107\/uss2-768x576.jpg 768w, https:\/\/sisu.ut.ee\/wp-content\/uploads\/sites\/107\/uss2-1536x1152.jpg 1536w, https:\/\/sisu.ut.ee\/wp-content\/uploads\/sites\/107\/uss2-1920x1440.jpg 1920w\" sizes=\"auto, (max-width: 2048px) 100vw, 2048px\"><\/p>\n\n<p><img loading=\"lazy\" decoding=\"async\" width=\"2048\" height=\"1536\" class=\"alignnone wp-image-329\" src=\"https:\/\/sisu.ut.ee\/wp-content\/uploads\/sites\/107\/u3.jpg\" title=\"u3.jpg\" alt=\"u3.jpg\" srcset=\"https:\/\/sisu.ut.ee\/wp-content\/uploads\/sites\/107\/u3.jpg 2048w, https:\/\/sisu.ut.ee\/wp-content\/uploads\/sites\/107\/u3-300x225.jpg 300w, https:\/\/sisu.ut.ee\/wp-content\/uploads\/sites\/107\/u3-1024x768.jpg 1024w, https:\/\/sisu.ut.ee\/wp-content\/uploads\/sites\/107\/u3-768x576.jpg 768w, https:\/\/sisu.ut.ee\/wp-content\/uploads\/sites\/107\/u3-1536x1152.jpg 1536w, https:\/\/sisu.ut.ee\/wp-content\/uploads\/sites\/107\/u3-1920x1440.jpg 1920w\" sizes=\"auto, (max-width: 2048px) 100vw, 2048px\"><\/p>\n","protected":false},"excerpt":{"rendered":"<p>Tallinna M\u00e4nniku lasteaed WC-paberi rullid on gua\u0161\u0161idega v\u00f5i pliiatsitega \u00fcle v\u00e4rvitud ja siis vajaliku suurusega t\u00fckid v\u00e4lja l\u00f5igatud.\u00a0Rulli t\u00fckid on omavahel kinnitatud pva-liimiga.\u00a0Rulli sisse on tehtud auk, kuhu on kinnitatud karvane traat.<\/p>\n","protected":false},"author":42,"featured_media":0,"parent":0,"menu_order":0,"comment_status":"closed","ping_status":"closed","template":"","meta":{"_acf_changed":false,"inline_featured_image":false,"footnotes":""},"class_list":["post-50","page","type-page","status-publish","hentry"],"acf":[],"_links":{"self":[{"href":"https:\/\/sisu.ut.ee\/keskkond\/wp-json\/wp\/v2\/pages\/50","targetHints":{"allow":["GET"]}}],"collection":[{"href":"https:\/\/sisu.ut.ee\/keskkond\/wp-json\/wp\/v2\/pages"}],"about":[{"href":"https:\/\/sisu.ut.ee\/keskkond\/wp-json\/wp\/v2\/types\/page"}],"author":[{"embeddable":true,"href":"https:\/\/sisu.ut.ee\/keskkond\/wp-json\/wp\/v2\/users\/42"}],"replies":[{"embeddable":true,"href":"https:\/\/sisu.ut.ee\/keskkond\/wp-json\/wp\/v2\/comments?post=50"}],"version-history":[{"count":1,"href":"https:\/\/sisu.ut.ee\/keskkond\/wp-json\/wp\/v2\/pages\/50\/revisions"}],"predecessor-version":[{"id":1062,"href":"https:\/\/sisu.ut.ee\/keskkond\/wp-json\/wp\/v2\/pages\/50\/revisions\/1062"}],"wp:attachment":[{"href":"https:\/\/sisu.ut.ee\/keskkond\/wp-json\/wp\/v2\/media?parent=50"}],"curies":[{"name":"wp","href":"https:\/\/api.w.org\/{rel}","templated":true}]}}