{"id":49,"date":"2024-04-03T23:32:18","date_gmt":"2024-04-03T20:32:18","guid":{"rendered":"https:\/\/sisu.ut.ee\/keskkond\/ounapuu\/"},"modified":"2024-04-03T23:39:10","modified_gmt":"2024-04-03T20:39:10","slug":"ounapuu","status":"publish","type":"page","link":"https:\/\/sisu.ut.ee\/keskkond\/ounapuu\/","title":{"rendered":"\u00d5unapuu"},"content":{"rendered":"<p style=\"text-align: left\" class=\"Standard\" align=\"right\">\n<\/p><p style=\"text-align: left\" class=\"Standard\" align=\"right\"><span style=\"color: #ff6600\"><strong>J\u00f5geva lasteaed Karikakar<\/strong><\/span><\/p>\n<p style=\"text-align: left\" class=\"Standard\" align=\"right\">Vahendid: vanad ajakirjad, v\u00e4rviline aluspaber, liim, kortsutatud siidipaber \u00f5unteks<\/p>\n<p style=\"text-align: left\" class=\"Standard\" align=\"right\"><img loading=\"lazy\" decoding=\"async\" width=\"298\" height=\"447\" class=\"alignnone wp-image-326\" src=\"https:\/\/sisu.ut.ee\/wp-content\/uploads\/sites\/107\/ounapuu.jpg\" title=\"ounapuu.jpg\" alt=\"ounapuu.jpg\" srcset=\"https:\/\/sisu.ut.ee\/wp-content\/uploads\/sites\/107\/ounapuu.jpg 298w, https:\/\/sisu.ut.ee\/wp-content\/uploads\/sites\/107\/ounapuu-200x300.jpg 200w\" sizes=\"auto, (max-width: 298px) 100vw, 298px\"><\/p>\n","protected":false},"excerpt":{"rendered":"<p>J\u00f5geva lasteaed Karikakar Vahendid: vanad ajakirjad, v\u00e4rviline aluspaber, liim, kortsutatud siidipaber \u00f5unteks<\/p>\n","protected":false},"author":42,"featured_media":0,"parent":0,"menu_order":0,"comment_status":"closed","ping_status":"closed","template":"","meta":{"_acf_changed":false,"inline_featured_image":false,"footnotes":""},"class_list":["post-49","page","type-page","status-publish","hentry"],"acf":[],"_links":{"self":[{"href":"https:\/\/sisu.ut.ee\/keskkond\/wp-json\/wp\/v2\/pages\/49","targetHints":{"allow":["GET"]}}],"collection":[{"href":"https:\/\/sisu.ut.ee\/keskkond\/wp-json\/wp\/v2\/pages"}],"about":[{"href":"https:\/\/sisu.ut.ee\/keskkond\/wp-json\/wp\/v2\/types\/page"}],"author":[{"embeddable":true,"href":"https:\/\/sisu.ut.ee\/keskkond\/wp-json\/wp\/v2\/users\/42"}],"replies":[{"embeddable":true,"href":"https:\/\/sisu.ut.ee\/keskkond\/wp-json\/wp\/v2\/comments?post=49"}],"version-history":[{"count":1,"href":"https:\/\/sisu.ut.ee\/keskkond\/wp-json\/wp\/v2\/pages\/49\/revisions"}],"predecessor-version":[{"id":1063,"href":"https:\/\/sisu.ut.ee\/keskkond\/wp-json\/wp\/v2\/pages\/49\/revisions\/1063"}],"wp:attachment":[{"href":"https:\/\/sisu.ut.ee\/keskkond\/wp-json\/wp\/v2\/media?parent=49"}],"curies":[{"name":"wp","href":"https:\/\/api.w.org\/{rel}","templated":true}]}}