{"id":48,"date":"2024-04-03T23:32:18","date_gmt":"2024-04-03T20:32:18","guid":{"rendered":"https:\/\/sisu.ut.ee\/keskkond\/linnuke\/"},"modified":"2024-04-03T23:39:10","modified_gmt":"2024-04-03T20:39:10","slug":"linnuke","status":"publish","type":"page","link":"https:\/\/sisu.ut.ee\/keskkond\/linnuke\/","title":{"rendered":"Linnuke"},"content":{"rendered":"<p class=\"Standard\"><strong><span style=\"color: #ff6600\">J\u00f5geva lasteaed Karikakar<\/span><\/strong><\/p>\n<p class=\"Standard\">Vahendid: vana ajaleht, maalriteip, liim, vanad reklaamikataloogid<\/p>\n<p class=\"Standard\">\u00a0<\/p>\n<p class=\"Standard\">T\u00f6\u00f6k\u00e4ik:<\/p>\n<ul>\n<li>Kortsuta ajaleht, anna soovitud kuju ja fikseeri see teibiga.<\/li>\n<li>Kata v\u00e4rvilistest ajakirjapaberitest rebitud t\u00fckkidega.<\/li>\n<li>Rebi juurde tiivad ja saba.<\/li>\n<li>Lisa nokk ja silmad.<\/li>\n<\/ul>\n<p class=\"Standard\">\u00a0<\/p>\n<p class=\"Standard\">Sama tehnikaga saab valmistada teisi loomi, erinevaid aedvilju (oleme teinud \u00f5una), lumememme, jne.<\/p>\n<p class=\"Standard\"><img loading=\"lazy\" decoding=\"async\" width=\"277\" height=\"415\" class=\"alignnone wp-image-325\" src=\"https:\/\/sisu.ut.ee\/wp-content\/uploads\/sites\/107\/linnuke.jpg\" title=\"linnuke.jpg\" alt=\"linnuke.jpg\" srcset=\"https:\/\/sisu.ut.ee\/wp-content\/uploads\/sites\/107\/linnuke.jpg 277w, https:\/\/sisu.ut.ee\/wp-content\/uploads\/sites\/107\/linnuke-200x300.jpg 200w\" sizes=\"auto, (max-width: 277px) 100vw, 277px\"><\/p>\n","protected":false},"excerpt":{"rendered":"<p>J\u00f5geva lasteaed Karikakar Vahendid: vana ajaleht, maalriteip, liim, vanad reklaamikataloogid \u00a0 T\u00f6\u00f6k\u00e4ik: Kortsuta ajaleht, anna soovitud kuju ja fikseeri see teibiga. Kata v\u00e4rvilistest ajakirjapaberitest rebitud t\u00fckkidega. Rebi juurde tiivad ja saba. Lisa nokk ja silmad. \u00a0 Sama tehnikaga saab valmistada &#8230;<\/p>\n","protected":false},"author":42,"featured_media":0,"parent":0,"menu_order":0,"comment_status":"closed","ping_status":"closed","template":"","meta":{"_acf_changed":false,"inline_featured_image":false,"footnotes":""},"class_list":["post-48","page","type-page","status-publish","hentry"],"acf":[],"_links":{"self":[{"href":"https:\/\/sisu.ut.ee\/keskkond\/wp-json\/wp\/v2\/pages\/48","targetHints":{"allow":["GET"]}}],"collection":[{"href":"https:\/\/sisu.ut.ee\/keskkond\/wp-json\/wp\/v2\/pages"}],"about":[{"href":"https:\/\/sisu.ut.ee\/keskkond\/wp-json\/wp\/v2\/types\/page"}],"author":[{"embeddable":true,"href":"https:\/\/sisu.ut.ee\/keskkond\/wp-json\/wp\/v2\/users\/42"}],"replies":[{"embeddable":true,"href":"https:\/\/sisu.ut.ee\/keskkond\/wp-json\/wp\/v2\/comments?post=48"}],"version-history":[{"count":1,"href":"https:\/\/sisu.ut.ee\/keskkond\/wp-json\/wp\/v2\/pages\/48\/revisions"}],"predecessor-version":[{"id":1064,"href":"https:\/\/sisu.ut.ee\/keskkond\/wp-json\/wp\/v2\/pages\/48\/revisions\/1064"}],"wp:attachment":[{"href":"https:\/\/sisu.ut.ee\/keskkond\/wp-json\/wp\/v2\/media?parent=48"}],"curies":[{"name":"wp","href":"https:\/\/api.w.org\/{rel}","templated":true}]}}