{"id":40,"date":"2024-04-03T23:32:18","date_gmt":"2024-04-03T20:32:18","guid":{"rendered":"https:\/\/sisu.ut.ee\/keskkond\/pliiatsitopsid\/"},"modified":"2024-04-03T23:39:11","modified_gmt":"2024-04-03T20:39:11","slug":"pliiatsitopsid","status":"publish","type":"page","link":"https:\/\/sisu.ut.ee\/keskkond\/pliiatsitopsid\/","title":{"rendered":"Pliiatsitopsid"},"content":{"rendered":"<p><span style=\"color: #ff6600\"><strong>Saverna lasteaed Sipsik<\/strong><\/span><\/p>\n<p>Vahendid: papptorud (j\u00e4medamad), plastiliin, pistaatsiap\u00e4hklite koored, seemned (uba, hernes, k\u00f5rvits, arbuus, sinep jms), PVA-liim (nt niiskuskindel)<\/p>\n<p>T\u00f6\u00f6 k\u00e4ik:\u00a0 papptoru katta plastiliniga (u 3-5 mm paksune kiht). Erinevaid seemneid plastiliini sisse vajutades kujundada topsile muster. Katta kogu pind PVA-liimiga, lasta kuivada. Liimida topsile papist p\u00f5hi. Topside kaunistamiseks v\u00f5ib kasutada lisaks seemnetele v\u00f5i nende asemel erinevate j\u00e4\u00e4kmaterjalide v\u00f5i looduslike materjalidega (nt n\u00f6\u00f6bid, naharibad, p\u00e4rlid, kivid, oksakesed, teokarbid jne)<\/p>\n<p><img loading=\"lazy\" decoding=\"async\" width=\"2560\" height=\"1920\" class=\"alignnone wp-image-307\" src=\"https:\/\/sisu.ut.ee\/wp-content\/uploads\/sites\/107\/untitled-2-scaled.jpg\" title=\"untitled.jpg\" alt=\"untitled.jpg\" srcset=\"https:\/\/sisu.ut.ee\/wp-content\/uploads\/sites\/107\/untitled-2-scaled.jpg 2560w, https:\/\/sisu.ut.ee\/wp-content\/uploads\/sites\/107\/untitled-2-300x225.jpg 300w, https:\/\/sisu.ut.ee\/wp-content\/uploads\/sites\/107\/untitled-2-1024x768.jpg 1024w, https:\/\/sisu.ut.ee\/wp-content\/uploads\/sites\/107\/untitled-2-768x576.jpg 768w, https:\/\/sisu.ut.ee\/wp-content\/uploads\/sites\/107\/untitled-2-1536x1152.jpg 1536w, https:\/\/sisu.ut.ee\/wp-content\/uploads\/sites\/107\/untitled-2-2048x1536.jpg 2048w, https:\/\/sisu.ut.ee\/wp-content\/uploads\/sites\/107\/untitled-2-1920x1440.jpg 1920w\" sizes=\"auto, (max-width: 2560px) 100vw, 2560px\"><\/p>\n","protected":false},"excerpt":{"rendered":"<p>Saverna lasteaed Sipsik Vahendid: papptorud (j\u00e4medamad), plastiliin, pistaatsiap\u00e4hklite koored, seemned (uba, hernes, k\u00f5rvits, arbuus, sinep jms), PVA-liim (nt niiskuskindel) T\u00f6\u00f6 k\u00e4ik:\u00a0 papptoru katta plastiliniga (u 3-5 mm paksune kiht). Erinevaid seemneid plastiliini sisse vajutades kujundada topsile muster. Katta kogu pind &#8230;<\/p>\n","protected":false},"author":42,"featured_media":0,"parent":0,"menu_order":0,"comment_status":"closed","ping_status":"closed","template":"","meta":{"_acf_changed":false,"inline_featured_image":false,"footnotes":""},"class_list":["post-40","page","type-page","status-publish","hentry"],"acf":[],"_links":{"self":[{"href":"https:\/\/sisu.ut.ee\/keskkond\/wp-json\/wp\/v2\/pages\/40","targetHints":{"allow":["GET"]}}],"collection":[{"href":"https:\/\/sisu.ut.ee\/keskkond\/wp-json\/wp\/v2\/pages"}],"about":[{"href":"https:\/\/sisu.ut.ee\/keskkond\/wp-json\/wp\/v2\/types\/page"}],"author":[{"embeddable":true,"href":"https:\/\/sisu.ut.ee\/keskkond\/wp-json\/wp\/v2\/users\/42"}],"replies":[{"embeddable":true,"href":"https:\/\/sisu.ut.ee\/keskkond\/wp-json\/wp\/v2\/comments?post=40"}],"version-history":[{"count":1,"href":"https:\/\/sisu.ut.ee\/keskkond\/wp-json\/wp\/v2\/pages\/40\/revisions"}],"predecessor-version":[{"id":1072,"href":"https:\/\/sisu.ut.ee\/keskkond\/wp-json\/wp\/v2\/pages\/40\/revisions\/1072"}],"wp:attachment":[{"href":"https:\/\/sisu.ut.ee\/keskkond\/wp-json\/wp\/v2\/media?parent=40"}],"curies":[{"name":"wp","href":"https:\/\/api.w.org\/{rel}","templated":true}]}}