{"id":39,"date":"2024-04-03T23:32:18","date_gmt":"2024-04-03T20:32:18","guid":{"rendered":"https:\/\/sisu.ut.ee\/keskkond\/sokiloomad-ja-piimakotist-kass\/"},"modified":"2024-04-03T23:39:11","modified_gmt":"2024-04-03T20:39:11","slug":"sokiloomad-ja-piimakotist-kass","status":"publish","type":"page","link":"https:\/\/sisu.ut.ee\/keskkond\/sokiloomad-ja-piimakotist-kass\/","title":{"rendered":"Sokiloomad ja piimakotist kass"},"content":{"rendered":"<p><strong><span style=\"color: #ff6600\">Tartu lasteaed Rukilill<\/span> <br><\/strong><\/p>\n<p><strong><img loading=\"lazy\" decoding=\"async\" width=\"2560\" height=\"1920\" class=\"alignnone wp-image-306\" src=\"https:\/\/sisu.ut.ee\/wp-content\/uploads\/sites\/107\/untitled-1-scaled.jpg\" title=\"untitled.jpg\" alt=\"untitled.jpg\" srcset=\"https:\/\/sisu.ut.ee\/wp-content\/uploads\/sites\/107\/untitled-1-scaled.jpg 2560w, https:\/\/sisu.ut.ee\/wp-content\/uploads\/sites\/107\/untitled-1-300x225.jpg 300w, https:\/\/sisu.ut.ee\/wp-content\/uploads\/sites\/107\/untitled-1-1024x768.jpg 1024w, https:\/\/sisu.ut.ee\/wp-content\/uploads\/sites\/107\/untitled-1-768x576.jpg 768w, https:\/\/sisu.ut.ee\/wp-content\/uploads\/sites\/107\/untitled-1-1536x1152.jpg 1536w, https:\/\/sisu.ut.ee\/wp-content\/uploads\/sites\/107\/untitled-1-2048x1536.jpg 2048w, https:\/\/sisu.ut.ee\/wp-content\/uploads\/sites\/107\/untitled-1-1920x1440.jpg 1920w\" sizes=\"auto, (max-width: 2560px) 100vw, 2560px\"><\/strong><\/p>\n<p><span style=\"color: #008000\"><strong>SOKILOOMAD:<\/strong><\/span><\/p>\n<p>Vaja l\u00e4heb:<\/p>\n<ul>\n<li>\u00dcksikuks v\u00f5i v\u00e4ikseks j\u00e4\u00e4nud sokke.<\/li>\n<li>N\u00f6\u00f6pe<\/li>\n<li>Niiti ja n\u00f5ela \u00f5mblemiseks<\/li>\n<li>Vatti t\u00e4itmiseks<\/li>\n<\/ul>\n<p>T\u00f6\u00f6 k\u00e4ik:<\/p>\n<ul>\n<li>M\u00f5tle v\u00e4lja loom, keda soovid teha<\/li>\n<li>Kujunda sokk vastava looma kujuliseks (vajadusel v\u00f5id sokki ka l\u00f5igata ja \u00f5mmelda).<\/li>\n<li>T\u00e4ida sokk t\u00e4itematerjaliga.<\/li>\n<li>Vajadusel \u00f5mble k\u00fclge silmad, nina, k\u00f5rvad jms.<\/li>\n<\/ul>\n<p><span style=\"color: #008000\"><strong>PIIMAKOTIST KASS:<\/strong><\/span><\/p>\n<p>Vaja l\u00e4heb:<\/p>\n<ul>\n<li>t\u00fchja kilest\u00a0 piimapaki kotti<\/li>\n<li>\u00a0puust grillvarrast<\/li>\n<li>n\u00f6\u00f6ri<\/li>\n<li>t\u00e4itmiseks kas vatti, vatiini v\u00f5i villa. Aga sobib ka m\u00f5ni muu materjal (riidet\u00fckid, pehme paber).<\/li>\n<li>v\u00e4rvilisest paberist v\u00e4lja l\u00f5igatud silmi, nina<\/li>\n<li>liimi silmade ja nina liimimiseks.<\/li>\n<\/ul>\n<p>T\u00f6\u00f6 k\u00e4ik:<\/p>\n<ul>\n<li>V\u00f5ta kilest piimakott ja p\u00f6\u00f6ra \u00fcmber.<\/li>\n<li>Pese kott puhtaks ja kuivata.<\/li>\n<li>T\u00e4ida kott t\u00e4itematerjaliga \u2013 j\u00e4ta ruumi kotisuu kinnisidumiseks.<\/li>\n<li>Pane kotti grillvarras (sellest saad kassi k\u00e4tte v\u00f5tta) ja seo paelaga\u00a0 kotisuu k\u00f5vasti \u00fcmber grillvarda kinni.<\/li>\n<li>Seo kinni ka piimakoti \u00fclemised nurgad nii, et moodustuksid k\u00f5rvad.<\/li>\n<li>N\u00fc\u00fcd on j\u00e4\u00e4nud \u00fcle vaid liimida silmad ja nina ning kass ongi valmis.<\/li>\n<\/ul>\n<p><span style=\"color: #008000\"><strong>R\u00c4TINUKK:<\/strong><\/span> (sobilik ka k\u00f5ige pisemate lastega meisterdamiseks)<\/p>\n<p>Vaja l\u00e4heb:<\/p>\n<ul>\n<li>Ruudukujuline t\u00fckk riiet (meie kasutasime lasteaias k\u00e4ter\u00e4tikuid ja voodilinasid, mida enam vaja ei l\u00e4inud).<\/li>\n<li>Veidike n\u00f6\u00f6ri<\/li>\n<li>T\u00e4itematerjali<\/li>\n<\/ul>\n<p>T\u00f6\u00f6 k\u00e4ik:<\/p>\n<ul>\n<li>V\u00f5ta riidet\u00fckk ja aseta selle keskele t\u00e4itematerjalist pallike.<\/li>\n<li>Seo riie \u00fcmber pallikese kinni.<\/li>\n<li>Soovi korral v\u00f5id riide lahtised otsad ka s\u00f5lmida.<\/li>\n<li>Ja nukk ongi valmis m\u00e4ngimiseks v\u00f5i kaissu v\u00f5tmiseks.<\/li>\n<\/ul>\n\n<p>\u00a0<\/p>\n","protected":false},"excerpt":{"rendered":"<p>Tartu lasteaed Rukilill SOKILOOMAD: Vaja l\u00e4heb: \u00dcksikuks v\u00f5i v\u00e4ikseks j\u00e4\u00e4nud sokke. N\u00f6\u00f6pe Niiti ja n\u00f5ela \u00f5mblemiseks Vatti t\u00e4itmiseks T\u00f6\u00f6 k\u00e4ik: M\u00f5tle v\u00e4lja loom, keda soovid teha Kujunda sokk vastava looma kujuliseks (vajadusel v\u00f5id sokki ka l\u00f5igata ja \u00f5mmelda). T\u00e4ida sokk &#8230;<\/p>\n","protected":false},"author":42,"featured_media":0,"parent":0,"menu_order":0,"comment_status":"closed","ping_status":"closed","template":"","meta":{"_acf_changed":false,"inline_featured_image":false,"footnotes":""},"class_list":["post-39","page","type-page","status-publish","hentry"],"acf":[],"_links":{"self":[{"href":"https:\/\/sisu.ut.ee\/keskkond\/wp-json\/wp\/v2\/pages\/39","targetHints":{"allow":["GET"]}}],"collection":[{"href":"https:\/\/sisu.ut.ee\/keskkond\/wp-json\/wp\/v2\/pages"}],"about":[{"href":"https:\/\/sisu.ut.ee\/keskkond\/wp-json\/wp\/v2\/types\/page"}],"author":[{"embeddable":true,"href":"https:\/\/sisu.ut.ee\/keskkond\/wp-json\/wp\/v2\/users\/42"}],"replies":[{"embeddable":true,"href":"https:\/\/sisu.ut.ee\/keskkond\/wp-json\/wp\/v2\/comments?post=39"}],"version-history":[{"count":1,"href":"https:\/\/sisu.ut.ee\/keskkond\/wp-json\/wp\/v2\/pages\/39\/revisions"}],"predecessor-version":[{"id":1073,"href":"https:\/\/sisu.ut.ee\/keskkond\/wp-json\/wp\/v2\/pages\/39\/revisions\/1073"}],"wp:attachment":[{"href":"https:\/\/sisu.ut.ee\/keskkond\/wp-json\/wp\/v2\/media?parent=39"}],"curies":[{"name":"wp","href":"https:\/\/api.w.org\/{rel}","templated":true}]}}