{"id":36,"date":"2024-04-03T23:32:17","date_gmt":"2024-04-03T20:32:17","guid":{"rendered":"https:\/\/sisu.ut.ee\/keskkond\/kullike-veede-omaloodud-lugu-soovidemaailmad\/"},"modified":"2024-04-03T23:39:11","modified_gmt":"2024-04-03T20:39:11","slug":"kullike-veede-omaloodud-lugu-soovidemaailmad","status":"publish","type":"page","link":"https:\/\/sisu.ut.ee\/keskkond\/kullike-veede-omaloodud-lugu-soovidemaailmad\/","title":{"rendered":"Soovidemaailmad- K\u00fcllike Veede jutustab"},"content":{"rendered":"<p>K\u00fcllike Veede t\u00f6\u00f6tab \u00f5petajana Albu Laste M\u00e4ngutoas ja ta osales meie koolitusel Keskkonna- ja s\u00e4\u00e4stva arengu teema l\u00f5imimine \u00f5ppe- ja kasvatustegevustesse koolieelses lasteasutuses.<\/p>\n<p>K\u00fcllike Veede on kirjutanud v\u00e4ga palju lugusid lastele, talle meeldib ise lugusid kirjutada ja neid ka lastele ette kanda.<\/p>\n<p>K\u00fcllike jutustab loo Soovidemaailmast:<\/p>\n\n<p>\u00a0<\/p><div class=\"ratio ratio-16x9 mb-3\"><div class=\"video-placeholder-wrapper video-placeholder-wrapper--16x9\">\n\t\t\t    <div class=\"video-placeholder d-flex justify-content-center align-items-center\">\n\t\t\t        <div class=\"overlay text-white p-2 w-100 text-center d-block justify-content-center align-items-center\">\n\t\t\t            <div>Kolmandate osapoolte sisu n\u00e4gemiseks palun n\u00f5ustu k\u00fcpsistega.<\/div>\n\t\t\t            <button class=\"btn btn-secondary btn-sm mt-1 consent-change\">Muuda n\u00f5usolekut<\/button>\n\t\t\t        <\/div>\n\t\t\t    <\/div>\n\t\t\t<\/div>\n<\/div>\n","protected":false},"excerpt":{"rendered":"<p>K\u00fcllike Veede t\u00f6\u00f6tab \u00f5petajana Albu Laste M\u00e4ngutoas ja ta osales meie koolitusel Keskkonna- ja s\u00e4\u00e4stva arengu teema l\u00f5imimine \u00f5ppe- ja kasvatustegevustesse koolieelses lasteasutuses. K\u00fcllike Veede on kirjutanud v\u00e4ga palju lugusid lastele, talle meeldib ise lugusid kirjutada ja neid ka lastele &#8230;<\/p>\n","protected":false},"author":42,"featured_media":0,"parent":0,"menu_order":0,"comment_status":"closed","ping_status":"closed","template":"","meta":{"_acf_changed":false,"inline_featured_image":false,"footnotes":""},"class_list":["post-36","page","type-page","status-publish","hentry"],"acf":[],"_links":{"self":[{"href":"https:\/\/sisu.ut.ee\/keskkond\/wp-json\/wp\/v2\/pages\/36","targetHints":{"allow":["GET"]}}],"collection":[{"href":"https:\/\/sisu.ut.ee\/keskkond\/wp-json\/wp\/v2\/pages"}],"about":[{"href":"https:\/\/sisu.ut.ee\/keskkond\/wp-json\/wp\/v2\/types\/page"}],"author":[{"embeddable":true,"href":"https:\/\/sisu.ut.ee\/keskkond\/wp-json\/wp\/v2\/users\/42"}],"replies":[{"embeddable":true,"href":"https:\/\/sisu.ut.ee\/keskkond\/wp-json\/wp\/v2\/comments?post=36"}],"version-history":[{"count":1,"href":"https:\/\/sisu.ut.ee\/keskkond\/wp-json\/wp\/v2\/pages\/36\/revisions"}],"predecessor-version":[{"id":1076,"href":"https:\/\/sisu.ut.ee\/keskkond\/wp-json\/wp\/v2\/pages\/36\/revisions\/1076"}],"wp:attachment":[{"href":"https:\/\/sisu.ut.ee\/keskkond\/wp-json\/wp\/v2\/media?parent=36"}],"curies":[{"name":"wp","href":"https:\/\/api.w.org\/{rel}","templated":true}]}}