{"id":30,"date":"2024-04-03T23:32:17","date_gmt":"2024-04-03T20:32:17","guid":{"rendered":"https:\/\/sisu.ut.ee\/keskkond\/jaatmed-siin-ja-palju-seal-loodust-puuan-saasta-ma\/"},"modified":"2024-04-03T23:39:11","modified_gmt":"2024-04-03T20:39:11","slug":"jaatmed-siin-ja-palju-seal-loodust-puuan-saasta-ma","status":"publish","type":"page","link":"https:\/\/sisu.ut.ee\/keskkond\/jaatmed-siin-ja-palju-seal-loodust-puuan-saasta-ma\/","title":{"rendered":"J\u00e4\u00e4tmed siin ja palju seal, loodust p\u00fc\u00fcan s\u00e4\u00e4sta ma"},"content":{"rendered":"<p style=\"text-align: left\" align=\"center\"><strong>Soinaste lasteaed Laululind<strong><\/strong><\/strong><\/p>\n<p style=\"text-align: left\" align=\"center\">Koostajad: Kaia P\u00e4rn, Kerli Laur, Kristi Kalur, Valerija Strelovskaja<\/p>\n<p><strong>Projekti selgitus:<\/strong><\/p>\n<p>Sihtr\u00fchm: 3\u20137aastased lapsed<\/p>\n<p>Projekti kaasatud: lapsevanemad, \u00f5petajad, teised \u00dclenurme valla lasteaiad, kohalik omavalitsus<\/p>\n<p>Toimumiskoht: lasteaia \u00fcmbrus ja siseruumid<\/p>\n<p>Toimumisaeg: 1 n\u00e4dal 2015. a maikuu l\u00f5pus, projekti j\u00e4tk s\u00fcgisel, 1 p\u00e4ev<\/p>\n<p>Tegevused: lavastusm\u00e4ng, \u00f5ppem\u00e4ng \u201ePuhta j\u00e4\u00e4tme m\u00e4ng\u201c, j\u00e4\u00e4tmete k\u00f5dunemise katse, naitus \u201eTaaskasutatud kunst\u201c, \u00f5ppem\u00e4ng \u201eKuldvillak \u2013 j\u00e4\u00e4tmed\u201c. Igas r\u00fchmas koostavad \u00f5petajad antud teemal n\u00e4dalakava ja korraldavad vastavalt sellele \u00f5ppe- ja kasvatustegevusi.<\/p>\n<p>\u00a0<\/p>\n<p><strong>Projekti eesm\u00e4rk: <\/strong><\/p>\n<ul>\n<li>\u00d5petada lapsi loodust m\u00f5istma ja sellesse s\u00e4\u00e4stlikult suhtuma, et keskkonnateadlikkus saaks alguse noores eas.<\/li>\n<li>\u00d5petada lastele selgeks m\u00f5iste <em>j\u00e4\u00e4tmed <\/em>t\u00e4hendus, et nad harjuksid seda s\u00f5na kasutama.<\/li>\n<li>Edendada v\u00e4\u00e4rtusi, p\u00f5him\u00f5tteid ja tavasid, mis aitaksid lastel \u00f5igeid valikuid teha.<\/li>\n<li>Anda lastele teadmisi keskkonda s\u00e4\u00e4stva k\u00e4itumise, sh j\u00e4\u00e4tmete hulga v\u00e4hendamise ja j\u00e4\u00e4tmete sorteerimise kohta.<\/li>\n<li>Kasvatada laste abil lastevanemate teadlikkust, et nemadki m\u00f5istaksid looduse s\u00e4\u00e4stmise olulisust ning annaksid oma lastele head eeskuju.<\/li>\n<\/ul>\n<p>\u00a0<\/p>\n<p><strong>Tegevus:<\/strong><\/p>\n<p><strong>ESIMENE P\u00c4EV:<\/strong><\/p>\n<p>1)\u00a0 <strong>Lavastusm\u00e4ng:<\/strong> \u201eLoomad leiavad metsast j\u00e4\u00e4tmeid\u201c.<\/p>\n<p>Allikas: M. Normani \u201eP\u00f5nevad pr\u00fcgilood\u201c, lk 26. Lavastusm\u00e4ngus kasutada <em>pr\u00fcgi <\/em>asemel s\u00f5na <em>j\u00e4\u00e4tmed<\/em>.<\/p>\n<p><span style=\"text-decoration: underline\">Tegevuse eesm\u00e4rgid:<\/span> laps tutvub m\u00f5istega <em>j\u00e4\u00e4tmed<\/em> ning saab teada selle t\u00e4henduse. Laps m\u00f5istab, miks ei tohi j\u00e4\u00e4tmeid maha visata, ja arutleb antud teemal.<\/p>\n<p><span style=\"text-decoration: underline\">Tegevusele kuluv aeg:<\/span> 15\u201320 min.<\/p>\n<p><span style=\"text-decoration: underline\">\u00d5ppe- ja kasvatustegevuste valdkondade l\u00f5iming:<\/span> keel ja k\u00f5ne, mina ja keskkond, muusika.<\/p>\n<p><span style=\"text-decoration: underline\">\u00d5ppevahendid:<\/span> tegelaste (metsavana, karu, j\u00e4nese, hundi, rebase) kost\u00fc\u00fcmid, looduslik keskkond \u00f5ues (lasteaia k\u00f5rval asuv metsatukk), puhtaks pestud j\u00e4\u00e4tmed (pakendid, taara jne).<\/p>\n<p><span style=\"text-decoration: underline\">Tegevuse kirjeldus:<\/span> Eelnevalt on koos lastevanematega valmistatud kost\u00fc\u00fcmid, kogutud j\u00e4\u00e4tmeid ja tehtud lavastusm\u00e4nguks ettevalmistusi. Lavastusm\u00e4ngu esitavad lastevanemad, kaasates sellesse ka lapsi. Lavastusm\u00e4ngule j\u00e4rgneb arutelu j\u00e4\u00e4tmete teemal \u2013 mis on j\u00e4\u00e4tmed, loodushoid, s\u00e4\u00e4stlik tarbimine, j\u00e4\u00e4tmete sorteerimine.<\/p>\n<p>\u00a0<\/p>\n<p>2) \u00a0 <strong>\u00f5\/m \u201ePuhta j\u00e4\u00e4tme m\u00e4ng\u201c \u2013<\/strong> j\u00e4\u00e4tmete sorteerimise m\u00e4ngu idee on saadud M. \u2013 E. T\u00e4he raamatusarjast \u201eLaps ja keskkond\u201c ning on kohandatud projektile sobivaks.<\/p>\n<p><span style=\"text-decoration: underline\">Tegevuse eesm\u00e4rgid:<\/span> laps tutvub j\u00e4\u00e4tmetega ja proovib neid j\u00e4\u00e4tmekastidesse sorteerida.<\/p>\n<p><span style=\"text-decoration: underline\">Tegevusele kuluv aeg:<\/span> 10\u201315 min.<\/p>\n<p><span style=\"text-decoration: underline\">\u00d5ppe- ja kasvatustegevuste valdkondade l\u00f5iming:<\/span> mina ja keskkond, keel ja k\u00f5ne, matemaatika.<\/p>\n<p><span style=\"text-decoration: underline\">\u00d5ppevahendid:<\/span> Erinevat v\u00e4rvi kastid, millel j\u00e4\u00e4tmete pildid ja nimetused (lisa 1). Mitmesugused puhtaks pestud j\u00e4\u00e4tmed ja m\u00f5ned bioj\u00e4\u00e4tmed (l\u00f5igatud \u00f5una s\u00fcdamik, lill, banaani- v\u00f5i kartulikoor). Kunstivahendid plakati valmistamiseks.<\/p>\n<p><span style=\"text-decoration: underline\">Tegevuse kirjeldus:<\/span> M\u00e4ngus kasutatakse lavastusm\u00e4ngus tarvitatud j\u00e4\u00e4tmeid. M\u00e4ngujuht selgitab lastele j\u00e4\u00e4tmete liike ja nende sorteerimise p\u00f5him\u00f5tteid. Iga laps v\u00f5tab endale \u00fche j\u00e4\u00e4tme. M\u00e4ngujuht v\u00f5tab \u00fchte v\u00e4rvi kasti. Lapsed, kellel on sellesse j\u00e4\u00e4tmekasti kuuluv j\u00e4\u00e4de, toovad j\u00e4\u00e4tme kasti. Vajadusel suunab m\u00e4ngujuht lapse tagasi oma kohale, kui antud j\u00e4\u00e4de ei sobinud j\u00e4\u00e4tmekasti. M\u00e4ngu l\u00f5ppedes korratakse \u00fcle j\u00e4\u00e4tmekastide liigid ja sorteerimise p\u00f5him\u00f5tted.<\/p>\n<p>\u00a0<\/p>\n<p><strong>TEINE P\u00c4EV:<\/strong><\/p>\n<p>3)\u00a0 <strong>J\u00e4\u00e4tmete k\u00f5dunemise katse<\/strong> idee on saadud M-E. T\u00e4he raamatusarjast \u201eLaps ja keskkond\u201c ning kohandatud projektile sobivaks.<\/p>\n<p><span style=\"text-decoration: underline\">Tegevuse eesm\u00e4rk:<\/span> laps m\u00f5istab, miks ei tohi j\u00e4\u00e4tmeid maha visata.<\/p>\n<p><span style=\"text-decoration: underline\">Tegevusele kuluv aeg:<\/span> 20\u201330 min r\u00fchmas, 10 min \u00f5ues.<\/p>\n<p><span style=\"text-decoration: underline\">\u00d5ppe- ja kasvatustegevuste valdkondade l\u00f5iming:<\/span> matemaatika, keel ja k\u00f5ne, mina ja keskkond, kunst.<\/p>\n<p><span style=\"text-decoration: underline\">\u00d5ppevahendid:<\/span> tulbi alused, j\u00e4\u00e4tisepulgad, traat, j\u00e4\u00e4tmed \u2013 \u00f5unas\u00fcda, kilekott, paber, plastik pudel, klaaspurk, kunstitarbed plakati koostamiseks.<\/p>\n<p><span style=\"text-decoration: underline\">Tegevuse kirjeldus:<\/span> lapsed jaotatakse 6 r\u00fchma, nii et igas r\u00fchmas on 3\u20137a lapsed. Laste r\u00fchmitamisel j\u00e4lgitakse, et \u00f5ed-vennad, s\u00f5brad oleksid koos. Lapsed, kellel on raskusi kohanemisega, j\u00e4\u00e4vad oma \u00f5petajaga oma r\u00fchma gruppi. Lapsed koostavad r\u00fchmas plakati, millele nad joonistavad, kirjutavad ja kirjeldavad j\u00e4\u00e4tmeid, mida kavatsetakse maa sisse kaevata. Plakatile j\u00e4etakse ruumi katse l\u00f5petamiseks, et lapsed saaksid kirjeldada-joonistada maa seest \u00fcleskaevatud j\u00e4\u00e4tmeid. Plakat j\u00e4\u00e4b r\u00fchma seinale kuni projekti l\u00f5puni. J\u00e4\u00e4tmete k\u00fclge pannakse traat, mille otsas on j\u00e4\u00e4tisepulk j\u00e4\u00e4tme nimetusega. J\u00e4\u00e4tmed asetatakse tulpide alusele. \u00d5ues kaevavad lapsed lasteaia katsepeenrasse augu, asetavad tulpide aluse koos j\u00e4\u00e4tmetega maa sisse ning katavad need mullaga nii, et j\u00e4\u00e4tisepulga otsad j\u00e4\u00e4vad n\u00e4htavale. Katse l\u00f5petatakse s\u00fcgisel. Peale katse l\u00f5ppu esitletakse plakateid lasteaia fuajees, toimub vaatlus, arutlus. Esitlust saavad k\u00fclastada k\u00f5ik r\u00fchmad ja lapsevanemad.<\/p>\n<p>\u00a0<\/p>\n<p><strong>TEINE \u2013 VIIES P\u00c4EV:<\/strong><\/p>\n<p><strong>4)\u00a0\u00a0\u00a0\u00a0\u00a0 <\/strong><strong>N\u00e4itus \u201eTaaskasutatud kunst\u201c<\/strong><\/p>\n<p><span style=\"text-decoration: underline\">Tegevuse eesm\u00e4rk:<\/span> lapsevanem ja laps kasutavad j\u00e4\u00e4tmeid millegi uue loomiseks.<\/p>\n<p><span style=\"text-decoration: underline\">Tegevusele kuluv aeg:<\/span> 2 n\u00e4dalat.<\/p>\n<p><span style=\"text-decoration: underline\">\u00d5ppe- ja kasvatustegevuste valdkondade l\u00f5iming:<\/span> mina ja keskkond, kunst, keel ja k\u00f5ne, matemaatika.<\/p>\n<p><span style=\"text-decoration: underline\">\u00d5ppevahendid:<\/span> lauad, vahendid naituse kuulutuste, kutsete ja plakatite valmistamiseks.<\/p>\n<p><span style=\"text-decoration: underline\">Tegevuse kirjeldus:<\/span> N\u00e4dal enne naitust valmistab iga r\u00fchm naituse kuulutused, plakatid ja kutsed ning \u00f5petaja edastab lapsevanematele teate naituse \u201eTaaskasutatud kunst\u201c sisu kohta. Teates on selgitatud, et lapsevanem meisterdab koos lapsega j\u00e4\u00e4tmetest midagi uut, mis j\u00e4\u00e4b lasteaeda lastele kasutamiseks v\u00f5i mida kasutatakse kuldvillaku auhinnana. Meisterdatud asi tuuakse projektin\u00e4dalal naitusele. N\u00e4itus kestab 4 p\u00e4eva ja on m\u00f5eldud k\u00fclastamiseks lastevanematele, r\u00fchmadele ja k\u00fclalistele. N\u00e4ituse k\u00fclastamise kutse edastatakse vallavalitsuse t\u00f6\u00f6tajatele ja teistele valla lasteaedadele.<\/p>\n<p>\u00a0<\/p>\n<p><strong>VIIES P\u00c4EV:<\/strong><\/p>\n<p><strong>5)\u00a0\u00a0\u00a0\u00a0\u00a0 <\/strong><strong>\u00f5\/m Kuldvillak \u2013 \u201eJ\u00e4\u00e4tmed\u201c. <\/strong>Idee kasutada lasteaias Kuldvillakut on saadud Kai Kuuspalult liikluskasvatuse koolituselt. Projekti jaoks on koostatud j\u00e4\u00e4tmeteteemaline Kuldvillak.<\/p>\n<p><span style=\"text-decoration: underline\">Tegevuse eesm\u00e4rk:<\/span> laps kasutab n\u00e4dala jooksul saadud teadmisi ja m\u00f5isteid.<\/p>\n<p><span style=\"text-decoration: underline\">Tegevusele kuluv aeg:<\/span> 20\u201330 min.<\/p>\n<p><span style=\"text-decoration: underline\">\u00d5ppe- ja kasvatustegevuste valdkondade l\u00f5iming:<\/span> mina ja keskkond, keel ja k\u00f5ne, matemaatika.<\/p>\n<p><span style=\"text-decoration: underline\">\u00d5ppevahendid:<\/span> Powerpointi esitlus \u201eKuldvillak\u201c, numbrikaardid (mille v\u00f5ib asendada j\u00e4rgnevate esemetega: kivid, k\u00e4\u00e4rid, \u00fcllatusmuna kest), projektor, arvuti, ekraan.<\/p>\n<p><span style=\"text-decoration: underline\">Tegevuse kirjeldus:<\/span> moodustatakse 4 r\u00fchma, teised lapsed ja \u00f5petajad on pealtvaatajad. M\u00e4ngujuht selgitab reegleid ja juhib m\u00e4ngu. M\u00e4ngujuhi abi vahetab Kuldvillaku \u00fclesandeid ja vastuseid ning jagab iga \u00f5ige vastuse eest punkte, kasutades numbrikaarte v\u00f5i soovitud eset (kivi, k\u00e4bi vms). M\u00e4ngu l\u00f5ppedes loetakse punktid koos laste abiga kokku. Iga r\u00fchm saab auhinnaks naituse jaoks valmistatud esemetega korvi, mis j\u00e4\u00e4b r\u00fchma lastele m\u00e4ngimiseks.<\/p>\n<p><span style=\"text-decoration: underline\">M\u00e4ngu k\u00e4ik:<\/span> r\u00fchm nimetab k\u00fcsimuse v\u00f5i v\u00e4rvi ja numbri, nt \u201ej\u00e4\u00e4tmed 2\u201c v\u00f5i \u201emust 2\u201c. M\u00e4ngujuhi abi vajutab numbrile 2, ekraanile ilmub k\u00fcsimus. M\u00e4ngujuht esitab k\u00fcsimuse. Kui r\u00fchm on k\u00fcsimusele vastanud, vajutab m\u00e4ngujuhi abi klaviatuuril parempoolset noolt ja ekraanile ilmub vastus. M\u00e4ngujuht kordab vastuse \u00fcle ja jagab vajadusel selgitusi. Kui vastus oli \u00f5ige, annab m\u00e4ngujuhi abi r\u00fchmale 2 punkti (nt 2 kivi). Kui vastus oli vale, annab m\u00e4ngujuht vastamisv\u00f5imaluse r\u00fchmale, kes h\u00fc\u00fcab k\u00f5ige kiiremini \u201emeie\u201c. Iga r\u00fchm saab kordam\u00f6\u00f6da endale k\u00fcsimuse valida, kuni k\u00f5ik k\u00fcsimused saavad vastatud. M\u00e4ngu l\u00f5ppedes loetakse saadud punktid kokku.<\/p>\n<p>\u00a0<strong>https:\/\/sisu.ut.ee\/wp-content\/uploads\/sites\/107\/kuldvillak.pptx<\/strong><\/p>\n<p>\u00a0<\/p>\n<p><strong>Projekti l\u00f5pp:<\/strong><\/p>\n<p>S\u00fcgisel l\u00f5petatakse j\u00e4\u00e4tmete k\u00f5dunemise katse. R\u00fchm kaevab katsepeenrast v\u00e4lja tulbi aluse koos j\u00e4\u00e4tmetega. Vaadeldakse tulemust, arutletakse selle \u00fcle ja t\u00e4iendatakse plakatit v\u00e4ljakaevatud j\u00e4\u00e4tmeid kirjeldades ja joonistades. Valmis plakatid riputatakse lasteaia fuajeesse. Iga r\u00fchm saab n\u00e4ha teiste r\u00fchmade plakateid ja katsete tulemusi ning nende \u00fcle arutleda. Lapsevanemad saavad koos lastega plakateid vaadelda ja nende \u00fcle arutleda. Projektist kirjutatakse kokkuv\u00f5ttev artikkel kohalikku v\u00e4ljaandesse \u201eOlevik\u201c, projekti tulemusi kajastatakse ka lasteaia veebilehel.<\/p>\n<p>\u00a0<\/p>\n<p><strong>Kasutatud kirjandus:<\/strong><\/p>\n<ol>\n<li>Norman, M. 2013. P\u00f5nevad pr\u00fcgilood. Tartu: Atlex<\/li>\n<li>T\u00e4ht, M-E. 2005. Laps ja keskkond. Pr\u00fcgiraamat. Tallinn: Koolibri<\/li>\n<li>Taaratark koduleht, http:\/\/www.taaratark.ee\/. Piltmaterjal (lisa1)<\/li>\n<\/ol>\n<p>\u00a0<\/p>\n<p><strong>LISA 1<\/strong><\/p>\n<p><span style=\"color: #008080\">Rohelist v\u00e4rvi kast, \u00e4mber<\/span><\/p>\n<p><strong>OLMEJ\u00c4\u00c4TMED<\/strong><\/p>\n<p><strong><img loading=\"lazy\" decoding=\"async\" width=\"186\" height=\"139\" class=\"alignnone wp-image-272\" src=\"https:\/\/sisu.ut.ee\/wp-content\/uploads\/sites\/107\/pilt1-2.jpg\" title=\"pilt1.jpg\" alt=\"pilt1.jpg\">\u00a0 <img loading=\"lazy\" decoding=\"async\" width=\"295\" height=\"135\" class=\"alignnone wp-image-273\" src=\"https:\/\/sisu.ut.ee\/wp-content\/uploads\/sites\/107\/pilt2.jpg\" title=\"pilt2.jpg\" alt=\"pilt2.jpg\">\u00a0\u00a0 <img loading=\"lazy\" decoding=\"async\" width=\"123\" height=\"123\" class=\"alignnone wp-image-274\" src=\"https:\/\/sisu.ut.ee\/wp-content\/uploads\/sites\/107\/pilt3-1.jpg\" title=\"pilt3.jpg\" alt=\"pilt3.jpg\"><br><\/strong><\/p>\n\n<p><strong><img loading=\"lazy\" decoding=\"async\" width=\"129\" height=\"194\" class=\"alignnone wp-image-275\" src=\"https:\/\/sisu.ut.ee\/wp-content\/uploads\/sites\/107\/pilt4-1.jpg\" title=\"pilt4.jpg\" alt=\"pilt4.jpg\">\u00a0\u00a0\u00a0\u00a0 <img loading=\"lazy\" decoding=\"async\" width=\"229\" height=\"172\" class=\"alignnone wp-image-276\" src=\"https:\/\/sisu.ut.ee\/wp-content\/uploads\/sites\/107\/pilt5-1.jpg\" title=\"pilt5.jpg\" alt=\"pilt5.jpg\"><br><\/strong><\/p>\n\n<p><span style=\"color: #008080\">Pruuni v\u00e4rvi kast, \u00e4mber<\/span><\/p>\n<p><strong>KOMPOST<br><\/strong><\/p>\n<p><strong><img loading=\"lazy\" decoding=\"async\" width=\"331\" height=\"215\" class=\"alignnone wp-image-277\" src=\"https:\/\/sisu.ut.ee\/wp-content\/uploads\/sites\/107\/kompost.jpg\" title=\"kompost.jpg\" alt=\"kompost.jpg\" srcset=\"https:\/\/sisu.ut.ee\/wp-content\/uploads\/sites\/107\/kompost.jpg 331w, https:\/\/sisu.ut.ee\/wp-content\/uploads\/sites\/107\/kompost-300x195.jpg 300w\" sizes=\"auto, (max-width: 331px) 100vw, 331px\">\u00a0 <img loading=\"lazy\" decoding=\"async\" width=\"145\" height=\"223\" class=\"alignnone wp-image-278\" src=\"https:\/\/sisu.ut.ee\/wp-content\/uploads\/sites\/107\/oun.jpg\" title=\"oun.jpg\" alt=\"oun.jpg\">\u00a0 <img loading=\"lazy\" decoding=\"async\" width=\"213\" height=\"233\" class=\"alignnone wp-image-279\" src=\"https:\/\/sisu.ut.ee\/wp-content\/uploads\/sites\/107\/lill.jpg\" title=\"lill.jpg\" alt=\"lill.jpg\"> \u00a0<img loading=\"lazy\" decoding=\"async\" width=\"188\" height=\"175\" class=\"alignnone wp-image-280\" src=\"https:\/\/sisu.ut.ee\/wp-content\/uploads\/sites\/107\/oks.jpg\" title=\"oks.jpg\" alt=\"oks.jpg\"><br><\/strong><\/p>\n<p><span style=\"color: #008080\">Rohelist v\u00e4rvi kast, \u00e4mber<\/span><\/p>\n<p><strong>KLAAS, TAARA<\/strong><\/p>\n<p><strong><img loading=\"lazy\" decoding=\"async\" width=\"491\" height=\"224\" class=\"alignnone wp-image-281\" src=\"https:\/\/sisu.ut.ee\/wp-content\/uploads\/sites\/107\/taara.jpg\" title=\"taara.jpg\" alt=\"taara.jpg\" srcset=\"https:\/\/sisu.ut.ee\/wp-content\/uploads\/sites\/107\/taara.jpg 491w, https:\/\/sisu.ut.ee\/wp-content\/uploads\/sites\/107\/taara-300x137.jpg 300w\" sizes=\"auto, (max-width: 491px) 100vw, 491px\"><\/strong><\/p>\n<p><span style=\"color: #008080\">Sinist v\u00e4rvi kast, \u00e4mber<\/span><\/p>\n<p><strong><strong>PABER, PAPP<br><\/strong><\/strong><\/p>\n<p><strong><strong><img loading=\"lazy\" decoding=\"async\" width=\"600\" height=\"135\" class=\"alignnone wp-image-282\" src=\"https:\/\/sisu.ut.ee\/wp-content\/uploads\/sites\/107\/paber.jpg\" title=\"paber.jpg\" alt=\"paber.jpg\" srcset=\"https:\/\/sisu.ut.ee\/wp-content\/uploads\/sites\/107\/paber.jpg 600w, https:\/\/sisu.ut.ee\/wp-content\/uploads\/sites\/107\/paber-300x68.jpg 300w\" sizes=\"auto, (max-width: 600px) 100vw, 600px\"><\/strong><\/strong><\/p>\n<ol><\/ol>\n<p><span style=\"color: #008080\">Kollast v\u00e4rvi kast, \u00e4mber<\/span><\/p>\n<p><span style=\"color: #000000\"><strong><strong>PAKEND<\/strong><\/strong><\/span><\/p>\n<p><span style=\"color: #000000\"><strong><strong><img loading=\"lazy\" decoding=\"async\" width=\"546\" height=\"142\" class=\"alignnone wp-image-283\" src=\"https:\/\/sisu.ut.ee\/wp-content\/uploads\/sites\/107\/pakend.jpg\" title=\"pakend.jpg\" alt=\"pakend.jpg\" srcset=\"https:\/\/sisu.ut.ee\/wp-content\/uploads\/sites\/107\/pakend.jpg 546w, https:\/\/sisu.ut.ee\/wp-content\/uploads\/sites\/107\/pakend-300x78.jpg 300w\" sizes=\"auto, (max-width: 546px) 100vw, 546px\"><\/strong><\/strong><\/span><\/p>\n","protected":false},"excerpt":{"rendered":"<p>Soinaste lasteaed Laululind Koostajad: Kaia P\u00e4rn, Kerli Laur, Kristi Kalur, Valerija Strelovskaja Projekti selgitus: Sihtr\u00fchm: 3\u20137aastased lapsed Projekti kaasatud: lapsevanemad, \u00f5petajad, teised \u00dclenurme valla lasteaiad, kohalik omavalitsus Toimumiskoht: lasteaia \u00fcmbrus ja siseruumid Toimumisaeg: 1 n\u00e4dal 2015. a maikuu l\u00f5pus, projekti &#8230;<\/p>\n","protected":false},"author":42,"featured_media":0,"parent":0,"menu_order":0,"comment_status":"closed","ping_status":"closed","template":"","meta":{"_acf_changed":false,"inline_featured_image":false,"footnotes":""},"class_list":["post-30","page","type-page","status-publish","hentry"],"acf":[],"_links":{"self":[{"href":"https:\/\/sisu.ut.ee\/keskkond\/wp-json\/wp\/v2\/pages\/30","targetHints":{"allow":["GET"]}}],"collection":[{"href":"https:\/\/sisu.ut.ee\/keskkond\/wp-json\/wp\/v2\/pages"}],"about":[{"href":"https:\/\/sisu.ut.ee\/keskkond\/wp-json\/wp\/v2\/types\/page"}],"author":[{"embeddable":true,"href":"https:\/\/sisu.ut.ee\/keskkond\/wp-json\/wp\/v2\/users\/42"}],"replies":[{"embeddable":true,"href":"https:\/\/sisu.ut.ee\/keskkond\/wp-json\/wp\/v2\/comments?post=30"}],"version-history":[{"count":1,"href":"https:\/\/sisu.ut.ee\/keskkond\/wp-json\/wp\/v2\/pages\/30\/revisions"}],"predecessor-version":[{"id":1082,"href":"https:\/\/sisu.ut.ee\/keskkond\/wp-json\/wp\/v2\/pages\/30\/revisions\/1082"}],"wp:attachment":[{"href":"https:\/\/sisu.ut.ee\/keskkond\/wp-json\/wp\/v2\/media?parent=30"}],"curies":[{"name":"wp","href":"https:\/\/api.w.org\/{rel}","templated":true}]}}