{"id":159,"date":"2024-04-03T23:32:24","date_gmt":"2024-04-03T20:32:24","guid":{"rendered":"https:\/\/sisu.ut.ee\/keskkond\/kkk-kaunis-kodune-kanepi\/"},"modified":"2024-04-03T23:39:05","modified_gmt":"2024-04-03T20:39:05","slug":"kkk-kaunis-kodune-kanepi","status":"publish","type":"page","link":"https:\/\/sisu.ut.ee\/keskkond\/kkk-kaunis-kodune-kanepi\/","title":{"rendered":"KKK- Kaunis Kodune Kanepi"},"content":{"rendered":"<p><strong>Kanepi lasteaed<\/strong><\/p>\n<p>Koostajad: Eha S\u00f6\u00f6t, Kai Lilleoja, Sirje Loodus-Timmi, Riina Reest<\/p>\n<p><em>Projekti t\u00e4isnimi:<\/em> <strong>KKK \u2013 Kaunis Kodune Kanepi<\/strong><strong><\/strong><\/p>\n<p><em>Projekti kestus:<\/em> 2014 aasta<\/p>\n<p><em>Projekti eesm\u00e4rk:<\/em><\/p>\n<ul>\n<li>l\u00e4hi\u00fcmbruse eluskeskkonnaga tutvumine<\/li>\n<li>j\u00e4tkusuutliku maaeluga tutvumine<\/li>\n<li>erinevate valdkondade l\u00f5imimine<\/li>\n<li>keskkonnateadlikkuse t\u00f5stmine<\/li>\n<li>huvi tekitamine<\/li>\n<li>kogukonna\u00fchtsuse loomine<\/li>\n<li>laste teadmiste kinnistamine<\/li>\n<\/ul>\n<p><em>Projekti kirjeldus:<\/em> KKK projekti on kaasatud Kanepi ja P\u00f5lgaste lasteaedade lapsed, lapsevanemad, k\u00f5ik t\u00f6\u00f6tajad ja kogukond. Projekti sisu on seotud lastele taluelu tutvustamisega, looduses toimuva m\u00e4rkamisega ning kasutatud asjadele uue rakenduse leidmisega.<\/p>\n<p><em>Teemad<\/em>: maaelu, taaskasutus, kogemuse kaudu \u00f5ppimine<\/p>\n<p><em>Sihtr\u00fchm:<\/em> lasteaed<\/p>\n<p>\u00a0 <img loading=\"lazy\" decoding=\"async\" width=\"269\" height=\"222\" class=\"alignnone wp-image-636\" src=\"https:\/\/sisu.ut.ee\/wp-content\/uploads\/sites\/107\/janes2.jpg\" title=\"janes2.jpg\" alt=\"janes2.jpg\">\u00a0 <img loading=\"lazy\" decoding=\"async\" width=\"289\" height=\"215\" class=\"alignnone wp-image-632\" src=\"https:\/\/sisu.ut.ee\/wp-content\/uploads\/sites\/107\/jalje.jpg\" title=\"jalje.jpg\" alt=\"jalje.jpg\"> <img loading=\"lazy\" decoding=\"async\" width=\"287\" height=\"175\" class=\"alignnone wp-image-637\" src=\"https:\/\/sisu.ut.ee\/wp-content\/uploads\/sites\/107\/oued.jpg\" title=\"oued.jpg\" alt=\"oued.jpg\"><\/p>\n\n<p><strong>\u00a0 I. <\/strong><strong>ENNE T\u00d6\u00d6, SIIS PIDU!\u201c <\/strong><\/p>\n<p><em>Eesm\u00e4rgid:<\/em><\/p>\n<ul>\n<li>Laps teab talu k\u00fclastamise j\u00e4rel, et seal elavad peremees, perenaine, taluloomad, talulinnud.<\/li>\n<li>4\u20135aastane laps oskab nimetada taluloomi,<\/li>\n<li>tunneb neilt saadavat toodangut ning<\/li>\n<li>oskab t\u00e4iskasvanu juhendamisel ise villaseepi valmistada.<\/li>\n<\/ul>\n<p><em>Tegevusele kuluv aeg: <\/em>1,5\u20132 tundi<\/p>\n<p><em>L\u00f5iming:<\/em> Mina ja Keskkond, Liikumine, Keel ja K\u00f5ne, Kunst<\/p>\n<p><em>\u00d5ppevahendid:<\/em> seep, villaloor, vesi<\/p>\n<p><em>Tegevuse kirjeldus:<\/em><\/p>\n<ul>\n<li>Kohalikku talu kaasates saavad lapsed vahetus keskkonnas kokku puutuda seal elavate loomade, lindude ning inimestega.<\/li>\n<li>Talu\u00f5uel liikudes tutvustab kohalik elanik talu ajalugu (puud, hooned), majandust (taluaed, talutoodang), loodust.<\/li>\n<li>Laps tunneb \u00e4ra \u00f5uel olevad puud, v\u00f5rdleb nende lehti.<\/li>\n<li>Laudas ringk\u00e4igul olles tutvub laps j\u00e4neste, hobuste, lammaste, kitsede, kanadega.<\/li>\n<li>Looma- ja linnunimede kinnistamiseks m\u00f5eldakse \u00fchiselt j\u00e4nestele nimesid, otsitakse pesadest kanamune ning katsutakse sooja muna, j\u00e4ljendatakse hobuse, kitse, lamba h\u00e4\u00e4lt, galopeeritakse nagu hobused, katsutakse villa.<\/li>\n<li>Ringk\u00e4igu l\u00f5petuseks valmistab iga laps isikliku villaseebi.<\/li>\n<\/ul>\n<p><em>Kogemused tegevuse kohta:<\/em><\/p>\n<p>\u00d5ppeprotsess vahetus keskkonnas tekitab:<\/p>\n<ul>\n<li>paremaid seoseid (vill \u2013 l\u00f5ng \u2013 kinnas),<\/li>\n<li>rohkem k\u00fcsimusi (miks on osa villa krussis? jne)<\/li>\n<li>suuremat huvi uute teadmiste vastu (kui lambaid ei ole, kust siis villa saab?)<\/li>\n<\/ul>\n<p>Tekivad teadmised loomadelt saadava kasutamise kohta.<\/p>\n<ul>\n<li>Piim \u2013 toiduks, nt kohupiimaks, juustuks;<\/li>\n<li>Munad \u2013 toiduks;<\/li>\n<li>Liha \u2013 toiduks;<\/li>\n<li>Vill \u2013 l\u00f5ngaks, vildiks, seebi\u00fcmbriseks<\/li>\n<\/ul>\n<p><img loading=\"lazy\" decoding=\"async\" width=\"248\" height=\"206\" class=\"alignnone wp-image-633\" src=\"https:\/\/sisu.ut.ee\/wp-content\/uploads\/sites\/107\/pilt1-4.jpg\" title=\"pilt1.jpg\" alt=\"pilt1.jpg\">\u00a0\u00a0\u00a0\u00a0\u00a0\u00a0 <img loading=\"lazy\" decoding=\"async\" width=\"243\" height=\"199\" class=\"alignnone wp-image-634\" src=\"https:\/\/sisu.ut.ee\/wp-content\/uploads\/sites\/107\/pilt2-4.jpg\" title=\"pilt2.jpg\" alt=\"pilt2.jpg\">\u00a0\u00a0 \u00a0 \u00a0 <img loading=\"lazy\" decoding=\"async\" width=\"249\" height=\"201\" class=\"alignnone wp-image-635\" src=\"https:\/\/sisu.ut.ee\/wp-content\/uploads\/sites\/107\/pilt3-4.jpg\" title=\"pilt3.jpg\" alt=\"pilt3.jpg\">\u00a0\u00a0 <img loading=\"lazy\" decoding=\"async\" width=\"254\" height=\"203\" class=\"alignnone wp-image-638\" src=\"https:\/\/sisu.ut.ee\/wp-content\/uploads\/sites\/107\/pilt4-4.jpg\" title=\"pilt4.jpg\" alt=\"pilt4.jpg\">\u00a0 \u00a0<\/p>\n<p>\u00a0 <strong>II \u201eH\u00c4ID LAMBAID MAHUB PALJU \u00dcHTE LAUTA\u201c<\/strong><\/p>\n<p><em>Eesm\u00e4rgid:<\/em><\/p>\n<ul>\n<li>5\u20136aastane laps teab lamba t\u00e4htsust k\u00e4sit\u00f6\u00f6s.<\/li>\n<li>Oskab nimetada p\u00fcgamisele j\u00e4rgnevaid protsesse (villa pesu, kraasimine, ketramine, l\u00f5nga valmistamine, kudumine).<\/li>\n<li>Tunneb \u00e4ra levinumaid rahvuslikke motiive (kaheksakand, kassik\u00e4pp, kirbukiri, k\u00e4rbsekiri jne).<\/li>\n<li>Oskab laulda lihtsa viisiga regilaulu (\u201eP\u00e4\u00e4v\u00e4k tule v\u00e4ll\u00e4\u2026\u201c).<\/li>\n<\/ul>\n<p><em>Tegevusele kuluv aeg:<\/em> 2\u20133 tundi<\/p>\n<p><em>L\u00f5iming:<\/em> Mina ja Keskkond, Keel ja k\u00f5ne, Kunst, Muusika<\/p>\n<p><em>\u00d5ppevahendid:<\/em> Villane looduslikult v\u00e4rvitud l\u00f5ng.<\/p>\n<p><em>Tegevuse kirjeldus:<\/em><\/p>\n<ul>\n<li>Talu perenaine n\u00e4itab ja laseb lastel katsuda ning nuusutada villa eri t\u00f6\u00f6tlemisj\u00e4rgul.<\/li>\n<li>Lapsed saavad m\u00f5istatada, missugune on pestud vill, missugune pesemata, kuidas nad l\u00f5hnavad ja katsudes tunduvad.<\/li>\n<li>Saadakse esialgsed teadmised villa kraasimisest ning ketramisest.<\/li>\n<li>Lastel on v\u00f5imalus seda t\u00f6\u00f6d ise proovida.<\/li>\n<\/ul>\n<p>Olles osa Vana-V\u00f5rumaast, tutvustatakse ning lauldakse \u00fchiselt v\u00f5rokeelset regilaulu \u201eP\u00e4\u00e4vak\u201c s\u00f5nadega:<\/p>\n<p>P\u00e4\u00e4v\u00e4k tule v\u00e4ll\u00e4,<\/p>\n<p>vihmak, mine \u00fcle,<\/p>\n<p>vii aga vihma Virumaale,<\/p>\n<p>saada sadu Saaremaale,<\/p>\n<p>annan sulle kakku,<\/p>\n<p>liha panen sisse,<\/p>\n<p>v\u00f5id m\u00e4\u00e4rin peale<\/p>\n<p><img loading=\"lazy\" decoding=\"async\" width=\"251\" height=\"205\" class=\"alignnone wp-image-639\" src=\"https:\/\/sisu.ut.ee\/wp-content\/uploads\/sites\/107\/lammas-2.jpg\" title=\"lammas.jpg\" alt=\"lammas.jpg\">\u00a0\u00a0 <img loading=\"lazy\" decoding=\"async\" width=\"257\" height=\"207\" class=\"alignnone wp-image-640\" src=\"https:\/\/sisu.ut.ee\/wp-content\/uploads\/sites\/107\/long.jpg\" title=\"long.jpg\" alt=\"long.jpg\"><img loading=\"lazy\" decoding=\"async\" width=\"263\" height=\"213\" class=\"alignnone wp-image-641\" src=\"https:\/\/sisu.ut.ee\/wp-content\/uploads\/sites\/107\/vill.jpg\" title=\"vill.jpg\" alt=\"vill.jpg\"><\/p>\n\n<p><strong>III\u00a0 \u201eVALGES VAIBAS MUSTER SEES\u201c<\/strong><\/p>\n<p><em>Eesm\u00e4rgid:<\/em><\/p>\n<ul>\n<li>5\u20136aastane laps oskab looduses k\u00e4ies m\u00e4rgata loomade j\u00e4lgi.<\/li>\n<li>nimetada talvel tegutsevaid metsloomi,<\/li>\n<li>oskab kirjeldada j\u00e4lje kuju<\/li>\n<\/ul>\n<p><em>Tegevusele kuluv aeg:<\/em> metsas u 1 tund, r\u00fchmas kinnistamiseks 2 p\u00e4eva<\/p>\n<p><em>L\u00f5iming:<\/em> Mina ja keskkond, Kunst, Keel ja K\u00f5ne, Liikumine, Matemaatika<\/p>\n<p><em>\u00d5ppevahendid:<\/em> Fotoaparaat, arvuti, paber, joonistusvahendid, k\u00e4\u00e4rid, liim, klambril\u00f6\u00f6ja, ajakirjad<\/p>\n<p><em>Tegevuse kirjeldus:<\/em><\/p>\n<ul>\n<li>Sihiteadlikult matkatakse l\u00e4hedalasuvasse metsa, uurimaks, missugused loomad meie l\u00e4hedal liiguvad.<\/li>\n<li>Lapsed otsivad innukalt erinevaid loomaj\u00e4lgi, need fotografeeritakse ning m\u00f5\u00f5detakse k\u00e4ep\u00e4raste vahenditega.<\/li>\n<li>Lapsed omandavad teadmise, et m\u00f5\u00f5tmisprotsessi saab l\u00e4bi viia ka teisiti kui ainult joonlaua v\u00f5i m\u00f5\u00f5dulindiga.<\/li>\n<li>Lisanduvad m\u00f5isted: <em>s\u00f5rmepikkus, k\u00e4mblalaius<\/em>.<\/li>\n<li>Iga laps saab m\u00f5\u00f5ta \u00fche looma j\u00e4lje ning tema pikkuse\/laiuse meelde j\u00e4tta, et hiljem r\u00fchmas \u00f5petaja abiga \u00e4ra arvutada tegelik j\u00e4lje suurus, m\u00f5\u00f5tes siis omakorda lapse s\u00f5rme\/k\u00e4mmalt.<\/li>\n<\/ul>\n<p>Kogetu kinnistamiseks:<\/p>\n<ul>\n<li>vaadatakse arvutist \u00fcle j\u00e4ljed, mida \u00f5nnestus matka ajal n\u00e4ha,<\/li>\n<li>v\u00f5rreldakse neid erinevate teatmike piltidega,<\/li>\n<li>koostatakse isiklik \u201eJ\u00e4ljeraamat\u201c<\/li>\n<\/ul>\n<p>T\u00f6\u00f6k\u00e4ik:<\/p>\n<ul>\n<li>A4 paber volditakse pooleks,<\/li>\n<li>igale poolele joonistatakse n\u00e4htud loomaj\u00e4lg,<\/li>\n<li>j\u00e4lje juurde kirjutatakse looma nimetus,<\/li>\n<li>ajakirjast otsitakse juurde vastava looma foto,<\/li>\n<li>foto l\u00f5igatakse v\u00e4lja ja kleebitakse oma j\u00e4ljeraamatusse.<\/li>\n<li>Raamatule tehakse v\u00e4rvilisest paberist kaaned,<\/li>\n<li>erinevad lehed klammerdatakse kokku,<\/li>\n<li>kaaneosa kaunistatakse vastavalt oma soovile<\/li>\n<\/ul>\n<p>\u00a0<img loading=\"lazy\" decoding=\"async\" width=\"272\" height=\"218\" class=\"alignnone wp-image-642\" src=\"https:\/\/sisu.ut.ee\/wp-content\/uploads\/sites\/107\/lumi.jpg\" title=\"lumi.jpg\" alt=\"lumi.jpg\">\u00a0<img loading=\"lazy\" decoding=\"async\" width=\"309\" height=\"246\" class=\"alignnone wp-image-643\" src=\"https:\/\/sisu.ut.ee\/wp-content\/uploads\/sites\/107\/rebane.jpg\" title=\"rebane.jpg\" alt=\"rebane.jpg\" srcset=\"https:\/\/sisu.ut.ee\/wp-content\/uploads\/sites\/107\/rebane.jpg 309w, https:\/\/sisu.ut.ee\/wp-content\/uploads\/sites\/107\/rebane-300x239.jpg 300w\" sizes=\"auto, (max-width: 309px) 100vw, 309px\"> \u00a0<img loading=\"lazy\" decoding=\"async\" width=\"310\" height=\"251\" class=\"alignnone wp-image-644\" src=\"https:\/\/sisu.ut.ee\/wp-content\/uploads\/sites\/107\/loomad.jpg\" title=\"loomad.jpg\" alt=\"loomad.jpg\" srcset=\"https:\/\/sisu.ut.ee\/wp-content\/uploads\/sites\/107\/loomad.jpg 310w, https:\/\/sisu.ut.ee\/wp-content\/uploads\/sites\/107\/loomad-300x243.jpg 300w\" sizes=\"auto, (max-width: 310px) 100vw, 310px\"><\/p>\n<p><strong>IV<\/strong> <strong>ISADEP\u00c4EV \u2013 \u201e\u00dcHTSUSES PEITUB J\u00d5UD\u201c<\/strong><\/p>\n<p><em>Eesm\u00e4rgid:<\/em><\/p>\n<ul>\n<li>Kasututest autorehvidest kasulike \u00f5ueatraktsioonide meisterdamine.<\/li>\n<li>\u00a02\u20137aastaste laste \u00f5uetegevuste mitmekesistamine.<\/li>\n<\/ul>\n<p><em>Tegevusele kuluv aeg:<\/em> planeerimiseks ning kavandamiseks 2 n\u00e4dalat, valmistamiseks 2 tundi<\/p>\n<p><em>L\u00f5iming:<\/em> Mina ja Keskkond, Matemaatika, Liikumine, Kunst<\/p>\n<p><em>\u00d5ppevahendid: <\/em>autorehvid, labidad, liiv, k\u00e4rud<\/p>\n<p><em>Tegevuse kirjeldus:<\/em><\/p>\n<ul>\n<li>Paremate m\u00e4nguv\u00f5imaluste loomiseks kasutatakse kasutuks j\u00e4\u00e4nud autorehve erinevate atraktsioonide meisterdamiseks.<\/li>\n<li>Planeerimisel ja kavandamisel v\u00f5etakse \u00fchendust \u00fcmberkaudsete ettev\u00f5tjatega, et lasteaia territooriumile saabuksid autorehvid ja liiv nende kinnitamiseks.<\/li>\n<li>Personali hulgas tehakse ajur\u00fcnnak m\u00e4nguvahendite paigutuse ja v\u00e4ljan\u00e4gemise osas.<\/li>\n<li>Ehitustegevus planeeritakse isadep\u00e4eva n\u00e4dalasse, et lapsed saaksid koos vanematega lasteaia territooriumit elavdada, \u00fcksteise tuge tunda ning koostegemist nautida.<\/li>\n<li>Koos kaevatakse augud, paigaldatakse kummid ning kinnitatakse need liivaga.<\/li>\n<li>Lapsed omandavad esmased ehitusalased teadmised. Rehvide loendamise ja kaunistamisega tegeledes saadakse osa matemaatikast ning kunstist.<\/li>\n<li>Eelnevalt r\u00e4\u00e4givad \u00f5petajad lastele rehvide taaskasutamise v\u00f5imalustest.<\/li>\n<li>\u00dchise tegevuse kaudu tugevneb kogukonna koost\u00f6\u00f6 ning suurenevad laste m\u00e4nguv\u00f5imalused, areneb ronimis- ning roomamisoskus ja kiirus.<\/li>\n<\/ul>\n<p><em>Kogemused tegevuse kohta:<\/em><\/p>\n<p>\u00dchtne kogukond on kasulik<\/p>\n<ul>\n<li>lapsevanematele,<\/li>\n<li>lastele,<\/li>\n<li>teistele kohalikele elanikele.<\/li>\n<\/ul>\n<p>\u00dchiselt tegutsedes tekib kuuluvustunne ja paranevad suhted.<\/p>\n<p><img loading=\"lazy\" decoding=\"async\" width=\"292\" height=\"220\" class=\"alignnone wp-image-645\" src=\"https:\/\/sisu.ut.ee\/wp-content\/uploads\/sites\/107\/ou1jpg.jpg\" title=\"ou1jpg.jpg\" alt=\"ou1jpg.jpg\"> <img loading=\"lazy\" decoding=\"async\" width=\"293\" height=\"220\" class=\"alignnone wp-image-646\" src=\"https:\/\/sisu.ut.ee\/wp-content\/uploads\/sites\/107\/ou2.jpg\" title=\"ou2.jpg\" alt=\"ou2.jpg\"> <img loading=\"lazy\" decoding=\"async\" width=\"290\" height=\"214\" class=\"alignnone wp-image-647\" src=\"https:\/\/sisu.ut.ee\/wp-content\/uploads\/sites\/107\/ou3.jpg\" title=\"ou3.jpg\" alt=\"ou3.jpg\"><\/p>\n","protected":false},"excerpt":{"rendered":"<p>Kanepi lasteaed Koostajad: Eha S\u00f6\u00f6t, Kai Lilleoja, Sirje Loodus-Timmi, Riina Reest Projekti t\u00e4isnimi: KKK \u2013 Kaunis Kodune Kanepi Projekti kestus: 2014 aasta Projekti eesm\u00e4rk: l\u00e4hi\u00fcmbruse eluskeskkonnaga tutvumine j\u00e4tkusuutliku maaeluga tutvumine erinevate valdkondade l\u00f5imimine keskkonnateadlikkuse t\u00f5stmine huvi tekitamine kogukonna\u00fchtsuse loomine laste &#8230;<\/p>\n","protected":false},"author":42,"featured_media":0,"parent":0,"menu_order":0,"comment_status":"closed","ping_status":"closed","template":"","meta":{"_acf_changed":false,"inline_featured_image":false,"footnotes":""},"class_list":["post-159","page","type-page","status-publish","hentry"],"acf":[],"_links":{"self":[{"href":"https:\/\/sisu.ut.ee\/keskkond\/wp-json\/wp\/v2\/pages\/159","targetHints":{"allow":["GET"]}}],"collection":[{"href":"https:\/\/sisu.ut.ee\/keskkond\/wp-json\/wp\/v2\/pages"}],"about":[{"href":"https:\/\/sisu.ut.ee\/keskkond\/wp-json\/wp\/v2\/types\/page"}],"author":[{"embeddable":true,"href":"https:\/\/sisu.ut.ee\/keskkond\/wp-json\/wp\/v2\/users\/42"}],"replies":[{"embeddable":true,"href":"https:\/\/sisu.ut.ee\/keskkond\/wp-json\/wp\/v2\/comments?post=159"}],"version-history":[{"count":1,"href":"https:\/\/sisu.ut.ee\/keskkond\/wp-json\/wp\/v2\/pages\/159\/revisions"}],"predecessor-version":[{"id":953,"href":"https:\/\/sisu.ut.ee\/keskkond\/wp-json\/wp\/v2\/pages\/159\/revisions\/953"}],"wp:attachment":[{"href":"https:\/\/sisu.ut.ee\/keskkond\/wp-json\/wp\/v2\/media?parent=159"}],"curies":[{"name":"wp","href":"https:\/\/api.w.org\/{rel}","templated":true}]}}