{"id":152,"date":"2024-04-03T23:32:24","date_gmt":"2024-04-03T20:32:24","guid":{"rendered":"https:\/\/sisu.ut.ee\/keskkond\/arukula-minu-kodukoht\/"},"modified":"2024-04-03T23:39:06","modified_gmt":"2024-04-03T20:39:06","slug":"arukula-minu-kodukoht","status":"publish","type":"page","link":"https:\/\/sisu.ut.ee\/keskkond\/arukula-minu-kodukoht\/","title":{"rendered":"Aruk\u00fcla- minu kodukoht"},"content":{"rendered":"<p style=\"text-align: left\" class=\"Standard\" align=\"right\">Keskkonna ja s\u00e4\u00e4stva arengu teema l\u00f5imimisest \u00f5ppe- ja kasvatustegevusse koolieelses lasteasutuses<\/p>\n<p style=\"text-align: left\" class=\"Standard\" align=\"right\"><strong>Aruk\u00fcla lasteaed Rukkilill<\/strong><\/p>\n<p style=\"text-align: left\" class=\"Standard\" align=\"right\">Koostasid: Marika Sepp, Ruta Allika, Anu Heinloo, Mare Jutta<\/p>\n<p style=\"text-align: left\" class=\"Standard\" align=\"center\">2014<\/p>\n<p class=\"Standard\">Projekti teema:\u00a0\u00a0\u00a0\u00a0\u00a0\u00a0\u00a0\u00a0\u00a0\u00a0\u00a0 <strong>Aruk\u00fcla \u2013 minu kodukoht<\/strong><\/p>\n<p class=\"Standard\">Projekti selgitus:\u00a0\u00a0\u00a0\u00a0\u00a0\u00a0\u00a0\u00a0\u00a0 Aitab lastel laiendada teadmisi oma kodukandi kohta. Soovime luua \u00f5pperada.<\/p>\n<p class=\"Standard\">Projekti eesm\u00e4rk:\u00a0\u00a0\u00a0\u00a0\u00a0\u00a0\u00a0\u00a0 \u00d5ues\u00f5pet kasutades \u00f5pivad lapsed tundma oma kodukoha loodust, kultuuri ja inimeste tegevust.<\/p>\n<p class=\"Standard\">Projekti kestvus:\u00a0\u00a0\u00a0\u00a0\u00a0\u00a0\u00a0\u00a0\u00a0 september 2015 \u2013 mai 2016<\/p>\n<p class=\"Standard\">M\u00f5ju keskkonnale: \u00a0\u00a0\u00a0\u00a0 M\u00f5ju on keskkonnas\u00f5bralik, sest aitab kaasa loodusharidusele ja\u00a0 keskkonnas\u00f5bralikule k\u00e4itumisele.<\/p>\n<p class=\"Standard\">Partnerid:\u00a0\u00a0\u00a0\u00a0\u00a0\u00a0\u00a0\u00a0\u00a0\u00a0\u00a0\u00a0\u00a0\u00a0\u00a0\u00a0\u00a0\u00a0\u00a0 Hellema talu perenaine, Aruk\u00fcla Huvialakeskus P\u00e4\u00e4sulind, Aruk\u00fcla Lasteaed\u00a0 Rukkilille lapsed ja teised meeskonnaliikmed, lapsevanemad.<\/p>\n<p style=\"text-align: left\" class=\"Standard\" align=\"center\"><span style=\"color: #008000\"><strong>Lapsed<\/strong> <strong>k\u00fcpsetavad Hellema talus leiba<\/strong><\/span><\/p>\n<p class=\"Standard\"><strong>Tegevuse eesm\u00e4rgid:<\/strong> Lapsed tutvuvad eri teraviljadega, saavad teadmisi leivavalmistamise kohta, laiendavad oma teadmisi p\u00f5llut\u00f6\u00f6masinatest.<\/p>\n<p class=\"Standard\"><strong>Tegevusele kuluv aeg:<\/strong> 1\u20132 h.<\/p>\n<p class=\"Standard\"><strong>L\u00f5iming:<\/strong> Mina ja keskkond. Keel ja k\u00f5ne. Matemaatika. Liikumine. Muusika.<\/p>\n<p class=\"Standard\"><strong>\u00d5ppevahendid: <\/strong>Hellema talus n\u00e4idatakse eri leiva- ja saiatooteid, juuretist, leivak\u00fcpsetamist, v\u00f5id.<\/p>\n<p class=\"Standard\"><strong><\/strong>ETTEVALMISTUS TEGEVUSEKS<\/p>\n<p class=\"Standard\">\u00d5petaja lepib talu perenaisega kokku p\u00e4eva, millal ta on valmis lapsi vastu v\u00f5tma. Uurib, milliseid masinaid ja t\u00f6id saab vaadata. Varub eri saia- ja leivatooteid ja topsikuid. Talusse l\u00e4heb \u00fcks r\u00fchm korraga. \u00d5petaja ja talu perenaine vaatavad, kas talu \u00f5uealal on olemas k\u00f5ik m\u00f5istatuste lahendused.<\/p>\n<p class=\"Standard\">TEGEVUSED HELLEMA TALUS <br> M\u00f5istatuste lahendamine. K\u00f5ige p\u00f5nevam on seda teha nii, et lapsed otsivad m\u00f5istatuste lahendusi talu \u00fcmbrusest. (Keel ja k\u00f5ne. Liikumine)<\/p>\n<p class=\"Standard\">Milline pea ei m\u00f5tle? (Viljapea, tuulepea)<\/p>\n<p class=\"Standard\">L\u00f5ikab, peksab m\u00fcrinaga? (Kombain)<\/p>\n<p class=\"Standard\">Hall h\u00e4rg, auk seljas. (K\u00e4sikivi)\u00a0\u00a0\u00a0\u00a0\u00a0\u00a0\u00a0\u00a0\u00a0\u00a0\u00a0\u00a0\u00a0\u00a0\u00a0\u00a0\u00a0\u00a0\u00a0\u00a0\u00a0\u00a0\u00a0\u00a0\u00a0\u00a0\u00a0\u00a0\u00a0\u00a0\u00a0\u00a0\u00a0\u00a0\u00a0\u00a0\u00a0\u00a0\u00a0\u00a0\u00a0\u00a0\u00a0\u00a0\u00a0\u00a0\u00a0\u00a0\u00a0\u00a0\u00a0\u00a0\u00a0\u00a0\u00a0\u00a0\u00a0\u00a0\u00a0\u00a0\u00a0\u00a0\u00a0\u00a0\u00a0\u00a0\u00a0\u00a0\u00a0\u00a0<\/p>\n<p class=\"Standard\">Lamab lumeteki all,<br> aga k\u00fclm ei ole tal.<br> Saabub kevad, unest virgub,<br> mehe pikkuseks siis sirgub.<br> Voogab tuules nagu meri,<br> pea t\u00e4is kullakarva teri. (Rukis)<\/p>\n<p class=\"Standard\">Laut lambaid t\u00e4is, \u00fchelgi pole saba taga. (Leivad ahjus)<\/p>\n<p class=\"Standard\">Must r\u00e4tt, rohelised \u00e4\u00e4red. (\u00dclesk\u00fcntud p\u00f5ld)<\/p>\n<p class=\"Standard\">Leivatoodete maitsmine<em><span style=\"text-decoration: underline\"><br> <\/span><\/em>Nuusuta, kuidas l\u00f5hnavad leib, sai, k\u00fcpsised, makaronid jms. Milline l\u00f5hn sulle k\u00f5ige rohkem meeldib? Maitse. Arva, mis toode on?\u00a0 (Keel ja k\u00f5ne)<\/p>\n<p> T\u00f6\u00f6riistade ja masinate vaatlemine. Hellema talus on erinevaid traktoreid ja kombain. Talu k\u00f5rval on p\u00f5ld, kus saab vaadata masinaid t\u00f6\u00f6tamas. (Keel ja k\u00f5ne. Matemaatika)<\/p>\n<p> Leivateo vaatamine. Perenaisel on kodus leivak\u00fcpsetusahi. Sel ajal, kui leib k\u00fcpseb, r\u00e4\u00e4gib ta oma kodu ajaloost. Hellema talu on talu-muuseum. (Mina ja keskkond)<\/p>\n<p class=\"Standard\">Sel ajal, kui leib ahjus k\u00fcpseb, m\u00e4ngivad lapsed L\/m \u201eMe l\u00e4hme rukist l\u00f5ikama\u201c (<a href=\"http:\/\/www.youtube.com\/watch?v=1wpPNm5FLKc#t=11\">http:\/\/www.youtube.com\/watch?v=1wpPNm5FLKc#t=11<\/a>) (Keel ja k\u00f5ne. Muusika. Liikumine)<\/p>\n<p style=\"text-align: left\" class=\"Standard\" align=\"center\">Me l\u00e4hme rukist l\u00f5ikama, <br> kes tuleb vihku k\u00f6itma? <br> Kas, armas s\u00f5ber, <br> tahad sa ka meie seltsi heita? <br> Mina otsin ja sina otsid, <br> mis puutuks meile silma, <br> mina leidsin ja sina leidsid, <br> kes hooletu, j\u00e4\u00e4b ilma. <\/p>\n<p> Me l\u00e4hme lina kitkuma, <br> kes hakkab linu k\u00f6itma? <br> Kas, armas s\u00f5ber, <br> tahad sa ka meie seltsi heita? <br> :,:Mina otsin ja sina otsid, <br> mis puutuks meile silma, <br> mina leidsin ja sina leidsid, <br> kes hooletu, j\u00e4\u00e4b ilma.:,: <\/p>\n<p> Me l\u00e4hme heina tegema, <br> kes hakkab loogu v\u00f5tma? <br> Kas, armas s\u00f5ber, <br> tahad sa ka meie seltsi heita? <br> :,:Mina otsin ja sina otsid, <br> mis puutuks meile silma, <br> mina leidsin ja sina leidsid, <br> kes hooletu, j\u00e4\u00e4b ilma.:,:<\/p>\n<p class=\"Standard\">Kui leib on valmis, ongi aeg seda maitsta.<em><span style=\"text-decoration: underline\"><br> <\/span><\/em>Tegevused r\u00fchmaruumis.<\/p>\n<p class=\"Standard\">Muusikatunnis \u00f5pime L. Veevo laulu \u201eLeib\u201c. M\u00e4ngime laulum\u00e4ngu \u201eMe l\u00e4hme rukist l\u00f5ikama\u201c. Kunsti\u00f5petuses voolivad lapsed soolataignast jahutooteid, hiljem k\u00fcpsetavad ja v\u00e4rvivad need \u00e4ra. Valmistame koos lastega leivast leivamaiust. (Klaasi leivapuru, hapukoor ja suhkur.)<\/p>\n<p class=\"Standard\">Matemaatika: \u00d5\/m \u201eSaiad korvis\u201c (eri saiatooted soolataignast) \u2013 lapsed r\u00fchmitavad, loendavad ja v\u00f5rdlevad hulki). \u00d5\/m \u201eKaalume esemeid\u201c \u2013 lapsed tutvuvad m\u00f5istetega <em>kilogramm<\/em> ja <em>liiter<\/em>.<\/p>\n<p class=\"Standard\">Keel ja k\u00f5ne: lapsed koostavad \u00fchiselt etteantud riimuvatest s\u00f5nadest luuletuse. Lapsed koostavad m\u00f5nelauselise jutu.<\/p>\n<p class=\"Standard\"><strong>Lasteaia kogemusi tegevusega seoses:<\/strong> Selles talus on ka varem k\u00fclas k\u00e4idud. Lasteaias korraldatakse leivan\u00e4dalat.<\/p>\n<p style=\"text-align: left\" class=\"Standard\" align=\"center\"><span style=\"color: #008000\"><strong>Lapsed tutvuvad hi<\/strong><strong>idrahnuga<\/strong><\/span><\/p>\n<p class=\"Standard\"><strong>Tegevuse eesm\u00e4rgid: <\/strong>Lapsed tutvuvad kodukohas asuvate hiidrahnudega.<\/p>\n<p class=\"Standard\"><strong>Tegevusele kuluv aeg: <\/strong>1,5\u20132 h.<\/p>\n<p class=\"Standard\"><strong>L\u00f5iming:<\/strong> Mina ja Keskkond. Keel ja k\u00f5ne. Matemaatika. Liikumine. Muusika. Kunst.<\/p>\n<p class=\"Standard\"><strong>\u00d5ppevahendid:<\/strong> Hiidrahnu juures \u2013 v\u00e4ikesed kivid (kaks kivi igale lapsele), vanemate laste puhul m\u00f5\u00f5dulint; r\u00fchmaruumis \u2013 akr\u00fc\u00fclv\u00e4rvid, pintslid.<\/p>\n<p class=\"Standard\"><strong>Tegevuse kirjeldus:<br> <\/strong>ETTEVALMISTUS TEGEVUSEKS<br> \u00d5petaja kontrollib hiidrahnu \u00fcmbrust, vajadusel korrastab selle. Teel rahnu juurde korjavad lapsed kaks v\u00e4ikest kivi v\u00f5i v\u00f5tavad kaasa varem korjatud kivid. Lapsevanemad valmistavad koos lastega kodus v\u00f5ileibu.<\/p>\n<p class=\"Standard\">Hiidrahn on suuruselt kuues maapealne hiidrahn Eestis (360 m\u00b3). R\u00e4ndrahnu \u00fcmberm\u00f5\u00f5t on 35,2 meetrit ja k\u00f5rgus 6,2 meetrit.<\/p>\n<p class=\"Standard\">TEGEVUSED HIIDRAHNU JUURES<br> Rahnu \u00fcmberm\u00f5\u00f5du m\u00e4\u00e4ramine sammudega ja laste arvu j\u00e4rgi (lapsed moodustavad \u00fcmber rahnu ringi ja hoiavad k\u00e4test kinni). (Matemaatika)<\/p>\n<p class=\"Standard\">Vanemate laste puhul kasutatakse rahnu \u00fcmberm\u00f5\u00f5du m\u00f5\u00f5tmiseks m\u00f5\u00f5dulinti. Kui lapsed on m\u00f5\u00f5tmisega valmis, fikseeritakse tulemused paberile. (Meil on kolm rahnu).<br> <em><span style=\"text-decoration: underline\"><br> <\/span><\/em>R\u00fctmiharjutus kahe kivikesega. Lapsed koputavad j\u00e4rele \u00f5petaja r\u00fctmi. (Muusika)<\/p>\n<p> M\u00f5iste <em>kiviviske kaugusel<\/em> selgitamine \u2013 midagi asub nii kaugel, kui saab kiviga visata. (Keel ja k\u00f5ne)<br> Kaugusvise kiviga. K\u00f5rvaloleval aasal viskavad lapsed m\u00f5lema k\u00e4ega kive v\u00f5imalikult kaugele. (Liikumine)<\/p>\n<p class=\"Standard\">V\u00e4ike piknik hiidrahnu juures. Lapsed s\u00f6\u00f6vad omatehtud v\u00f5ileibu.<\/p>\n<p class=\"Standard\">Liikumism\u00e4ng \u201eKivikuju\u201c. <br> M\u00e4ngu kirjeldus.<\/p>\n<p class=\"Standard\">Kergem variant: \u00fcks lastest on m\u00e4ngujuht. Teised seisavad tema \u00fcmber u meetriste vahedega. M\u00e4ngujuht loeb salmi \u201eKeeruta, keeruta, keeruta, stopp\u201c. M\u00e4ngijad j\u00e4\u00e4vad vabalt valitud asendisse liikumatult seisma. M\u00e4ngujuht valib talle enim meeldinud kuju, kellest saab uus m\u00e4ngujuht.<br> Raskem variant: \u00fcks lastest on m\u00e4ngujuht. Teised seisavad tema \u00fcmber u meetriste vahedega. M\u00e4ngujuht loeb salmi \u201eKeeruta, keeruta, keeruta, stopp\u201c. M\u00e4ngijad j\u00e4\u00e4vad vabalt valitud asendisse liikumatult seisma. M\u00e4ngujuht k\u00e4ib iga kuju juures ning v\u00f5tmega keeramist imiteerides \u00e4ratab kuju ellu. Laps valib ise, millist liigutust tegema hakkab. Kui k\u00f5ik kujud on ellu \u00e4ratatud, keerab m\u00e4ngujuht k\u00f5ik \u00fckshaaval lukku tagasi. M\u00e4ngijad on j\u00e4lle liikumatus asendis. M\u00e4ngujuht valib uueks m\u00e4ngujuhiks lapse, kelle liigutused talle enim meeldisid. (Liikumine)<\/p>\n<p class=\"Standard\">Tegevus r\u00fchmaruumis. Kivikeste maalimine. Lapsed v\u00e4rvivad kivi akr\u00fc\u00fclv\u00e4rvidega.<\/p>\n<p class=\"Standard\">Lasteaia kogemusi tegevusega seoses: Hiidrahnude juures on k\u00e4idud matkamas.<\/p>\n<p style=\"text-align: left\" class=\"Standard\" align=\"center\"><span style=\"color: #008000\"><strong>Lapsed tutvuvad m\u00f5isahoone ja selle ajalooga<\/strong><\/span><\/p>\n<p class=\"Standard\"><strong>Tegevuse eesm\u00e4rgid:<\/strong> Hoone ja selle ajaloo tutvustamine \u2013 kes on siin elanud, mis siin varem on asunud, mis majas praegu toimub. Lapsed tutvuvad kandlem\u00e4ngu esimeste sammudega \u2013 s\u00f5rmitsemisega.<\/p>\n<p class=\"Standard\"><strong>Tegevusele kuluv aeg:<\/strong> 1\u20132 h<\/p>\n<p class=\"Standard\"><strong>L\u00f5iming: <\/strong>Mina ja Keskkond. Keel ja k\u00f5ne. Muusika. Kunst.<\/p>\n<p class=\"Standard\"><strong>\u00d5ppevahendid:<\/strong> Eri pillid<\/p>\n<p class=\"Standard\"><strong>Tegevuse kirjeldus:<\/strong><br> ETTEVALMISTUS TEGEVUSEKS<br> \u00d5petajale tutvumiseks: Aruk\u00fcla m\u00f5is asub ajaloolise Harju-Jaani kihelkonna maadel, n\u00fc\u00fcdses Aruk\u00fcla alevikus Raasiku vallas Harju maakonnas. Aruk\u00fcla m\u00f5is (Arrok\u00fcll) loodi 17. saj Raasiku m\u00f5isa k\u00f5rvalm\u00f5isana. 1726. a sai m\u00f5isaomanikuks Karl Gustav von Baranoff. Baranoffidele kuulus m\u00f5is kuni v\u00f5\u00f5randamiseni 1919. a. M\u00f5isa viimane omanik oli Peter von Baranoff. S\u00e4ilinud m\u00f5isahoone valmis 1820. aastatel \u00fchekorruselise pika klassitsistliku kivihoonena. Kelpkatusega hoonele lisasid ilmekust eenduvatel k\u00fclgrisaliitidel asuvad madalad kolmnurk-frontoonid. 19. ja 20. saj vahetuse paiku muudeti hoone v\u00e4liskuju, hoone keskosale lisati puidust teine korrus. M\u00f5isa s\u00fcdamest viis Lagedi-Peningi maanteele kaks alleed, mis olid teineteisega t\u00e4isnurga all. 1921. a alustas hoones tegevust kohalik kool. Aruk\u00fcla kool asus m\u00f5isahoones kuni 1978. aastani, mil aleviku keskel valmis uus koolimaja. 1992. a kolis Raasiku vallale kuuluvasse hoonesse Aruk\u00fcla Vaba Waldorfkool, mis jagab t\u00e4nap\u00e4evani m\u00f5isahoonet 1989. a loodud Aruk\u00fcla Huvialakeskusega P\u00e4\u00e4sulind. M\u00f5isa saalis korraldatakse kultuuri\u00fcritusi. S\u00e4ilinud on ka m\u00f5isa aida- ja tallihooned. Aruk\u00fcla alevik tekkis m\u00f5isast p\u00f5hja poole raudteejaama ja m\u00f5isat \u00fchendava tee \u00e4\u00e4rde.<\/p>\n<p class=\"Standard\">Lapsed saavad teadmisi kodukoha m\u00f5isahoone kohta, kus n\u00fc\u00fcd asuvad Aruk\u00fcla Vaba Waldorfkool ja Aruk\u00fcla Huvialakeskus P\u00e4\u00e4sulind.<br> TEGEVUSED<\/p>\n<p class=\"Standard\">Lapsed tutvuvad pillidega (akordion, v\u00e4ikekannel, rahvakannel, torupill). Muusikakooli \u00f5petaja tutvustab eri pille, millega saab m\u00e4ngida lihtsamaid tantsulugusid ja saata rahvalaule. Tutvutakse m\u00f5istetega <em>rahvalaul<\/em> ja <em>folkloor<\/em>. (Keel ja k\u00f5ne) Siin saavad lapsed ise proovida kannelt m\u00e4ngida. Kuulatakse muusikapala rahvakandlel. (Muusika)<\/p>\n<p class=\"Standard\">\u00d5ppem\u00e4ng \u201eKuula ja leia samasugune\u201c. Munakarbis on eri toiduainetega t\u00e4idetud \u00fcllatusmuna topsid. Topsid on paaris. Kaks topsi on t\u00fchjad, kahes on riis, kaer, sool, herned. Laps otsib kuulamise abil kaks \u00fchesugust heli tekitavat topsi. (Topsid v\u00f5ivad olla paariti \u00fchte v\u00e4rvi) (Muusika)<\/p>\n<p class=\"Standard\">Tegevused r\u00fchmaruumis. Koos \u00f5petajaga valmistatakse ka ise pill: eri mahus v\u00e4rvilise veega t\u00e4idetud pudelid tekitavad neile l\u00f6\u00f6misel erinevat heli. (8 klaaspudelit, mis on t\u00e4idetud eri v\u00e4rvi veega, veepiir on erinevatel k\u00f5rgustel, helitekitamiseks teelusikas.) (Kunst)<\/p>\n","protected":false},"excerpt":{"rendered":"<p>Keskkonna ja s\u00e4\u00e4stva arengu teema l\u00f5imimisest \u00f5ppe- ja kasvatustegevusse koolieelses lasteasutuses Aruk\u00fcla lasteaed Rukkilill Koostasid: Marika Sepp, Ruta Allika, Anu Heinloo, Mare Jutta 2014 Projekti teema:\u00a0\u00a0\u00a0\u00a0\u00a0\u00a0\u00a0\u00a0\u00a0\u00a0\u00a0 Aruk\u00fcla \u2013 minu kodukoht Projekti selgitus:\u00a0\u00a0\u00a0\u00a0\u00a0\u00a0\u00a0\u00a0\u00a0 Aitab lastel laiendada teadmisi oma kodukandi kohta. Soovime &#8230;<\/p>\n","protected":false},"author":42,"featured_media":0,"parent":0,"menu_order":0,"comment_status":"closed","ping_status":"closed","template":"","meta":{"_acf_changed":false,"inline_featured_image":false,"footnotes":""},"class_list":["post-152","page","type-page","status-publish","hentry"],"acf":[],"_links":{"self":[{"href":"https:\/\/sisu.ut.ee\/keskkond\/wp-json\/wp\/v2\/pages\/152","targetHints":{"allow":["GET"]}}],"collection":[{"href":"https:\/\/sisu.ut.ee\/keskkond\/wp-json\/wp\/v2\/pages"}],"about":[{"href":"https:\/\/sisu.ut.ee\/keskkond\/wp-json\/wp\/v2\/types\/page"}],"author":[{"embeddable":true,"href":"https:\/\/sisu.ut.ee\/keskkond\/wp-json\/wp\/v2\/users\/42"}],"replies":[{"embeddable":true,"href":"https:\/\/sisu.ut.ee\/keskkond\/wp-json\/wp\/v2\/comments?post=152"}],"version-history":[{"count":1,"href":"https:\/\/sisu.ut.ee\/keskkond\/wp-json\/wp\/v2\/pages\/152\/revisions"}],"predecessor-version":[{"id":960,"href":"https:\/\/sisu.ut.ee\/keskkond\/wp-json\/wp\/v2\/pages\/152\/revisions\/960"}],"wp:attachment":[{"href":"https:\/\/sisu.ut.ee\/keskkond\/wp-json\/wp\/v2\/media?parent=152"}],"curies":[{"name":"wp","href":"https:\/\/api.w.org\/{rel}","templated":true}]}}