{"id":148,"date":"2024-04-03T23:32:24","date_gmt":"2024-04-03T20:32:24","guid":{"rendered":"https:\/\/sisu.ut.ee\/keskkond\/lasteaia-lahiumbruses-uurimine-ja-oppimine\/"},"modified":"2024-04-03T23:39:06","modified_gmt":"2024-04-03T20:39:06","slug":"lasteaia-lahiumbruses-uurimine-ja-oppimine","status":"publish","type":"page","link":"https:\/\/sisu.ut.ee\/keskkond\/lasteaia-lahiumbruses-uurimine-ja-oppimine\/","title":{"rendered":"Lasteaia l\u00e4hi\u00fcmbruses uurimine ja \u00f5ppimine"},"content":{"rendered":"<p>Koostas K\u00fclli Kalamees- Pani<\/p>\n<p><strong>Teema: lasteaia l\u00e4hi\u00fcmbruses uurimine ja \u00f5ppimine 2014. a jaanuar kuni aprill<\/strong><\/p>\n<p>Juhendajad: K\u00fclli Kalamees-Pani ja Aivo Tamm<\/p>\n<p>T\u00dc loodusmuuseumi \u00f5ppeklass ja park<\/p>\n<p><strong>1. <\/strong><strong>Lindude mitmekesisus<\/strong><\/p>\n<p>Lindude tunnused ja kirjeldamine. Linnulaulud. Linnustiku liigirikkus ja elupaigad, lindude m\u00e4\u00e4raja, lindude v\u00e4li\u00f5pe pargis. Linnuvaatlused. Meetodid \u00f5ppeks lasteaias.<\/p>\n<p>Praktiline t\u00f6\u00f6: linnu kirjeldamine ja linnu kirjelduse j\u00e4rgi liigi \u00e4raarvamine.<\/p>\n<p>Linnuvaatlused pargis: lindude tundma\u00f5ppimine ja lindude uurimine Vanemuise pargis.<\/p>\n<p>M\u00e4\u00e4raja ja binokli kasutamine. Linnuvaatlus ja t\u00f6\u00f6lehe t\u00e4itmine.<\/p>\n<p>Linnu kirjeldamiseks tuleb vaadata j\u00e4rgmiseid tunnuseid:<\/p>\n<p>linnu suurus (varblase-, kuldnoka-, tuvi-, varese-, hane-, luigesuurune), p\u00f5hiv\u00e4rvus; pea v\u00e4rvus; selja ja k\u00f5hu v\u00e4rvus; noka kuju, v\u00e4rvus ja pikkus; jalgade kuju, v\u00e4rvus ja pikkus; muud tunnused (tutid, triibud, saba jm). Hea on t\u00e4hele panna linnu liikumisviisi ja k\u00e4itumist.<\/p>\n<p>Linnuvaatluste tegemisel tuleb kirja panna koht ja aeg ning vaatlejate nimed, linnuliigi nimi ja arv, panna kirja linnu asukoht ja tegevus. T\u00e4hele tasub panna laulu v\u00f5i ka kutseh\u00fc\u00fcdu. Hea on kirjeldada ka l\u00fchidalt linnu v\u00e4limust v\u00f5i teha foto.<\/p>\n<p>Pargis vaatlesime ja kuulasime erinevatel \u00f5ppep\u00e4evadel rasvatihast, sinitihast, salu-lehelindu, linav\u00e4strikku, rohevinti, metsvinti, kodutuvi, p\u00f5ld- ja koduvarblast, puukoristajat, hall- ja k\u00fcnnivarest, hakki, h\u00f5bekajakat, sinikael-parti. \u00dchel korral n\u00e4gime \u00fclelennul raudkulli.<\/p>\n<p>Abiks linnum\u00e4\u00e4raja: Elphick, J. \u201eLinnud\u201c, 2006 ja \u00f5ppekogumik: Kalamees-Pani, K., Runnel, R. \u201eLindude elupaigad\u201c, T\u00dc loodusmuuseum, 2013. \u00d5ppekogumik (sh t\u00f6\u00f6lehed) on k\u00e4ttesaadav T\u00dc loodusmuuseumi kodulehel <a href=\"http:\/\/www.natmuseum.ut.ee\">natmuseum.ut.ee<\/a>.<\/p>\n<p><strong>2.\u00a0 <\/strong><strong>Eesti imetajad ja nende j\u00e4ljed<\/strong><\/p>\n<p>Eesti imetajate liigid, eluviis ja \u00f6koloogia, arvukus, levik, jahindus ja kaitse. Meetodid \u00f5ppeks lasteaia \u00fcmbruses.<\/p>\n<p>Praktiline t\u00f6\u00f6: nahkade ja koljude vaatlus, tegevusj\u00e4ljed.<\/p>\n<p>Pargis j\u00e4ljevaatlus: koera, kassi ja varese j\u00e4ljed, j\u00e4lje suurus ja tunnused, sammuvahe m\u00e4\u00e4ramine.<\/p>\n<p>Abimaterjal t\u00f6\u00f6ks lasteaias: imetajate j\u00e4ljeraamatu t\u00f6\u00f6leht.<\/p>\n<p>Abiks linnum\u00e4\u00e4raja: Bang, P. Kes siin oli, 2007 ja \u00f5ppekogumik: Kalamees-Pani, K., Tamm, A., Runnel, V. \u201eImetajad\u201c, T\u00dc loodusmuuseum, 2012. \u00d5ppekogumik (sh t\u00f6\u00f6lehed) on k\u00e4ttesaadav T\u00dc loodusmuuseumi kodulehel <a href=\"http:\/\/www.natmuseum.ut.ee\">natmuseum.ut.ee<\/a>.<\/p>\n<p><strong>3. T\u00dc loodusmuuseumi elavnurk: roomajad, \u00e4mblikud ja prussakad<\/strong><\/p>\n<p>Loomade vaatlus elavnurgas. Roomajate ja \u00e4mblike eluviis, m\u00fcrgisus, tunnused, k\u00e4itumine, toitmine, nende pidamine lemmikloomadena.<\/p>\n","protected":false},"excerpt":{"rendered":"<p>Koostas K\u00fclli Kalamees- Pani Teema: lasteaia l\u00e4hi\u00fcmbruses uurimine ja \u00f5ppimine 2014. a jaanuar kuni aprill Juhendajad: K\u00fclli Kalamees-Pani ja Aivo Tamm T\u00dc loodusmuuseumi \u00f5ppeklass ja park 1. Lindude mitmekesisus Lindude tunnused ja kirjeldamine. Linnulaulud. Linnustiku liigirikkus ja elupaigad, lindude m\u00e4\u00e4raja, &#8230;<\/p>\n","protected":false},"author":42,"featured_media":0,"parent":0,"menu_order":0,"comment_status":"closed","ping_status":"closed","template":"","meta":{"_acf_changed":false,"inline_featured_image":false,"footnotes":""},"class_list":["post-148","page","type-page","status-publish","hentry"],"acf":[],"_links":{"self":[{"href":"https:\/\/sisu.ut.ee\/keskkond\/wp-json\/wp\/v2\/pages\/148","targetHints":{"allow":["GET"]}}],"collection":[{"href":"https:\/\/sisu.ut.ee\/keskkond\/wp-json\/wp\/v2\/pages"}],"about":[{"href":"https:\/\/sisu.ut.ee\/keskkond\/wp-json\/wp\/v2\/types\/page"}],"author":[{"embeddable":true,"href":"https:\/\/sisu.ut.ee\/keskkond\/wp-json\/wp\/v2\/users\/42"}],"replies":[{"embeddable":true,"href":"https:\/\/sisu.ut.ee\/keskkond\/wp-json\/wp\/v2\/comments?post=148"}],"version-history":[{"count":1,"href":"https:\/\/sisu.ut.ee\/keskkond\/wp-json\/wp\/v2\/pages\/148\/revisions"}],"predecessor-version":[{"id":964,"href":"https:\/\/sisu.ut.ee\/keskkond\/wp-json\/wp\/v2\/pages\/148\/revisions\/964"}],"wp:attachment":[{"href":"https:\/\/sisu.ut.ee\/keskkond\/wp-json\/wp\/v2\/media?parent=148"}],"curies":[{"name":"wp","href":"https:\/\/api.w.org\/{rel}","templated":true}]}}