{"id":147,"date":"2024-04-03T23:32:23","date_gmt":"2024-04-03T20:32:23","guid":{"rendered":"https:\/\/sisu.ut.ee\/keskkond\/loodus-ja-keskkonnahariduslike-programmide-ja-oppemeetodite-tutvustamine-tartu\/"},"modified":"2024-04-03T23:39:06","modified_gmt":"2024-04-03T20:39:06","slug":"loodus-ja-keskkonnahariduslike-programmide-ja-oppemeetodite-tutvustamine-tartu","status":"publish","type":"page","link":"https:\/\/sisu.ut.ee\/keskkond\/loodus-ja-keskkonnahariduslike-programmide-ja-oppemeetodite-tutvustamine-tartu\/","title":{"rendered":"Loodus- ja keskkonnahariduslike programmide ja \u00f5ppemeetodite tutvustamine Tartu Keskkonnahariduse keskuses pakutava n\u00e4itel"},"content":{"rendered":"<p>Koostas Helle Kont<\/p>\n<p>Alushariduse \u00f5ppekavale vastavate loodus- ja keskkonnahariduslike programmide ja \u00f5ppemeetodite tutvustamine Tartu Keskkonnahariduse keskuses pakutava n\u00e4itel.<\/p>\n<p>Koolitajad: Helle Kont, Aire Orula, Tiina Lilleleht<\/p>\n<p><a href=\"mailto:helle.kont@teec.ee\">helle.kont@teec.ee<\/a>; <a href=\"mailto:aire.orula@teec.ee\">aire.orula@teec.ee<\/a>; <a href=\"mailto:tiina.lilleleht@teec.ee\">tiina.lilleleht@teec.ee<\/a><\/p>\n<p>Sissejuhatus<\/p>\n<p>S\u00e4\u00e4stva ja j\u00e4tkusuutliku eluviisi kujundamise aluseks on looduse ja tehiskeskkonna tundmine, anal\u00fc\u00fcsioskuste kujundamine ja laste arengut toetavate aktiivtegevuste rakendamine hariduses ja kasvatuses.<\/p>\n<p>Parimate \u00f5ues\u00f5ppev\u00f5imaluste leidmine\/loomine lasteaia l\u00e4hi\u00fcmbruses ja looduskeskuste pakutavates programmides osalemine Tartu Keskkonnahariduse keskuse praeguste v\u00f5imaluste n\u00e4itel.<\/p>\n<p class=\"Default\">Eestis on viimase k\u00fcmne aasta kestel j\u00e4rjest enam ka alus- ja \u00fcldhariduse \u00f5ppekavade tasandil v\u00e4\u00e4rtustatud avatud \u00f5pikeskkonda (\u00f5pitegevused \u00f5uealal, metsas jm looduses, muuseumides, looduskoolides jne).<\/p>\n<p class=\"Default\">Rootsi pedagoogid ja teadlased on tegelenud \u00f5ues\u00f5ppe m\u00f5ju uurimisega alushariduses. Nendest \u00fcks tuntumaid on Anders Szczepanski, kes on korduvalt pidanud loenguid ja juhendanud \u00f5ues\u00f5ppealaseid kursusi Tallinna \u00fclikoolis, Tartu \u00fclikoolis ja Eesti Koolimetsade \u00fchenduse suvekursustel.<\/p>\n<p class=\"Default\">Koolieelikute p\u00e4evakeskuste \u00f5uealade struktuuri ja ps\u00fchhomotoorse arengu erisusi on uurinud Lars Owe Dahlgren ja Patrik Grahn.<\/p>\n<p class=\"Default\">Eestis on soovitav nende uuringute tulemusi v\u00e4\u00e4rtustada:<\/p>\n<p class=\"Default\">\u2022 lastel on loomulik vajadus m\u00e4ngude j\u00e4rele, milles on palju meelelisust, laiahaardelisust ja erinevaid f\u00fc\u00fcsilisi tegevusi;<\/p>\n<p class=\"Default\">\u2022 nende vajaduste puudulikul rahuldamisel ilmneb kehvem motoorne areng ja halvem keskendumisv\u00f5ime;<\/p>\n<p class=\"Default\">\u2022 halvem keskendumisv\u00f5ime ilmneb ka vaesemal \u00f5uemaastikul m\u00e4ngivate laste seas;<\/p>\n<p class=\"Default\">\u2022 loodusrikkal \u00f5uealal m\u00e4ngivatel lastel kujuneb hoolivam ja v\u00e4hem agressiivsem k\u00e4itumine.<\/p>\n<p>Soovitav on laste tegevuseks kujundada \u00f5ueala sobivaks nii r\u00fchmam\u00e4ngudeks ja suurel avaral alal vabalt jooksmiseks kui ka puhkamiseks, et oleks v\u00f5imalik suurest r\u00fchmast eralduda. Samuti on vajalikud looduslikult liigirikkad alad, kus lastel on v\u00f5imalik midagi avastada, \u00f5ppida ja oma loomingulisust arendada.<\/p>\n<p>\u00a0<strong>Tegevused I<\/strong> \u2013 <strong>Tartu loodusmaja pargi kasutamine m\u00e4nguks ja \u00f5ppeks<\/strong><\/p>\n<p>\u2013\u00a0\u00a0\u00a0\u00a0\u00a0\u00a0\u00a0\u00a0 Ruumi taju arendamine: vaatev\u00e4li, suunad, parem ja vasak pool, ees, taga, all, \u00fcleval, vahemaade m\u00f5\u00f5tmine;<\/p>\n<p>\u2013\u00a0\u00a0\u00a0\u00a0\u00a0\u00a0\u00a0\u00a0 Koordinatsiooni ja \u00fchistegevuse arendamine: liigume \u00fchest vaatepaigast teise, matkides erinevaid liikumisviise ja liiklusvahendeid (n\u00e4iteks hundikari, hoburakendid, rong);<\/p>\n<p>\u2013\u00a0\u00a0\u00a0\u00a0\u00a0\u00a0\u00a0\u00a0 Uurimusliku \u00f5ppe elementide omandamine: maht ja mass, \u00e4mbrites liiv, vesi, kivid; reastame \u00e4mbrid raskuse j\u00e4rgi, kontrollime rippkaaluga, vaatame eri ainete kaalu ja mahu vahet;<\/p>\n<p>\u2013\u00a0\u00a0\u00a0\u00a0\u00a0\u00a0\u00a0\u00a0 Kommunikatiivsete oskuste arendamine: kogume loodusest kive, oksi, lehti nii, et paarilistel on \u00fchesugused esemed peegelpildi ladumiseks.<\/p>\n<p>\u00a0\u00a0\u00a0\u00a0\u00a0\u00a0\u00a0\u00a0\u00a0 (Lapsed istuvad seljad vastamisi, \u00fcks paarilistest juhendab teist asetama esemeid \u00fcksteise suhtes\u00a0\u00a0\u00a0 \u00fcles, alla, paremale, vasakule. Seej\u00e4rel vaadatakse ja v\u00f5rreldakse tulemust ning siis vahetatakse rollid.);<\/p>\n<p>\u2013\u00a0\u00a0\u00a0\u00a0\u00a0\u00a0\u00a0\u00a0 Vaatlusoskuse arendamine: kogutud asjadega memoriini m\u00e4ngimine;<\/p>\n<p>\u2013\u00a0\u00a0\u00a0\u00a0\u00a0\u00a0\u00a0\u00a0 M\u00e4lu ja arvutamisoskuse treenimine: looduslike esemetega arvutamine;<\/p>\n<p>\u2013\u00a0\u00a0\u00a0\u00a0\u00a0\u00a0\u00a0\u00a0 M\u00e4ngu kaudu l\u00e4hi\u00fcmbruse kohta teadmiste ja oskuste omandamine: v\u00e4rviliste n\u00f6\u00f6ridega geomeetriliste kujundite moodustamine (ring, nelinurk, kolmnurk, \u2026),<\/p>\n<p>\u00a0\u00a0\u00a0\u00a0\u00a0\u00a0\u00a0\u00a0\u00a0 n\u00f6\u00f6riga raamitud alal taimede vm huvitava vaatamine ja kirjeldamine, t\u00e4psusvisked rahvap\u00e4rimusliku kaheksakand kujundi punktidele.<\/p>\n<p>\u2013\u00a0\u00a0\u00a0\u00a0\u00a0\u00a0\u00a0\u00a0 Meelte kogemuslik tunnetamine: mingi huvitava loodusliku objekti (kaneelikoore, nelgi pungade jm) m\u00f5istatamisel erinevaid meeli kasutades \u00f5pivad lapsed elamuslike kogemuste kaudu aktiivselt m\u00f5tlema,<\/p>\n<p>\u00a0\u00a0\u00a0\u00a0\u00a0\u00a0\u00a0\u00a0\u00a0 omandavad uusi omaduss\u00f5nu, areneb suuline enesev\u00e4ljendusoskus.<\/p>\n<p>NB! Tegevuste ja m\u00e4ngude t\u00e4psemad kirjeldused leiate<\/p>\n<p><a href=\"http:\/\/ctc.ee\/files\/6ues6ppe_juhendmaterjalid_MustveeLA.pdf\">http:\/\/ctc.ee\/files\/6ues6ppe_juhendmaterjalid_MustveeLA.pdf<\/a><\/p>\n<p><a href=\"http:\/\/ctc.ee\/files\/6ues6ppe_juhendmaterjalid_TihedaLA.pdf\" target=\"_blank\" rel=\"noopener\">http:\/\/ctc.ee\/files\/6ues6ppe_juhendmaterjalid_TihedaLA.pdf<\/a><\/p>\n<p><em><a href=\"http:\/\/www.teec.ee\/docs\/104_Uurime_ja_Avastame_Suur_est_pdf.pdf\">http:\/\/www.teec.ee\/docs\/104_Uurime_ja_Avastame_Suur_est_pdf.pdf<\/a><\/em><\/p>\n<p><strong>Tegevused II \u2013 aktiiv\u00f5ppeprogramm \u201eMurum\u00e4ngud\u201c<\/strong><\/p>\n<p><strong>Kestus<\/strong>: 45 minutit<\/p>\n<p><strong>Sihtr\u00fchm<\/strong>: 5\u20137aastased<\/p>\n<p><strong>Eesm\u00e4rk<\/strong>: \u00f5pitakse tundma \u00f5uemurul kasvavaid \u00f5istaimi (teeleht, hanijalg,<br> valge ristik, kortsleht, k\u00fclmamailane, linnurohi, maajalg) ja enamlevinud pisiloomi (murelane, lepatriinu, \u00e4mblik, kimalane, liblikas). Saadakse teada, et liigirikkus on looduses suur v\u00e4\u00e4rtus, l\u00e4bi m\u00e4ngulise tegevuse omandatakse vaatlus- ja koost\u00f6\u00f6oskus.<\/p>\n<p><strong>Vahendid<\/strong>: padjad, putukamudelid, taimed pottides, lamineeritud taime- ja putukapildid (koos liiginimedega), lamineeritud bingokaardid, harilikud pliiatsid, bingopallid, 2 t\u00e4ringut, puslet\u00fckid k\u00f5ikide \u00f5pitavate liikide kohta.<\/p>\n<p><strong>Tegevused<\/strong> \u2013 nimetatud liikide \u00f5ppimiseks m\u00e4ngitakse 5\u20137 erinevat m\u00e4ngu. M\u00e4ngude kirjeldused leiate Tartu Keskkonnahariduse keskuse veebilehe varasalvest: <a href=\"http:\/\/www.teec.ee\">www.teec.ee<\/a><\/p>\n<p>Soovitav on tutvuda ka Maarja k\u00fcla programmidega:<em> <\/em><a href=\"http:\/\/www.teec.ee\/ET\/oppematerjalid_programmid\/oppeprogrammid-maarja-kylas\/\">http:\/\/www.teec.ee\/ET\/oppematerjalid_programmid\/oppeprogrammid-maarja-kylas\/<\/a><\/p>\n<p><strong>Tegevused III \u2013 aktiiv\u00f5ppe programm \u201eLemmikloomad\u201c<\/strong><\/p>\n<p><strong>Kestus<\/strong>: 60\u201390 minutit<\/p>\n<p><strong>Sihtr\u00fchm<\/strong>: 5\u20137aastased<\/p>\n<p><strong>Eesm\u00e4rk:<\/strong> arendada elusolendite suhtes vastutustunnet ja empaatiav\u00f5imet, \u00f5ppida tundma loomaliike ja nende vajadusi. \u00d5ppida m\u00e4rkama seoseid enda tegevuse ja globaalsete probleemide vahel. Arendada vaatlus- ja koost\u00f6\u00f6oskust.<\/p>\n<p><strong>Vahendid:<\/strong> Tartu loodusmaja lemmikloomatoas ja talveaias elavad loomad: k\u00fc\u00fclikud, merisead, hamstrid, t\u0161int\u0161iljad, deegud, kilpkonnad, laborirotid ja -hiired, akvaariumikalad, viirpapagoid, madagaskari sisiprussakad, raagritsikad, hiid-maismaateod.<\/p>\n<p>Erinevad toiduained. V\u00e4rvimislehed, pliiatsid. Maailmakaart, lemmikloomade pildid.<\/p>\n<p><strong>Tegevused.<\/strong> Vestluses arutletakse j\u00e4rgmiste teemade \u00fcle: kes on lemmikloom, kes koduloom? Millised on loomaomaniku kohustused? Millised on igale loomale sobivad elamistingimused, toit-jook? Kuidas tuleb loomi hooldada? Kas loomaga peab minema arsti juurde? Kui palju kulub loomale raha ja aega? Kas lemmikloom on m\u00e4nguasi?<\/p>\n<p>Loomade vaatlemise, toitmise ja paitamise k\u00e4igus tutvutakse juhendaja abiga erinevate liikidega.<\/p>\n<p>Maailmakaarti ja lemmikloomade pilte kasutades tutvutakse loomade p\u00e4ritoluga, \u00f5pitakse tundma maailmajagusid, r\u00e4\u00e4gitakse loomakaubandusest ja looduskaitsest.<\/p>\n<p>R\u00fchmat\u00f6\u00f6na koostatakse erinevatele loomadele p\u00e4ris toiduainetest sobiv men\u00fc\u00fc.<\/p>\n<p>K\u00e4elise osavuse arendamiseks v\u00e4rvitakse lemmikloomade pilte.<\/p>\n<p><strong>\u00a0<\/strong><\/p>\n","protected":false},"excerpt":{"rendered":"<p>Koostas Helle Kont Alushariduse \u00f5ppekavale vastavate loodus- ja keskkonnahariduslike programmide ja \u00f5ppemeetodite tutvustamine Tartu Keskkonnahariduse keskuses pakutava n\u00e4itel. Koolitajad: Helle Kont, Aire Orula, Tiina Lilleleht helle.kont@teec.ee; aire.orula@teec.ee; tiina.lilleleht@teec.ee Sissejuhatus S\u00e4\u00e4stva ja j\u00e4tkusuutliku eluviisi kujundamise aluseks on looduse ja tehiskeskkonna tundmine, &#8230;<\/p>\n","protected":false},"author":42,"featured_media":0,"parent":0,"menu_order":0,"comment_status":"closed","ping_status":"closed","template":"","meta":{"_acf_changed":false,"inline_featured_image":false,"footnotes":""},"class_list":["post-147","page","type-page","status-publish","hentry"],"acf":[],"_links":{"self":[{"href":"https:\/\/sisu.ut.ee\/keskkond\/wp-json\/wp\/v2\/pages\/147","targetHints":{"allow":["GET"]}}],"collection":[{"href":"https:\/\/sisu.ut.ee\/keskkond\/wp-json\/wp\/v2\/pages"}],"about":[{"href":"https:\/\/sisu.ut.ee\/keskkond\/wp-json\/wp\/v2\/types\/page"}],"author":[{"embeddable":true,"href":"https:\/\/sisu.ut.ee\/keskkond\/wp-json\/wp\/v2\/users\/42"}],"replies":[{"embeddable":true,"href":"https:\/\/sisu.ut.ee\/keskkond\/wp-json\/wp\/v2\/comments?post=147"}],"version-history":[{"count":1,"href":"https:\/\/sisu.ut.ee\/keskkond\/wp-json\/wp\/v2\/pages\/147\/revisions"}],"predecessor-version":[{"id":965,"href":"https:\/\/sisu.ut.ee\/keskkond\/wp-json\/wp\/v2\/pages\/147\/revisions\/965"}],"wp:attachment":[{"href":"https:\/\/sisu.ut.ee\/keskkond\/wp-json\/wp\/v2\/media?parent=147"}],"curies":[{"name":"wp","href":"https:\/\/api.w.org\/{rel}","templated":true}]}}