{"id":146,"date":"2024-04-03T23:32:23","date_gmt":"2024-04-03T20:32:23","guid":{"rendered":"https:\/\/sisu.ut.ee\/keskkond\/saastev-areng-tartu-loodusmaja-naitel\/"},"modified":"2024-04-03T23:39:06","modified_gmt":"2024-04-03T20:39:06","slug":"saastev-areng-tartu-loodusmaja-naitel","status":"publish","type":"page","link":"https:\/\/sisu.ut.ee\/keskkond\/saastev-areng-tartu-loodusmaja-naitel\/","title":{"rendered":"S\u00e4\u00e4stev areng Tartu Loodusmaja n\u00e4itel"},"content":{"rendered":"<p>Koostas Janika Ruusmaa<\/p>\n\n<p>J\u00e4tkusuutlik areng Tartu loodusmaja n\u00e4itel<\/p>\n<p>\u00dclesanne 1: loe l\u00e4bi Tartu loodusmaja lugu ning otsi sellest n\u00e4iteid s\u00e4\u00e4stva arengu erinevate aspektide \u2013 sotsiaalse, loodus-, majandus- ja kultuurikeskkonna kohta.<\/p>\n<h2>Tartu Loodusmaja lugu<\/h2>\n<p>2013. aasta juunis valmis Tartus uus loodusmaja aadressil Lille 10. Maja ehitamisel oli \u00fcheks eesm\u00e4rgiks luua positiivse eeskujuna Tartusse koht, kus oleks j\u00e4tkusuutlik ja keskkonnas\u00f5bralik t\u00f6\u00f6keskkond. Tartu loodusmaja haldab sihtasutus Tartu Keskkonnahariduse keskus ning majas tegutsevad huvikool Tartu loodusmaja, t\u00e4iskasvanute koolituskeskus, keskkonnainfopunkt ja kooli \u00f5ppekava t\u00e4iendavad loodus\u00f5ppeprogrammid. Igal aastal osaleb keskuse tegemistes \u00fcle 20\u00a0000 inimese, loodusmaja huvikoolis k\u00e4ib \u00fcle 700 \u00f5pilase.<\/p>\n<h3>Vana loodusmaja<\/h3>\n<p>Loodusmaja ei tekkinud t\u00fchja koha peale. Tartus, aadressil Lille t\u00e4nav 10 asus kunagi elumaja, mis sai II maailmas\u00f5jas pommitabamuse ja h\u00e4vis. Elu j\u00e4tkus ajutiselt hoovipealses v\u00e4ikeses rohelises puumajas.<\/p>\n<p style=\"text-align: center\"><img loading=\"lazy\" decoding=\"async\" width=\"1873\" height=\"1179\" class=\"alignnone wp-image-542\" src=\"https:\/\/sisu.ut.ee\/wp-content\/uploads\/sites\/107\/vana_loodusmaja.jpg\" title=\"vana_loodusmaja.jpg\" alt=\"vana_loodusmaja.jpg\" srcset=\"https:\/\/sisu.ut.ee\/wp-content\/uploads\/sites\/107\/vana_loodusmaja.jpg 1873w, https:\/\/sisu.ut.ee\/wp-content\/uploads\/sites\/107\/vana_loodusmaja-300x189.jpg 300w, https:\/\/sisu.ut.ee\/wp-content\/uploads\/sites\/107\/vana_loodusmaja-1024x645.jpg 1024w, https:\/\/sisu.ut.ee\/wp-content\/uploads\/sites\/107\/vana_loodusmaja-768x483.jpg 768w, https:\/\/sisu.ut.ee\/wp-content\/uploads\/sites\/107\/vana_loodusmaja-1536x967.jpg 1536w\" sizes=\"auto, (max-width: 1873px) 100vw, 1873px\"><\/p>\n<p align=\"center\"><em>Vana Tartu loodusmaja aadressil Lille tn 10<\/em><\/p>\n<p>1953. aastal kogunesid siia Tartu looduses\u00f5brad ja loodi Tartu Noorte Naturalistide jaam. Sellest sai t\u00e4nap\u00e4evase huvikooli eellane ning algas s\u00fcsteemne loodushariduse jagamine v\u00e4ljaspool koolitunde. Ajutiseks asupaigaks saadud koht Lille 10 rohelises puumajas p\u00fcsis peaaegu 60 aastat.<\/p>\n<p>2002. aastal loodi <strong>sihtasutus Tartu Keskkonnahariduse keskus<\/strong>, mis v\u00f5ttis linnalt \u00fcle Tartu loodusmaja huvikooli hoidmise ja haldamise. Sihtasutuse loomisega laienes ka eesm\u00e4rk ja tegevusvaldkond: hakati rohkem t\u00e4helepanu p\u00f6\u00f6rama ka t\u00e4iskasvanute ja perede keskkonnateadlikkuse suurendamisele.<\/p>\n<h3>Uus loodusmaja<\/h3>\n<p><strong>2010 \u2013 arhitektuurikonkurss <\/strong><\/p>\n<p>Konkursi eesm\u00e4rk oli leida parim arhitektuurne lahendus keskkonda sobivale, energiat\u00f5husale, passiivmaja elementidega \u00fchiskondlikule hoonele.<\/p>\n<p><strong>2011 \u2013 projekteerimine<\/strong><\/p>\n<p>K\u00f5ik algab planeerimisest. Oluline on teada juba v\u00e4ga alguses, mida majas tegema hakatakse. Majas pidi hakkama tegutsema laste huvikool, pidid toimuma avalikud \u00fcritused, filmi\u00f5htud, naitused, koolitused ning olemas pidi olema ruum kooliklassidele \u00f5ppeprogrammide l\u00e4biviimiseks, labor, k\u00f6\u00f6k, t\u00f6\u00f6koda ja raamatukogu. Loodusmaja juurde oli kindlasti vaja jalgrattaparklat, liigirikast \u00fcmbruskonda ning \u00f5ues\u00f5ppe v\u00f5imalustega haljasala. Samuti s\u00e4ilitasime vana ounapuuaia ja l\u00f5ime juurde p\u00e4ikesekella, veesilma ning mitu \u00f5piala. Maja ehitamisel maa seest v\u00e4lja tulnud kividest koostasime r\u00e4ndkivide \u00f5pperaja. Maja projekteerimisel ja tubade paigutusel arvestati ilmakaartega ning p\u00e4ikese liikumisega. Arvestati olemasoleva k\u00f5rghaljastusega, mida j\u00e4eti alles v\u00f5imalikult palju. Ehituse alla j\u00e4\u00e4nud puudest s\u00e4ilitati puit lastele meisterdamiseks. Sellest tehti ka meeneid, mida jagati maja avamisel.<\/p>\n<p><strong>2012 \u2013 vana rohelise puumaja lammutamine<\/strong><\/p>\n<p>Vana maja lammutati koost\u00f6\u00f6s S\u00e4\u00e4stva Renoveerimise infokeskusega, kes v\u00f5ttis vana maja osadeks ning selekteeris sellest v\u00e4lja taaskasutamist v\u00f5imaldavad ehitusmaterjalid. Nii said nad n\u00e4iteks vana aiamaja tulem\u00fc\u00fcrist oma majale vundamendi ja mahav\u00f5etud puudest m\u00f6\u00f6bliehituseks puitmaterjali.<\/p>\n<p><strong>2012\u20132013 \u2013 uue energiat\u00f5husa loodusmaja ehitamine<\/strong><\/p>\n<p align=\"center\"><img loading=\"lazy\" decoding=\"async\" width=\"1000\" height=\"666\" class=\"alignnone wp-image-543\" src=\"https:\/\/sisu.ut.ee\/wp-content\/uploads\/sites\/107\/uus_loodusmaja.jpg\" title=\"uus_loodusmaja.jpg\" alt=\"uus_loodusmaja.jpg\" srcset=\"https:\/\/sisu.ut.ee\/wp-content\/uploads\/sites\/107\/uus_loodusmaja.jpg 1000w, https:\/\/sisu.ut.ee\/wp-content\/uploads\/sites\/107\/uus_loodusmaja-300x200.jpg 300w, https:\/\/sisu.ut.ee\/wp-content\/uploads\/sites\/107\/uus_loodusmaja-768x511.jpg 768w\" sizes=\"auto, (max-width: 1000px) 100vw, 1000px\"><\/p>\n<p align=\"center\"><em>Uus Tartu loodusmaja aadressil Lille tn 10<\/em><\/p>\n<p>Uues Tartu loodusmajas on:<\/p>\n<ul>\n<li>ilma k\u00fclmasildadeta ehituskonstruktsioon;<\/li>\n<li>\u00fcmbert\u00f6\u00f6deldud plastikust keskkonnas\u00e4\u00e4stliku disainiga saalitoolid;<\/li>\n<li>tervises\u00f5bralikud viimistlusmaterjalid, t\u00f6\u00f6keskkond ja avatavad aknad.<\/li>\n<\/ul>\n<p>MATERJALID<\/p>\n<table class=\"table table-hover\" border=\"1\" cellpadding=\"0\" cellspacing=\"0\">\n<tbody>\n<tr>\n<td valign=\"top\">\n<p align=\"center\"><strong>Ehitusmaterjal<\/strong><\/p>\n<\/td>\n<td valign=\"top\">\n<p align=\"center\"><strong>Toormaterjal<\/strong><\/p>\n<\/td>\n<td valign=\"top\">\n<p align=\"center\"><strong>P\u00e4ritolumaa<\/strong><\/p>\n<\/td>\n<\/tr>\n<tr>\n<td colspan=\"3\" valign=\"top\">\n<p align=\"center\">KATUS, LAGI<\/p>\n<\/td>\n<\/tr>\n<tr>\n<td valign=\"top\">\n<p>Valtsplekk<\/p>\n<\/td>\n<td valign=\"top\">\n<p>Teras<\/p>\n<\/td>\n<td valign=\"top\">\n<p>Soome<\/p>\n<\/td>\n<\/tr>\n<tr>\n<td valign=\"top\">\n<p>Kivivill (600 mm)<\/p>\n<\/td>\n<td valign=\"top\">\n<p>Vulkaanilised kivimid (basalt)<\/p>\n<\/td>\n<td valign=\"top\">\n<p>Leedu<\/p>\n<\/td>\n<\/tr>\n<tr>\n<td valign=\"top\">\n<p>Akustiline puitkiudplaat<\/p>\n<\/td>\n<td valign=\"top\">\n<p>Kuusepuit, tsement<\/p>\n<\/td>\n<td valign=\"top\">\n<p>Taani<\/p>\n<\/td>\n<\/tr>\n<tr>\n<td valign=\"top\">\n<p>Savikrohv<\/p>\n<\/td>\n<td valign=\"top\">\n<p>Savi, liim, taimsed kiud<\/p>\n<\/td>\n<td valign=\"top\">\n<p>Eesti, P\u00f5lvamaa<\/p>\n<\/td>\n<\/tr>\n<tr>\n<td colspan=\"3\" valign=\"top\">\n<p align=\"center\">SEINAD<\/p>\n<\/td>\n<\/tr>\n<tr>\n<td valign=\"top\">\n<p>V\u00e4lisvoodrilauad<\/p>\n<\/td>\n<td valign=\"top\">\n<p>Lehisepuit<\/p>\n<\/td>\n<td valign=\"top\">\n<p>Venemaa, Siber<\/p>\n<\/td>\n<\/tr>\n<tr>\n<td valign=\"top\">\n<p>Ehitusprussid ja sisevoodrilauad<\/p>\n<\/td>\n<td valign=\"top\">\n<p>Kuusepuit<\/p>\n<\/td>\n<td valign=\"top\">\n<p>L\u00f5una-Eesti<\/p>\n<\/td>\n<\/tr>\n<tr>\n<td valign=\"top\">\n<p>Puitkiudplaat<\/p>\n<\/td>\n<td valign=\"top\">\n<p>Kuusepuit<\/p>\n<\/td>\n<td valign=\"top\">\n<p>Eesti, Viljandi<\/p>\n<\/td>\n<\/tr>\n<tr>\n<td valign=\"top\">\n<p>Savikrohv<\/p>\n<\/td>\n<td valign=\"top\">\n<p>Savi, liim, taimsed kiud<\/p>\n<\/td>\n<td valign=\"top\">\n<p>Eesti, P\u00f5lvamaa<\/p>\n<\/td>\n<\/tr>\n<tr>\n<td valign=\"top\">\n<p>Kivivill (400 mm)<\/p>\n<\/td>\n<td valign=\"top\">\n<p>Vulkaanilised kivimid (basalt)<\/p>\n<\/td>\n<td valign=\"top\">\n<p>Leedu<\/p>\n<\/td>\n<\/tr>\n<tr>\n<td valign=\"top\">\n<p>Roomatt<\/p>\n<\/td>\n<td valign=\"top\">\n<p>Pilliroog<\/p>\n<\/td>\n<td valign=\"top\">\n<p>Ungari<\/p>\n<\/td>\n<\/tr>\n<tr>\n<td valign=\"top\">\n<p>Tselluvill<\/p>\n<\/td>\n<td valign=\"top\">\n<p>Vanapaber<\/p>\n<\/td>\n<td valign=\"top\">\n<p>Eesti, V\u00f5rumaa<\/p>\n<\/td>\n<\/tr>\n<tr>\n<td valign=\"top\">\n<p>Klaas: argooniga t\u00e4idetud 3\u2011kordne pakettklaas ja soojapidavad aknaraamid<\/p>\n<\/td>\n<td valign=\"top\">\n<p>Liiv, sooda, lubjakivi<\/p>\n<\/td>\n<td valign=\"top\">\n<p>Leedu<\/p>\n<\/td>\n<\/tr>\n<tr>\n<td colspan=\"3\" valign=\"top\">\n<p align=\"center\">P\u00d5RAND<\/p>\n<\/td>\n<\/tr>\n<tr>\n<td valign=\"top\">\n<p>Betoon<\/p>\n<\/td>\n<td valign=\"top\">\n<p>Tsement, liiv, vesi<\/p>\n<\/td>\n<td valign=\"top\">\n<p>Eesti, Tartu<\/p>\n<\/td>\n<\/tr>\n<tr>\n<td valign=\"top\">\n<p>Parkett<\/p>\n<\/td>\n<td valign=\"top\">\n<p>Tammepuit<\/p>\n<\/td>\n<td valign=\"top\">\n<p>Poola<\/p>\n<\/td>\n<\/tr>\n<tr>\n<td valign=\"top\">\n<p>Vaipkate<\/p>\n<\/td>\n<td valign=\"top\">\n<p>Kitsevill, d\u017euut<\/p>\n<\/td>\n<td valign=\"top\">\n<p>Saksamaa<\/p>\n<\/td>\n<\/tr>\n<\/tbody>\n<\/table>\n<p>\u00a0<\/p>\n<p>MAJA S\u00dcSTEEMID<\/p>\n<ul>\n<li>K\u00fcte: keskkonnas\u00f5bralik tsentraalne kaugk\u00fcte<\/li>\n<\/ul>\n<p>\u2013\u00a0\u00a0\u00a0\u00a0\u00a0 kasutatakse kohalikke taastuvaid k\u00fctuseid, nt hakkpuitu, mille kasutamine ja tootmine on oluline ka kogukonna t\u00f6\u00f6h\u00f5ive seisukohalt<\/p>\n<ul>\n<li>Vesi: kasutame joogivett ja vihmavett<\/li>\n<\/ul>\n<p>\u2013\u00a0\u00a0\u00a0\u00a0\u00a0 Joogikraanid ja v\u00e4ga hea joodav kraanivesi<\/p>\n<p>\u2013\u00a0\u00a0\u00a0\u00a0\u00a0 Vees\u00e4\u00e4stlikud segistid ja tualetipotid<\/p>\n<p>\u2013\u00a0\u00a0\u00a0\u00a0\u00a0 Vihmavett kogutakse katuselt kasvuhoone all asuvasse paaki ning kasutatakse kasvuhoonetaimede kastmiseks ning kilpkonnabasseinis<\/p>\n<ul>\n<li>Elekter: ostame rohelist elektrit ja toodame ise p\u00e4ikesepaneelidega elektrit<\/li>\n<\/ul>\n<p>\u2013\u00a0\u00a0\u00a0\u00a0\u00a0 P\u00e4ikeseelektripaneelid<\/p>\n<p>\u2013\u00a0\u00a0\u00a0\u00a0\u00a0 Sundventilatsioon ja avatavad aknad<\/p>\n<p>\u2013\u00a0\u00a0\u00a0\u00a0\u00a0 Valgustuses on kasutatud palju grupeeritud l\u00fcliteid, et oleks v\u00f5imalik laelampe sisse l\u00fclitada ja elektrit kasutada ainult vastavalt vajadusele<\/p>\n<p>\u2013\u00a0\u00a0\u00a0\u00a0\u00a0 Energias\u00e4\u00e4stlik k\u00f6\u00f6gitehnika ja k\u00e4tekuivatus<\/p>\n<ul>\n<li>Automaatika<\/li>\n<\/ul>\n<p>\u2013\u00a0\u00a0\u00a0\u00a0\u00a0 M\u00f5\u00f5dab soojust, CO<sub>2 <\/sub>sisaldust, valgust<\/p>\n<p>\u2013\u00a0\u00a0\u00a0\u00a0\u00a0 Igas ruumis on v\u00f5imalik temperatuuri reguleerida<\/p>\n<p>\u2013\u00a0\u00a0\u00a0\u00a0\u00a0 Saali ventilatsioon t\u00f6\u00f6tab vastavalt kasutamisele<\/p>\n<p>\u2013\u00a0\u00a0\u00a0\u00a0\u00a0 Talveaia valgus ja tuulutus vastavalt vajadusele<\/p>\n<ul>\n<li>Ventilatsioon<\/li>\n<\/ul>\n<p>\u2013\u00a0\u00a0\u00a0\u00a0\u00a0 95% soojustagastusega ventilatsioonis\u00fcsteem<\/p>\n<ul>\n<li>J\u00e4\u00e4tmed<\/li>\n<\/ul>\n<p>\u2013\u00a0\u00a0\u00a0\u00a0\u00a0 liigiti kogumine igas toas, klassis, fuajees, st terves majas<\/p>\n<p>\u2013\u00a0\u00a0\u00a0\u00a0\u00a0 kompostikastid pargialal<\/p>\n<p>\u00a0<\/p>\n<p>TEHNIKA<\/p>\n<ul>\n<li>Kontoritehnika<\/li>\n<\/ul>\n<p>\u2013\u00a0\u00a0\u00a0\u00a0\u00a0 Energy Star energiam\u00e4rgisega<\/p>\n<p>\u2013\u00a0\u00a0\u00a0\u00a0\u00a0 Printimiskeskus<\/p>\n<p>\u2013\u00a0\u00a0\u00a0\u00a0\u00a0 Kahepoolset tr\u00fckkimist ja paljundamist v\u00f5imaldav printer<\/p>\n<p>\u2013\u00a0\u00a0\u00a0\u00a0\u00a0 \u00d6kotr\u00fcki v\u00f5imalus printeris (nn hall tr\u00fckk, mis kasutab v\u00e4hem tahma)<\/p>\n<ul>\n<li>Santehnika<\/li>\n<\/ul>\n<p>\u2013\u00a0\u00a0\u00a0\u00a0\u00a0 kahes\u00fcsteemsed WC-potid<\/p>\n<p>\u2013\u00a0\u00a0\u00a0\u00a0\u00a0 energias\u00e4\u00e4stlikud k\u00e4tekuivatid<\/p>\n<p>\u2013\u00a0\u00a0\u00a0\u00a0\u00a0 paberis\u00e4\u00e4stlikud WC-paberi hoidjad<\/p>\n<p>\u2013\u00a0\u00a0\u00a0\u00a0\u00a0 vees\u00e4\u00e4stliku segistiga veekraanid<\/p>\n<ul>\n<li>K\u00f6\u00f6gitehnika<\/li>\n<\/ul>\n<p>\u2013\u00a0\u00a0\u00a0\u00a0\u00a0 Energias\u00e4\u00e4stlikud induktsioonpliidid<\/p>\n<p>\u2013\u00a0\u00a0\u00a0\u00a0\u00a0 K\u00f5rgeima energiam\u00e4rgisega n\u00f5udepesumasin ja k\u00fclmkapid<\/p>\n<p>IGAP\u00c4EVASED KULUMATERJALID<\/p>\n<p>\u2013\u00a0\u00a0\u00a0\u00a0\u00a0 Vanapaberist tehtud kontoripaber Cyclus Office v\u00f5i FSC m\u00e4rgisega kloorivaba paber<\/p>\n<p>\u2013\u00a0\u00a0\u00a0\u00a0\u00a0 Keskkonnas\u00f5bralikud (\u00f6kom\u00e4rgistega) puhastusvahendid<\/p>\n<p>\u2013\u00a0\u00a0\u00a0\u00a0\u00a0 Oma aias kasvatatud teetaimed, maitsetaimed, toit lemmikloomadele<\/p>\n<p>\u2013\u00a0\u00a0\u00a0\u00a0\u00a0 Igal inimesel oma kohvitass<\/p>\n<p>\u2013\u00a0\u00a0\u00a0\u00a0\u00a0 Me ei kasuta \u00fchekordseid n\u00f5usid<\/p>\n<p>\u2013\u00a0\u00a0\u00a0\u00a0\u00a0 Jagame infot ja dokumente elektrooniliselt<\/p>\n<p>\u2013\u00a0\u00a0\u00a0\u00a0\u00a0 Kasutame dokumentide digiallkirjastamist<\/p>\n<p>\u2013\u00a0\u00a0\u00a0\u00a0\u00a0 V\u00f5imaldame kodus t\u00f6\u00f6tamist ja serverile ligip\u00e4\u00e4su<\/p>\n<p>\u2013\u00a0\u00a0\u00a0\u00a0\u00a0 Arvutites on vaikimisi salvestatud kahepoolne tr\u00fckk<\/p>\n<p>J\u00c4TKUSUUTLIK TEGEVUS<\/p>\n<p>\u2013\u00a0\u00a0\u00a0\u00a0\u00a0 Vana maja tulem\u00fc\u00fcr uue maja ehitusmaterjaliks<\/p>\n<p>\u2013\u00a0\u00a0\u00a0\u00a0\u00a0 Pargist maha v\u00f5etud puud lastele meisterdamiseks, ebatsuuga m\u00f6\u00f6bliks<\/p>\n<p>\u2013\u00a0\u00a0\u00a0\u00a0\u00a0 Kohapealsed r\u00e4ndkivimid \u00f5pperajaks<\/p>\n<p>\u2013\u00a0\u00a0\u00a0\u00a0\u00a0 S\u00e4ilitatud ja h\u00e4sti \u00e4ra kasutatud reljeef<\/p>\n<p>\u2013\u00a0\u00a0\u00a0\u00a0\u00a0 Sadeveet\u00e4itega veesilm<\/p>\n<p>\u2013\u00a0\u00a0\u00a0\u00a0\u00a0 Sadevee immutusala<\/p>\n<p>\u2013\u00a0\u00a0\u00a0\u00a0\u00a0 Mitmeotstarbeline lehtla\/\u00f5ueklass kohalikule kogukonnale<\/p>\n<p>KOGUKONDA KAASAV JA VASTUTUSTUNDLIK TEGUTSEMINE<\/p>\n<p>\u2013\u00a0\u00a0\u00a0\u00a0\u00a0 Pakume kohalikule kogukonnale keskkonnahariduslikku teadmist, ruumi ja puhkeala pargi n\u00e4ol<\/p>\n<p>\u2013\u00a0\u00a0\u00a0\u00a0\u00a0 Osaleme kohalikel festivalidel ja \u00fcritustel<\/p>\n<p>\u2013\u00a0\u00a0\u00a0\u00a0\u00a0 Teeme koost\u00f6\u00f6d puuetega noortega ja pakume Tartu puuetega noortele huviringe<\/p>\n<p>\u2013\u00a0\u00a0\u00a0\u00a0\u00a0 Korraldame kohalikele inimestele avalikke \u00fcritusi, filmi\u00f5htuid, arutelusid<\/p>\n<p>\u2013\u00a0\u00a0\u00a0\u00a0\u00a0 Pakume huviharidust<\/p>\n<p>\u2013\u00a0\u00a0\u00a0\u00a0\u00a0 Pakume ruumi kogunemisteks, seltsieluks, sotsiaalseks suhtlemiseks<\/p>\n<p>\u2013\u00a0\u00a0\u00a0\u00a0\u00a0 Survestame linnavalitsust korraldama \u201erohelisi hankeid\u201c<\/p>\n<p>\u2013\u00a0\u00a0\u00a0\u00a0\u00a0 Kasutame p\u00e4ikeseenergiat ja teeme koolitusi<\/p>\n<p>\u2013\u00a0\u00a0\u00a0\u00a0\u00a0 Toetame kohalikke v\u00e4iketootjaid, tutvustame neid ja tellime neilt teenuseid<\/p>\n<p>\u00dclesanne 2: nimeta sellest jutust n\u00e4iteid s\u00e4\u00e4stvast arengust, mis Sulle k\u00f5ige enam meeldisid, ja selliseid, mida saaksid\/sooviksid oma kogukonda \u00fcle v\u00f5tta.<\/p>\n<p>\u00dclesanne 3: kuula lugu ja kujunda oma seisukoht. P\u00f5hjenda!<\/p>\n<p>Lugu on p\u00e4riselt juhtunud.<\/p>\n<p><em>\u00dchel p\u00e4eval tuli t\u00f6\u00f6le \u00e4rritunud noor loodusmaja t\u00f6\u00f6taja ning teatas, et tema lapse lasteaias oli koosolekul \u00f6eldud, et lapse s\u00fcnnip\u00e4eval ei tohi lasteaeda tuua isek\u00fcpsetatud kooke, tordi v\u00f5i koogi peab ostma poest. Seda uudist kolleegidega jagades selgus, et ka teise kolleegi lasteaias oli lapsevanemate enamus koosolekul sama otsustanud. Keskkonnateadlike inimestena j\u00e4lgivad loodusmaja inimesed poes hoolega toitude koostist ning v\u00e4ldivad ohtlike lisaainetega toite ja jooke oma pere toidulaual. Oma lastele nad s\u00fcnteetiliste toiduv\u00e4rvide ja lisanditega maiustusi ei osta ning ei soovi, et neid ka lasteaias jagataks. V\u00f5rdluseks: samas linnas on olemas v\u00e4hemalt \u00fcks lasteaed, kus isetehtud tordid ja k\u00fcpsetised on lubatud ja soositud nii vanemate kui ka lasteaia\u00f5petajate seas.<\/em><\/p>\n<p><strong>Miks eelistasid lapsevanemad ja miks soovitati lasteaias osta poes m\u00fc\u00fcdavaid torte? <\/strong><\/p>\n<p>Uurime tortide koostisosi,<strong> vt Lisa 1 Tortide koostised.<\/strong><\/p>\n<p><strong>Vaata pilte poodides m\u00fc\u00fcdavate tortide koostistest. Tutvu nendega ja m\u00e4rgi t\u00f6\u00f6lehele (Lisa 2)<\/strong><\/p>\n<p>\u2013\u00a0\u00a0 mitmest koostisainest tordid koosnevad<\/p>\n<p>\u2013\u00a0\u00a0 milliseid E-aineid tordid sisaldavad<\/p>\n<p>\u2013\u00a0\u00a0 kui palju on E-aineid tordis kokku<\/p>\n<p>Otsi internetist <a href=\"http:\/\/kasulik.delfi.ee\/calc\/tervis-ja-toit\/e-ained.php\">http:\/\/kasulik.delfi.ee\/calc\/tervis-ja-toit\/e-ained.php<\/a> v\u00f5i lae mobiiltelefoni v\u00f5i tahvelarvutisse tasuta rakendus <strong>E-ained<\/strong>.<\/p>\n<p><strong>Uuri infot E-ainete kohta ja m\u00e4rgi t\u00f6\u00f6lehele (Lisa 2)<\/strong><\/p>\n<p>\u2013\u00a0\u00a0 millised nendest E-ainetest v\u00f5ivad olla tervisele ohtlikud<\/p>\n<p>\u2013\u00a0\u00a0 mitu ohtlikku E-ainet sisaldub \u00fches tordis<\/p>\n<p>Mitut koostisosa kasutad ise tordi v\u00f5i koogi k\u00fcpsetamisel? Kas leidsid k\u00f5ikide koostisosade kohta infot? Kas tunned k\u00f5iki koostisosi? Millist torti ostaksid oma lastele?<\/p>\n<p><strong>Koosta sarnane \u00fclesanne n\u00e4iteks viinerite v\u00f5i karastusjookide kohta.<\/strong><\/p>\n<p>Jaga oma avastust teistega: s\u00f5prade, kolleegide, perega.<\/p>\n","protected":false},"excerpt":{"rendered":"<p>Koostas Janika Ruusmaa J\u00e4tkusuutlik areng Tartu loodusmaja n\u00e4itel \u00dclesanne 1: loe l\u00e4bi Tartu loodusmaja lugu ning otsi sellest n\u00e4iteid s\u00e4\u00e4stva arengu erinevate aspektide \u2013 sotsiaalse, loodus-, majandus- ja kultuurikeskkonna kohta. Tartu Loodusmaja lugu 2013. aasta juunis valmis Tartus uus loodusmaja &#8230;<\/p>\n","protected":false},"author":42,"featured_media":0,"parent":0,"menu_order":0,"comment_status":"closed","ping_status":"closed","template":"","meta":{"_acf_changed":false,"inline_featured_image":false,"footnotes":""},"class_list":["post-146","page","type-page","status-publish","hentry"],"acf":[],"_links":{"self":[{"href":"https:\/\/sisu.ut.ee\/keskkond\/wp-json\/wp\/v2\/pages\/146","targetHints":{"allow":["GET"]}}],"collection":[{"href":"https:\/\/sisu.ut.ee\/keskkond\/wp-json\/wp\/v2\/pages"}],"about":[{"href":"https:\/\/sisu.ut.ee\/keskkond\/wp-json\/wp\/v2\/types\/page"}],"author":[{"embeddable":true,"href":"https:\/\/sisu.ut.ee\/keskkond\/wp-json\/wp\/v2\/users\/42"}],"replies":[{"embeddable":true,"href":"https:\/\/sisu.ut.ee\/keskkond\/wp-json\/wp\/v2\/comments?post=146"}],"version-history":[{"count":1,"href":"https:\/\/sisu.ut.ee\/keskkond\/wp-json\/wp\/v2\/pages\/146\/revisions"}],"predecessor-version":[{"id":966,"href":"https:\/\/sisu.ut.ee\/keskkond\/wp-json\/wp\/v2\/pages\/146\/revisions\/966"}],"wp:attachment":[{"href":"https:\/\/sisu.ut.ee\/keskkond\/wp-json\/wp\/v2\/media?parent=146"}],"curies":[{"name":"wp","href":"https:\/\/api.w.org\/{rel}","templated":true}]}}