{"id":141,"date":"2024-04-03T23:32:23","date_gmt":"2024-04-03T20:32:23","guid":{"rendered":"https:\/\/sisu.ut.ee\/keskkond\/saastva-arengu-kontseptsioon\/"},"modified":"2024-04-03T23:39:06","modified_gmt":"2024-04-03T20:39:06","slug":"saastva-arengu-kontseptsioon","status":"publish","type":"page","link":"https:\/\/sisu.ut.ee\/keskkond\/saastva-arengu-kontseptsioon\/","title":{"rendered":"S\u00e4\u00e4stva arengu kontseptsioon"},"content":{"rendered":"<p>Koostas Margit Teller<\/p>\n<p>S\u00e4\u00e4stev areng<\/p>\n<ol>\n<li><strong>\u00a0Sissejuhatus S\u00c4\u00c4STVA\/J\u00c4TKUSUUTLIKU\/KESTLIKU arengu (SA) m\u00f5istesse \u2013 eelteadmiste aktiveerimine ja \u00fchtlustamine<\/strong><\/li>\n<\/ol>\n<p>TEGEVUS 1 \u2013 Keskkonnabingo<\/p>\n<p>Tegevused:<\/p>\n<p>\u2013\u00a0\u00a0\u00a0\u00a0\u00a0\u00a0\u00a0\u00a0\u00a0 Iga \u00f5ppur saab keskkonnabingo lehe, millega k\u00e4ib ruumis kaaslaste juures. Iga\u00fcks peaks kirjutama oma nime \u00fchte ruutu, milles olev tekst teda kirjeldab.<\/p>\n<p>\u2013\u00a0\u00a0\u00a0\u00a0\u00a0\u00a0\u00a0\u00a0\u00a0 J\u00e4rgneb bingo k\u00fcsimuste arutelu\/anal\u00fc\u00fcs:<\/p>\n<ul>\n<li>Mida v\u00e4ljendavad need laused?<\/li>\n<li>Kuidas oleks Bingot kui vahvat ja emotsionaalset m\u00e4ngu v\u00f5imalik kasutada lasteaia \u00f5ppe- ja kasvatustegevustes?<\/li>\n<\/ul>\n<p>KESKKONNATEADLIKKUS<\/p>\n<p>a)\u00a0\u00a0\u00a0\u00a0\u00a0 Teab, millised k\u00fcsimused on seoses inimese ja tema keskkonnaga olulised; teab, et nende probleemide lahendamine on oluline \u2013 m\u00f5tteviis \u2013 <span style=\"text-decoration: underline\">hoiakuline <\/span>komponent;<\/p>\n<p>b)\u00a0\u00a0\u00a0\u00a0\u00a0 V\u00e4ljendab valmidust k\u00e4ituda keskkonnas\u00f5bralikul moel \u2013 k\u00e4itumis- v\u00f5i eluviis, \u00f6koloogiliselt vastutustundlik teguviis \u2013 <span style=\"text-decoration: underline\">k\u00e4itumuslik<\/span> komponent.<\/p>\n<p>KESKKONNATEADLIKKUSE ARENDAMINE AITAB S\u00c4\u00c4STVALT TARBIDA. Ja vastupidi, s\u00e4\u00e4stva arengu p\u00f5him\u00f5tete praktiseerimine soodustab ka keskkonnateadlikkuse kasvu.<\/p>\n\n<p>KESKKONNABINGO<\/p>\n<table class=\"table table-hover\" style=\"width: 675px\" border=\"1\" cellpadding=\"0\" cellspacing=\"0\">\n<tbody>\n<tr>\n<td valign=\"top\">\n<p>USUB POSITIIVSESSE M\u00d5TLEMISSE<\/p>\n<\/td>\n<td valign=\"top\">\n<p>ON LOOTUSRIKAS MEIE PLANEEDI TULEVIKU SUHTES<\/p>\n<\/td>\n<td valign=\"top\">\n<p>TEAB, MILLIST INFOT V\u00d5IB LEIDA PORTAALIST BIONEER<\/p>\n<\/td>\n<td valign=\"top\">\n<p>T\u00d6\u00d6TAB MEELSASTI VABATAHTLIKUNA<\/p>\n<\/td>\n<td valign=\"top\">\n<p>EELISTAB OSTA KODUMAISEID TOOTEID JA V\u00c4LDIB KAUGELT TOODUID<\/p>\n<\/td>\n<\/tr>\n<tr>\n<td valign=\"top\">\n<p>ARVAB, ET V\u00d5ITLEKS TUUMAJAAMADE EHITAMISE VASTU EESTIS<\/p>\n<\/td>\n<td valign=\"top\">\n<p>TAHAB TEHA MUUDATUSI, ET AIDATA KESKKONDA S\u00c4ILITADA<\/p>\n<\/td>\n<td valign=\"top\">\n<p>VIIB PIIMA- JA MAHLAKARTONGI, METALL- JA PLASTPAKENDID VASTAVASSE KONTEINERISSE<\/p>\n<\/td>\n<td valign=\"top\">\n<p>ON ISTUTANUD PUID<\/p>\n<\/td>\n<td valign=\"top\">\n<p>L\u00dcLITAB K\u00dcTTE SISSE, KUI KODUS ON K\u00dcLM<\/p>\n<\/td>\n<\/tr>\n<tr>\n<td valign=\"top\">\n<p>LOEB MEELSASTI KESKKONNA-TEEMALISI ARTIKLEID<\/p>\n<\/td>\n<td valign=\"top\">\n<p>KOGUB TOIDU-J\u00c4\u00c4NUSED KOMPOSTIKS<\/p>\n<\/td>\n<td valign=\"top\">\n<p>ARUTAB KODUSTEGA KESKKONNA- K\u00dcSIMUSI<\/p>\n<\/td>\n<td valign=\"top\">\n<p>PESEB KILEKOTID \u00c4RA, ET NEID SAAKS UUESTI KASUTADA<\/p>\n<p>\u00a0<\/p>\n<\/td>\n<td valign=\"top\">\n<p>KASVATAB \u00dcHE OSA TOIDUST OMA AIAS<\/p>\n<\/td>\n<\/tr>\n<tr>\n<td valign=\"top\">\n<p>TULEB HARILIKULT JALA T\u00d6\u00d6LE<\/p>\n<\/td>\n<td valign=\"top\">\n<p>UURIB ENNE PESEMISVAHENDI OSTMIST PAKENDILT SELLE KOOSTIST<\/p>\n<\/td>\n<td valign=\"top\">\n<p>PESEB END TAVALISELT DU\u0160I ALL<\/p>\n<\/td>\n<td valign=\"top\">\n<p>P\u00dc\u00dcAB OLLA KOLLEEGIDELE HEA EESKUJU KESKKONNA-<\/p>\n<p>K\u00dcSIMUSTES<\/p>\n<\/td>\n<td valign=\"top\">\n<p>ON KIRJUTANUD V\u00d5I PIDANUD VESTLUSE KESKKONNA- K\u00dcSIMUSTE TEEMAL<\/p>\n<\/td>\n<\/tr>\n<tr>\n<td valign=\"top\">\n<p>LEIAB KASUTUSVIISI ASJADELE, MIDA ENAM EI VAJA<\/p>\n<\/td>\n<td valign=\"top\">\n<p>TEAB, KUS ASUVAD TEMA POES KESKKONNA- M\u00c4RKIDEGA TOOTED<\/p>\n<\/td>\n<td valign=\"top\">\n<p>TAVATSEB PEREGA EESTIS PUHATA<\/p>\n<\/td>\n<td valign=\"top\">\n<p>TEAB TELEFONI-NUMBRIT, KUHU VAJADUSE KORRAL KESKKONNA\u00adREOSTUSEST TEATADA<\/p>\n<\/td>\n<td valign=\"top\">\n<p>USUB, ET LOODUSEGA MITTEARVESTAMINE ON HALB EELK\u00d5IGE INIMESTELE ENDALE<\/p>\n<\/td>\n<\/tr>\n<\/tbody>\n<\/table>\n<p align=\"center\">\n<\/p><p>TEGEVUS 2 \u2013 Asjade m\u00e4ng \u00a0\u00a0\u00a0\u00a0\u00a0\u00a0\u00a0\u00a0\u00a0<span style=\"text-decoration: underline\"> <\/span><\/p>\n<p>Tegevused:<\/p>\n<p>\u2013\u00a0\u00a0\u00a0\u00a0\u00a0\u00a0\u00a0\u00a0\u00a0 T\u00f6\u00f6tatakse 2\u20133kaupa r\u00fchmades. R\u00fchmadesse antakse erinevaid inimeste kasutuses olnud\/olevaid asju koos pakenditega (Hiiu Villa villakinnas; n\u00f5udepesuvahend Neutral \u00f6kom\u00e4rgisega P\u00f5hjamaade Luik; vanapaberist kopeerpaber Saksamaa \u00f6kom\u00e4rgisega Sinine Ingel; Kolumbiast p\u00e4rit f\u00fc\u00fcsal; Hiinast p\u00e4rit m\u00e4nguasi; pudelivesi; plast- ja puit\u00fcmbrisega pastapliiats jne).<\/p>\n<p>\u2013\u00a0\u00a0\u00a0\u00a0\u00a0\u00a0\u00a0\u00a0\u00a0 K\u00fcsimused r\u00fchmas arutamiseks:<\/p>\n<ul>\n<li>Missugused assotsiatsioonid tekivad selle asjaga?<\/li>\n<li>Kuidas on see oluline s\u00e4\u00e4stva arengu kontekstis?<\/li>\n<li>Missugused seosed tekivad nende asjade \u00fcle arutledes ja lasteaia igap\u00e4evasele toimimisele m\u00f5eldes?<\/li>\n<li>Mis on selle toote tegelik hind?<\/li>\n<li>Miks on vaja uurida lasteaia toimimise m\u00f5ju \u00fcmbritsevale keskkonnale?<\/li>\n<li>Kuidas kasutada selle m\u00e4ngu ideed koolieelse lasteasutuse \u00f5ppe- ja kasvatustegevustes?<\/li>\n<\/ul>\n<p>\u00a0<\/p>\n<p>TEGEVUS 3 \u2013 Arengu keskkonnad<span style=\"text-decoration: underline\"> <\/span><\/p>\n<p>Tegevused:<\/p>\n<p>\u2013\u00a0\u00a0\u00a0\u00a0\u00a0\u00a0\u00a0\u00a0\u00a0 R\u00fchmas m\u00e4rgitakse plakatile 4 sektorit, st 4 keskkonna aspekti (loodus, majandus, sotsiaalne, kultuur).<\/p>\n<p>\u2013\u00a0\u00a0\u00a0\u00a0\u00a0\u00a0\u00a0\u00a0\u00a0 M\u00f5eldakse k\u00fcsimused, mis puudutaksid eelmise \u00fclesande tegevuses kasutatud esemega (nt kohalikult toodetud villaste sokkidega) seotult nelja keskkonnaaspekti, vormistatakse need ja kirjutatakse vastavatesse sektoritesse.<\/p>\n<p>\u2013\u00a0\u00a0\u00a0\u00a0\u00a0\u00a0\u00a0\u00a0\u00a0 J\u00e4rgneb \u00fclevaade, mille j\u00e4rel arutletakse:<\/p>\n<ul>\n<li>Kui sarnased v\u00f5i erinevad k\u00fcsimused tekivad?<\/li>\n<li>Kas saame kohe k\u00fcsimustele vastata? Millised on v\u00f5imalikud vastuste otsimise viisid?<\/li>\n<li>Kuidas kasutada tekkinud k\u00fcsimusi koolieelse lasteasutuse \u00f5ppe- ja kasvatustegevuste planeerimisel, integreerimaks tegevustesse mitmek\u00fclgset keskkonnast arusaamist?<\/li>\n<\/ul>\n<p><strong>2. Kuidas arenes s\u00e4\u00e4stva arengu idee?<\/strong><\/p>\n<p>20. saj algus kuni 1970ndad \u2013 looduskaitseline tegevus;<\/p>\n<p>1970ndad kuni 1990ndad \u2013 keskkonnahariduslik tegevus;<\/p>\n<p>alates 1992. a Rio de Janeiro maailmakonverents \u2013 s\u00e4\u00e4stva arengu idee levik.<\/p>\n<p>3. S\u00e4\u00e4stvat arengut t\u00f5lgendatakse eri viisidel. Oluline on arusaamine, ET K\u00d5IK ON K\u00d5IGEGA SEOTUD.<\/p>\n<p>a)\u00a0\u00a0\u00a0\u00a0\u00a0 Areng, mis rahuldab praegused vajadused, seadmata ohtu tulevaste p\u00f5lvkondade v\u00f5imalusi oma vajaduste rahuldamiseks. Tuleb ette n\u00e4ha ja arvestada oma t\u00e4nase tegevuse pikaajalisi tagaj\u00e4rgi. Eri vanuses \u00f5ppijatega sobib arutleda, mida keegi vajab, mida vajaduste all silmas peetakse ning mida teha, et ka j\u00e4reltulevatel p\u00f5lvkondadel oleks v\u00f5imalik oma vajadusi rahuldada.<\/p>\n<p>b)\u00a0\u00a0\u00a0\u00a0\u00a0 Tegevus, kus arvestatakse tasakaalu majandusliku, sotsiaal-kultuurilise ja \u00f6koloogilise arengu ja vajaduste vahel \u2013 haaratud erinevad keskkonna osad\/aspektid\/dimensioonid. Inimene ja tema tegevus on seotud. Tasakaalulist arengut v\u00e4ljendati s\u00e4\u00e4stva arengu kontekstis algselt kolmedimensioonilisena (keskkond, majandus, \u00fchiskond), \u00f5ppimise huvides on otstarbekas vaadelda s\u00e4\u00e4stvat arengut nelja \u201ejalaga\u201c (joonis 1). Jooniselt v\u00f5ib uurida, mida \u00fcks v\u00f5i teine osa t\u00e4hendab.<\/p>\n<table class=\"table table-hover\" border=\"1\" cellpadding=\"0\" cellspacing=\"0\">\n<tbody>\n<tr>\n<td>\n<p align=\"center\"><strong>KULTUURIRUUMI ELUJ\u00d5ULISUS<\/strong><\/p>\n<\/td>\n<td valign=\"top\">\n<p><span style=\"text-decoration: underline\">KULTUURIKESKKOND \u2013kultuuriline j\u00e4tkusuutlikkus.<\/span><\/p>\n<p>Eetika &amp; k\u00e4itumine (globaalne vastutus, sallivus, v\u00f5rdsus, solidaarsus), religioon &amp; kultuur, soovid\/motivatsioon, meelelahutus, vabadus\/\u00f5igused, kohustused (\u00fchised kohustused), perev\u00e4\u00e4rtused , info\/meedia<\/p>\n<\/td>\n<td valign=\"top\">\n<p><span style=\"text-decoration: underline\">SOTSIAALNE KESKKOND \u2013 \u00fchiskondlik j\u00e4tkusuutlikkus.<\/span><\/p>\n<p>Taristu, haridus, \u00f5iguss\u00fcsteem, tervishoid &amp; meditsiin, poliitika &amp; demokraatia, s\u00f5jat\u00f6\u00f6stus, inimressursid (t\u00f6\u00f6h\u00f5ive, sotsiaalsed erinevused, \u00fchistegevus\/osalemine, vabatahtlik t\u00f6\u00f6)<\/p>\n<\/td>\n<td valign=\"top\">\n<p><strong>SIDUS \u00dcHISKOND<\/strong><\/p>\n<\/td>\n<\/tr>\n<tr>\n<td valign=\"top\">\n<p><strong>\u00d6KOLOOGILINE TASAKAAL<\/strong><\/p>\n<\/td>\n<td valign=\"top\">\n<p><span style=\"text-decoration: underline\">LOODUSKESKKOND \u2013\u00f6koloogiline j\u00e4tkusuutlikkus.<\/span><\/p>\n<p>Bioloogiline mitmekesisus, \u00f6kos\u00fcsteemid, elupaigad, ohustatud liigid, reostus &amp; j\u00e4\u00e4tmed, f\u00fc\u00fcsikalised protsessid, kliimamuutused, loodusressursid<\/p>\n<\/td>\n<td valign=\"top\">\n<p><span style=\"text-decoration: underline\">MAJANDUSKESKKOND \u2013 majanduslik j\u00e4tkusuutlikkus.<\/span><\/p>\n<p>Majanduskasv, (alternatiivsed) loodusvarad, kaubad ja teenused, ettev\u00f5tlus, t\u00f6\u00f6h\u00f5ive, elukvaliteet, tootlikkus, aus kaubandus, omakapital, roheline majandus, mahep\u00f5llumajandus, transport<\/p>\n<\/td>\n<td valign=\"top\">\n<p><strong>HEAOLU KASV<\/strong><\/p>\n<\/td>\n<\/tr>\n<\/tbody>\n<\/table>\n<p>\u00a0<\/p>\n<p>Joonis 1. S\u00e4\u00e4stva arengu dimensioonid<\/p>\n<p>c)\u00a0\u00a0\u00a0\u00a0\u00a0 SA peaeesm\u00e4rgi (tagada praegustele ja tulevastele p\u00f5lvkondadele elamisv\u00e4\u00e4rsed v\u00f5imalused) saavutamise eelduseks on tegutsemine \u00fclemaailmsel (globaalsel), regionaalsel (meil L\u00e4\u00e4nemere regiooni) ja kohalikul (lokaalsel) tasemel. Haaratud on eri p\u00f5lvkonnad, vanad ja noored, p\u00f5liselanikud ja sisser\u00e4ndajad, rikkad ja vaesed piirkonnad. SA on d\u00fcnaamiline protsess, see on pidevalt muutuv, sest inimese tegevus muutub.<\/p>\n<p>Laialt levinud fraasi \u2013 <em>M\u00d5TLE GLOBAALSELT, TEGUTSE LOKAALSELT! \u2013 <\/em>arvestamine lasteaias ning kodanikuna tegutsemisel n\u00f5uab igap\u00e4evast juurde\u00f5ppimist, seega elukestvat \u00f5ppimist.<\/p>\n<p>d)\u00a0\u00a0\u00a0\u00a0\u00a0 SA uuem k\u00e4sitlus (Peterson, 2013).<\/p>\n<p>\u00a02009. a anti s\u00e4\u00e4stva arengu definitsioonile selgem sisu (J. Rockstr\u00f6mi t\u00f6\u00f6r\u00fchm: kolmes valdkonnas \u2013 elustiku kadu, kliimamuutus ja l\u00e4mmastikuringe \u2013 on SA tasakaalupunkt juba \u00fcletatud).<\/p>\n<p><strong>\u00dchise planeedi kontseptsioonist<\/strong> tulenevad s\u00e4\u00e4stva arengu postulaadid:<\/p>\n<ol>\n<li>planetaarsete piiridega arvestamine (inim- ja majandustegevus peab arvestama planetaarsete e looduskeskkonna piiridega);<\/li>\n<li>v\u00f5rd\u00f5iguslikkust ja v\u00f5rdsust, v\u00f5imaluste v\u00f5rdsust meeste ja naiste, noorte ja vanadevahel, rahvusest, usust, erivajadustest ja v\u00e4hemusr\u00fchma kuulumisest s\u00f5ltumata;<\/li>\n<li>targalt tarbimine ehk planeeti arvestav tarbimine eeldab tarbija teadlikkust.<\/li>\n<\/ol>\n<p>Tegevus 4 \u2013 Arutelu lasteaiameeskonnas<span style=\"text-decoration: underline\"> <\/span><\/p>\n<p>Millised tegevused meie lasteaia p\u00e4evas m\u00f5jutavad globaalseid protsesse? Milliseid ja kuidas?<\/p>\n<p>\u00a0<\/p>\n<p>Kasutatud kirjandus:<\/p>\n<p>Education for Change: s\u00e4\u00e4stva arengu \u00f5petamise ja \u00f5ppimise k\u00e4siraamat. 2006.<\/p>\n<p>Peterson, K. 2013, 31. mai.<strong> <\/strong>\u00dchise planeedi kontseptsioon ehk kuidas m\u00f5ista ja \u00f5petada s\u00e4\u00e4stvat arengut? <em>\u00d5petajate Leht. <\/em><\/p>\n<p>Shapiro, S. &amp; Pilsitz, L. 1995. Keskkond ja meie globaalne kogukond.<\/p>\n<p>S\u00e4\u00e4stev Eesti 21 (Eesti s\u00e4\u00e4stva arengu riiklik strateegia). 2005.<\/p>\n<p>\u00a0<\/p>\n<p style=\"text-align: left\" align=\"center\">S\u00e4\u00e4stva arengu protsessis osalemiseks soovitame allikaid:<\/p>\n<p>Rohelise eluviisi portaal <a href=\"http:\/\/www.bioneer.ee\/\">http:\/\/www.bioneer.ee\/<\/a><\/p>\n<p>Talve, S. 2013. M\u00f5istlik tarbimine \u2013 j\u00f5ukohane panus puhtamasse keskkonda. <em>Keskkonnaharidusleht, s\u00fcgis,<\/em> lk 3. <a href=\"http:\/\/www.keskkonnaamet.ee\/public\/Keskkonnaharidusleht_sugis2013.pdf\">http:\/\/www.keskkonnaamet.ee\/public\/Keskkonnaharidusleht_sugis2013.pdf<\/a><\/p>\n<p>Keskkonnam\u00e4rgised <span style=\"text-decoration: underline\"><a href=\"http:\/\/www.envir.ee\/orb.aw\/class=file\/action=preview\/id=1084272\/2_keskkonnamargised_VV_KK.pdf\">http:\/\/www.envir.ee\/orb.aw\/class=file\/action=preview\/id=1084272\/2_keskkonnamargised_VV_KK.pdf<\/a><\/span><\/p>\n<p>Raisma, I., &amp; Tulva, T. 2012. K\u00fclla Kongo k\u00fclla: fotomapp lasteaedadele.<\/p>\n<p>\u00d6kojalaj\u00e4lje kalkulaator (selle abil saab arvutada oma isiklikku \u00f6koloogilist jalaj\u00e4lge) <a href=\"http:\/\/jalajalg.positium.ee\/\">http:\/\/jalajalg.positium.ee\/<\/a><\/p>\n<p>\u00a0<\/p>\n","protected":false},"excerpt":{"rendered":"<p>Koostas Margit Teller S\u00e4\u00e4stev areng \u00a0Sissejuhatus S\u00c4\u00c4STVA\/J\u00c4TKUSUUTLIKU\/KESTLIKU arengu (SA) m\u00f5istesse \u2013 eelteadmiste aktiveerimine ja \u00fchtlustamine TEGEVUS 1 \u2013 Keskkonnabingo Tegevused: \u2013\u00a0\u00a0\u00a0\u00a0\u00a0\u00a0\u00a0\u00a0\u00a0 Iga \u00f5ppur saab keskkonnabingo lehe, millega k\u00e4ib ruumis kaaslaste juures. Iga\u00fcks peaks kirjutama oma nime \u00fchte ruutu, milles olev &#8230;<\/p>\n","protected":false},"author":42,"featured_media":0,"parent":0,"menu_order":0,"comment_status":"closed","ping_status":"closed","template":"","meta":{"_acf_changed":false,"inline_featured_image":false,"footnotes":""},"class_list":["post-141","page","type-page","status-publish","hentry"],"acf":[],"_links":{"self":[{"href":"https:\/\/sisu.ut.ee\/keskkond\/wp-json\/wp\/v2\/pages\/141","targetHints":{"allow":["GET"]}}],"collection":[{"href":"https:\/\/sisu.ut.ee\/keskkond\/wp-json\/wp\/v2\/pages"}],"about":[{"href":"https:\/\/sisu.ut.ee\/keskkond\/wp-json\/wp\/v2\/types\/page"}],"author":[{"embeddable":true,"href":"https:\/\/sisu.ut.ee\/keskkond\/wp-json\/wp\/v2\/users\/42"}],"replies":[{"embeddable":true,"href":"https:\/\/sisu.ut.ee\/keskkond\/wp-json\/wp\/v2\/comments?post=141"}],"version-history":[{"count":1,"href":"https:\/\/sisu.ut.ee\/keskkond\/wp-json\/wp\/v2\/pages\/141\/revisions"}],"predecessor-version":[{"id":971,"href":"https:\/\/sisu.ut.ee\/keskkond\/wp-json\/wp\/v2\/pages\/141\/revisions\/971"}],"wp:attachment":[{"href":"https:\/\/sisu.ut.ee\/keskkond\/wp-json\/wp\/v2\/media?parent=141"}],"curies":[{"name":"wp","href":"https:\/\/api.w.org\/{rel}","templated":true}]}}