{"id":140,"date":"2024-04-03T23:32:23","date_gmt":"2024-04-03T20:32:23","guid":{"rendered":"https:\/\/sisu.ut.ee\/keskkond\/kultuurikeskkond\/"},"modified":"2024-04-03T23:39:06","modified_gmt":"2024-04-03T20:39:06","slug":"kultuurikeskkond","status":"publish","type":"page","link":"https:\/\/sisu.ut.ee\/keskkond\/kultuurikeskkond\/","title":{"rendered":"KULTUURIKESKKOND"},"content":{"rendered":"<p>Mooduli \u201cKultuurikeskkond\u201d toimumiskohad: Heimtali koduloomuuseum, Siniallika matkarada, M\u00e4nniku metsatalu<\/p>\n<p>Mooduli l\u00e4biviijad: Margit Teller, Merle Puusepp, Anu Raud, Taive S\u00e4rg<\/p>\n\n<p><img loading=\"lazy\" decoding=\"async\" width=\"800\" height=\"536\" class=\"alignnone wp-image-538\" src=\"https:\/\/sisu.ut.ee\/wp-content\/uploads\/sites\/107\/heimtali-1.jpg\" title=\"heimtali.jpg\" alt=\"heimtali.jpg\" srcset=\"https:\/\/sisu.ut.ee\/wp-content\/uploads\/sites\/107\/heimtali-1.jpg 800w, https:\/\/sisu.ut.ee\/wp-content\/uploads\/sites\/107\/heimtali-1-300x201.jpg 300w, https:\/\/sisu.ut.ee\/wp-content\/uploads\/sites\/107\/heimtali-1-768x515.jpg 768w\" sizes=\"auto, (max-width: 800px) 100vw, 800px\"><\/p>\n<p>Heimtali koduloomuuseum<\/p>\n","protected":false},"excerpt":{"rendered":"<p>Mooduli \u201cKultuurikeskkond\u201d toimumiskohad: Heimtali koduloomuuseum, Siniallika matkarada, M\u00e4nniku metsatalu Mooduli l\u00e4biviijad: Margit Teller, Merle Puusepp, Anu Raud, Taive S\u00e4rg Heimtali koduloomuuseum<\/p>\n","protected":false},"author":42,"featured_media":0,"parent":0,"menu_order":0,"comment_status":"closed","ping_status":"closed","template":"","meta":{"_acf_changed":false,"inline_featured_image":false,"footnotes":""},"class_list":["post-140","page","type-page","status-publish","hentry"],"acf":[],"_links":{"self":[{"href":"https:\/\/sisu.ut.ee\/keskkond\/wp-json\/wp\/v2\/pages\/140","targetHints":{"allow":["GET"]}}],"collection":[{"href":"https:\/\/sisu.ut.ee\/keskkond\/wp-json\/wp\/v2\/pages"}],"about":[{"href":"https:\/\/sisu.ut.ee\/keskkond\/wp-json\/wp\/v2\/types\/page"}],"author":[{"embeddable":true,"href":"https:\/\/sisu.ut.ee\/keskkond\/wp-json\/wp\/v2\/users\/42"}],"replies":[{"embeddable":true,"href":"https:\/\/sisu.ut.ee\/keskkond\/wp-json\/wp\/v2\/comments?post=140"}],"version-history":[{"count":1,"href":"https:\/\/sisu.ut.ee\/keskkond\/wp-json\/wp\/v2\/pages\/140\/revisions"}],"predecessor-version":[{"id":972,"href":"https:\/\/sisu.ut.ee\/keskkond\/wp-json\/wp\/v2\/pages\/140\/revisions\/972"}],"wp:attachment":[{"href":"https:\/\/sisu.ut.ee\/keskkond\/wp-json\/wp\/v2\/media?parent=140"}],"curies":[{"name":"wp","href":"https:\/\/api.w.org\/{rel}","templated":true}]}}