{"id":138,"date":"2024-04-03T23:32:23","date_gmt":"2024-04-03T20:32:23","guid":{"rendered":"https:\/\/sisu.ut.ee\/keskkond\/sotsiaalne-keskkond\/"},"modified":"2024-04-03T23:39:06","modified_gmt":"2024-04-03T20:39:06","slug":"sotsiaalne-keskkond","status":"publish","type":"page","link":"https:\/\/sisu.ut.ee\/keskkond\/sotsiaalne-keskkond\/","title":{"rendered":"SOTSIAALNE KESKKOND"},"content":{"rendered":"<p>Mooduli \u201cSotsiaalne keskkond\u201d toimumiskohad olid: Tartu Salme 1a \u00f5ppehoone, Tartu Karlova park, Tartu Keskkonnahariduskeskus<\/p>\n<p>Mooduli l\u00e4biviijad: Margit Teller, Marianne Olbrei, Maria J\u00fcrim\u00e4e, Liina Vaher, Mare Gull, Aili Saluveer, Janika Ruusmaa, Ilmar Part<\/p>\n<p><img loading=\"lazy\" decoding=\"async\" width=\"900\" height=\"600\" class=\"alignnone wp-image-536\" src=\"https:\/\/sisu.ut.ee\/wp-content\/uploads\/sites\/107\/untitled-16.jpg\" title=\"untitled.jpg\" alt=\"untitled.jpg\" srcset=\"https:\/\/sisu.ut.ee\/wp-content\/uploads\/sites\/107\/untitled-16.jpg 900w, https:\/\/sisu.ut.ee\/wp-content\/uploads\/sites\/107\/untitled-16-300x200.jpg 300w, https:\/\/sisu.ut.ee\/wp-content\/uploads\/sites\/107\/untitled-16-768x512.jpg 768w\" sizes=\"auto, (max-width: 900px) 100vw, 900px\"><\/p>\n<p>Tartu Keskkonnahariduskeskus<\/p>\n","protected":false},"excerpt":{"rendered":"<p>Mooduli \u201cSotsiaalne keskkond\u201d toimumiskohad olid: Tartu Salme 1a \u00f5ppehoone, Tartu Karlova park, Tartu Keskkonnahariduskeskus Mooduli l\u00e4biviijad: Margit Teller, Marianne Olbrei, Maria J\u00fcrim\u00e4e, Liina Vaher, Mare Gull, Aili Saluveer, Janika Ruusmaa, Ilmar Part Tartu Keskkonnahariduskeskus<\/p>\n","protected":false},"author":42,"featured_media":0,"parent":0,"menu_order":0,"comment_status":"closed","ping_status":"closed","template":"","meta":{"_acf_changed":false,"inline_featured_image":false,"footnotes":""},"class_list":["post-138","page","type-page","status-publish","hentry"],"acf":[],"_links":{"self":[{"href":"https:\/\/sisu.ut.ee\/keskkond\/wp-json\/wp\/v2\/pages\/138","targetHints":{"allow":["GET"]}}],"collection":[{"href":"https:\/\/sisu.ut.ee\/keskkond\/wp-json\/wp\/v2\/pages"}],"about":[{"href":"https:\/\/sisu.ut.ee\/keskkond\/wp-json\/wp\/v2\/types\/page"}],"author":[{"embeddable":true,"href":"https:\/\/sisu.ut.ee\/keskkond\/wp-json\/wp\/v2\/users\/42"}],"replies":[{"embeddable":true,"href":"https:\/\/sisu.ut.ee\/keskkond\/wp-json\/wp\/v2\/comments?post=138"}],"version-history":[{"count":1,"href":"https:\/\/sisu.ut.ee\/keskkond\/wp-json\/wp\/v2\/pages\/138\/revisions"}],"predecessor-version":[{"id":974,"href":"https:\/\/sisu.ut.ee\/keskkond\/wp-json\/wp\/v2\/pages\/138\/revisions\/974"}],"wp:attachment":[{"href":"https:\/\/sisu.ut.ee\/keskkond\/wp-json\/wp\/v2\/media?parent=138"}],"curies":[{"name":"wp","href":"https:\/\/api.w.org\/{rel}","templated":true}]}}