{"id":131,"date":"2024-04-03T23:32:23","date_gmt":"2024-04-03T20:32:23","guid":{"rendered":"https:\/\/sisu.ut.ee\/keskkond\/labiv-teema-keskkond-ja-saastev-areng-kutseoppeasutuse-oppekavades\/"},"modified":"2024-04-03T23:39:07","modified_gmt":"2024-04-03T20:39:07","slug":"labiv-teema-keskkond-ja-saastev-areng-kutseoppeasutuse-oppekavades","status":"publish","type":"page","link":"https:\/\/sisu.ut.ee\/keskkond\/labiv-teema-keskkond-ja-saastev-areng-kutseoppeasutuse-oppekavades\/","title":{"rendered":"L\u00e4biv teema \u201eKeskkond ja s\u00e4\u00e4stev areng\u201d kutse\u00f5ppeasutuse \u00f5ppekavades"},"content":{"rendered":"<p>Koostaja Vilve Pohla<\/p>\n<p><strong>Eesm\u00e4rgid<\/strong><\/p>\n<p>Koolitusp\u00e4eva eesm\u00e4rk on anda \u00fclevaade keskkonna ja j\u00e4tkusuutliku arengu teemade l\u00f5imimise v\u00f5imalustest erinevate erialade \u00f5ppekavadesse.<\/p>\n<p><strong>\u00d5piv\u00e4ljundid<\/strong><\/p>\n<p>Koolituse l\u00e4binu oskab luua seoseid keskkonna ja s\u00e4\u00e4stva arengu teemade ja eriala\u00f5petuse vahel.<\/p>\n<p><strong>Sisu l\u00fchikirjeldus, meetodid<\/strong><\/p>\n<p>S\u00e4\u00e4stev areng kui eluviis. Keskkond ja s\u00e4\u00e4stlik tootmine. Aktiiv\u00f5ppe meetodid ja r\u00fchmat\u00f6\u00f6 keskkonnateemade \u00f5petamisel.<\/p>\n<p>R\u00fchmat\u00f6\u00f6d, probleemsituatsioonide anal\u00fc\u00fcs.<\/p>\n<p><strong>S\u00e4\u00e4stva arengu kontseptsiooni l\u00f5imimine \u00f5ppekavasse<\/strong><\/p>\n<p>Keskkonna ja s\u00e4\u00e4stva arenguga seotud tegevused<\/p>\n<p>Keskkonna ja s\u00e4\u00e4stva arenguga seotud projektid<\/p>\n<p>Keskkonna ja s\u00e4\u00e4stva arenguga seotud teemade l\u00f5imimine rakenduskavadesse<\/p>\n<p><strong>\u00d5ppematerjalid<\/strong><\/p>\n<ul>\n<li>Keskkonnaministeeriumi koduleht http:\/\/www.envir.ee<\/li>\n<\/ul>\n<p>S\u00e4\u00e4stev areng http:\/\/www.envir.ee\/et\/saastev-areng<\/p>\n<p>S\u00e4\u00e4stev Eesti 21 https:\/\/riigikantselei.ee\/et\/konkurentsivoime-kava-eesti-2020<\/p>\n<ul>\n<li>Keskkonnam\u00e4ngude kogumik. 2001. Koost.: Tuusti, A., Lotman, K. Eesti Metsakaitsealade V\u00f5rgustik.<\/li>\n<li>Keskkonnam\u00e4ngude kogumik II. 2002. Koost.: Tuusti, A., Lotman, K., Loide, M. Eesti Loodushariduse Selts, Tartu.<\/li>\n<li>Keskkonnaraamat g\u00fcmnaasiumile I Elukeskkond. 1999. Koost.: Aher, S., Harak, M., J\u00f5gi, J. jt, EV Haridusministeerium.<\/li>\n<li>Keskkonnaraamat g\u00fcmnaasiumile II Bioloogiline mitmekesisus, selle osa looduses ja kaitse. 1998. Autorid: Randla, T., Ploompuu, T., Harak, M., T\u00f5nisson, A. EV Haridusministeerium ja Keskkonnaministeerium, Tallinn.<\/li>\n<li>Keskkonnaraamat g\u00fcmnaasiumile III. Keskkonna- ja sotsiaalprobleemid. 1998 Autorite kollektiiv. Koost.: Aher, S. Haridusministeerium ja Keskkonnaministeerium, Tallinn.<\/li>\n<li>Keskkonnaraamat g\u00fcmnaasiumile IV Globaalprobleemid. 1998. Autorite kollektiiv. Koost.: Punning, J.-M. Haridusministeerium ja Keskkonnaministeerium, Tallinn.<\/li>\n<li>Loodusteadused, tehnoloogia ja \u00fchiskond (LOLO.00.030) e-kursus<\/li>\n<li>http:\/\/www.maailmakool.ee\/oppematerjalid\/saastev-areng\/<\/li>\n<li>http:\/\/www.vabaharidus.ee\/public\/files\/koolituskeskus\/saastev_areng_oppematerjal.pdf<\/li>\n<li>Koolielu portaal, m\u00e4rks\u00f5nad \u00d6koloogia ja Keskkonnakaitse<\/li>\n<\/ul>\n","protected":false},"excerpt":{"rendered":"<p>Koostaja Vilve Pohla Eesm\u00e4rgid Koolitusp\u00e4eva eesm\u00e4rk on anda \u00fclevaade keskkonna ja j\u00e4tkusuutliku arengu teemade l\u00f5imimise v\u00f5imalustest erinevate erialade \u00f5ppekavadesse. \u00d5piv\u00e4ljundid Koolituse l\u00e4binu oskab luua seoseid keskkonna ja s\u00e4\u00e4stva arengu teemade ja eriala\u00f5petuse vahel. Sisu l\u00fchikirjeldus, meetodid S\u00e4\u00e4stev areng kui eluviis. &#8230;<\/p>\n","protected":false},"author":42,"featured_media":0,"parent":0,"menu_order":0,"comment_status":"closed","ping_status":"closed","template":"","meta":{"_acf_changed":false,"inline_featured_image":false,"footnotes":""},"class_list":["post-131","page","type-page","status-publish","hentry"],"acf":[],"_links":{"self":[{"href":"https:\/\/sisu.ut.ee\/keskkond\/wp-json\/wp\/v2\/pages\/131","targetHints":{"allow":["GET"]}}],"collection":[{"href":"https:\/\/sisu.ut.ee\/keskkond\/wp-json\/wp\/v2\/pages"}],"about":[{"href":"https:\/\/sisu.ut.ee\/keskkond\/wp-json\/wp\/v2\/types\/page"}],"author":[{"embeddable":true,"href":"https:\/\/sisu.ut.ee\/keskkond\/wp-json\/wp\/v2\/users\/42"}],"replies":[{"embeddable":true,"href":"https:\/\/sisu.ut.ee\/keskkond\/wp-json\/wp\/v2\/comments?post=131"}],"version-history":[{"count":1,"href":"https:\/\/sisu.ut.ee\/keskkond\/wp-json\/wp\/v2\/pages\/131\/revisions"}],"predecessor-version":[{"id":981,"href":"https:\/\/sisu.ut.ee\/keskkond\/wp-json\/wp\/v2\/pages\/131\/revisions\/981"}],"wp:attachment":[{"href":"https:\/\/sisu.ut.ee\/keskkond\/wp-json\/wp\/v2\/media?parent=131"}],"curies":[{"name":"wp","href":"https:\/\/api.w.org\/{rel}","templated":true}]}}