{"id":130,"date":"2024-04-03T23:32:23","date_gmt":"2024-04-03T20:32:23","guid":{"rendered":"https:\/\/sisu.ut.ee\/keskkond\/oppematerjalid\/"},"modified":"2024-04-03T23:39:07","modified_gmt":"2024-04-03T20:39:07","slug":"oppematerjalid","status":"publish","type":"page","link":"https:\/\/sisu.ut.ee\/keskkond\/oppematerjalid\/","title":{"rendered":"\u00d5ppematerjalid"},"content":{"rendered":"<p>Margit Teller Tartu \u00dclikool, Haridusteaduste instituut<\/p>\n<p>Marianne Olbrei\u00a0Tartu \u00dclikool, Haridusteaduste instituut<\/p>\n<p>Maria J\u00fcrim\u00e4e\u00a0Tartu \u00dclikool, haridusuuringute ja \u00f5ppekavaarenduse keskus<\/p>\n<p>Liina Vaher haridusettev\u00f5tja ja juhtimisn\u00f5ustaja<\/p>\n<p>Mare Gull Tartu lasteaed Karoliine \u00f5petaja<\/p>\n<p>Aili Saluveer Karlova Selts<\/p>\n<p>Jaanika Ruusmaa Tartu Keskonnahariduse Keskus<\/p>\n<p>Ilmar Part Tartu Keskonnahariduse Keskus<\/p>\n<p>Helle Kont Tartu Keskonnahariduse Keskus<\/p>\n<p>K\u00fclli Kalamees-Pani Tartu \u00dclikool, loodusmuuseum<\/p>\n<p>Aivo Tamm Tartu \u00dclikool, loodusmuuseum<\/p>\n<p>Kaire H\u00e4\u00e4l Mammaste lasteaed \u00f5ppejuht<\/p>\n<p>Mai Tammvere Mammaste lasteaed \u00f5petaja<\/p>\n<p>Liivi P\u00f5ld Mammaste lasteaed \u00f5petaja<\/p>\n<p>Kadri Ugur Tartu \u00dclikool, \u00dchiskonnateaduste instituut<\/p>\n<p>Mari Kala P\u00f5lvamaa keskkonnamaja<\/p>\n<p>Kai Pettai S\u00fcvahavva loodustalu<\/p>\n<p>Reet Pettai S\u00fcvahavva loodustalu<\/p>\n<p>Merle Puusepp Eesti Rahva Muuseumi Heimtali muuseum<\/p>\n<p>Anu Raud Eesti Rahva Muuseumi Heimtali muuseum<\/p>\n<p>Taive S\u00e4rg Eesti Kirjandusmuuseum<\/p>\n","protected":false},"excerpt":{"rendered":"<p>Margit Teller Tartu \u00dclikool, Haridusteaduste instituut Marianne Olbrei\u00a0Tartu \u00dclikool, Haridusteaduste instituut Maria J\u00fcrim\u00e4e\u00a0Tartu \u00dclikool, haridusuuringute ja \u00f5ppekavaarenduse keskus Liina Vaher haridusettev\u00f5tja ja juhtimisn\u00f5ustaja Mare Gull Tartu lasteaed Karoliine \u00f5petaja Aili Saluveer Karlova Selts Jaanika Ruusmaa Tartu Keskonnahariduse Keskus Ilmar Part &#8230;<\/p>\n","protected":false},"author":42,"featured_media":0,"parent":0,"menu_order":0,"comment_status":"closed","ping_status":"closed","template":"","meta":{"_acf_changed":false,"inline_featured_image":false,"footnotes":""},"class_list":["post-130","page","type-page","status-publish","hentry"],"acf":[],"_links":{"self":[{"href":"https:\/\/sisu.ut.ee\/keskkond\/wp-json\/wp\/v2\/pages\/130","targetHints":{"allow":["GET"]}}],"collection":[{"href":"https:\/\/sisu.ut.ee\/keskkond\/wp-json\/wp\/v2\/pages"}],"about":[{"href":"https:\/\/sisu.ut.ee\/keskkond\/wp-json\/wp\/v2\/types\/page"}],"author":[{"embeddable":true,"href":"https:\/\/sisu.ut.ee\/keskkond\/wp-json\/wp\/v2\/users\/42"}],"replies":[{"embeddable":true,"href":"https:\/\/sisu.ut.ee\/keskkond\/wp-json\/wp\/v2\/comments?post=130"}],"version-history":[{"count":1,"href":"https:\/\/sisu.ut.ee\/keskkond\/wp-json\/wp\/v2\/pages\/130\/revisions"}],"predecessor-version":[{"id":982,"href":"https:\/\/sisu.ut.ee\/keskkond\/wp-json\/wp\/v2\/pages\/130\/revisions\/982"}],"wp:attachment":[{"href":"https:\/\/sisu.ut.ee\/keskkond\/wp-json\/wp\/v2\/media?parent=130"}],"curies":[{"name":"wp","href":"https:\/\/api.w.org\/{rel}","templated":true}]}}