{"id":13,"date":"2024-04-03T23:32:16","date_gmt":"2024-04-03T20:32:16","guid":{"rendered":"https:\/\/sisu.ut.ee\/keskkond\/avaleht\/"},"modified":"2025-03-06T11:48:45","modified_gmt":"2025-03-06T09:48:45","slug":"avaleht","status":"publish","type":"page","link":"https:\/\/sisu.ut.ee\/keskkond\/","title":{"rendered":"Avaleht"},"content":{"rendered":"<p style=\"text-align: center\">\n<\/p><p style=\"text-align: center\"><span style=\"font-size: large\"><strong><span style=\"color: #008000\"><span id=\"yui_3_15_0_3_1407229258922_2241\">KESKKONNA- JA S\u00c4\u00c4STVA ARENGU TEEMA <\/span><span id=\"yui_3_15_0_3_1407229258922_2241\">L\u00d5IMIMINE \u00d5PPE- JA KASVATUSTEGEVUSTESSE <\/span><span id=\"yui_3_15_0_3_1407229258922_2241\">KOOLIEELSES LASTEASUTUSES<\/span><\/span><\/strong><\/span><\/p>\n<p style=\"text-align: center\">\n<\/p><p style=\"text-align: center\">\n<\/p><p style=\"text-align: center\">\n<\/p><p style=\"text-align: center\"><span style=\"font-size: large\"><strong><span style=\"color: #008000\"><span class=\"course-name\">RIIKLIKE \u00d5PPEKAVADE L\u00c4BIV TEEMA \u201cKESKKOND JA J\u00c4TKUSUUTLIK ARENG\u201d \u00d5PETAJAKOOLITUSES<\/span><\/span><\/strong><\/span><\/p>\n<p style=\"text-align: center\"><span style=\"font-size: medium\"><strong><span style=\"color: #008000\"><strong><span style=\"background-color: #ffffff;color: #008000\">Muuda ennast ja maailm muutub (M. Gandhi)<\/span><\/strong><\/span><\/strong><\/span><\/p>\n<p>2013.\u20132015. a viis Tartu \u00fclikooli haridusteaduste instituudi \u00f5petajate t\u00e4ienduskoolitus ja kutseaasta keskus ESF-programmi \u201eKeskkonnahariduse arendamine\u201c toel ellu Keskkonnaameti riigihanke \u201eT\u00e4ienduskoolituse \u00f5ppekavade koostamine ja koolituste korraldamine formaalhariduss\u00fcsteemi \u00f5petajatele, \u00f5petajakoolituse \u00f5ppej\u00f5ududele ja mitteformaalse keskkonnahariduse spetsialistidele\u201c. Koolitusprogrammid koolieelsete lasteasutuste \u00f5petajatele ja \u00f5petajakoolituse \u00f5ppej\u00f5ududele keskendusid s\u00e4\u00e4stva arengu ja keskkonna teema l\u00f5imimisele \u00f5ppetegevusse ning kaasavate \u00f5ppemeetodite rakendamisele \u00f5ppet\u00f6\u00f6s.<\/p>\n<p>M\u00f5lema sihtr\u00fchma koolitused toimusid Eesti eri piirkondades, v\u00f5imaldades osalejatel saada \u00fclevaade mitme keskkonnahariduskeskuse ning loodusharidust pakkuva organisatsiooni tegevusest ning korraldatavatest programmidest.<\/p>\n<p>K\u00fclastataval lehel leitavad materjalid on valminud \u00f5ppej\u00f5udude ja \u00f5ppijate koost\u00f6\u00f6s.<\/p>\n<p>Nii v\u00f5ib lehelt lugeda s\u00e4\u00e4stva arengu kontseptsiooni k\u00f5rval taaskasutusmaterjalide kasutamisest lasteaia \u00f5ppe- ja kasvatust\u00f6\u00f6s, leida toredaid meisterdamise ideid, tutvuda koolieelsete lasteasutuste projektidega. V\u00f5imalus on kuulata Anu Raua jutustust \u201eMustrite lugu\u201c v\u00f5i m\u00f5elda koos Taive S\u00e4rjega inimese ja looduse koosm\u00f5jule, avastada enda jaoks m\u00f5ni p\u00f5nev uus \u00f5ppemeetod, mida tulevikus \u00f5ppet\u00f6\u00f6s proovida, arendada ideed uue \u00f5petajakoolituse \u00f5ppeaine loomiseks v\u00f5i olemasoleva laiendamiseks.<\/p>\n<p>Loodame, et leiate materjalidega tutvumisel ainest s\u00e4\u00e4stva arengu v\u00e4\u00e4rtuste m\u00f5testamisel ning ideid \u00f5ppet\u00f6\u00f6 rikastamiseks s\u00e4\u00e4stva arengu p\u00f5him\u00f5tete rakendamisel k\u00f5igil hariduse tasanditel.<\/p>\n<p>\u00d5petajate t\u00e4ienduskoolitus ja kutseaasta keskuse suur soov oli projekti tegevuste korraldamise kaudu toetada keskkonnas\u00e4\u00e4stlikuma m\u00f5tteviisi kujunemist. Suur t\u00e4nu k\u00f5igile, kes meid selles aitasid!<\/p>\n<p style=\"text-align: center\">\n<\/p><p style=\"text-align: center\">\u00a0<img loading=\"lazy\" decoding=\"async\" width=\"127\" height=\"166\" class=\"alignnone wp-image-263\" style=\"float: left\" src=\"https:\/\/sisu.ut.ee\/wp-content\/uploads\/sites\/107\/heimtali.jpg\" title=\"heimtali.jpg\" alt=\"heimtali.jpg\"><\/p>\n\n<p>\u00a0\u00a0\u00a0<\/p>\n<p style=\"text-align: center\">\n<\/p><p style=\"text-align: center\"><strong><span style=\"background-color: #ffffff;color: #008000\">\u00a0<\/span><\/strong><\/p>\n<p style=\"text-align: center\">\n<\/p><p style=\"text-align: center\">\n<\/p><p style=\"text-align: center\">\n<\/p><p style=\"text-align: center\">\n<\/p><p style=\"text-align: center\">\n<\/p><p style=\"text-align: center\">\n<\/p><p style=\"text-align: center\">\n<\/p>\n<p style=\"text-align: center\">\u00a0\u00a0\u00a0\u00a0\u00a0<\/p>\n","protected":false},"excerpt":{"rendered":"<p>KESKKONNA- JA S\u00c4\u00c4STVA ARENGU TEEMA L\u00d5IMIMINE \u00d5PPE- JA KASVATUSTEGEVUSTESSE KOOLIEELSES LASTEASUTUSES RIIKLIKE \u00d5PPEKAVADE L\u00c4BIV TEEMA \u201cKESKKOND JA J\u00c4TKUSUUTLIK ARENG\u201d \u00d5PETAJAKOOLITUSES Muuda ennast ja maailm muutub (M. Gandhi) 2013.\u20132015. a viis Tartu \u00fclikooli haridusteaduste instituudi \u00f5petajate t\u00e4ienduskoolitus ja kutseaasta keskus ESF-programmi &#8230;<\/p>\n","protected":false},"author":42,"featured_media":0,"parent":0,"menu_order":0,"comment_status":"closed","ping_status":"closed","template":"","meta":{"_acf_changed":false,"inline_featured_image":false,"footnotes":""},"class_list":["post-13","page","type-page","status-publish","hentry"],"acf":[],"_links":{"self":[{"href":"https:\/\/sisu.ut.ee\/keskkond\/wp-json\/wp\/v2\/pages\/13","targetHints":{"allow":["GET"]}}],"collection":[{"href":"https:\/\/sisu.ut.ee\/keskkond\/wp-json\/wp\/v2\/pages"}],"about":[{"href":"https:\/\/sisu.ut.ee\/keskkond\/wp-json\/wp\/v2\/types\/page"}],"author":[{"embeddable":true,"href":"https:\/\/sisu.ut.ee\/keskkond\/wp-json\/wp\/v2\/users\/42"}],"replies":[{"embeddable":true,"href":"https:\/\/sisu.ut.ee\/keskkond\/wp-json\/wp\/v2\/comments?post=13"}],"version-history":[{"count":2,"href":"https:\/\/sisu.ut.ee\/keskkond\/wp-json\/wp\/v2\/pages\/13\/revisions"}],"predecessor-version":[{"id":1123,"href":"https:\/\/sisu.ut.ee\/keskkond\/wp-json\/wp\/v2\/pages\/13\/revisions\/1123"}],"wp:attachment":[{"href":"https:\/\/sisu.ut.ee\/keskkond\/wp-json\/wp\/v2\/media?parent=13"}],"curies":[{"name":"wp","href":"https:\/\/api.w.org\/{rel}","templated":true}]}}