{"id":128,"date":"2024-04-03T23:32:22","date_gmt":"2024-04-03T20:32:22","guid":{"rendered":"https:\/\/sisu.ut.ee\/keskkond\/viere-viere-paavakene-ehk-rahvaparimused-ja-jatkusuutlik-areng\/"},"modified":"2024-04-03T23:39:07","modified_gmt":"2024-04-03T20:39:07","slug":"viere-viere-paavakene-ehk-rahvaparimused-ja-jatkusuutlik-areng","status":"publish","type":"page","link":"https:\/\/sisu.ut.ee\/keskkond\/viere-viere-paavakene-ehk-rahvaparimused-ja-jatkusuutlik-areng\/","title":{"rendered":"Viere, viere p\u00e4\u00e4v\u00e4kene, ehk rahvap\u00e4rimused ja j\u00e4tkusuutlik areng"},"content":{"rendered":"<p>Koostaja Terje Puistaja<\/p>\n<p><strong>Eesm\u00e4rgid:<\/strong><\/p>\n<p>Anda (l\u00fchi)\u00fclevaade rahvap\u00e4rimustes kajastuvatest loodusteemalistest kommetest, rituaalidest, lugudest ja lauludest, juhtides nende kaudu t\u00e4helepanu inimese ja looduse omavahelistele seostele, m\u00f5jutustele, koostoimimise tagaj\u00e4rgedele.<\/p>\n<p><strong>\u00d5piv\u00e4ljundid:<\/strong><\/p>\n<p><strong><\/strong> Kursuse l\u00e4binud<\/p>\n<ul>\n<li>on teadlikud erinevate l\u00e4henemisviiside v\u00f5imalikkusest keskkonnas\u00e4\u00e4stliku ja j\u00e4tkusuutliku temaatika \u00f5petamisel;<\/li>\n<li>oskavad l\u00f5imida l\u00e4bitut erinevatesse ainevaldkondadesse;<\/li>\n<li>m\u00f5istavad j\u00e4tkusuutliku arengu olulisust;<\/li>\n<li>oskavad p\u00f6\u00f6rata t\u00e4helepanu enda perep\u00e4rimusele ja selles kajastuvatele traditsioonidele ja lugudele.<\/li>\n<\/ul>\n<p><strong>Sisu l\u00fchikirjeldus<\/strong><\/p>\n<p>P\u00e4rimuse, looduse ja inimese suhted rahvajuttude, regilaulude, rituaalide, maagia ja perep\u00e4rimuse kaudu. Rakendusv\u00f5imalused.<\/p>\n<p><strong>S\u00e4\u00e4stva arengu kontseptsiooni l\u00f5imimine \u00f5ppekavasse<\/strong><\/p>\n<p>1. L\u00fchitutvustus s\u00e4\u00e4stva keskkonnahariduse ja rahvap\u00e4rimuste omavahelisest seostest.<\/p>\n<p>2. Sissejuhatus p\u00e4rimuslikku maailmak\u00e4sitlusse.<\/p>\n<p>3. Loodus\u00e4\u00e4stlike vahendite m\u00e4rkamine ja kasutamine praktilises \u00f5ppes (nt rahvam\u00e4ngude ja laulude l\u00e4biviimisel).<\/p>\n<p>4. Lokaalse ja globaalse tasandi m\u00e4rkamine eneserefleksiooni kaudu.<\/p>\n<p><strong>\u00d5ppematerjalid<\/strong><\/p>\n<p>Eesti rahvalaule viisidega II, 1960. Koost. Tampere, H. Tallinn: Eesti Riiklik Kirjastus. lk 21\u201326, lk 197\u2013107.<\/p>\n<p>Eisen, M. J. 1931. J\u00f5ulu\u00f5led. Eesti Rahva Muuseumi Aastaraamat nr 6, lk 67\u201380.<\/p>\n<p>Eisen, M. J. 1926. Eesti vana usk. Eesti m\u00fctoloogia IV. Eesti Kirjanduse Seltsi Kirjastus.<\/p>\n<p>Hiiem\u00e4e, M. 2010. P\u00fchad ja argised ajad rahvakalendris. Tallinn: Kirjastus Varrak.<\/p>\n<p>Hiiem\u00e4e, M. 2006. Urbep\u00e4ev. Lihav\u00f5ttep\u00fchad. \u2013 <em>P\u00e4iv ei ole p\u00e4iv\u00e4le veli. L\u00f5unaeesti kalendrip\u00e4rimus<\/em>. Tartu. lk 214\u2013248.<\/p>\n<p>Hiiem\u00e4e, M. 1998. Rahvakalendri t\u00e4htp\u00e4evi. Tallinn: Koolibri.<\/p>\n<p>Hiiem\u00e4e, M. 1997. Metshaldjad ja muud \u00fcleloomulikud olendid metsas. \u2013 Mets ja kultuur. Tartu.<\/p>\n<p>Hiiem\u00e4e, M. 1994, 1995. Eesti rahvakalender VI. Tallinn: Eesti Raamat.<\/p>\n<p>Hiiem\u00e4e, M. 1991. Eesti rahvakalender V. Tallinn: Eesti Raamat.<\/p>\n<p>Hiiem\u00e4e, M. Eestlaste suhtumisest elusloodusesse rahvauskumustes. K\u00e4sikiri.<\/p>\n<p>Hiiem\u00e4e, M. Nelik\u00fcmmend lindu eesti rahvausundis. M\u00e4etagused 3\/1997<\/p>\n<p>Hiiem\u00e4e, M. 1985. Linnud ilmaennetes. Eesti Loodus, 12, lk 792\u2013797.<\/p>\n<p>Hiiem\u00e4e, M. 1983. Vares vaagub vihma. Eesti Loodus, 5, lk 313\u2013314.<\/p>\n<p>Hiiem\u00e4e, M. 1982. Ei tohi peale hingata. Uskumusi linnupesadest. Eesti Loodus, 6, lk 390\u2013395.<\/p>\n<p>Jaago, T. Mis sealt t\u00f5useb, soost sinine, soost sinine, maast punane? Sinise ja punase v\u00f5imalikust t\u00e4hendusest regilaulus.<\/p>\n<p>J\u00e4rv, R. &amp; S\u00e4rg, T. (toim) 2005. Usundilised muistendid ja memoraadid. <em>Regiv\u00e4rsist netinaljadeni. Tekstiantoloogia. <\/em>Koost. Paul Hagu jt. Tallinn: Koolibri.<\/p>\n<p>Kalamees, A. 1973. Eesti rahvam\u00e4nge. Tallinn: Eesti Raamat.<\/p>\n<p>Loorits, O. Endis-Eesti elu-olu, II. http:\/\/www.folklore.ee\/rl\/pubte\/ee\/eluolu\/elu2\/41.html<\/p>\n<p>L\u00e4tt, S. 1970. Eesti rahvakalender I. Tallinn: Eesti Raamat.<\/p>\n<p>Mikita, V. 2013. Lingvistiline mets. Grenader Kirjastus<\/p>\n<p>M\u00e4ger,<em> <\/em>M. 1967. <em>Eesti linnunimetused. <\/em>Tallinn.<\/p>\n<p>M\u00e4ger, M. 1969. <em>Linnud rahva keeles ja meeles. <\/em>Tallinn.<\/p>\n<p>Oinas, F. J. 1984. Linnupete. <em>Vargam\u00e4e t\u00f5de ja \u00f5igus. Esseid. Truth and Justice of Vargam\u00e4e and other Essays. <\/em>(res. Cheating by the Bird, lk 257), V\u00e4lis-Eesti &amp; EMP, lk 149\u2013161.<\/p>\n<p>R\u00fc\u00fctel, I. 1980. Eesti uuemad laulum\u00e4ngud I. Tallinn: Eesti Raamat.<\/p>\n<p>Tedre, \u00dc. 1969. Eesti rahvalaulud, Antoloogia I k\u00f6ide; 2 vihik. Tallinn<\/p>\n<p>Interneti andmebaasid<\/p>\n<p>ERlA<\/p>\n<p>http:\/\/www.folklore.ee\/laulud\/erla\/indeks1.html<\/p>\n<p><em>Hiiem\u00e4e<\/em>, Mall. Nelik\u00fcmmend lindu eesti rahvausundis. M\u00e4etagused 3\/1997<\/p>\n<p>http:\/\/www.folklore.ee\/tagused\/nr1\/linnud.htm<\/p>\n<p><em>Hiiem\u00e4e<\/em>, Mall. Nelik\u00fcmmend lindu eesti rahvausundis \/2.<\/p>\n<p>http:\/\/www.folklore.ee\/tagused\/nr2\/pdf\/linnud2.pdf<\/p>\n<p><strong>LISA 1<\/strong><\/p>\n<p>\u00d5ppep\u00e4eva\/kursust seob \u00fchtse liinina Kihnu regilaul p\u00e4eva veeremisest:<\/p>\n<p>Viere, viere p\u00e4\u00e4v\u00e4kene<\/p>\n<p>Kihnu (1937)<\/p>\n<p>\u00a0<\/p>\n<p>Viere, viere p\u00e4\u00e4v\u00e4kene,<\/p>\n<p>viere n\u00fcid luuja vett\u00e4 m\u00fced\u00e4,<\/p>\n<p>las\u00f5 kas\u00f5 latva kaudu!<\/p>\n<p>Ei ol\u00f5 aega p\u00e4\u00e4v\u00e4l vierd\u00e4:<\/p>\n<p>p\u00e4\u00e4v sueb sulast\u00f5 p\u00e4id\u00e4,<\/p>\n<p>kammib karjalast\u00f5 p\u00e4ida,<\/p>\n<p>arib p\u00e4id\u00e4 arm\u00f5tumil,<\/p>\n<p>laamib neiu lakkasida.<\/p>\n<p>Suga kukkus k\u00e4est meresse,<\/p>\n<p>arja k\u00fclm\u00e4 allikass\u00f5,<\/p>\n<p>laamilauda laen\u00f5t\u00f5ss\u00f5,<\/p>\n<p>kammi suur\u00f5 kaldaeese.<\/p>\n<p>\u00a0<\/p>\n<p>\u00a0<\/p>\n<p>P\u00e4e l\u00e4ks Pietri palv\u00f5`elle:<\/p>\n<p>\u201cPieter, sa p\u00fcha mehe poega,<\/p>\n<p>Andrus, sa am\u00f5tmehe poega,<\/p>\n<p>mine tu\u00f5 mu suga merest\u00e4,<\/p>\n<p>arja k\u00fclm\u00e4 allikasta,<\/p>\n<p>laamilauda laen\u00f5t\u00f5sta,<\/p>\n<p>kammi suur\u00f5 kalda`est\u00e4!\u201d<\/p>\n<p>Pieter ei v\u00f5tnud palv\u00f5`eid\u00e4,<\/p>\n<p>Andrus \u00e4id\u00e4 s\u00f5numida.<\/p>\n<p>P\u00e4e l\u00e4ks ise illukesi,<\/p>\n<p>m\u00fced\u00e4 tied\u00e4 tillukene,<\/p>\n<p>m\u00fced\u00e4 vett\u00e4 v\u00e4ikene,<\/p>\n<p>m\u00fced\u00e4 kallast kaonikene,<\/p>\n<p>m\u00fced\u00e4 muad madalukene.<\/p>\n<p>T\u00f5i oma sua merest\u00e4,<\/p>\n<p>arja k\u00fclm\u00e4 allikasta,<\/p>\n<p>laamilauda la<\/p>\n","protected":false},"excerpt":{"rendered":"<p>Koostaja Terje Puistaja Eesm\u00e4rgid: Anda (l\u00fchi)\u00fclevaade rahvap\u00e4rimustes kajastuvatest loodusteemalistest kommetest, rituaalidest, lugudest ja lauludest, juhtides nende kaudu t\u00e4helepanu inimese ja looduse omavahelistele seostele, m\u00f5jutustele, koostoimimise tagaj\u00e4rgedele. \u00d5piv\u00e4ljundid: Kursuse l\u00e4binud on teadlikud erinevate l\u00e4henemisviiside v\u00f5imalikkusest keskkonnas\u00e4\u00e4stliku ja j\u00e4tkusuutliku temaatika \u00f5petamisel; oskavad &#8230;<\/p>\n","protected":false},"author":42,"featured_media":0,"parent":0,"menu_order":0,"comment_status":"closed","ping_status":"closed","template":"","meta":{"_acf_changed":false,"inline_featured_image":false,"footnotes":""},"class_list":["post-128","page","type-page","status-publish","hentry"],"acf":[],"_links":{"self":[{"href":"https:\/\/sisu.ut.ee\/keskkond\/wp-json\/wp\/v2\/pages\/128","targetHints":{"allow":["GET"]}}],"collection":[{"href":"https:\/\/sisu.ut.ee\/keskkond\/wp-json\/wp\/v2\/pages"}],"about":[{"href":"https:\/\/sisu.ut.ee\/keskkond\/wp-json\/wp\/v2\/types\/page"}],"author":[{"embeddable":true,"href":"https:\/\/sisu.ut.ee\/keskkond\/wp-json\/wp\/v2\/users\/42"}],"replies":[{"embeddable":true,"href":"https:\/\/sisu.ut.ee\/keskkond\/wp-json\/wp\/v2\/comments?post=128"}],"version-history":[{"count":1,"href":"https:\/\/sisu.ut.ee\/keskkond\/wp-json\/wp\/v2\/pages\/128\/revisions"}],"predecessor-version":[{"id":984,"href":"https:\/\/sisu.ut.ee\/keskkond\/wp-json\/wp\/v2\/pages\/128\/revisions\/984"}],"wp:attachment":[{"href":"https:\/\/sisu.ut.ee\/keskkond\/wp-json\/wp\/v2\/media?parent=128"}],"curies":[{"name":"wp","href":"https:\/\/api.w.org\/{rel}","templated":true}]}}