{"id":123,"date":"2024-04-03T23:32:22","date_gmt":"2024-04-03T20:32:22","guid":{"rendered":"https:\/\/sisu.ut.ee\/keskkond\/saksa-keel\/"},"modified":"2024-04-03T23:39:07","modified_gmt":"2024-04-03T20:39:07","slug":"saksa-keel","status":"publish","type":"page","link":"https:\/\/sisu.ut.ee\/keskkond\/saksa-keel\/","title":{"rendered":"Saksa keel"},"content":{"rendered":"<p class=\"Default\">Koostaja Meeli V\u00e4ljaots<strong> <\/strong><\/p>\n<p class=\"Default\"><strong>V\u00f5tan aluseks teesi: <\/strong><\/p>\n<p class=\"Default\">\u201eL\u00e4biva teemaga \u201eKeskkond ja \u00fchiskonna j\u00e4tkusuutlik areng\u201c toetatakse \u00f5pilase kujunemist sotsiaalselt aktiivseks, vastutustundlikuks ja keskkonnateadlikuks inimeseks, kes p\u00fc\u00fcab leida lahendusi keskkonna- ja inimarengu k\u00fcsimustele, pidades silmas nende j\u00e4tkusuutlikkust.\u201d (L\u00e4bivad teemad \u00f5ppekavas. Juhendmaterjal. 2009)<\/p>\n<p class=\"Default\"><strong>Kasutatavad \u00f5pikud: <\/strong><\/p>\n<p class=\"Default\">Funk, Kuhn, Demme, Winzer: <strong>Studio d<\/strong>, B1. 2007; B\u00f6schel, Dusemund: <strong>Ja genau!, <\/strong>B1. 2012.<\/p>\n<p class=\"Default\"><strong>\u00d5pikutes k\u00e4sitletavad teemad: <\/strong><\/p>\n<p class=\"Default\"><em>Alltag<\/em> \u2013 argip\u00e4ev<\/p>\n<p class=\"Default\"><em>Der liebe Haushalt<\/em> \u2013 kodune majapidamine<\/p>\n<p class=\"Default\"><em>Reisen und arbeiten<\/em> \u2013 reisimine ja t\u00f6\u00f6tamine<\/p>\n<p class=\"Default\"><em>Produktwege<\/em> \u2013 tootmine ja tarbimine<\/p>\n<p class=\"Default\"><em>Klima und Umwelt<\/em> \u2013 kliima ja keskkond<\/p>\n<p class=\"Default\"><em>Migration<\/em> \u2013 migratsioon<\/p>\n<p class=\"Default\"><em>Europa und Politik<\/em> \u2013 Euroopa ja poliitika<\/p>\n<p class=\"Default\"><strong>\u00d5pitavad teemad v\u00f5imaldavad: <\/strong><\/p>\n<p class=\"Default\">m\u00f5ista probleeme globaalsest kontekstist l\u00e4htudes;<\/p>\n<p class=\"Default\">olla koost\u00f6\u00f6aldis ja vastutustundlik;<\/p>\n<p class=\"Default\">aktsepteerida kultuurilisi erinevusi;<\/p>\n<p class=\"Default\">m\u00f5telda kriitiliselt ja s\u00fcsteemselt;<\/p>\n<p class=\"Default\">lahendada konflikte v\u00e4givallatult;<\/p>\n<p class=\"Default\">muuta eluviisi keskkonnahoidlikel eesm\u00e4rkidel;<\/p>\n<p class=\"Default\">kaitsta inim\u00f5igusi ja osaleda poliitikas.<\/p>\n<p class=\"Default\"><strong>\u00d5petaja \u00fclesanded: <\/strong><\/p>\n<p class=\"Default\">Kujundab \u00f5pilaste\/\u00fcli\u00f5pilaste loodus- ja keskkonnaalaseid hoiakuid ja v\u00e4\u00e4rtushinnanguid.<\/p>\n<p class=\"Default\">Suunab \u00f5pilasi oma v\u00f5\u00f5rkeeleoskust \u00e4ra kasutades otsima t\u00e4iendavaid teabeallikaid.<\/p>\n<p class=\"Default\">Toetab v\u00f5\u00f5rkeelsete materjalide otsimist teiste ainete jaoks (ainetevaheline integratsioon).<\/p>\n<p class=\"Default\">Loob seoseid globaalsel tasandil (\u00f5pitava keele maa, Eesti, kogu maailmas toimuv)<\/p>\n<p class=\"Default\"><strong>Keele\u00f5petuse oluline roll: <\/strong><\/p>\n<p class=\"Default\">V\u00f5\u00f5rkeel on vahend elus hakkamasaamiseks ja info otsimiseks.<\/p>\n<p>V\u00f5\u00f5rkeele\u00f5petus kujundab \u00f5pitavate teemade kaudu loodus- ja keskkonnaalaseid hoiakuid ja v\u00e4\u00e4rtushinnanguid.<\/p>\n","protected":false},"excerpt":{"rendered":"<p>Koostaja Meeli V\u00e4ljaots V\u00f5tan aluseks teesi: \u201eL\u00e4biva teemaga \u201eKeskkond ja \u00fchiskonna j\u00e4tkusuutlik areng\u201c toetatakse \u00f5pilase kujunemist sotsiaalselt aktiivseks, vastutustundlikuks ja keskkonnateadlikuks inimeseks, kes p\u00fc\u00fcab leida lahendusi keskkonna- ja inimarengu k\u00fcsimustele, pidades silmas nende j\u00e4tkusuutlikkust.\u201d (L\u00e4bivad teemad \u00f5ppekavas. Juhendmaterjal. 2009) Kasutatavad &#8230;<\/p>\n","protected":false},"author":42,"featured_media":0,"parent":0,"menu_order":0,"comment_status":"closed","ping_status":"closed","template":"","meta":{"_acf_changed":false,"inline_featured_image":false,"footnotes":""},"class_list":["post-123","page","type-page","status-publish","hentry"],"acf":[],"_links":{"self":[{"href":"https:\/\/sisu.ut.ee\/keskkond\/wp-json\/wp\/v2\/pages\/123","targetHints":{"allow":["GET"]}}],"collection":[{"href":"https:\/\/sisu.ut.ee\/keskkond\/wp-json\/wp\/v2\/pages"}],"about":[{"href":"https:\/\/sisu.ut.ee\/keskkond\/wp-json\/wp\/v2\/types\/page"}],"author":[{"embeddable":true,"href":"https:\/\/sisu.ut.ee\/keskkond\/wp-json\/wp\/v2\/users\/42"}],"replies":[{"embeddable":true,"href":"https:\/\/sisu.ut.ee\/keskkond\/wp-json\/wp\/v2\/comments?post=123"}],"version-history":[{"count":1,"href":"https:\/\/sisu.ut.ee\/keskkond\/wp-json\/wp\/v2\/pages\/123\/revisions"}],"predecessor-version":[{"id":989,"href":"https:\/\/sisu.ut.ee\/keskkond\/wp-json\/wp\/v2\/pages\/123\/revisions\/989"}],"wp:attachment":[{"href":"https:\/\/sisu.ut.ee\/keskkond\/wp-json\/wp\/v2\/media?parent=123"}],"curies":[{"name":"wp","href":"https:\/\/api.w.org\/{rel}","templated":true}]}}