{"id":120,"date":"2024-04-03T23:32:22","date_gmt":"2024-04-03T20:32:22","guid":{"rendered":"https:\/\/sisu.ut.ee\/keskkond\/ouesope-alushariduses\/"},"modified":"2024-04-03T23:39:07","modified_gmt":"2024-04-03T20:39:07","slug":"ouesope-alushariduses","status":"publish","type":"page","link":"https:\/\/sisu.ut.ee\/keskkond\/ouesope-alushariduses\/","title":{"rendered":"\u00d5ues\u00f5pe alushariduses"},"content":{"rendered":"<p>Koostaja Lehte Tuuling<\/p>\n<p><strong>Eesm\u00e4rgid<\/strong><\/p>\n<p>\u00d5ppeaine eesm\u00e4rk on:<\/p>\n<p>\u2022 vahendada teadmisi \u00f5ues\u00f5ppe traditsioonidest ja pedagoogilistest alustest Eestis ja teistes riikides;<\/p>\n<p>\u2022 luua v\u00f5imalused keskkonnateadliku suhtumise kujunemiseks;<\/p>\n<p>\u2022 luua eeldused \u00f5ues\u00f5ppe rakendamiseks s\u00f5ltuvalt tegevuses osalejate vanusest, eelteadmiste hulgast ja iseloomust;<\/p>\n<p>\u2022 toetada valmisolekut kasutada \u00f5pikeskkonnana loodus-, linna- ja tehiskeskkondi.<\/p>\n<p><strong>\u00d5piv\u00e4ljundid<\/strong><\/p>\n<p>Kursuse l\u00e4bimise tulemusena \u00fcli\u00f5pilane:<\/p>\n<p>\u2022 omab teadmisi \u00f5ues\u00f5ppe traditsioonidest ja pedagoogilistest alustest;<\/p>\n<p>\u2022 oskab kavandada ja korraldada \u00f5ues\u00f5ppe tegevusi, kasutades erinevaid aktiiv\u00f5ppe meetodeid ja loodus-, linna- ja tehiskeskkonna v\u00f5imalusi, n\u00fc\u00fcdisaegseid mobiiltehnoloogia lahendusi;<\/p>\n<p>\u2022 suudab anal\u00fc\u00fcsida \u00fcmbritsevat keskkonda s\u00e4\u00e4stva arengu perspektiivist ja kujundada \u00f5ppijates keskkonnahoidlikku suhtumist.<\/p>\n<p><strong>Sisu l\u00fchikirjeldus, meetodid<\/strong><\/p>\n<p><strong><\/strong>\u00d5ues\u00f5ppe traditsioonidest Eestis ja teistes riikides. J\u00e4tkusuutliku arengu sotsiaalsed, majanduslikud ja kultuurilised aspektid. \u00dclevaade \u00f5ues\u00f5ppe pedagoogilistest l\u00e4htekohtadest. \u00d5piruumid erinevas t\u00e4henduses. Loodus-, linna- ja tehiskeskkond \u00f5pikeskkonnana. Lasteaia \u00f5ueala kui \u00f5pikeskkond, \u00f5pi\u00f5uede kujundamise p\u00f5him\u00f5tted. Kodu\u00fcmbruse looduskeskkonna tundma\u00f5ppimine ja vahendamine koolieelses eas lastele. \u00d5ues\u00f5ppes kasutatavad aktiiv\u00f5ppe meetodid. \u00d5ues\u00f5ppes kasutatavad tegevused \u2013 vaatlemine-uurimine, m\u00e4ngud, eksperimendid, seiklusraja l\u00e4bimine, t\u00f6\u00f6tegevus. \u00d5ues\u00f5pe ja mobiilsed tehnoloogiad.<\/p>\n<p><strong>Meetodid:<\/strong><\/p>\n<p>\u00d5ppeprotsessis kasutatakse erinevaid keskkondi (loodus-, linna- ja tehiskeskkonda), aktiiv\u00f5ppe meetodeid (probleem\u00f5pet, avastus\u00f5pet jne), rakendades erinevaid tegevusi (vaatlemine-uurimine, m\u00e4ngud, eksperimendid jne).<\/p>\n<p><strong>Iseseisva t\u00f6\u00f6 l\u00fchikirjeldus:<\/strong> iseseisvalt tuleb l\u00e4bi t\u00f6\u00f6tada raamat \u201e\u00d5ues\u00f5ppe pedagoogika kui teadmiste allikas \u2013 l\u00e4hi\u00fcmbrusest saab \u00f5pi\u00f5u\u201c, toim Dahlgren, L. O., Sj\u00f6lander, S., Strid, J. P., Szczepanski, A. (2009), ja teha sellest kirjalik kokkuv\u00f5te. Ette valmistada ja esitada teemadega haakuvad iseseisvad ja kollektiivsed t\u00f6\u00f6d \u2013 retkeplaan lasteaia l\u00e4hi\u00fcmbruse tutvustamiseks, \u00f5pi\u00f5ue kavand ja makett, lasteaia sise- ja v\u00e4liskeskkonna anal\u00fc\u00fcs j\u00e4tkusuutliku arengu aspekte arvestades, \u00f5ues\u00f5ppe tegevuse konspekt, refleksioonid k\u00f5ikides loengutes praktilistes tegevustes kogetu kohta.<\/p>\n<p><strong>N\u00e4ide loengust:<\/strong> https:\/\/www.youtube.com\/watch?v=fyVtkNvjBWc<\/p>\n<p><strong>S\u00e4\u00e4stva arengu kontseptsiooni l\u00f5imimine \u00f5ppekavasse<\/strong><\/p>\n<p>Lisaks teema \u201eJ\u00e4tkusuutliku arengu sotsiaalsed, majanduslikud ja kultuurilised aspektid\u201c k\u00e4sitlemisele on k\u00f5igis loengute raames toimuvate praktikumide kavandamisel ja elluviimisel (praktiliste \u00fclesannete teemade, tegevuste, vahendite valikul) l\u00e4htutud j\u00e4tkusuutliku arengu p\u00f5him\u00f5tetest \u2013 \u00fcmbritseva keskkonna tundma\u00f5ppimine ja anal\u00fc\u00fcs, taaskasutus, keskkonnas\u00f5bralik ja s\u00e4\u00e4stlik materjalikasutus.<\/p>\n<p><strong>\u00d5ppematerjalid<\/strong><\/p>\n<p>\u00d5ues\u00f5ppe pedagoogika. Raamatuharidus ja meeleline kogemus. Katse m\u00e4\u00e4ratleda \u00f5ues\u00f5pet. Dahlgren, L., Szczepanski, A. (2006).<\/p>\n<p>Valik Johannes K\u00e4isi t\u00f6id. Koost. Eisen, F. (1989)<\/p>\n<p>\u00d5ues\u00f5pe. Br\u00fcgge, B. &amp; Glantz, M. &amp; Sandell, K. (2008).<\/p>\n<p>Teaching in the Outdoors. Hammerman, E., Hammerman, W., Ham, D. (2001).<\/p>\n<p>\u00d5ues\u00f5ppe pedagoogika kui teadmiste allikas \u2013 l\u00e4hi\u00fcmbrusest saab \u00f5pi\u00f5u. Toim. Dahlgren, L. O., Sj\u00f6lander, S., Strid, J. P., Szczepanski, A. (2009).<\/p>\n<p>Tuuling, L. \u00d5ues\u00f5pe \u2013 l\u00f5imitud aktiivse \u00f5ppimise parim viis. (2013).<\/p>\n<p>Nugin, K. (Toim.) \u00dcld\u00f5petuse rakendamine lasteaias (97\u2013121). Tartu: Atlex<\/p>\n<p>Soovituslik kirjandus:<\/p>\n<p>Natures Playground: Activities, Crafts and Games to Encourage Your Children to Enjoy the Great Outdoors. Danks, F. &amp; Schofield, J. (2005).<\/p>\n<p>Outdoor education: Authentic Learning in the context of landscapes (Volume 2). Higgings, P. &amp; Nicol, R. (2002).<\/p>\n<p>Playing Outdoors. Spaces and Places, Risk and Challenge. Tovey, H. (2008).<\/p>\n<p>Playing Outdoors in the Early Years. Garrick, R. (2009).<\/p>\n<p>Avastus\u00f5pe. Koost. Truus, K., N\u00f5upuu, K., Kask, M. (2009).<\/p>\n<p>Outdoor play in the Early Years. Management and Innovation. Bilton, H. (2002).<\/p>\n<p>Ymp\u00e4rist\u00f6kasvatus ja p\u00e4iv\u00e4hoidon ekologinen arki. Rosenberg, T. (1993).<\/p>\n<p>Seikluskasvatus. Soidra-Zujev, K. (2003).<\/p>\n<p>Keskkonnaeetika v\u00f5tmetekste. Koost. Vaher, A., Keskpaik, R., Keerus, K. (2008).<\/p>\n<p>Muumitrolli loodusretk. Malila, S., Jansson, T. (2001).<\/p>\n<p>\u00d5ue meisterdama. Nyman, I. (2004).\u00a0\u00a0\u00a0\u00a0\u00a0\u00a0\u00a0\u00a0\u00a0\u00a0\u00a0\u00a0\u00a0\u00a0\u00a0\u00a0\u00a0\u00a0\u00a0\u00a0\u00a0\u00a0\u00a0\u00a0\u00a0\u00a0<\/p>\n<p>Games Trainers Play Outdoors. Kroehnert, G. (2005).<\/p>\n","protected":false},"excerpt":{"rendered":"<p>Koostaja Lehte Tuuling Eesm\u00e4rgid \u00d5ppeaine eesm\u00e4rk on: \u2022 vahendada teadmisi \u00f5ues\u00f5ppe traditsioonidest ja pedagoogilistest alustest Eestis ja teistes riikides; \u2022 luua v\u00f5imalused keskkonnateadliku suhtumise kujunemiseks; \u2022 luua eeldused \u00f5ues\u00f5ppe rakendamiseks s\u00f5ltuvalt tegevuses osalejate vanusest, eelteadmiste hulgast ja iseloomust; \u2022 toetada &#8230;<\/p>\n","protected":false},"author":42,"featured_media":0,"parent":0,"menu_order":0,"comment_status":"closed","ping_status":"closed","template":"","meta":{"_acf_changed":false,"inline_featured_image":false,"footnotes":""},"class_list":["post-120","page","type-page","status-publish","hentry"],"acf":[],"_links":{"self":[{"href":"https:\/\/sisu.ut.ee\/keskkond\/wp-json\/wp\/v2\/pages\/120","targetHints":{"allow":["GET"]}}],"collection":[{"href":"https:\/\/sisu.ut.ee\/keskkond\/wp-json\/wp\/v2\/pages"}],"about":[{"href":"https:\/\/sisu.ut.ee\/keskkond\/wp-json\/wp\/v2\/types\/page"}],"author":[{"embeddable":true,"href":"https:\/\/sisu.ut.ee\/keskkond\/wp-json\/wp\/v2\/users\/42"}],"replies":[{"embeddable":true,"href":"https:\/\/sisu.ut.ee\/keskkond\/wp-json\/wp\/v2\/comments?post=120"}],"version-history":[{"count":1,"href":"https:\/\/sisu.ut.ee\/keskkond\/wp-json\/wp\/v2\/pages\/120\/revisions"}],"predecessor-version":[{"id":992,"href":"https:\/\/sisu.ut.ee\/keskkond\/wp-json\/wp\/v2\/pages\/120\/revisions\/992"}],"wp:attachment":[{"href":"https:\/\/sisu.ut.ee\/keskkond\/wp-json\/wp\/v2\/media?parent=120"}],"curies":[{"name":"wp","href":"https:\/\/api.w.org\/{rel}","templated":true}]}}