{"id":118,"date":"2024-04-03T23:32:22","date_gmt":"2024-04-03T20:32:22","guid":{"rendered":"https:\/\/sisu.ut.ee\/keskkond\/sport-ja-tervis\/"},"modified":"2024-04-03T23:39:07","modified_gmt":"2024-04-03T20:39:07","slug":"sport-ja-tervis","status":"publish","type":"page","link":"https:\/\/sisu.ut.ee\/keskkond\/sport-ja-tervis\/","title":{"rendered":"Sport ja tervis"},"content":{"rendered":"<p>Koostaja K\u00fclli Relve<\/p>\n<p><strong>KURSUSE EESM\u00c4RK:<\/strong><\/p>\n<p>Kursusega taotletakse, et \u00f5pilane:<\/p>\n<ul>\n<li>teab tervisliku toitumise p\u00f5hit\u00f5desid ja toitumish\u00e4iretega kaasnevaid ohtusid<\/li>\n<li>teab, kuidas v\u00e4hendada v\u00f5imalikke terviseriske<\/li>\n<li>suudab teha teadlikke otsuseid igap\u00e4evaelus, v\u00e4\u00e4rtustades tervislikke eluviise<strong><\/strong><\/li>\n<\/ul>\n<p><strong>KURSUSE SISU:<\/strong><\/p>\n<p>II TERVISLIK TOITUMINE<\/p>\n<ol>\n<li>Toitained. Vitamiinide ja mineraalide osa toitumises. Funktsionaalne toit.<\/li>\n<li>Mikroorganismidega seotud tehnoloogiad toiduainet\u00f6\u00f6stuses.<\/li>\n<li>Tervisliku toitumise p\u00f5hit\u00f5ed. Toidu keskkonnam\u00f5ju.<\/li>\n<li>Lisaained toidus. Toidulisandid ja spordijoogid.<\/li>\n<\/ol>\n<p><strong>PRAKTILISED JA PROJEKTIT\u00d6\u00d6D <\/strong><\/p>\n<ol>\n<li>Toidukaupade olelusringi uurimine<\/li>\n<li>Isikliku men\u00fc\u00fc koostamine<\/li>\n<\/ol>\n<p><strong>Ainekava rakendamise n\u00e4ide<\/strong><\/p>\n<p><strong>\u0160okolaadi (vm \u00f5pilastele tuttava toiduaine) olelusringi koostamine<\/strong><\/p>\n<p>T\u00f6\u00f6 eesm\u00e4rk on selgitada toidutoote olelusringi ja keskkonnam\u00f5jusid, sh nii looduskeskkonnale kui ka sotsiaalsele keskkonnale.<\/p>\n<p>\u00d5pilaste \u00fclesandeks on koostada toiduaine olelusring paberil plakatina v\u00f5i digitaalse skeemina arvutis.<\/p>\n<p><em>Materjal<span style=\"text-decoration: underline\"> <\/span><\/em><\/p>\n<p>Olelusringist:<\/p>\n<p>Veebirakendus \u201eKet\u0161upi olelusring\u201c <a href=\"http:\/\/foodweb.ut.ee\/tomato\">http:\/\/foodweb.ut.ee\/tomato<\/a><\/p>\n<p>Veebirakenduse taustamaterjal \u201eKet\u0161upi olelusring\u201c (koostanud Siret Talve, 2012)<\/p>\n<p><a href=\"http:\/\/foodweb.ut.ee\/s2\/111_232_82_Ketupi_olelusring.pdf\">http:\/\/foodweb.ut.ee\/s2\/111_232_82_Ketupi_olelusring.pdf<\/a><\/p>\n<p>Ettekanne \u201eLCA: olelusringi hindamine\u201c (Siret Talve, 09.11.2012)<\/p>\n<p><a href=\"http:\/\/foodweb.ut.ee\/s2\/19_216_77_LCA_olelusringi_hindamine.pdf\">http:\/\/foodweb.ut.ee\/s2\/19_216_77_LCA_olelusringi_hindamine.pdf<\/a><\/p>\n<p>Kasulikud viited olelusringi kohta:<\/p>\n<p><a href=\"http:\/\/foodweb.ut.ee\/Kasulikud_viited_olelusringi_kohta_192.htm\">http:\/\/foodweb.ut.ee\/Kasulikud_viited_olelusringi_kohta_192.htm<\/a><\/p>\n<p>\u0160okolaadist ja selle tootmisest:<\/p>\n<p><a href=\"http:\/\/et.wikipedia.org\/wiki\/%C5%A0okolaad\">http:\/\/et.wikipedia.org\/wiki\/%C5%A0okolaad<\/a><\/p>\n<p><a href=\"http:\/\/www.kalev.eu\/magusamaailm\/mis-on-sokolaad\">http:\/\/www.kalev.eu\/magusamaailm\/mis-on-sokolaad<\/a><\/p>\n<p><a href=\"http:\/\/www.fairtrade.ee\/7-uudised\/207-sokolaadi-lapsorjad-cnn-i-uuriv-dokumentaalfilm\">http:\/\/www.fairtrade.ee\/7-uudised\/207-sokolaadi-lapsorjad-cnn-i-uuriv-dokumentaalfilm<\/a><\/p>\n<p>Eesti mahuka kakaoimpordi niidid v\u00f5ivad viia Aafrika lapsorjadeni: <a href=\"http:\/\/uudised.err.ee\/?06248180\">http:\/\/uudised.err.ee\/?06248180<\/a><\/p>\n","protected":false},"excerpt":{"rendered":"<p>Koostaja K\u00fclli Relve KURSUSE EESM\u00c4RK: Kursusega taotletakse, et \u00f5pilane: teab tervisliku toitumise p\u00f5hit\u00f5desid ja toitumish\u00e4iretega kaasnevaid ohtusid teab, kuidas v\u00e4hendada v\u00f5imalikke terviseriske suudab teha teadlikke otsuseid igap\u00e4evaelus, v\u00e4\u00e4rtustades tervislikke eluviise KURSUSE SISU: II TERVISLIK TOITUMINE Toitained. Vitamiinide ja mineraalide osa &#8230;<\/p>\n","protected":false},"author":42,"featured_media":0,"parent":0,"menu_order":0,"comment_status":"closed","ping_status":"closed","template":"","meta":{"_acf_changed":false,"inline_featured_image":false,"footnotes":""},"class_list":["post-118","page","type-page","status-publish","hentry"],"acf":[],"_links":{"self":[{"href":"https:\/\/sisu.ut.ee\/keskkond\/wp-json\/wp\/v2\/pages\/118","targetHints":{"allow":["GET"]}}],"collection":[{"href":"https:\/\/sisu.ut.ee\/keskkond\/wp-json\/wp\/v2\/pages"}],"about":[{"href":"https:\/\/sisu.ut.ee\/keskkond\/wp-json\/wp\/v2\/types\/page"}],"author":[{"embeddable":true,"href":"https:\/\/sisu.ut.ee\/keskkond\/wp-json\/wp\/v2\/users\/42"}],"replies":[{"embeddable":true,"href":"https:\/\/sisu.ut.ee\/keskkond\/wp-json\/wp\/v2\/comments?post=118"}],"version-history":[{"count":1,"href":"https:\/\/sisu.ut.ee\/keskkond\/wp-json\/wp\/v2\/pages\/118\/revisions"}],"predecessor-version":[{"id":994,"href":"https:\/\/sisu.ut.ee\/keskkond\/wp-json\/wp\/v2\/pages\/118\/revisions\/994"}],"wp:attachment":[{"href":"https:\/\/sisu.ut.ee\/keskkond\/wp-json\/wp\/v2\/media?parent=118"}],"curies":[{"name":"wp","href":"https:\/\/api.w.org\/{rel}","templated":true}]}}