{"id":117,"date":"2024-04-03T23:32:22","date_gmt":"2024-04-03T20:32:22","guid":{"rendered":"https:\/\/sisu.ut.ee\/keskkond\/keskkonna-ja-jatkusuutliku-arengu-teemade-loiming-pohikooli-i-ja-ii-astmes\/"},"modified":"2024-04-03T23:39:07","modified_gmt":"2024-04-03T20:39:07","slug":"keskkonna-ja-jatkusuutliku-arengu-teemade-loiming-pohikooli-i-ja-ii-astmes","status":"publish","type":"page","link":"https:\/\/sisu.ut.ee\/keskkond\/keskkonna-ja-jatkusuutliku-arengu-teemade-loiming-pohikooli-i-ja-ii-astmes\/","title":{"rendered":"Keskkonna ja j\u00e4tkusuutliku arengu teemade l\u00f5iming p\u00f5hikooli I ja II astmes"},"content":{"rendered":"<p>Koostaja Kadi J\u00fcrim\u00e4e<\/p>\n<p><strong>Eesm\u00e4rgid\u00a0\u00a0\u00a0\u00a0\u00a0\u00a0\u00a0\u00a0\u00a0\u00a0 <\/strong><\/p>\n<p>Arendada osalejate metoodilisi ja \u00f5petamisoskusi keskkonna ja j\u00e4tkusuutliku arengu k\u00e4sitlemisel p\u00f5hikooli I ja II astmes.<\/p>\n<p>V\u00f5imaldada m\u00f5ista seda valdkonda avaramalt ning luua seoseid riikliku \u00f5ppekavaga.<\/p>\n<p><strong>\u00d5piv\u00e4ljundid\u00a0\u00a0\u00a0\u00a0 <\/strong><\/p>\n<p>OSALEJA:<\/p>\n<p>\u2013 teadvustab keskkonnateadlikkuse ja s\u00e4\u00e4stva arengu m\u00f5isteid ning omaenda v\u00e4\u00e4rtusi ja hoiakuid<\/p>\n<p>\u2013 on isiklikult m\u00f5testanud keskkonnaeetikat<\/p>\n<p>\u2013 teab, kust leida teavet keskkonna ja s\u00e4\u00e4stva arengu valdkonna kohta<\/p>\n<p>\u2013 leiab \u00f5pilastele sobivaid, eakohaseid ja haaravaid meetodeid<\/p>\n<p>\u2013 on teadvustanud keskkonna ja j\u00e4tkusuutliku arengu teemat ning loonud teemakohaseid harjutusi, tegevusi v\u00f5i m\u00e4nge<\/p>\n<p>\u2013 on kuulnud erinevaid vaatenurki keskkonnaga seotud teemadel<\/p>\n<p>\u2013 s\u00f5nastab keskkonna ja j\u00e4tkusuutliku arenguga seotud p\u00f5hikooli\u00f5pilase eakohaseid p\u00e4devusi, \u00f5pitulemusi ja hindamiskriteeriume<\/p>\n<p>\u2013 tunneb keskkonnas\u00f5braliku f\u00fc\u00fcsilise, vaimse ja sotsiaalse keskkonna indikaatoreid<\/p>\n<p>\u2013 on teinud \u00fche klassi \u00f6koloogilise jalaj\u00e4lje eakohaseid uuringuid erinevates ainetundides<\/p>\n<p>\u2013 on loonud t\u00e4hendusi keskkonna ja j\u00e4tkusuutliku arenguga seotud m\u00f5istetele (vastutustundlik kasutamine ja saastamine, j\u00e4tkusuutlik energeetika, s\u00e4\u00e4stev tarbimine ja tootmine, toit ja tervis, keskkonnaeetika)<\/p>\n<p>\u2013on \u00f5pilastega arutlenud keskkonna ja j\u00e4tkusuutliku arenguga seotud teemadel (elurikkus, loodusressursside vastutustundlik kasutamine, s\u00e4\u00e4stev tarbimine, toit ja tervis)<\/p>\n<p><strong>Sisu l\u00fchikirjeldus, meetodid\u00a0\u00a0\u00a0\u00a0\u00a0 <\/strong><\/p>\n<p>Tutvumine keskkonna ja s\u00e4\u00e4stva arengu m\u00f5istetega.<\/p>\n<p>Tutvumine I ja II kooliastme \u00f5pilaste eakohaste keskkonnateadlikkuse suunamise v\u00f5imaluste, t\u00f6\u00f6viiside ning metoodiliste v\u00f5tetega. V\u00e4\u00e4rtuste, uskumuste ning uskumuste k\u00e4sitlemine j\u00e4rgmistel teemadel: elurikkus, loodusressursside vastutustundlik kasutamine ja saastamine, s\u00e4\u00e4stev tarbimine, j\u00e4tkusuutlik \u00fchiskond, toit ja tervis.<\/p>\n<p>Tutvumine klassi vaimse, f\u00fc\u00fcsilise ja sotsiaalse arengukeskkonna teadliku kujundamise v\u00f5imalustega, l\u00e4htudes keskkonna ja j\u00e4tkusuutliku arengu p\u00f5him\u00f5tetest.<\/p>\n<p><strong><\/strong><em>Meetodid:<\/em><\/p>\n<p>sotsiomeetrilised soojendusharjutused, \u201eKahtlased v\u00e4ited\u201c, ajur\u00fcnnak, aktiviseerivad tekstit\u00f6\u00f6tlusmeetodid, r\u00fchmat\u00f6\u00f6d, joonistamine, arutlusmeetodid, erinevad evokatsiooni- ja refleksioonimeetodid.<\/p>\n<p><strong>S\u00e4\u00e4stva arengu kontseptsiooni l\u00f5imimine \u00f5ppekavasse\u00a0\u00a0\u00a0\u00a0\u00a0\u00a0\u00a0\u00a0\u00a0\u00a0\u00a0\u00a0\u00a0\u00a0 <\/strong><\/p>\n<p>Arutelud, iseseisvad t\u00f6\u00f6d eri teemadel:<\/p>\n<p>Kuidas kujundada klassiruumis keskkonnas\u00f5bralikku f\u00fc\u00fcsilist arengu keskkonda?<\/p>\n<p>Millised on v\u00f5imalused f\u00fc\u00fcsilise ja sotsiaalse keskkonna \u00fcmberkujundamiseks, et v\u00e4hendada \u00f6koloogilist jalaj\u00e4lge?<\/p>\n<p>Kuidas arvestada esteetika- ning eetikak\u00fcsimusi keskkonna ja j\u00e4tkusuutliku arengu k\u00e4sitlemisel I ja II kooliastmes?<\/p>\n<p>Keskkonnateadlikkuse ja j\u00e4tkusuutliku arenguga seotud \u00fcldp\u00e4devuste ja valdkondade \u00f5pitulemuste s\u00f5nastamine.<\/p>\n<p><strong>\u00d5ppematerjalid<\/strong><\/p>\n<p>Autorite kollektiiv. 2008. Keskkond ja s\u00e4\u00e4stev areng. \u00d5ppematerjal. Eesti Vabaharidusliit.<\/p>\n<p>Anttila, P. jt. 1996 Globaalsed keskkonnaprobleemid. TT\u00dc<\/p>\n<p>Autorite kollektiiv. 2005. S\u00e4\u00e4stvat arengut toetava mitteformaalhariduse edendamise kava Eestis. REC Estonia.<\/p>\n<p>Oja,T. 1997. Keskkonnaraamat.<\/p>\n<p>Pleljel, H. 1993. \u00d6koloogiaraamat.<\/p>\n<p>Rand, T. 2004. S\u00e4\u00e4stva tarbimise k\u00e4siraamat.<\/p>\n<p>Vuorisalo,T. 1995. Keskkonna\u00f6koloogia. Keskkonnakaitse \u00f6koloogilised p\u00f5him\u00f5tted ja \u00fcrglooduse kaitse. TT\u00dc<\/p>\n<p>Autorite kollektiiv. 2007. Globaliseerumise atlas.<\/p>\n<p>Autorite kollektiiv. 2001. Keskkonnam\u00e4ngude kogumik I, II osa.<\/p>\n<p>\u00a0<\/p>\n<p>NB! Koostatud materjalide kasutamisel palun eelnevalt kokku leppida t\u00f6\u00f6 autoriga.<\/p>\n<p>\u00a0<\/p>\n<p>\u00a0<\/p>\n","protected":false},"excerpt":{"rendered":"<p>Koostaja Kadi J\u00fcrim\u00e4e Eesm\u00e4rgid\u00a0\u00a0\u00a0\u00a0\u00a0\u00a0\u00a0\u00a0\u00a0\u00a0 Arendada osalejate metoodilisi ja \u00f5petamisoskusi keskkonna ja j\u00e4tkusuutliku arengu k\u00e4sitlemisel p\u00f5hikooli I ja II astmes. V\u00f5imaldada m\u00f5ista seda valdkonda avaramalt ning luua seoseid riikliku \u00f5ppekavaga. \u00d5piv\u00e4ljundid\u00a0\u00a0\u00a0\u00a0 OSALEJA: \u2013 teadvustab keskkonnateadlikkuse ja s\u00e4\u00e4stva arengu m\u00f5isteid ning omaenda &#8230;<\/p>\n","protected":false},"author":42,"featured_media":0,"parent":0,"menu_order":0,"comment_status":"closed","ping_status":"closed","template":"","meta":{"_acf_changed":false,"inline_featured_image":false,"footnotes":""},"class_list":["post-117","page","type-page","status-publish","hentry"],"acf":[],"_links":{"self":[{"href":"https:\/\/sisu.ut.ee\/keskkond\/wp-json\/wp\/v2\/pages\/117","targetHints":{"allow":["GET"]}}],"collection":[{"href":"https:\/\/sisu.ut.ee\/keskkond\/wp-json\/wp\/v2\/pages"}],"about":[{"href":"https:\/\/sisu.ut.ee\/keskkond\/wp-json\/wp\/v2\/types\/page"}],"author":[{"embeddable":true,"href":"https:\/\/sisu.ut.ee\/keskkond\/wp-json\/wp\/v2\/users\/42"}],"replies":[{"embeddable":true,"href":"https:\/\/sisu.ut.ee\/keskkond\/wp-json\/wp\/v2\/comments?post=117"}],"version-history":[{"count":1,"href":"https:\/\/sisu.ut.ee\/keskkond\/wp-json\/wp\/v2\/pages\/117\/revisions"}],"predecessor-version":[{"id":995,"href":"https:\/\/sisu.ut.ee\/keskkond\/wp-json\/wp\/v2\/pages\/117\/revisions\/995"}],"wp:attachment":[{"href":"https:\/\/sisu.ut.ee\/keskkond\/wp-json\/wp\/v2\/media?parent=117"}],"curies":[{"name":"wp","href":"https:\/\/api.w.org\/{rel}","templated":true}]}}