{"id":115,"date":"2024-04-03T23:32:22","date_gmt":"2024-04-03T20:32:22","guid":{"rendered":"https:\/\/sisu.ut.ee\/keskkond\/uldhariduskooli-oppekava-taiendavate-aktiivoppeprogrammide-juhendajate-taienduskoolitus\/"},"modified":"2024-04-03T23:39:07","modified_gmt":"2024-04-03T20:39:07","slug":"uldhariduskooli-oppekava-taiendavate-aktiivoppeprogrammide-juhendajate-taienduskoolitus","status":"publish","type":"page","link":"https:\/\/sisu.ut.ee\/keskkond\/uldhariduskooli-oppekava-taiendavate-aktiivoppeprogrammide-juhendajate-taienduskoolitus\/","title":{"rendered":"\u00dcldhariduskooli \u00f5ppekava t\u00e4iendavate aktiiv\u00f5ppeprogrammide juhendajate t\u00e4ienduskoolitus keskkonnahariduse keskuses"},"content":{"rendered":"<p>Koostaja Janika Ruusmaa<\/p>\n<p><strong>Eesm\u00e4rgid<\/strong><\/p>\n<p>Laiendada programmijuhendajate v\u00f5rgustikku p\u00e4devate juhendajatega.<\/p>\n<p>Laiendada keskuses pakutavate \u00f5ppeprogrammide temaatikat ja sihtr\u00fchmi.<\/p>\n<p>Arendada programmijuhendajate metoodilisi oskusi.<\/p>\n<p>T\u00f6\u00f6tada v\u00e4lja uusi \u00f5ppeprogramme, mis toetaksid s\u00e4\u00e4stva arengu hariduse kontseptsiooni.<\/p>\n<p><strong>\u00d5piv\u00e4ljundid<\/strong><\/p>\n<p>Programmijuhendaja tunneb oma p\u00e4devusi eri vanuses lastega t\u00f6\u00f6tamisel, st teab, millises vanuses \u00f5pilastega on ta k\u00f5ige p\u00e4devam t\u00f6\u00f6tama.<\/p>\n<p>Programmijuhendaja oskab koostada uusi alus- v\u00f5i \u00fcldhariduse \u00f5ppekavale vastavaid aktiiv\u00f5ppeprogramme.<\/p>\n<p>Programmijuhendaja oskab j\u00e4rgida ja vajadusel kohandada \u00f5ppeprogramme vastavalt \u00f5pilaste vanusele ja ettevalmistusele.<\/p>\n<p>Programmijuhendajal on t\u00e4ienenud metoodiliste oskuste pagas.<\/p>\n<p><strong>Sisu l\u00fchikirjeldus, meetodid<\/strong><\/p>\n<p>1. \u00d5ppekava t\u00e4iendavate programmide m\u00f5iste, seos \u00f5ppekavadega, programmide struktuur, juhendamise strateegiad ja meetodid; multiintelligentsuse teooria.<\/p>\n<p>2. S\u00e4\u00e4stev ja j\u00e4tkusuutlik areng \u00f5ppeprogrammide teemana.<\/p>\n<p>3 Erinevate sihtr\u00fchmade ootuste ja v\u00f5imekusega arvestamine kui eduka \u00f5piprotsessi eeldus.<\/p>\n<p>4 \u00d5ppeekskursioon Riia loodusmuuseumi. Tutvumine loodusmuuseumi uute \u00f5ppeprogrammidega ning meetoditega. Uute ideede kogumine, kogemuste vahetamine.<\/p>\n<p>5 Suhtlemis- ja esinemisoskuse t\u00e4iendamine.<\/p>\n<p>6. N\u00e4idisprogrammide anal\u00fc\u00fcs ja t\u00e4iendamise v\u00f5imalused.<\/p>\n<p>7. Iseseisev t\u00f6\u00f6: koostada uus aktiiv\u00f5ppeprogramm v\u00f5i arendada olemasolevat programmi.<\/p>\n<p>8. Uute koostatud v\u00f5i t\u00e4iendatud programmide tutvustamine, \u00fchine anal\u00fc\u00fcs. Programmide t\u00e4iendamine vastavalt anal\u00fc\u00fcsi tulemustele.<\/p>\n<p>9. \u00d5pilastele uute programmide korraldamine.<\/p>\n<p>10. Kolleegi juhendatud programmi vaatlused. Tagasiside andmine, peegeldused kahelt kolleegilt.<\/p>\n<p>11. Kokkuv\u00f5te \u2013 eneseanal\u00fc\u00fcs, koolituse hindamine.<\/p>\n","protected":false},"excerpt":{"rendered":"<p>Koostaja Janika Ruusmaa Eesm\u00e4rgid Laiendada programmijuhendajate v\u00f5rgustikku p\u00e4devate juhendajatega. Laiendada keskuses pakutavate \u00f5ppeprogrammide temaatikat ja sihtr\u00fchmi. Arendada programmijuhendajate metoodilisi oskusi. T\u00f6\u00f6tada v\u00e4lja uusi \u00f5ppeprogramme, mis toetaksid s\u00e4\u00e4stva arengu hariduse kontseptsiooni. \u00d5piv\u00e4ljundid Programmijuhendaja tunneb oma p\u00e4devusi eri vanuses lastega t\u00f6\u00f6tamisel, st &#8230;<\/p>\n","protected":false},"author":42,"featured_media":0,"parent":0,"menu_order":0,"comment_status":"closed","ping_status":"closed","template":"","meta":{"_acf_changed":false,"inline_featured_image":false,"footnotes":""},"class_list":["post-115","page","type-page","status-publish","hentry"],"acf":[],"_links":{"self":[{"href":"https:\/\/sisu.ut.ee\/keskkond\/wp-json\/wp\/v2\/pages\/115","targetHints":{"allow":["GET"]}}],"collection":[{"href":"https:\/\/sisu.ut.ee\/keskkond\/wp-json\/wp\/v2\/pages"}],"about":[{"href":"https:\/\/sisu.ut.ee\/keskkond\/wp-json\/wp\/v2\/types\/page"}],"author":[{"embeddable":true,"href":"https:\/\/sisu.ut.ee\/keskkond\/wp-json\/wp\/v2\/users\/42"}],"replies":[{"embeddable":true,"href":"https:\/\/sisu.ut.ee\/keskkond\/wp-json\/wp\/v2\/comments?post=115"}],"version-history":[{"count":1,"href":"https:\/\/sisu.ut.ee\/keskkond\/wp-json\/wp\/v2\/pages\/115\/revisions"}],"predecessor-version":[{"id":997,"href":"https:\/\/sisu.ut.ee\/keskkond\/wp-json\/wp\/v2\/pages\/115\/revisions\/997"}],"wp:attachment":[{"href":"https:\/\/sisu.ut.ee\/keskkond\/wp-json\/wp\/v2\/media?parent=115"}],"curies":[{"name":"wp","href":"https:\/\/api.w.org\/{rel}","templated":true}]}}