{"id":111,"date":"2024-04-03T23:32:22","date_gmt":"2024-04-03T20:32:22","guid":{"rendered":"https:\/\/sisu.ut.ee\/keskkond\/saksa-keele-algkursus\/"},"modified":"2024-04-03T23:39:08","modified_gmt":"2024-04-03T20:39:08","slug":"saksa-keele-algkursus","status":"publish","type":"page","link":"https:\/\/sisu.ut.ee\/keskkond\/saksa-keele-algkursus\/","title":{"rendered":"Saksa keele algkursus"},"content":{"rendered":"<p>Koostaja Esta Sikkal<\/p>\n<p style=\"text-align: left\" class=\"Standard\" align=\"center\"><strong>Aine<\/strong>: HTOS.02.401 Saksa keele algkursus (tase A2 \u2013 B1), 6 EAP<\/p>\n<p class=\"Standard\">AINEKAVA<\/p>\n<p class=\"Standard\"><strong>Kasutatav \u00f5pik:<\/strong><\/p>\n<p>STUDIO 21 \u2013 INTENSIVTRAINING, H. Funk, 2013, CORNELSEN VERLAG<\/p>\n<p><img loading=\"lazy\" decoding=\"async\" width=\"947\" height=\"845\" class=\"alignnone wp-image-510\" src=\"https:\/\/sisu.ut.ee\/wp-content\/uploads\/sites\/107\/untitled-13.jpg\" title=\"untitled.jpg\" alt=\"untitled.jpg\" srcset=\"https:\/\/sisu.ut.ee\/wp-content\/uploads\/sites\/107\/untitled-13.jpg 947w, https:\/\/sisu.ut.ee\/wp-content\/uploads\/sites\/107\/untitled-13-300x268.jpg 300w, https:\/\/sisu.ut.ee\/wp-content\/uploads\/sites\/107\/untitled-13-768x685.jpg 768w\" sizes=\"auto, (max-width: 947px) 100vw, 947px\"><\/p>\n\n<p class=\"Standard\">Aine eesm\u00e4rgid:<\/p>\n<ul>\n<li>Kujundada \u00fcli\u00f5pilaste v\u00f5\u00f5rkeeleoskuse ja \u00f5pikuteemade kaudu loodus- ja keskkonnaalaseid hoiakuid ja j\u00e4tkusuutlikkusega seotud v\u00e4\u00e4rtushinnanguid.<\/li>\n<li>Suunata \u00fcli\u00f5pilasi v\u00f5\u00f5rkeeleoskust \u00e4ra kasutades otsima t\u00e4iendavaid teabeallikaid.<\/li>\n<li>Toetada v\u00f5\u00f5rkeelsete materjalide otsimist teiste ainete jaoks (ainetevaheline integratsioon).<\/li>\n<li>Luua ainealaseid ja keskkonna- ja inimarengu k\u00fcsimustele seoseid.<\/li>\n<\/ul>\n","protected":false},"excerpt":{"rendered":"<p>Koostaja Esta Sikkal Aine: HTOS.02.401 Saksa keele algkursus (tase A2 \u2013 B1), 6 EAP AINEKAVA Kasutatav \u00f5pik: STUDIO 21 \u2013 INTENSIVTRAINING, H. Funk, 2013, CORNELSEN VERLAG Aine eesm\u00e4rgid: Kujundada \u00fcli\u00f5pilaste v\u00f5\u00f5rkeeleoskuse ja \u00f5pikuteemade kaudu loodus- ja keskkonnaalaseid hoiakuid ja j\u00e4tkusuutlikkusega &#8230;<\/p>\n","protected":false},"author":42,"featured_media":0,"parent":0,"menu_order":0,"comment_status":"closed","ping_status":"closed","template":"","meta":{"_acf_changed":false,"inline_featured_image":false,"footnotes":""},"class_list":["post-111","page","type-page","status-publish","hentry"],"acf":[],"_links":{"self":[{"href":"https:\/\/sisu.ut.ee\/keskkond\/wp-json\/wp\/v2\/pages\/111","targetHints":{"allow":["GET"]}}],"collection":[{"href":"https:\/\/sisu.ut.ee\/keskkond\/wp-json\/wp\/v2\/pages"}],"about":[{"href":"https:\/\/sisu.ut.ee\/keskkond\/wp-json\/wp\/v2\/types\/page"}],"author":[{"embeddable":true,"href":"https:\/\/sisu.ut.ee\/keskkond\/wp-json\/wp\/v2\/users\/42"}],"replies":[{"embeddable":true,"href":"https:\/\/sisu.ut.ee\/keskkond\/wp-json\/wp\/v2\/comments?post=111"}],"version-history":[{"count":1,"href":"https:\/\/sisu.ut.ee\/keskkond\/wp-json\/wp\/v2\/pages\/111\/revisions"}],"predecessor-version":[{"id":1001,"href":"https:\/\/sisu.ut.ee\/keskkond\/wp-json\/wp\/v2\/pages\/111\/revisions\/1001"}],"wp:attachment":[{"href":"https:\/\/sisu.ut.ee\/keskkond\/wp-json\/wp\/v2\/media?parent=111"}],"curies":[{"name":"wp","href":"https:\/\/api.w.org\/{rel}","templated":true}]}}