{"id":103,"date":"2024-04-03T23:32:21","date_gmt":"2024-04-03T20:32:21","guid":{"rendered":"https:\/\/sisu.ut.ee\/keskkond\/opetaja-kompetentsid-saastvat-arengut-toetavas-hariduses\/"},"modified":"2024-04-03T23:39:08","modified_gmt":"2024-04-03T20:39:08","slug":"opetaja-kompetentsid-saastvat-arengut-toetavas-hariduses","status":"publish","type":"page","link":"https:\/\/sisu.ut.ee\/keskkond\/opetaja-kompetentsid-saastvat-arengut-toetavas-hariduses\/","title":{"rendered":"\u00d5petaja* kompetentsid s\u00e4\u00e4stvat arengut toetavas hariduses"},"content":{"rendered":"<p><img loading=\"lazy\" decoding=\"async\" width=\"1121\" height=\"754\" class=\"alignnone wp-image-491\" src=\"https:\/\/sisu.ut.ee\/wp-content\/uploads\/sites\/107\/a1.jpg\" title=\"a1.jpg\" alt=\"a1.jpg\" srcset=\"https:\/\/sisu.ut.ee\/wp-content\/uploads\/sites\/107\/a1.jpg 1121w, https:\/\/sisu.ut.ee\/wp-content\/uploads\/sites\/107\/a1-300x202.jpg 300w, https:\/\/sisu.ut.ee\/wp-content\/uploads\/sites\/107\/a1-1024x689.jpg 1024w, https:\/\/sisu.ut.ee\/wp-content\/uploads\/sites\/107\/a1-768x517.jpg 768w\" sizes=\"auto, (max-width: 1121px) 100vw, 1121px\">\u00a0<\/p>\n\n<p>\u00a0 \u00a0\u00a0 <img loading=\"lazy\" decoding=\"async\" width=\"1116\" height=\"772\" class=\"alignnone wp-image-492\" src=\"https:\/\/sisu.ut.ee\/wp-content\/uploads\/sites\/107\/a2.jpg\" title=\"a2.jpg\" alt=\"a2.jpg\" srcset=\"https:\/\/sisu.ut.ee\/wp-content\/uploads\/sites\/107\/a2.jpg 1116w, https:\/\/sisu.ut.ee\/wp-content\/uploads\/sites\/107\/a2-300x208.jpg 300w, https:\/\/sisu.ut.ee\/wp-content\/uploads\/sites\/107\/a2-1024x708.jpg 1024w, https:\/\/sisu.ut.ee\/wp-content\/uploads\/sites\/107\/a2-768x531.jpg 768w\" sizes=\"auto, (max-width: 1116px) 100vw, 1116px\"><\/p>\n","protected":false},"excerpt":{"rendered":"<p>\u00a0 \u00a0 \u00a0\u00a0<\/p>\n","protected":false},"author":42,"featured_media":0,"parent":0,"menu_order":0,"comment_status":"closed","ping_status":"closed","template":"","meta":{"_acf_changed":false,"inline_featured_image":false,"footnotes":""},"class_list":["post-103","page","type-page","status-publish","hentry"],"acf":[],"_links":{"self":[{"href":"https:\/\/sisu.ut.ee\/keskkond\/wp-json\/wp\/v2\/pages\/103","targetHints":{"allow":["GET"]}}],"collection":[{"href":"https:\/\/sisu.ut.ee\/keskkond\/wp-json\/wp\/v2\/pages"}],"about":[{"href":"https:\/\/sisu.ut.ee\/keskkond\/wp-json\/wp\/v2\/types\/page"}],"author":[{"embeddable":true,"href":"https:\/\/sisu.ut.ee\/keskkond\/wp-json\/wp\/v2\/users\/42"}],"replies":[{"embeddable":true,"href":"https:\/\/sisu.ut.ee\/keskkond\/wp-json\/wp\/v2\/comments?post=103"}],"version-history":[{"count":1,"href":"https:\/\/sisu.ut.ee\/keskkond\/wp-json\/wp\/v2\/pages\/103\/revisions"}],"predecessor-version":[{"id":1009,"href":"https:\/\/sisu.ut.ee\/keskkond\/wp-json\/wp\/v2\/pages\/103\/revisions\/1009"}],"wp:attachment":[{"href":"https:\/\/sisu.ut.ee\/keskkond\/wp-json\/wp\/v2\/media?parent=103"}],"curies":[{"name":"wp","href":"https:\/\/api.w.org\/{rel}","templated":true}]}}