{"id":8,"date":"2024-04-04T09:14:00","date_gmt":"2024-04-04T06:14:00","guid":{"rendered":"https:\/\/sisu.ut.ee\/keemiasuvi\/asukoht\/"},"modified":"2024-04-12T10:29:18","modified_gmt":"2024-04-12T07:29:18","slug":"asukoht","status":"publish","type":"page","link":"https:\/\/sisu.ut.ee\/keemiasuvi\/asukoht\/","title":{"rendered":"Asukoht"},"content":{"rendered":"<p><span style=\"font-family: Tahoma,Geneva,sans-serif;\">Laager toimub Olustvere Teenindus- ja Majanduskooli ruumides ning\u00a0selle \u00fcmbruses.<\/span><\/p>\n<p><div class=\"video-placeholder-wrapper video-placeholder-wrapper--fixed\" style=\"height: 800px;\">\n\t\t\t    <div class=\"video-placeholder d-flex justify-content-center align-items-center\">\n\t\t\t        <div class=\"overlay text-white p-2 w-100 text-center d-block justify-content-center align-items-center\">\n\t\t\t            <div>Kolmandate osapoolte sisu n\u00e4gemiseks palun n\u00f5ustu k\u00fcpsistega.<\/div>\n\t\t\t            <button class=\"btn btn-secondary btn-sm mt-1 consent-change\">Muuda n\u00f5usolekut<\/button>\n\t\t\t        <\/div>\n\t\t\t    <\/div>\n\t\t\t<\/div>\n<\/p>\n","protected":false},"excerpt":{"rendered":"<p>Laager toimub Olustvere Teenindus- ja Majanduskooli ruumides ning\u00a0selle \u00fcmbruses. Kolmandate osapoolte sisu n\u00e4gemiseks palun n\u00f5ustu k\u00fcpsistega. Muuda n\u00f5usolekut<\/p>\n","protected":false},"author":269,"featured_media":0,"parent":0,"menu_order":0,"comment_status":"closed","ping_status":"closed","template":"","meta":{"_acf_changed":false,"inline_featured_image":false,"footnotes":""},"class_list":["post-8","page","type-page","status-publish","hentry"],"acf":[],"_links":{"self":[{"href":"https:\/\/sisu.ut.ee\/keemiasuvi\/wp-json\/wp\/v2\/pages\/8","targetHints":{"allow":["GET"]}}],"collection":[{"href":"https:\/\/sisu.ut.ee\/keemiasuvi\/wp-json\/wp\/v2\/pages"}],"about":[{"href":"https:\/\/sisu.ut.ee\/keemiasuvi\/wp-json\/wp\/v2\/types\/page"}],"author":[{"embeddable":true,"href":"https:\/\/sisu.ut.ee\/keemiasuvi\/wp-json\/wp\/v2\/users\/269"}],"replies":[{"embeddable":true,"href":"https:\/\/sisu.ut.ee\/keemiasuvi\/wp-json\/wp\/v2\/comments?post=8"}],"version-history":[{"count":2,"href":"https:\/\/sisu.ut.ee\/keemiasuvi\/wp-json\/wp\/v2\/pages\/8\/revisions"}],"predecessor-version":[{"id":78,"href":"https:\/\/sisu.ut.ee\/keemiasuvi\/wp-json\/wp\/v2\/pages\/8\/revisions\/78"}],"wp:attachment":[{"href":"https:\/\/sisu.ut.ee\/keemiasuvi\/wp-json\/wp\/v2\/media?parent=8"}],"curies":[{"name":"wp","href":"https:\/\/api.w.org\/{rel}","templated":true}]}}