{"id":7,"date":"2024-04-04T09:14:00","date_gmt":"2024-04-04T06:14:00","guid":{"rendered":"https:\/\/sisu.ut.ee\/keemiasuvi\/registreerimine\/"},"modified":"2026-04-08T18:37:33","modified_gmt":"2026-04-08T15:37:33","slug":"registreerimine","status":"publish","type":"page","link":"https:\/\/sisu.ut.ee\/keemiasuvi\/registreerimine\/","title":{"rendered":"Registreerimine"},"content":{"rendered":"<p>Laagrisse registreerimine toimub <a href=\"https:\/\/haridusportaal.edu.ee\/koolitused-juhan\/keemia%C3%B5petajate-inspiratsioonilaager-2026\/37469338\">siin<\/a>.<\/p>\n<p>Palun sisene s\u00fcsteemi riigi autentsimisteenusega v\u00f5i harID-ga, vali ametiks \u201c\u00f5petaja(eripedagoog)\u201d ning lae \u00fcles kinnitus koolis t\u00f6\u00f6tamisest (n\u00e4iteks v\u00e4ljav\u00f5te edu.ee s\u00fcsteemist).<\/p>\n<p>Laager on tegev\u00f5petajale tasuta.<\/p>\n\n\n<p><\/p>\n","protected":false},"excerpt":{"rendered":"<p>Laagrisse registreerimine toimub siin. Palun sisene s\u00fcsteemi riigi autentsimisteenusega v\u00f5i harID-ga, vali ametiks \u201c\u00f5petaja(eripedagoog)\u201d ning lae \u00fcles kinnitus koolis t\u00f6\u00f6tamisest (n\u00e4iteks v\u00e4ljav\u00f5te edu.ee s\u00fcsteemist). Laager on tegev\u00f5petajale tasuta.<\/p>\n","protected":false},"author":269,"featured_media":0,"parent":0,"menu_order":0,"comment_status":"closed","ping_status":"closed","template":"","meta":{"_acf_changed":false,"inline_featured_image":false,"footnotes":""},"class_list":["post-7","page","type-page","status-publish","hentry"],"acf":[],"_links":{"self":[{"href":"https:\/\/sisu.ut.ee\/keemiasuvi\/wp-json\/wp\/v2\/pages\/7","targetHints":{"allow":["GET"]}}],"collection":[{"href":"https:\/\/sisu.ut.ee\/keemiasuvi\/wp-json\/wp\/v2\/pages"}],"about":[{"href":"https:\/\/sisu.ut.ee\/keemiasuvi\/wp-json\/wp\/v2\/types\/page"}],"author":[{"embeddable":true,"href":"https:\/\/sisu.ut.ee\/keemiasuvi\/wp-json\/wp\/v2\/users\/269"}],"replies":[{"embeddable":true,"href":"https:\/\/sisu.ut.ee\/keemiasuvi\/wp-json\/wp\/v2\/comments?post=7"}],"version-history":[{"count":12,"href":"https:\/\/sisu.ut.ee\/keemiasuvi\/wp-json\/wp\/v2\/pages\/7\/revisions"}],"predecessor-version":[{"id":430,"href":"https:\/\/sisu.ut.ee\/keemiasuvi\/wp-json\/wp\/v2\/pages\/7\/revisions\/430"}],"wp:attachment":[{"href":"https:\/\/sisu.ut.ee\/keemiasuvi\/wp-json\/wp\/v2\/media?parent=7"}],"curies":[{"name":"wp","href":"https:\/\/api.w.org\/{rel}","templated":true}]}}