{"id":3,"date":"2024-04-04T09:14:00","date_gmt":"2024-04-04T06:14:00","guid":{"rendered":"https:\/\/sisu.ut.ee\/keemiasuvi\/avaleht\/"},"modified":"2026-03-14T09:26:49","modified_gmt":"2026-03-14T07:26:49","slug":"avaleht","status":"publish","type":"page","link":"https:\/\/sisu.ut.ee\/keemiasuvi\/","title":{"rendered":"Avaleht"},"content":{"rendered":"<p><img loading=\"lazy\" decoding=\"async\" class=\"alignnone wp-image-249 size-full\" src=\"https:\/\/sisu.ut.ee\/wp-content\/uploads\/sites\/680\/Header-1.jpg\" alt=\"\" width=\"2234\" height=\"1000\" srcset=\"https:\/\/sisu.ut.ee\/wp-content\/uploads\/sites\/680\/Header-1.jpg 2234w, https:\/\/sisu.ut.ee\/wp-content\/uploads\/sites\/680\/Header-1-300x134.jpg 300w, https:\/\/sisu.ut.ee\/wp-content\/uploads\/sites\/680\/Header-1-1024x458.jpg 1024w, https:\/\/sisu.ut.ee\/wp-content\/uploads\/sites\/680\/Header-1-768x344.jpg 768w, https:\/\/sisu.ut.ee\/wp-content\/uploads\/sites\/680\/Header-1-1536x688.jpg 1536w, https:\/\/sisu.ut.ee\/wp-content\/uploads\/sites\/680\/Header-1-2048x917.jpg 2048w, https:\/\/sisu.ut.ee\/wp-content\/uploads\/sites\/680\/Header-1-1920x859.jpg 1920w\" sizes=\"auto, (max-width: 2234px) 100vw, 2234px\"><\/p>\n\n\n<p>Keemia\u00f5petajate inspiratsioonilaagri eesm\u00e4rk on toetada keemia\u00f5petajate professionaalset arengut, luua ja jagada \u00f5ppematerjale ning pakkuda tuge alustavale \u00f5petajale. <\/p>\n\n\n\n<p>Laagri raames viiakse l\u00e4bi teoreetilisemaid ja praktilisi t\u00f6\u00f6tubasid. Lisaks toimub esmakordselt \u00f5ppematerjalide loomise h\u00e4katon.<\/p>\n\n\n\n<p>K\u00f5ikide t\u00f6\u00f6tubade kohta jagatakse \u00f5ppematerjalid, mida \u00f5petaja saab lihtsalt \u00a0oma \u00f5petamises kasutada.\u00a0<\/p>\n","protected":false},"excerpt":{"rendered":"<p>Keemia\u00f5petajate inspiratsioonilaagri eesm\u00e4rk on toetada keemia\u00f5petajate professionaalset arengut, luua ja jagada \u00f5ppematerjale ning pakkuda tuge alustavale \u00f5petajale. Laagri raames viiakse l\u00e4bi teoreetilisemaid ja praktilisi t\u00f6\u00f6tubasid. Lisaks toimub esmakordselt \u00f5ppematerjalide loomise h\u00e4katon. K\u00f5ikide t\u00f6\u00f6tubade kohta jagatakse \u00f5ppematerjalid, mida \u00f5petaja saab lihtsalt &#8230;<\/p>\n","protected":false},"author":269,"featured_media":0,"parent":0,"menu_order":0,"comment_status":"closed","ping_status":"closed","template":"","meta":{"_acf_changed":false,"inline_featured_image":false,"footnotes":""},"class_list":["post-3","page","type-page","status-publish","hentry"],"acf":[],"_links":{"self":[{"href":"https:\/\/sisu.ut.ee\/keemiasuvi\/wp-json\/wp\/v2\/pages\/3","targetHints":{"allow":["GET"]}}],"collection":[{"href":"https:\/\/sisu.ut.ee\/keemiasuvi\/wp-json\/wp\/v2\/pages"}],"about":[{"href":"https:\/\/sisu.ut.ee\/keemiasuvi\/wp-json\/wp\/v2\/types\/page"}],"author":[{"embeddable":true,"href":"https:\/\/sisu.ut.ee\/keemiasuvi\/wp-json\/wp\/v2\/users\/269"}],"replies":[{"embeddable":true,"href":"https:\/\/sisu.ut.ee\/keemiasuvi\/wp-json\/wp\/v2\/comments?post=3"}],"version-history":[{"count":6,"href":"https:\/\/sisu.ut.ee\/keemiasuvi\/wp-json\/wp\/v2\/pages\/3\/revisions"}],"predecessor-version":[{"id":388,"href":"https:\/\/sisu.ut.ee\/keemiasuvi\/wp-json\/wp\/v2\/pages\/3\/revisions\/388"}],"wp:attachment":[{"href":"https:\/\/sisu.ut.ee\/keemiasuvi\/wp-json\/wp\/v2\/media?parent=3"}],"curies":[{"name":"wp","href":"https:\/\/api.w.org\/{rel}","templated":true}]}}