{"id":293,"date":"2025-06-05T14:48:47","date_gmt":"2025-06-05T11:48:47","guid":{"rendered":"https:\/\/sisu.ut.ee\/keemiasuvi\/?page_id=293"},"modified":"2026-03-13T15:41:36","modified_gmt":"2026-03-13T13:41:36","slug":"programm-2","status":"publish","type":"page","link":"https:\/\/sisu.ut.ee\/keemiasuvi\/programm-2\/","title":{"rendered":"Programm"},"content":{"rendered":"<h2 class=\"wp-block-heading\">12. august<\/h2>\n\n\n\n<div class=\"wp-block-media-text is-stacked-on-mobile\"><figure class=\"wp-block-media-text__media\"><img loading=\"lazy\" decoding=\"async\" width=\"842\" height=\"595\" src=\"https:\/\/sisu.ut.ee\/wp-content\/uploads\/sites\/680\/12.-augusti-tunniplaan-2-1.png\" alt=\"\" class=\"wp-image-302 size-full\" srcset=\"https:\/\/sisu.ut.ee\/wp-content\/uploads\/sites\/680\/12.-augusti-tunniplaan-2-1.png 842w, https:\/\/sisu.ut.ee\/wp-content\/uploads\/sites\/680\/12.-augusti-tunniplaan-2-1-300x212.png 300w, https:\/\/sisu.ut.ee\/wp-content\/uploads\/sites\/680\/12.-augusti-tunniplaan-2-1-768x543.png 768w\" sizes=\"auto, (max-width: 842px) 100vw, 842px\"><\/figure><div class=\"wp-block-media-text__content\">\n<p><strong>Marion<\/strong> \u201cPol\u00fcmeeride saladused: klassiruumist keskkonda ja sealt edasi \u2026\u201d<\/p>\n\n\n\n<p><strong>Lisette ja Denis <\/strong>\u201c\u00dche \u00f5psi vana kola on vinge \u00f5psi superv\u00f5ime!\u201d<\/p>\n\n\n\n<p><strong>Kaia-Riin <\/strong>\u201cKeemia n\u00e4htavaks! ehk kuidas keemiat tunnis visualiseerida\u201d<\/p>\n\n\n\n<p><strong>Mikaela<\/strong> \u201cE-sigaret \u2013 kogu g\u00fcmnaasiumi orgaaniline keemia 2 milliliitris?\u201d<\/p>\n\n\n\n<p><strong>Helery \u00a0<\/strong>\u201cKeemiline tasakaal p\u00f5genemistoas: kas leiad v\u00e4ljap\u00e4\u00e4su?\u201d<\/p>\n\n\n\n<p><strong>Katrin <\/strong>\u201cPseudoteadused ja v\u00e4\u00e4rinfo keemia tundides: Kas v\u00f5imatu missioon v\u00f5i l\u00f5bus v\u00e4ljakutse?\u201d<\/p>\n\n\n\n<p><strong>Urmas <\/strong>\u201cInteraktiivsed kratid keemia\u00f5ppes\u201d\u00a0<\/p>\n<\/div><\/div>\n\n\n\n<h2 class=\"wp-block-heading\">13. august<\/h2>\n\n\n\n<div class=\"wp-block-media-text is-stacked-on-mobile\"><figure class=\"wp-block-media-text__media\"><img loading=\"lazy\" decoding=\"async\" width=\"842\" height=\"595\" src=\"https:\/\/sisu.ut.ee\/wp-content\/uploads\/sites\/680\/13.-augusti-tunniplaan-1.jpg\" alt=\"\" class=\"wp-image-347 size-full\" srcset=\"https:\/\/sisu.ut.ee\/wp-content\/uploads\/sites\/680\/13.-augusti-tunniplaan-1.jpg 842w, https:\/\/sisu.ut.ee\/wp-content\/uploads\/sites\/680\/13.-augusti-tunniplaan-1-300x212.jpg 300w, https:\/\/sisu.ut.ee\/wp-content\/uploads\/sites\/680\/13.-augusti-tunniplaan-1-768x543.jpg 768w\" sizes=\"auto, (max-width: 842px) 100vw, 842px\"><\/figure><div class=\"wp-block-media-text__content\">\n<p><strong>Kerstin <\/strong>\u201cTead? Ei tea?\u201d<\/p>\n\n\n\n<p><strong>Markus <\/strong>\u201cArgumenteerimismeetod keemiatunnis\u201d<\/p>\n\n\n\n<p><strong>Lauri <\/strong>\u201cL\u00f5imitud teemap\u00f5hise \u00f5ppe kavandamine\u201d<\/p>\n\n\n\n<p><strong>Maarja ja Kaarina <\/strong>\u201cC-vitamiini jahil: kui palju kasulikku leidub k\u00f6\u00f6giviljades?\u201d<\/p>\n\n\n\n<p><strong>Helery \u00a0<\/strong>\u201cKeemiline tasakaal p\u00f5genemistoas: kas leiad v\u00e4ljap\u00e4\u00e4su?\u201d<\/p>\n\n\n\n<p><strong>Karl-Ander<\/strong> \u201cMeretuuleparkide rollim\u00e4ng\u201d<\/p>\n\n\n\n<p><strong>Joana \u00a0<\/strong>\u201cLauam\u00e4ngude meisterdamise maraton\u201d<\/p>\n<\/div><\/div>\n\n\n\n<h2 class=\"wp-block-heading\">14. august<\/h2>\n\n\n\n<div class=\"wp-block-media-text is-stacked-on-mobile\"><figure class=\"wp-block-media-text__media\"><img loading=\"lazy\" decoding=\"async\" width=\"421\" height=\"222\" src=\"https:\/\/sisu.ut.ee\/wp-content\/uploads\/sites\/680\/14.-augusti-tunniplaan-2.png\" alt=\"\" class=\"wp-image-343 size-full\" srcset=\"https:\/\/sisu.ut.ee\/wp-content\/uploads\/sites\/680\/14.-augusti-tunniplaan-2.png 421w, https:\/\/sisu.ut.ee\/wp-content\/uploads\/sites\/680\/14.-augusti-tunniplaan-2-300x158.png 300w\" sizes=\"auto, (max-width: 421px) 100vw, 421px\"><\/figure><div class=\"wp-block-media-text__content\">\n<p><strong>Karl-Ander<\/strong> \u201cMeretuuleparkide rollim\u00e4ng\u201d<\/p>\n\n\n\n<p><strong>Kaia-Riin <\/strong>\u201cKeemia n\u00e4htavaks! ehk kuidas keemiat tunnis visualiseerida\u201d<\/p>\n\n\n\n<p><strong>Heili <\/strong>\u201cKuidas t\u00f5husamalt \u00f5ppida ja \u00f5petada?\u201d<\/p>\n\n\n\n<p><strong>Kerstin <\/strong>\u201cTead? Ei tea?\u201d<\/p>\n\n\n\n<p><strong>Joana \u00a0<\/strong>\u201cLauam\u00e4ngude meisterdamise maraton\u201d<\/p>\n<\/div><\/div>\n","protected":false},"excerpt":{"rendered":"<p>12. august Marion \u201cPol\u00fcmeeride saladused: klassiruumist keskkonda ja sealt edasi \u2026\u201d Lisette ja Denis \u201c\u00dche \u00f5psi vana kola on vinge \u00f5psi superv\u00f5ime!\u201d Kaia-Riin \u201cKeemia n\u00e4htavaks! ehk kuidas keemiat tunnis visualiseerida\u201d Mikaela \u201cE-sigaret \u2013 kogu g\u00fcmnaasiumi orgaaniline keemia 2 milliliitris?\u201d Helery &#8230;<\/p>\n","protected":false},"author":276,"featured_media":0,"parent":0,"menu_order":0,"comment_status":"closed","ping_status":"closed","template":"","meta":{"_acf_changed":false,"inline_featured_image":false,"footnotes":""},"class_list":["post-293","page","type-page","status-publish","hentry"],"acf":[],"_links":{"self":[{"href":"https:\/\/sisu.ut.ee\/keemiasuvi\/wp-json\/wp\/v2\/pages\/293","targetHints":{"allow":["GET"]}}],"collection":[{"href":"https:\/\/sisu.ut.ee\/keemiasuvi\/wp-json\/wp\/v2\/pages"}],"about":[{"href":"https:\/\/sisu.ut.ee\/keemiasuvi\/wp-json\/wp\/v2\/types\/page"}],"author":[{"embeddable":true,"href":"https:\/\/sisu.ut.ee\/keemiasuvi\/wp-json\/wp\/v2\/users\/276"}],"replies":[{"embeddable":true,"href":"https:\/\/sisu.ut.ee\/keemiasuvi\/wp-json\/wp\/v2\/comments?post=293"}],"version-history":[{"count":13,"href":"https:\/\/sisu.ut.ee\/keemiasuvi\/wp-json\/wp\/v2\/pages\/293\/revisions"}],"predecessor-version":[{"id":373,"href":"https:\/\/sisu.ut.ee\/keemiasuvi\/wp-json\/wp\/v2\/pages\/293\/revisions\/373"}],"wp:attachment":[{"href":"https:\/\/sisu.ut.ee\/keemiasuvi\/wp-json\/wp\/v2\/media?parent=293"}],"curies":[{"name":"wp","href":"https:\/\/api.w.org\/{rel}","templated":true}]}}