{"id":7,"date":"2024-04-04T07:50:43","date_gmt":"2024-04-04T04:50:43","guid":{"rendered":"https:\/\/sisu.ut.ee\/keemiaabc\/2-keemia-keel\/"},"modified":"2024-04-04T07:51:46","modified_gmt":"2024-04-04T04:51:46","slug":"2-keemia-keel","status":"publish","type":"page","link":"https:\/\/sisu.ut.ee\/keemiaabc\/2-keemia-keel\/","title":{"rendered":"2. Keemia keel"},"content":{"rendered":"<p>See peat\u00fckk \u00f5petab Sulle arusaama ainetest ja sellest, millistest osakestest erinevad ained koosnevad ning milliste sidemete abil osakesed \u00fcksteisega seotud v\u00f5ivad olla. \u00d5pid kasutama keemiliste elementide perioodilisustabelit ja leidma elemendi oks\u00fcdatsiooniastet.<\/p>\n","protected":false},"excerpt":{"rendered":"<p>See peat\u00fckk \u00f5petab Sulle arusaama ainetest ja sellest, millistest osakestest erinevad ained koosnevad ning milliste sidemete abil osakesed \u00fcksteisega seotud v\u00f5ivad olla. \u00d5pid kasutama keemiliste elementide perioodilisustabelit ja leidma elemendi oks\u00fcdatsiooniastet.<\/p>\n","protected":false},"author":276,"featured_media":0,"parent":0,"menu_order":0,"comment_status":"closed","ping_status":"closed","template":"","meta":{"_acf_changed":false,"inline_featured_image":false,"footnotes":""},"class_list":["post-7","page","type-page","status-publish","hentry"],"acf":[],"_links":{"self":[{"href":"https:\/\/sisu.ut.ee\/keemiaabc\/wp-json\/wp\/v2\/pages\/7","targetHints":{"allow":["GET"]}}],"collection":[{"href":"https:\/\/sisu.ut.ee\/keemiaabc\/wp-json\/wp\/v2\/pages"}],"about":[{"href":"https:\/\/sisu.ut.ee\/keemiaabc\/wp-json\/wp\/v2\/types\/page"}],"author":[{"embeddable":true,"href":"https:\/\/sisu.ut.ee\/keemiaabc\/wp-json\/wp\/v2\/users\/276"}],"replies":[{"embeddable":true,"href":"https:\/\/sisu.ut.ee\/keemiaabc\/wp-json\/wp\/v2\/comments?post=7"}],"version-history":[{"count":1,"href":"https:\/\/sisu.ut.ee\/keemiaabc\/wp-json\/wp\/v2\/pages\/7\/revisions"}],"predecessor-version":[{"id":238,"href":"https:\/\/sisu.ut.ee\/keemiaabc\/wp-json\/wp\/v2\/pages\/7\/revisions\/238"}],"wp:attachment":[{"href":"https:\/\/sisu.ut.ee\/keemiaabc\/wp-json\/wp\/v2\/media?parent=7"}],"curies":[{"name":"wp","href":"https:\/\/api.w.org\/{rel}","templated":true}]}}