{"id":50,"date":"2024-04-04T07:50:48","date_gmt":"2024-04-04T04:50:48","guid":{"rendered":"https:\/\/sisu.ut.ee\/keemiaabc\/86-tarbekeemia-plastid-kiudained\/"},"modified":"2024-04-04T15:25:01","modified_gmt":"2024-04-04T12:25:01","slug":"86-tarbekeemia-plastid-kiudained","status":"publish","type":"page","link":"https:\/\/sisu.ut.ee\/keemiaabc\/86-tarbekeemia-plastid-kiudained\/","title":{"rendered":"8.6. Tarbekeemia, plastid, kiudained"},"content":{"rendered":"<p>\r\n\t<span style=\"line-height:150%\"><span lang=\"ET\"><span style=\"line-height:150%\"><span style=\",serif\">Me kasutame oma igap\u00e4evaelus v\u00e4ga paljusid materjale, aineid ja esemeid, mille saamiseks on pidanud rakendama oma teadmisi ja oskusi\u00a0keemikud, materjaliteadlased, insenerid, tehnoloogid, disainerid jt. Meie jaoks on iseenesest m\u00f5istetav, et kui tahame pesu pesta, haarame pesupulbri v\u00f5i-geeli, kui tahame taimi kahjustavatest putukatest ja taimehaigustest v\u00f5itu saada, kasutame taimekaitsevahendeid, kui haigestume ootamatult, kirjutab arst meile v\u00e4lja ravimid. Plastist toidukarp v\u00f5i joogipudel, hingavad ja mugavad spordir\u00f5ivad, meie igap\u00e4evased T-s\u00e4rgid. K\u00f5ik see tundub nii enesestm\u00f5istetav, et tihti unustame asjaolu, et on olnud aeg, kus seda k\u00f5ike polnud. Millised on meie igap\u00e4evaselt kasutatavad tarbekeemiatooted, plastmassid ja kiudained, tutvustab Sulle j\u00e4rgnev video.<\/span><\/span><\/span><\/span>\r\n<\/p>\r\n\r\n<p>\r\n\t<\/p><div class=\"ratio ratio-16x9 mb-3\"><div class=\"video-placeholder-wrapper video-placeholder-wrapper--16x9\">\n\t\t\t    <div class=\"video-placeholder d-flex justify-content-center align-items-center\">\n\t\t\t        <div class=\"overlay text-white p-2 w-100 text-center d-block justify-content-center align-items-center\">\n\t\t\t            <div>Kolmandate osapoolte sisu n\u00e4gemiseks palun n\u00f5ustu k\u00fcpsistega.<\/div>\n\t\t\t            <button class=\"btn btn-secondary btn-sm mt-1 consent-change\">Muuda n\u00f5usolekut<\/button>\n\t\t\t        <\/div>\n\t\t\t    <\/div>\n\t\t\t<\/div>\n<\/div>\r\n\r\n\r\n<h6>\r\n\t<span style=\"line-height:150%\"><span lang=\"ET\"><span style=\"line-height:150%\"><span style=\",serif\">Allikas:\u00a0<\/span><\/span><\/span><\/span><a data-url=\"https:\/\/youtu.be\/iS-6_b9DYC4\" href=\"https:\/\/youtu.be\/iS-6_b9DYC4\" target=\"_blank\" title=\"\" rel=\"noopener\">https:\/\/youtu.be\/iS-6_b9DYC4<\/a>\r\n<\/h6>\r\n\r\n<h2>\r\n\tTarbekeemiatooted\r\n<\/h2>\r\n\r\n<p style=\"border:none\">\r\n\t<span style=\"line-height:150%\"><span lang=\"ET\"><span style=\"line-height:150%\"><span style=\",serif\"><span style=\"color:black\">Tarbekeemiatooteid on v\u00e4ga palju ja nad erinevad nii oma omaduste kui ka kasutusvaldkonna poolest. Siia kuuluvad pesemisvahendid, v\u00e4rvid, liimid, ravimid, taimekaitse-\u00a0ja putukat\u00f5rjevahendid ning veel palju muudki.<\/span><\/span><\/span><\/span><\/span>\r\n<\/p>\r\n\r\n<p style=\"border:none\">\r\n\t<span style=\"line-height:150%\"><span lang=\"ET\"><span style=\"line-height:150%\"><span style=\",serif\"><span style=\"color:black\">Pesemisvahendite puhul m\u00f5tleme tavap\u00e4raselt seebi, \u0161ampooni, n\u00f5udepesuvahendi v\u00f5i pesupulbri peale. K\u00f5ikide pesemisvahendite t\u00f6\u00f6p\u00f5him\u00f5te on sarnane. Vaatleme n\u00e4iteks seepi, mida on osatud valmistada juba sajandeid rasvadest ja seebikivist ehk naatriumh\u00fcdroksiidist. Seebi molekulis saab eristada h\u00fcdrofiilsest osa ja h\u00fcdrofoobset s\u00fcsivesinikahelat. <\/span><\/span><\/span><\/span><\/span>\r\n<\/p>\r\n\r\n<p style=\"border: none;text-align: center\">\r\n\t<img loading=\"lazy\" decoding=\"async\" width=\"606\" height=\"509\" class=\"alignnone wp-image-156\" style=\"width: 300px;height: 252px\" src=\"https:\/\/sisu.ut.ee\/wp-content\/uploads\/sites\/546\/seebi_molekul.png\" title=\"seebi_molekul.png\" alt=\"pilt\" srcset=\"https:\/\/sisu.ut.ee\/wp-content\/uploads\/sites\/546\/seebi_molekul.png 606w, https:\/\/sisu.ut.ee\/wp-content\/uploads\/sites\/546\/seebi_molekul-300x252.png 300w\" sizes=\"auto, (max-width: 606px) 100vw, 606px\">\r\n<\/p>\r\n\r\n<h6 style=\"border: none;text-align: center\">\r\n\tSeebi molekul\r\n<\/h6>\r\n\r\n<p style=\"border:none\">\r\n\t<span style=\"line-height:150%\"><span lang=\"ET\"><span style=\"line-height:150%\"><span style=\",serif\"><span style=\"color:black\">Kui seep vees lahustub, tekivad lahusesse seebi anioonid ja naatriumioonid. Seebi anioonid kogunevad mustuseosakese pinnale nii, et vett-t\u00f5rjuv osa on p\u00f6\u00f6ratud mustuseosakese poole ning h\u00fcdrofiilne osa temast eemale ehk vee poole. <\/span><\/span><\/span><\/span><\/span>\r\n<\/p>\r\n\r\n<p style=\"border: none;text-align: center\">\r\n\t<img loading=\"lazy\" decoding=\"async\" width=\"469\" height=\"469\" class=\"alignnone wp-image-157\" style=\"width: 300px;height: 300px\" src=\"https:\/\/sisu.ut.ee\/wp-content\/uploads\/sites\/546\/seebi_molekuli_toopohimote.png\" title=\"seebi_molekuli_toopohimote.png\" alt=\"pilt\" srcset=\"https:\/\/sisu.ut.ee\/wp-content\/uploads\/sites\/546\/seebi_molekuli_toopohimote.png 469w, https:\/\/sisu.ut.ee\/wp-content\/uploads\/sites\/546\/seebi_molekuli_toopohimote-300x300.png 300w, https:\/\/sisu.ut.ee\/wp-content\/uploads\/sites\/546\/seebi_molekuli_toopohimote-150x150.png 150w\" sizes=\"auto, (max-width: 469px) 100vw, 469px\">\r\n<\/p>\r\n\r\n<h6 style=\"border: none;text-align: center\">\r\n\tSeebi molekuli t\u00f6\u00f6p\u00f5him\u00f5te\r\n<\/h6>\r\n\r\n<p style=\"border:none\">\r\n\t<span style=\"line-height:150%\"><span lang=\"ET\"><span style=\"line-height:150%\"><span style=\",serif\"><span style=\"color:black\">Nii kangutab seep mustuse (h\u00fcdrofoobset p\u00e4ritolu) pestavalt esemelt lahti ja see uhutakse veega minema. Naturaalseebi \u00fcheks puuduseks on tema aluselisus, mist\u00f5ttu on t\u00e4nap\u00e4eval kasutusel erinevad s\u00fcnteetili<\/span><\/span><\/span><\/span><\/span>sed pesuained ehk detergendid.\r\n<\/p>\r\n\r\n<p style=\"border:none\">\r\n\t<span style=\"line-height:150%\"><span lang=\"ET\"><span style=\"line-height:150%\"><span style=\",serif\"><span style=\"color:black\">Igap\u00e4evaselt kasutatavad v\u00e4rvid, liimid ja lakid on pol\u00fcmeerid, mis alguses on vedelad ning kasutamise k\u00e4igus k\u00f5vastuvad. Kui v\u00e4rve ja lakke kasutatakse pindade ilusamaks muutmise v\u00f5i v\u00e4liskeskkonna m\u00f5jude eest kaitsmise eesm\u00e4rgil, siis liimidega saab erinevaid detaile omavahel \u00fchendada. Komponente, mida on vaja v\u00e4rvide, lakkide v\u00f5i liimide tootmiseks, on palju ja erinevaid, kuid tavaliselt sisaldavad nad m\u00f5nda orgaanilist lahustit, mis aurustub kergesti toote kuivamisel. Silmas tuleb pidada, et v\u00e4ga paljud kasutatavad lahustid on tuleohtlikud ja m\u00fcrgised, millest tulenevalt peab neid sisaldavate toodetega\u00a0t\u00f6\u00f6tamisel olema ruumis tagatud hea \u00f5hutus. Lisaks tuleb olla ettevaatlik lahtise tulega ja kindlasti on oluline, et sellised tooted ei satuks p\u00e4rast kasutamist keskkonda. Seet\u00f5ttu tuleks kasutamata j\u00e4\u00e4nud v\u00e4rvi-, laki- ja liimij\u00e4\u00e4gid viia kindlasti\u00a0 j\u00e4\u00e4tmejaama. M\u00e4rksa loodus- ja ka kasutajas\u00f5bralikumad on vesialuselised v\u00e4rvid, kuid aina rohkem on levima hakanud ka looduslike v\u00e4rvide, n\u00e4iteks lubiv\u00e4rvi, lina\u00f5liv\u00e4rvi v\u00f5i muna\u00f5litempera kasutamine. <\/span><\/span><\/span><\/span><\/span>\r\n<\/p>\r\n\r\n<p style=\"border:none\">\r\n\t<span style=\"line-height:150%\"><span lang=\"ET\"><span style=\"line-height:150%\"><span style=\",serif\"><span style=\"color:black\">Ravimid, mida me igap\u00e4evaselt kasutame,\u00a0koosnevad \u00fchest v\u00f5i mitmest s\u00fcnteetilisel teel toodetud raviainest ning paljudest lisanditest. Lisanditena v\u00f5ib leida ravimi koostisest gl\u00fckoosi, et ebameeldivalt m\u00f5ru maitset leevendada, erinevaid v\u00e4rvained, et ravimi v\u00e4ljan\u00e4gemist atraktiivsemaks muuta v\u00f5i m\u00f5ningaid muid lisandeid, et parandada n\u00e4iteks ravimi koosp\u00fcsimisv\u00f5imet. Ravimi k\u00f5ige t\u00e4htsam komponent on aga raviaine, mis tihtipeale on keerulise struktuuriga ning sageli ka laguneb aja jooksul. Seet\u00f5ttu on \u00e4\u00e4retult oluline j\u00e4rgida ravimite hoiustamisel ja kasutamisel v\u00e4ga kindlaid tarvitamisjuhiseid. <\/span><\/span><\/span><\/span><\/span>\r\n<\/p>\r\n\r\n<p style=\"border:none\">\r\n\t<span style=\"line-height:150%\"><span lang=\"ET\"><span style=\"line-height:150%\"><span style=\",serif\"><span style=\"color:black\">Taime- v\u00f5i putukat\u00f5rjevahendeid kasutatakse ka kodustes tingimustes (kahjurite h\u00e4vitamiseks toalilledelt), kuid suurtes kogustes leiavad nad rakendust p\u00f5llumajanduses. Nende \u00fchendite puhul on oluline, et nad kaitseksid taimi haiguste eest v\u00f5i t\u00f5rjuksid putukaid, kes taimi\u00a0kahjustavad, kuid selleks peavad nad erinevatele putukatele, viirus<\/span><\/span><\/span><\/span><span lang=\"ET\"><span style=\"line-height:150%\"><span style=\",serif\">\u2013<span style=\"color:black\"> v\u00f5i seennakkustele\u00a0m\u00f5juma m\u00fcrgiselt. Samas peaksid nad p\u00e4rast haigustekitajate v\u00f5i kahjurite h\u00e4vitamist kiiresti lagunema, v\u00e4ltimaks \u00fcmbritseva\u00a0keskkonna saastamist. Nende ainete kasutamisel on t\u00e4htis silmas pidada, et nad v\u00f5ivad olla m\u00fcrgised nii inimestele kui ka loodusele\u00a0ja seet\u00f5ttu tuleb t\u00e4ita rangelt kasutusjuhiseid ning kanda n\u00f5utavaid kaitsevahendeid. <\/span><\/span><\/span><\/span><\/span>\r\n<\/p>\r\n<div class=\"accordion mb-3\">\n        <div class=\"accordion-item accordion-item--white\">\n        <h2 class=\"accordion-header\" id=\"accordion-69dc49198a4e2-heading\">\n            <button class=\"accordion-button collapsed\" type=\"button\" data-bs-toggle=\"collapse\" data-bs-target=\"#accordion-69dc49198a4e2-collapse\" aria-expanded=\"true\" aria-controls=\"accordion-69dc49198a4e2-collapse\">\u00dclesanne 1<\/button>\n        <\/h2>\n        <div id=\"accordion-69dc49198a4e2-collapse\" class=\"accordion-collapse collapse\" aria-labelledby=\"accordion-69dc49198a4e2-heading\">\n            <div class=\"accordion-body\"><div class=\"h5p-iframe-wrapper\"><div class=\"video-placeholder-wrapper video-placeholder-wrapper--fixed\" style=\"height: 366px;\">\n\t\t\t    <div class=\"video-placeholder d-flex justify-content-center align-items-center\">\n\t\t\t        <div class=\"overlay text-white p-2 w-100 text-center d-block justify-content-center align-items-center\">\n\t\t\t            <div>Kolmandate osapoolte sisu n\u00e4gemiseks palun n\u00f5ustu k\u00fcpsistega.<\/div>\n\t\t\t            <button class=\"btn btn-secondary btn-sm mt-1 consent-change\">Muuda n\u00f5usolekut<\/button>\n\t\t\t        <\/div>\n\t\t\t    <\/div>\n\t\t\t<\/div>\n<\/div><\/div>\n        <\/div>\n        <\/div>\n    <\/div>\r\n<h2>\r\n\tPlastid\r\n<\/h2>\r\n\r\n<p style=\"border:none\">\r\n\t<span style=\"line-height:150%\"><span lang=\"ET\"><span style=\"background:white\"><span style=\"line-height:150%\"><span style=\",serif\"><span style=\"color:black\">Plaste ehk plastmasse leiame igalt poolt meie \u00fcmber: erinevad kiled, plastpudelid, plastist m\u00e4nguasjad v\u00f5i kastid jne. Plastid koosnevad oma p\u00f5hiosas m\u00f5nest pol\u00fcmeerist, kuid sisaldavad veel paljusid teisi aineid, millest k\u00f5ikidel on t\u00e4ita mingi kindel \u00fclesanne. Lisaks pol\u00fcmeerile sisaldavad plastmassid n\u00e4iteks plastifikaatorit, mille \u00fclesandeks on v\u00e4hendada plasti rabedust; t\u00e4iteaineid, mis parandavad ja kujundavad plasti omadusi ning tihtipeale aitavad v\u00e4hendada ka kasutatava pol\u00fcmeeri hulka, millest tulenevalt on materjali tootmine odavam. Veel sisaldavad plastid vananemisvastaseid aineid, v\u00e4rvaineid ja muid lisandeid vastavalt sellele, milliste omadustega plaste soovitakse saada. Enamik plastidest toodetakse naftast v\u00f5i maagaasist ehk tegemist on s\u00fcnteetiliste materjalidega. Need tooted on looduses v\u00e4ga p\u00fcsivad ning nende lagunemiseks kulub sajandeid, millest tulenevalt reostavad ja kahjustavad nad elusloodust. Ilmselt oled Sa kursis, et hetkel on Euroopa Liidus keelatud \u00fchekordselt kasutatavad plastist taldrikud, joogik\u00f5rred, s\u00f6\u00f6giriistad ja muu sarnane. V\u00e4hendamaks plastireostust, liigub \u00fchiskond aina enam biolagunevate materjalide arendamise ja tootmise suunas. <\/span><\/span><\/span><\/span><\/span><\/span>\r\n<\/p>\r\n<div class=\"accordion mb-3\">\n        <div class=\"accordion-item accordion-item--white\">\n        <h2 class=\"accordion-header\" id=\"accordion-69dc49198a4e9-heading\">\n            <button class=\"accordion-button collapsed\" type=\"button\" data-bs-toggle=\"collapse\" data-bs-target=\"#accordion-69dc49198a4e9-collapse\" aria-expanded=\"true\" aria-controls=\"accordion-69dc49198a4e9-collapse\">\u00dclesanne 2<\/button>\n        <\/h2>\n        <div id=\"accordion-69dc49198a4e9-collapse\" class=\"accordion-collapse collapse\" aria-labelledby=\"accordion-69dc49198a4e9-heading\">\n            <div class=\"accordion-body\"><div class=\"h5p-iframe-wrapper\"><div class=\"video-placeholder-wrapper video-placeholder-wrapper--fixed\" style=\"height: 366px;\">\n\t\t\t    <div class=\"video-placeholder d-flex justify-content-center align-items-center\">\n\t\t\t        <div class=\"overlay text-white p-2 w-100 text-center d-block justify-content-center align-items-center\">\n\t\t\t            <div>Kolmandate osapoolte sisu n\u00e4gemiseks palun n\u00f5ustu k\u00fcpsistega.<\/div>\n\t\t\t            <button class=\"btn btn-secondary btn-sm mt-1 consent-change\">Muuda n\u00f5usolekut<\/button>\n\t\t\t        <\/div>\n\t\t\t    <\/div>\n\t\t\t<\/div>\n<\/div><\/div>\n        <\/div>\n        <\/div>\n    <\/div>\r\n<h2>\r\n\tKiudained\r\n<\/h2>\r\n\r\n<p style=\"border:none\">\r\n\t<span style=\"line-height:150%\"><span lang=\"ET\"><span style=\"line-height:150%\"><span style=\",serif\"><span style=\"color:black\">Kiudained on pol\u00fcmeerid nagu ka plastmassid. Kiudained on \u00fclit\u00e4htsad l\u00f5nga ja kangaste tootmisel ning nendest r\u00f5ivaste valmistamisel. Kiudaineid saab liigitada looduslikeks ja keemilisteks. <\/span><\/span><\/span><\/span><\/span>\r\n<\/p>\r\n\r\n<p style=\"border:none\">\r\n\t<span style=\"line-height:150%\"><span lang=\"ET\"><span style=\"line-height:150%\"><span style=\",serif\"><span style=\"color:black\">Looduslikeks kiudaineteks on nii taimset p\u00e4ritolu puuvilla-, lina- v\u00f5i kanepikiud (koosnevad peamiselt tselluloosist), aga ka loomse p\u00e4ritoluga vill ja siid (valgulist p\u00e4ritolu). Tihtipeale pole looduslikud kiud just eriti tugevad, kuid seevastu on nad nahas\u00f5bralikud, kuna oma h\u00fcdrofiilsete omaduste t\u00f5ttu lasevad l\u00e4bi niiskust ja \u00f5hku. <\/span><\/span><\/span><\/span><\/span>\r\n<\/p>\r\n\r\n<p style=\"border:none\">\r\n\t<span style=\"line-height:150%\"><span lang=\"ET\"><span style=\"line-height:150%\"><span style=\",serif\"><span style=\"color:black\">Keemilisi kiudaineid saadakse kas tselluloosi keemilisel t\u00f6\u00f6tlemisel v\u00f5i erinevatest naftasaadustest. Sageli on keemilised kiudained tugevamad ja kulumiskindlamad kui loodulikud kuidained ning samuti odavamad. V\u00f5rreldes looduslike kiudainetega, lasevad nad aga m\u00e4rksa halvemini l\u00e4bi veeauru ja \u00f5hku, kuna nad on oma omadustelt h\u00fcdrofoobsed ja\u00a0sellest tulenevalt ei ole nad\u00a0kuigi nahas\u00f5bralikud. Samas on tehnoloogia arenenud t\u00e4nap\u00e4eval juba niiv\u00f5rd palju, et osatakse valmistada v\u00e4ga eriliste omadustega kiudmaterjale, millest valmistatud r\u00f5ivad on samaaegselt nii vetth\u00fclgavad kui ka hingavad, kuid need on tihtipeale oma hinnaklassilt ka m\u00e4rksa kallimad. <\/span><\/span><\/span><\/span><\/span>\r\n<\/p>\r\n<div class=\"accordion mb-3\">\n        <div class=\"accordion-item accordion-item--white\">\n        <h2 class=\"accordion-header\" id=\"accordion-69dc49198a4ea-heading\">\n            <button class=\"accordion-button collapsed\" type=\"button\" data-bs-toggle=\"collapse\" data-bs-target=\"#accordion-69dc49198a4ea-collapse\" aria-expanded=\"true\" aria-controls=\"accordion-69dc49198a4ea-collapse\">\u00dclesanne 3<\/button>\n        <\/h2>\n        <div id=\"accordion-69dc49198a4ea-collapse\" class=\"accordion-collapse collapse\" aria-labelledby=\"accordion-69dc49198a4ea-heading\">\n            <div class=\"accordion-body\"><div class=\"h5p-iframe-wrapper\"><div class=\"video-placeholder-wrapper video-placeholder-wrapper--fixed\" style=\"height: 366px;\">\n\t\t\t    <div class=\"video-placeholder d-flex justify-content-center align-items-center\">\n\t\t\t        <div class=\"overlay text-white p-2 w-100 text-center d-block justify-content-center align-items-center\">\n\t\t\t            <div>Kolmandate osapoolte sisu n\u00e4gemiseks palun n\u00f5ustu k\u00fcpsistega.<\/div>\n\t\t\t            <button class=\"btn btn-secondary btn-sm mt-1 consent-change\">Muuda n\u00f5usolekut<\/button>\n\t\t\t        <\/div>\n\t\t\t    <\/div>\n\t\t\t<\/div>\n<\/div><\/div>\n        <\/div>\n        <\/div>\n    <\/div>","protected":false},"excerpt":{"rendered":"<p>Me kasutame oma igap\u00e4evaelus v\u00e4ga paljusid materjale, aineid ja esemeid, mille saamiseks on pidanud rakendama oma teadmisi ja oskusi\u00a0keemikud, materjaliteadlased, insenerid, tehnoloogid, disainerid jt. Meie jaoks on iseenesest m\u00f5istetav, et kui tahame pesu pesta, haarame pesupulbri v\u00f5i-geeli, kui tahame taimi &#8230;<\/p>\n","protected":false},"author":276,"featured_media":0,"parent":0,"menu_order":0,"comment_status":"closed","ping_status":"closed","template":"","meta":{"_acf_changed":false,"inline_featured_image":false,"footnotes":""},"class_list":["post-50","page","type-page","status-publish","hentry"],"acf":[],"_links":{"self":[{"href":"https:\/\/sisu.ut.ee\/keemiaabc\/wp-json\/wp\/v2\/pages\/50","targetHints":{"allow":["GET"]}}],"collection":[{"href":"https:\/\/sisu.ut.ee\/keemiaabc\/wp-json\/wp\/v2\/pages"}],"about":[{"href":"https:\/\/sisu.ut.ee\/keemiaabc\/wp-json\/wp\/v2\/types\/page"}],"author":[{"embeddable":true,"href":"https:\/\/sisu.ut.ee\/keemiaabc\/wp-json\/wp\/v2\/users\/276"}],"replies":[{"embeddable":true,"href":"https:\/\/sisu.ut.ee\/keemiaabc\/wp-json\/wp\/v2\/comments?post=50"}],"version-history":[{"count":5,"href":"https:\/\/sisu.ut.ee\/keemiaabc\/wp-json\/wp\/v2\/pages\/50\/revisions"}],"predecessor-version":[{"id":337,"href":"https:\/\/sisu.ut.ee\/keemiaabc\/wp-json\/wp\/v2\/pages\/50\/revisions\/337"}],"wp:attachment":[{"href":"https:\/\/sisu.ut.ee\/keemiaabc\/wp-json\/wp\/v2\/media?parent=50"}],"curies":[{"name":"wp","href":"https:\/\/api.w.org\/{rel}","templated":true}]}}