{"id":38,"date":"2024-04-04T07:50:47","date_gmt":"2024-04-04T04:50:47","guid":{"rendered":"https:\/\/sisu.ut.ee\/keemiaabc\/8-keemia-ja-meie-elukeskkond\/"},"modified":"2024-04-04T07:51:44","modified_gmt":"2024-04-04T04:51:44","slug":"8-keemia-ja-meie-elukeskkond","status":"publish","type":"page","link":"https:\/\/sisu.ut.ee\/keemiaabc\/8-keemia-ja-meie-elukeskkond\/","title":{"rendered":"8. Keemia ja meie elukeskkond"},"content":{"rendered":"<p>Selles peat\u00fckis tegeled keemia ja elukeskkonnaga. Saad teada, mida kujutavad endast eluks olulised s\u00fcsiniku\u00fchendid \u2013 rasvad, valgud ja sahhariidid \u2013 ning \u00f5pid tundma tervisliku toitumise p\u00f5him\u00f5tteid. Kui Sinu keha saab k\u00fctust toidust, siis energeetikat\u00f6\u00f6stusele on vaja teistsuguseid k\u00fctuseid. Siin peat\u00fckis k\u00e4sitleme ka neid. Samuti teeme \u00fclevaate tarbekeemiatoodetest ja pol\u00fcmeeridest, mis muudavad meie igap\u00e4evaelu palju lihtsamaks. K\u00e4sitleme ka natukene olulisemaid keskkonnaprobleeme ja seda, millest need tulenevad, mida endaga kaasa toovad ning k\u00f5ige olulisem \u2013 kuidas neid \u00e4ra hoida.<\/p>\n","protected":false},"excerpt":{"rendered":"<p>Selles peat\u00fckis tegeled keemia ja elukeskkonnaga. Saad teada, mida kujutavad endast eluks olulised s\u00fcsiniku\u00fchendid \u2013 rasvad, valgud ja sahhariidid \u2013 ning \u00f5pid tundma tervisliku toitumise p\u00f5him\u00f5tteid. Kui Sinu keha saab k\u00fctust toidust, siis energeetikat\u00f6\u00f6stusele on vaja teistsuguseid k\u00fctuseid. Siin peat\u00fckis &#8230;<\/p>\n","protected":false},"author":276,"featured_media":0,"parent":0,"menu_order":0,"comment_status":"closed","ping_status":"closed","template":"","meta":{"_acf_changed":false,"inline_featured_image":false,"footnotes":""},"class_list":["post-38","page","type-page","status-publish","hentry"],"acf":[],"_links":{"self":[{"href":"https:\/\/sisu.ut.ee\/keemiaabc\/wp-json\/wp\/v2\/pages\/38","targetHints":{"allow":["GET"]}}],"collection":[{"href":"https:\/\/sisu.ut.ee\/keemiaabc\/wp-json\/wp\/v2\/pages"}],"about":[{"href":"https:\/\/sisu.ut.ee\/keemiaabc\/wp-json\/wp\/v2\/types\/page"}],"author":[{"embeddable":true,"href":"https:\/\/sisu.ut.ee\/keemiaabc\/wp-json\/wp\/v2\/users\/276"}],"replies":[{"embeddable":true,"href":"https:\/\/sisu.ut.ee\/keemiaabc\/wp-json\/wp\/v2\/comments?post=38"}],"version-history":[{"count":1,"href":"https:\/\/sisu.ut.ee\/keemiaabc\/wp-json\/wp\/v2\/pages\/38\/revisions"}],"predecessor-version":[{"id":207,"href":"https:\/\/sisu.ut.ee\/keemiaabc\/wp-json\/wp\/v2\/pages\/38\/revisions\/207"}],"wp:attachment":[{"href":"https:\/\/sisu.ut.ee\/keemiaabc\/wp-json\/wp\/v2\/media?parent=38"}],"curies":[{"name":"wp","href":"https:\/\/api.w.org\/{rel}","templated":true}]}}