{"id":37,"date":"2024-04-04T07:50:47","date_gmt":"2024-04-04T04:50:47","guid":{"rendered":"https:\/\/sisu.ut.ee\/keemiaabc\/7-susinik-ja-susinikuuhendid\/"},"modified":"2024-04-04T07:51:44","modified_gmt":"2024-04-04T04:51:44","slug":"7-susinik-ja-susinikuuhendid","status":"publish","type":"page","link":"https:\/\/sisu.ut.ee\/keemiaabc\/7-susinik-ja-susinikuuhendid\/","title":{"rendered":"7. S\u00fcsinik ja s\u00fcsiniku\u00fchendid"},"content":{"rendered":"<p dir=\"ltr\">\n\tSelles teemas tegeled s\u00fcsiniku\u00fchendite maailmaga ehk alustad orgaanilise keemia \u00f5ppimisega. K\u00f5igepealt tutvud selle maailma keskse elemendi \u2013 s\u00fcsiniku ning tema allotroopidega. \u00d5pid tundma ja \u00fcksteisest eristama s\u00fcsivesinikke, alkohole ja karboks\u00fc\u00fclhappeid, nende olulisemaid omadusi\u00a0ning nende aineklasside lihtsamaid esindajaid. Samuti \u00f5pid selgeks s\u00fcsivesinike struktuurivalemite koostamise p\u00f5him\u00f5tted.<\/p>\n","protected":false},"excerpt":{"rendered":"<p>Selles teemas tegeled s\u00fcsiniku\u00fchendite maailmaga ehk alustad orgaanilise keemia \u00f5ppimisega. K\u00f5igepealt tutvud selle maailma keskse elemendi \u2013 s\u00fcsiniku ning tema allotroopidega. \u00d5pid tundma ja \u00fcksteisest eristama s\u00fcsivesinikke, alkohole ja karboks\u00fc\u00fclhappeid, nende olulisemaid omadusi\u00a0ning nende aineklasside lihtsamaid esindajaid. Samuti \u00f5pid selgeks &#8230;<\/p>\n","protected":false},"author":276,"featured_media":0,"parent":0,"menu_order":0,"comment_status":"closed","ping_status":"closed","template":"","meta":{"_acf_changed":false,"inline_featured_image":false,"footnotes":""},"class_list":["post-37","page","type-page","status-publish","hentry"],"acf":[],"_links":{"self":[{"href":"https:\/\/sisu.ut.ee\/keemiaabc\/wp-json\/wp\/v2\/pages\/37","targetHints":{"allow":["GET"]}}],"collection":[{"href":"https:\/\/sisu.ut.ee\/keemiaabc\/wp-json\/wp\/v2\/pages"}],"about":[{"href":"https:\/\/sisu.ut.ee\/keemiaabc\/wp-json\/wp\/v2\/types\/page"}],"author":[{"embeddable":true,"href":"https:\/\/sisu.ut.ee\/keemiaabc\/wp-json\/wp\/v2\/users\/276"}],"replies":[{"embeddable":true,"href":"https:\/\/sisu.ut.ee\/keemiaabc\/wp-json\/wp\/v2\/comments?post=37"}],"version-history":[{"count":1,"href":"https:\/\/sisu.ut.ee\/keemiaabc\/wp-json\/wp\/v2\/pages\/37\/revisions"}],"predecessor-version":[{"id":208,"href":"https:\/\/sisu.ut.ee\/keemiaabc\/wp-json\/wp\/v2\/pages\/37\/revisions\/208"}],"wp:attachment":[{"href":"https:\/\/sisu.ut.ee\/keemiaabc\/wp-json\/wp\/v2\/media?parent=37"}],"curies":[{"name":"wp","href":"https:\/\/api.w.org\/{rel}","templated":true}]}}