{"id":32,"date":"2024-04-04T07:50:46","date_gmt":"2024-04-04T04:50:46","guid":{"rendered":"https:\/\/sisu.ut.ee\/keemiaabc\/6-moolarvutused\/"},"modified":"2024-04-04T07:51:44","modified_gmt":"2024-04-04T04:51:44","slug":"6-moolarvutused","status":"publish","type":"page","link":"https:\/\/sisu.ut.ee\/keemiaabc\/6-moolarvutused\/","title":{"rendered":"6. Moolarvutused"},"content":{"rendered":"<p>\n\tMool on keemikute jaoks v\u00e4ga oluline suurus. Selle\u00a0teema l\u00e4bimisel\u00a0saad teada, mis on mool ning kuidas on ta seotud aineosakeste arvu, aine massi ning aine ruumalaga. Samuti \u00f5pid lahendama moolidega seotud arvutus\u00fclesandeid reaktsiooniv\u00f5rrandite p\u00f5hjal.<\/p>\n","protected":false},"excerpt":{"rendered":"<p>Mool on keemikute jaoks v\u00e4ga oluline suurus. Selle\u00a0teema l\u00e4bimisel\u00a0saad teada, mis on mool ning kuidas on ta seotud aineosakeste arvu, aine massi ning aine ruumalaga. Samuti \u00f5pid lahendama moolidega seotud arvutus\u00fclesandeid reaktsiooniv\u00f5rrandite p\u00f5hjal.<\/p>\n","protected":false},"author":276,"featured_media":0,"parent":0,"menu_order":0,"comment_status":"closed","ping_status":"closed","template":"","meta":{"_acf_changed":false,"inline_featured_image":false,"footnotes":""},"class_list":["post-32","page","type-page","status-publish","hentry"],"acf":[],"_links":{"self":[{"href":"https:\/\/sisu.ut.ee\/keemiaabc\/wp-json\/wp\/v2\/pages\/32","targetHints":{"allow":["GET"]}}],"collection":[{"href":"https:\/\/sisu.ut.ee\/keemiaabc\/wp-json\/wp\/v2\/pages"}],"about":[{"href":"https:\/\/sisu.ut.ee\/keemiaabc\/wp-json\/wp\/v2\/types\/page"}],"author":[{"embeddable":true,"href":"https:\/\/sisu.ut.ee\/keemiaabc\/wp-json\/wp\/v2\/users\/276"}],"replies":[{"embeddable":true,"href":"https:\/\/sisu.ut.ee\/keemiaabc\/wp-json\/wp\/v2\/comments?post=32"}],"version-history":[{"count":1,"href":"https:\/\/sisu.ut.ee\/keemiaabc\/wp-json\/wp\/v2\/pages\/32\/revisions"}],"predecessor-version":[{"id":213,"href":"https:\/\/sisu.ut.ee\/keemiaabc\/wp-json\/wp\/v2\/pages\/32\/revisions\/213"}],"wp:attachment":[{"href":"https:\/\/sisu.ut.ee\/keemiaabc\/wp-json\/wp\/v2\/media?parent=32"}],"curies":[{"name":"wp","href":"https:\/\/api.w.org\/{rel}","templated":true}]}}